{"id":2534,"date":"2019-01-08T10:28:00","date_gmt":"2019-01-08T03:28:00","guid":{"rendered":"http:\/\/maudep.com.vn\/chuyengiadienmay\/?post_type=product&#038;p=2534"},"modified":"2019-01-15T17:31:04","modified_gmt":"2019-01-15T10:31:04","slug":"lo-nuong-bosch-hba43s320e","status":"publish","type":"product","link":"http:\/\/maudep.com.vn\/chuyengiadienmay\/?product=lo-nuong-bosch-hba43s320e","title":{"rendered":"L\u00f2 n\u01b0\u1edbng Bosch HBA43S320E"},"content":{"rendered":"<h3 class=\"title\">T\u1ed5ng quan chung L\u00f2 n\u01b0\u1edbng Bosch HBA43S320E<\/h3>\n<div class=\"article-content\">\n<div class=\"js-content\">\n<h2>L\u00f2 N\u01b0\u1edbng Bosch HBA43S320E \u0111\u01b0\u1ee3c nh\u1eadp kh\u1ea9u tr\u1ef1c ti\u1ebfp t\u1eeb T\u00e2y Ban Nha v\u1edbi thi\u1ebft k\u1ebf \u00e2m t\u1ee7 t\u1ea1o cho c\u0103n ph\u00f2ng b\u1ebfp sang tr\u1ecdng, L\u00e0m s\u1ea1ch nh\u1edd l\u1edbp ph\u1ee7 \u0111\u1eb7c bi\u1ec7t d\u1ec5 d\u00e0ng h\u01a1n \u0111\u1ec3 h\u1ea5p th\u1ee5 c\u00e1c v\u1ee5n v\u1ee1 trong qu\u00e1 tr\u00ecnh n\u1ea5u n\u01b0\u1edbng \u0111\u1ec3 l\u00e0m s\u1ea1ch l\u00f2 hi\u1ec7u qu\u1ea3.d\u01b0\u1edbi \u0111\u00e2y B\u1ebfp V\u0169 S\u01a1n s\u1ebd gi\u1edbi thi\u1ec7u cho m\u1ecdi ng\u01b0\u1eddi v\u1ec1 th\u00f4ng tin s\u1ea3n ph\u1ea9m giu\u0301p ba\u0323n co\u0301 ca\u0301i nhi\u0300n kha\u0301ch quan nh\u00e2\u0301t.<\/h2>\n<h3><strong>\u01afu \u0111i\u00ea\u0309m n\u00f4\u0309i b\u00e2\u0323t cu\u0309a thi\u00ea\u0301t bi\u0323\u00a0lo\u0300 n\u01b0\u01a1\u0301ng HBA43S320E<\/strong><\/h3>\n<p><strong>L\u00f2 n\u01b0\u1edbng Bosch HBA43S320E<\/strong>\u00a0v\u1edbi b\u1ea3ng \u0111i\u1ec1u khi\u1ec3n tr\u00e1ng men Titan d\u1ec5 d\u00e0ng l\u00e0m s\u1ea1ch, \u0111i\u1ec1u khi\u1ec3n Pop-Up n\u00fat \u0111i\u1ec1u khi\u1ec3n c\u01a1 d\u1ec5 d\u00e0ng cho vi\u1ec7c l\u1ef1a ch\u1ecdn nhi\u1ec7t \u0111\u1ed9 v\u00e0 ch\u1ee9c n\u0103ng n\u01b0\u1edbng chu\u1ea9n x\u00e1c nh\u1ea5t.<\/p>\n<p><img title=\"lo-nuong-bosch-hba43s320e\" src=\"https:\/\/bepvuson.vn\/Data\/upload\/images\/lo%CC%80%20n%C6%B0%C6%A1%CC%81ng\/MCSA00753491_399788_HBN331E1J_defav(1).jpg\" alt=\"lo-nuong-bosch-hba43s320e\" \/><\/p>\n<ul>\n<li><em>B\u1ea1n c\u00f3 th\u1ec3 quan s\u00e1t qu\u00e1 tr\u00ecnh n\u1ea5u n\u01b0\u1edbng m\u00e0 kh\u00f4ng c\u1ea7n m\u1edf c\u1eeda l\u00f2 n\u01b0\u01a1\u0301ng Bosch . C\u1eeda k\u00ednh l\u1edbn cho ph\u00e9p b\u1ea1n nh\u00ecn to\u00e0n di\u1ec7n kh\u00f4ng gian b\u00ean trong l\u00f2, \u0111\u00e8n halogen \u0111\u01b0\u1ee3c b\u1ed1 tr\u00ed \u0111\u1ec3 gi\u1ea3m t\u1ed1i \u0111a kho\u1ea3ng t\u1ed1i. M\u00e0n h\u00ecnh LCD gi\u00fap b\u1ea1n nh\u1eadn bi\u1ebft c\u00e1c thao t\u00e1c v\u00e0 ch\u1ebf \u0111\u1ed9 \u0111i\u1ec1u khi\u1ec3n.<\/em><\/li>\n<li><em>N\u0103ng l\u01b0\u1ee3ng hi\u1ec7u qu\u1ea3, lo\u0300 n\u01b0\u01a1\u0301ng Bosch \u0111em la\u0323i\u00a0k\u1ebft qu\u1ea3 n\u01b0\u1edbng t\u1ed1t nh\u1ea5t v\u1edbi m\u1ee9c ti\u00eau th\u1ee5 n\u0103ng l\u01b0\u1ee3ng r\u1ea5t th\u1ea5p.<\/em><\/li>\n<li><em>B\u1ec1 m\u1eb7t l\u00f2 n\u01b0\u01a1\u0301ng thi\u1ebft k\u1ebf m\u00e0u tr\u1eafng hi\u1ec7n \u0111\u1ea1i v\u1edbi dung t\u00edch l\u00f2 62 l\u00edt gi\u00fap b\u1ea1n tho\u1ea3i m\u00e1i s\u1eed d\u1ee5ng.<\/em><\/li>\n<li><em>Ch\u1ee9c n\u0103ng Sprint cu\u0309a lo\u0300\u00a0l\u00e0m n\u00f3ng tr\u01b0\u1edbc l\u00ean \u0111\u1ebfn 50% nhanh h\u01a1n m\u00e0 kh\u00f4ng l\u00e0m t\u0103ng \u0111i\u1ec7n n\u0103ng ti\u00eau th\u1ee5.<\/em><\/li>\n<\/ul>\n<p><em><img title=\"lo-nuong-bosch-hba43s320e-01\" src=\"https:\/\/bepvuson.vn\/Data\/upload\/images\/lo%CC%80%20n%C6%B0%C6%A1%CC%81ng\/MCSA00836794_472334_13_HBG632BS1_def.jpg\" alt=\"lo-nuong-bosch-hba43s320e-01\" \/><\/em><\/p>\n<ul>\n<li><em>L\u00f2 n\u01b0\u1edbng\u00a0HBA43S320E c\u00f3 trang b\u1ecb h\u1ec7 th\u1ed1ng t\u1ea3n nhi\u1ec7t hi\u1ec7u qu\u1ea3 gi\u00fap qu\u00e1 tr\u00ecnh n\u01b0\u1edbng \u0111\u1ea1t hi\u1ec7u qu\u1ea3 cao, ngo\u00e0i ra c\u00f2n gi\u00fap l\u00f2 n\u01b0\u1edbng b\u1ec1n l\u00e2u v\u1edbi th\u1eddi gian h\u01a1n.<\/em><\/li>\n<li><em>Kh\u00f3a tr\u1ebb em an to\u00e0n khi s\u1eed d\u1ee5ng gi\u00fap b\u1ea1n y\u00ean t\u00e2m h\u01a1n khi gia \u0111\u00ecnh c\u00f3 tr\u1ebb em.<\/em><\/li>\n<li><em>L\u00f2 n\u01b0\u01a1\u0301ng Bosch\u00a0trang b\u1ecb ch\u1ee9c n\u0103ng l\u1eadp tr\u00ecnh th\u1eddi gian n\u01b0\u1edbng b\u1eb1ng \u0111i\u1ec7n t\u1eed th\u00f4ng minh<\/em><\/li>\n<li><em>L\u1eadp tr\u00ecnh s\u1eb5n 8 ch\u1ee9c n\u0103ng n\u01b0\u1edbng cho b\u1ea1n nhi\u1ec1u s\u1ef1 l\u1ef1a ch\u1ecdn kh\u00e1c nhau, lo\u0300 n\u01b0\u01a1\u0301ng Bosch co\u0301 h\u1ec7 th\u1ed1ng l\u00e0m n\u00f3ng 3D chuy\u00ean nghi\u1ec7p, ch\u1ee9c n\u0103ng l\u00e0m b\u00e1nh pizza, n\u01b0\u1edbng thanh nhi\u1ec7t tr\u00ean v\u00e0 d\u01b0\u1edbi, thanh nhi\u1ec7t d\u01b0\u1edbi, n\u01b0\u1edbng kh\u00f4ng kh\u00ed n\u00f3ng, n\u01b0\u1edbng b\u1ec1 m\u1eb7t l\u1edbn, n\u01b0\u1edbng, r\u00e3 \u0111\u00f4ng .<\/em><\/li>\n<\/ul>\n<p><em><img title=\"lo-nuong-bosch-hba43s320e-02\" src=\"https:\/\/bepvuson.vn\/Data\/upload\/images\/lo%CC%80%20n%C6%B0%C6%A1%CC%81ng\/MCSA00832045_467454_HBG632BS1_def.jpg\" alt=\"lo-nuong-bosch-hba43s320e-02\" \/><\/em><\/p>\n<ul>\n<li><em>Ngoa\u0300i ra lo\u0300 n\u01b0\u01a1\u0301ng Bosch co\u0300n co\u0301\u00a0kh\u1ea3 n\u0103ng ki\u1ec3m so\u00e1t nhi\u1ec7t \u0111\u1ed9 cho ph\u00e9p b\u1ea1n n\u01b0\u1edbng nh\u1eefng m\u00f3n \u0103n ngon mi\u1ec7ng m\u00e0 kh\u00f4ng s\u1ee3 b\u1ecb qu\u00e1 l\u1eeda.<\/em><\/li>\n<li><em>WarmPlate cu\u0309a lo\u0300 n\u01b0\u01a1\u0301ng Bosch\u00a0s\u1ebd gi\u1eef cho c\u00e1c \u0111\u1ed3 d\u00f9ng b\u1eb1ng s\u1ee9 c\u1ee7a b\u1ea1n lu\u00f4n \u1edf m\u1ee9c nhi\u1ec7t \u0111\u1ed9 th\u00edch h\u1ee3p &#8211; c\u00f3 th\u1ec3 \u1edf b\u1ea5t k\u1ef3 m\u1ee9c n\u00e0o t\u1eeb 30 \u0111\u1ebfn 80\u00b0C. Th\u01b0\u1edfng th\u1ee9c d\u1ecbch v\u1ee5 chuy\u00ean nghi\u1ec7p t\u1ea1i nh\u00e0 &#8211; nh\u01b0 khi b\u1ea1n \u1edf trong m\u1ed9t nh\u00e0 h\u00e0ng t\u1ed1t nh\u1ea5t th\u00e0nh ph\u1ed1.<\/em><\/li>\n<\/ul>\n<p>S\u1ea3n ph\u1ea9m c\u00f3 gi\u00e1 c\u1ea3 kh\u00f4ng qu\u00e1 cao, ph\u00f9 h\u1ee3p v\u1edbi nhi\u1ec1u gia \u0111\u00ecnh Vi\u00ea\u0323t. N\u1ebfu gia \u0111\u00ecnh c\u00f3 kh\u00f4ng gian b\u1ebfp r\u1ed9ng v\u00e0 nhu c\u1ea7u n\u1ea5u n\u01b0\u1edbng cao th\u00ec\u00a0<strong>l\u00f2 n\u01b0\u1edbng Bosch HBA43S320E<\/strong>\u00a0x\u1ee9ng \u0111\u00e1ng l\u00e0 s\u1ef1 l\u1ef1a ch\u1ecdn ho\u00e0n h\u1ea3o.<\/p>\n<\/div>\n<\/div>\n<p>&nbsp;<\/p>\n<p>&nbsp;<\/p>\n","protected":false},"excerpt":{"rendered":"<p>T\u1ed5ng quan chung L\u00f2 n\u01b0\u1edbng Bosch HBA43S320E L\u00f2 N\u01b0\u1edbng Bosch HBA43S320E \u0111\u01b0\u1ee3c nh\u1eadp kh\u1ea9u tr\u1ef1c ti\u1ebfp t\u1eeb T\u00e2y Ban Nha &hellip; <a class=\"link-more\" href=\"http:\/\/maudep.com.vn\/chuyengiadienmay\/?product=lo-nuong-bosch-hba43s320e\" class=\"more-link\">\u0110\u1ecdc th\u00eam &raquo;<span class=\"screen-reader-text\"> &#8220;L\u00f2 n\u01b0\u1edbng Bosch HBA43S320E&#8221;<\/span><\/a><\/p>\n","protected":false},"featured_media":2536,"comment_status":"open","ping_status":"closed","template":"","meta":[],"_links":{"self":[{"href":"http:\/\/maudep.com.vn\/chuyengiadienmay\/index.php?rest_route=\/wp\/v2\/product\/2534"}],"collection":[{"href":"http:\/\/maudep.com.vn\/chuyengiadienmay\/index.php?rest_route=\/wp\/v2\/product"}],"about":[{"href":"http:\/\/maudep.com.vn\/chuyengiadienmay\/index.php?rest_route=\/wp\/v2\/types\/product"}],"replies":[{"embeddable":true,"href":"http:\/\/maudep.com.vn\/chuyengiadienmay\/index.php?rest_route=%2Fwp%2Fv2%2Fcomments&post=2534"}],"wp:featuredmedia":[{"embeddable":true,"href":"http:\/\/maudep.com.vn\/chuyengiadienmay\/index.php?rest_route=\/wp\/v2\/media\/2536"}],"wp:attachment":[{"href":"http:\/\/maudep.com.vn\/chuyengiadienmay\/index.php?rest_route=%2Fwp%2Fv2%2Fmedia&parent=2534"}],"curies":[{"name":"wp","href":"https:\/\/api.w.org\/{rel}","templated":true}]}}