{"id":2538,"date":"2019-01-08T10:36:02","date_gmt":"2019-01-08T03:36:02","guid":{"rendered":"http:\/\/maudep.com.vn\/chuyengiadienmay\/?post_type=product&#038;p=2538"},"modified":"2019-01-15T17:42:06","modified_gmt":"2019-01-15T10:42:06","slug":"lo-nuong-hafele-ho-k60b","status":"publish","type":"product","link":"http:\/\/maudep.com.vn\/chuyengiadienmay\/?product=lo-nuong-hafele-ho-k60b","title":{"rendered":"L\u00f2 n\u01b0\u1edbng Hafele HO-K60B"},"content":{"rendered":"<h3 class=\"title\">T\u1ed5ng quan chung L\u00f2 n\u01b0\u1edbng Hafele HO-K60B<\/h3>\n<div class=\"article-content\">\n<div class=\"js-content\">\n<h2>N\u1ed5i b\u1eadt trong ph\u00e2n kh\u00fac l\u00f2 n\u01b0\u1edbng gi\u00e1 r\u1ebb n\u00e0y c\u00f3 c\u00e1c s\u1ea3n ph\u1ea9m c\u1ee7a l\u00f2 n\u01b0\u1edbng Hafele HO-K60B\u00a0l\u00e0 th\u01b0\u01a1ng hi\u1ec7u r\u1ea5t \u0111\u01b0\u1ee3c \u01b0a chu\u1ed9ng nh\u1ea5t hi\u1ec7n nay. L\u00f2 n\u01b0\u1edbng c\u1ee7a Hafele\u00a0c\u00f3 nhi\u1ec1u \u01b0u \u0111i\u1ec3m v\u00e0 quan tr\u1ecdng nh\u1ea5t l\u00e0 ch\u1ea5t l\u01b0\u1ee3ng v\u00e0 c\u00f3 gi\u00e1 c\u1ea3 ph\u1ea3i ch\u0103ng.<\/h2>\n<h3>Hafele HO-K60B \u0111a\u0323t ti\u00eau chu\u00e2\u0309n ch\u00e2\u0301t l\u01b0\u01a1\u0323ng Ch\u00e2u \u00c2u<\/h3>\n<p>L\u00f2 n\u01b0\u1edbng Hafele HO-K60B\u00a0ch\u00ednh l\u00e0 chi\u1ebfc l\u00f2 n\u01b0\u1edbng th\u00f9ng ch\u1ea5t l\u01b0\u1ee3ng nh\u1ea5t \u1edf th\u1eddi \u0111i\u1ec3m hi\u1ec7n t\u1ea1i m\u00e0 b\u1ea1n n\u00ean c\u00e2n nh\u1eafc l\u1ef1a ch\u1ecdn cho gia \u0111\u00ecnh m\u00ecnh. V\u1edbi dung t\u00edch l\u1edbn l\u00ean \u0111\u1ebfn 65\u00a0l\u00edt, gi\u00fap b\u1ea1n c\u00f3 th\u1ec3 n\u01b0\u1edbng c\u00f9ng l\u00fac m\u1ed9t l\u01b0\u1ee3ng l\u1edbn th\u1ef1c ph\u1ea9m v\u1eeba ti\u1ebft ki\u1ec7m th\u1eddi gian l\u1eabn c\u00f4ng su\u1ea5t ch\u1ebf bi\u1ebfn.<\/p>\n<p><img title=\"lo-nuong-hafele-ho-k60b\" src=\"https:\/\/bepvuson.vn\/Data\/upload\/images\/lo%CC%80%20vi%20so%CC%81ng\/3956784177_a185a779e3.jpg\" alt=\"lo-nuong-hafele-ho-k60b\" \/><\/p>\n<ul>\n<li>L\u00f2 n\u01b0\u1edbng Hafele c\u00f3 thi\u1ebft k\u1ebf d\u1ea1ng \u00e2m t\u1ee7, th\u00e2n m\u00e1y \u0111\u01b0\u1ee3c k\u1ebft h\u1ee3p t\u1eeb th\u00e9p kh\u00f4ng g\u1ec9 ch\u1ea5t l\u01b0\u1ee3ng cao v\u00e0 k\u00ednh cao c\u1ea5p mang \u0111\u1ebfn v\u1ebb \u0111\u1eb9p sang tr\u1ecdng nh\u01b0ng v\u1eabn \u0111\u1ea3m b\u1ea3o \u0111\u1ed9 an to\u00e0n. Tay c\u1ea7m thi\u1ebft k\u1ebf h\u00e0i h\u00f2a thu\u1eadn ti\u1ec7n khi s\u1eed d\u1ee5ng, c\u1eeda k\u00ednh 3 l\u1edbp c\u00e1ch nhi\u1ec7t v\u1edbi 1 l\u1edbp ph\u1ea3n x\u1ea1.<\/li>\n<li>B\u00ean c\u1ea1nh \u0111\u00f3 l\u1edbp s\u01a1n t\u0129nh \u0111i\u1ec7n bao ph\u1ee7 b\u00ean ngo\u00e0i l\u00f2 n\u01b0\u01a1\u0301ng Hafele\u00a0d\u1ec5 lau ch\u00f9i, th\u1ee9c \u0103n hay b\u1ea5t c\u1ee9 th\u1ef1c ph\u1ea9m n\u00e0o c\u0169ng kh\u00f4ng b\u00e1m \u0111\u01b0\u1ee3c l\u00e2u ch\u1ec9 c\u1ea7n lau ch\u00f9i l\u00e0 s\u1ebd s\u1ea1ch ngay.<\/li>\n<\/ul>\n<p><img title=\"lo-nuong-hafele-ho-k60b-01\" src=\"https:\/\/bepvuson.vn\/Data\/upload\/images\/lo%CC%80%20vi%20so%CC%81ng\/mcz_008607_kan56v10_en-sg_1(3).jpg\" alt=\"lo-nuong-hafele-ho-k60b-01\" \/><\/p>\n<ul>\n<li>L\u00f2 n\u01b0\u1edbng \u00e2m t\u01b0\u1eddng Hafele HO- K60B \u0111i\u1ec1u khi\u1ec3n ho\u00e0n to\u00e0n b\u1eb1ng ph\u00edm c\u01a1 d\u1ea1ng popup r\u1ea5t d\u1ec5 s\u1eed d\u1ee5ng. Ch\u1ee9c n\u1eb7ng t\u1ef1 v\u1ec7 sinh b\u0103ng ph\u01b0\u01a1ng ph\u00e1p th\u1ee7y ph\u00e2n &#8211; H20 Clean ti\u1ec7n d\u1ee5ng.<\/li>\n<li>L\u00f2 n\u01b0\u1edbng HO- K60B c\u00f3 8 ch\u01b0\u01a1ng tr\u00ecnh n\u01b0\u1edbng t\u1ef1 \u0111\u1ed9ng, dung t\u00edch 65 l\u00edt l\u00e0 m\u1ed9t trong nh\u1eefng model m\u1edbi nh\u1ea5t hi\u1ec7n n\u00e0y c\u1ee7a h\u00e3ng Hafele.<\/li>\n<li>Do trong qu\u00e1 tr\u00ecnh n\u1ea5u kh\u00f4ng d\u00f9ng nhi\u1ec1u n\u01b0\u1edbc trong m\u00f3n \u0103n n\u00ean m\u1ea5t r\u1ea5t \u00edt ch\u1ea5t dinh d\u01b0\u1ee1ng.\u00a0L\u00f2 n\u01b0\u1edbng &#8211; Hafele gi\u1eef \u0111\u01b0\u1ee3c nhi\u1ec1u ch\u1ea5t dinh d\u01b0\u1ee1ng c\u1ee7a th\u1ee9c \u0103n h\u01a1n h\u1eb3n c\u00e1ch n\u1ea5u truy\u1ec1n th\u1ed1ng v\u00ec th\u1eddi gian gia nhi\u1ec7t v\u00e0 l\u00e0m ch\u00edn th\u1ee9c \u0103n c\u1ee7a l\u00f2 n\u01b0\u01a1\u0301ng r\u1ea5t nhanh, th\u1ee9c \u0103n b\u1edbt b\u1ecb th\u1ea5t tho\u00e1t ch\u1ea5t dinh d\u01b0\u1ee1ng. Trong khi v\u1edbi c\u00e1ch n\u1ea5u th\u00f4ng th\u01b0\u1eddng ph\u1ea3i t\u1ed1n kh\u00e1 nhi\u1ec1u th\u1eddi gian , \u0111i\u1ec1u \u0111\u00f3 \u0111\u1ed3ng ngh\u0129a v\u1edbi l\u01b0\u1ee3ng dinh d\u01b0\u1ee1ng b\u1ecb ti\u00eau hao nhanh ch\u00f3ng.<\/li>\n<\/ul>\n<p><img title=\"lo-nuong-hafele-ho-k60b-02\" src=\"https:\/\/bepvuson.vn\/Data\/upload\/images\/lo%CC%80%20vi%20so%CC%81ng\/den-chieu-sang-lvs-bosch.jpg\" alt=\"lo-nuong-hafele-ho-k60b-02\" \/><\/p>\n<p>S\u1ea3n ph\u1ea9m c\u00f3 gi\u00e1 c\u1ea3 kh\u00f4ng qu\u00e1 cao, ph\u00f9 h\u1ee3p v\u1edbi nhi\u1ec1u gia \u0111\u00ecnh Vi\u00ea\u0323t. N\u1ebfu gia \u0111\u00ecnh c\u00f3 kh\u00f4ng gian b\u1ebfp r\u1ed9ng v\u00e0 nhu c\u1ea7u n\u1ea5u n\u01b0\u1edbng cao th\u00ec lo\u0300 n\u01b0\u01a1\u0301ng Hafele HO-K60B\u00a0x\u1ee9ng \u0111\u00e1ng l\u00e0 s\u1ef1 l\u1ef1a ch\u1ecdn ho\u00e0n h\u1ea3o.<\/p>\n<\/div>\n<\/div>\n","protected":false},"excerpt":{"rendered":"<p>T\u1ed5ng quan chung L\u00f2 n\u01b0\u1edbng Hafele HO-K60B N\u1ed5i b\u1eadt trong ph\u00e2n kh\u00fac l\u00f2 n\u01b0\u1edbng gi\u00e1 r\u1ebb n\u00e0y c\u00f3 c\u00e1c s\u1ea3n &hellip; <a class=\"link-more\" href=\"http:\/\/maudep.com.vn\/chuyengiadienmay\/?product=lo-nuong-hafele-ho-k60b\" class=\"more-link\">\u0110\u1ecdc th\u00eam &raquo;<span class=\"screen-reader-text\"> &#8220;L\u00f2 n\u01b0\u1edbng Hafele HO-K60B&#8221;<\/span><\/a><\/p>\n","protected":false},"featured_media":2539,"comment_status":"open","ping_status":"closed","template":"","meta":[],"_links":{"self":[{"href":"http:\/\/maudep.com.vn\/chuyengiadienmay\/index.php?rest_route=\/wp\/v2\/product\/2538"}],"collection":[{"href":"http:\/\/maudep.com.vn\/chuyengiadienmay\/index.php?rest_route=\/wp\/v2\/product"}],"about":[{"href":"http:\/\/maudep.com.vn\/chuyengiadienmay\/index.php?rest_route=\/wp\/v2\/types\/product"}],"replies":[{"embeddable":true,"href":"http:\/\/maudep.com.vn\/chuyengiadienmay\/index.php?rest_route=%2Fwp%2Fv2%2Fcomments&post=2538"}],"wp:featuredmedia":[{"embeddable":true,"href":"http:\/\/maudep.com.vn\/chuyengiadienmay\/index.php?rest_route=\/wp\/v2\/media\/2539"}],"wp:attachment":[{"href":"http:\/\/maudep.com.vn\/chuyengiadienmay\/index.php?rest_route=%2Fwp%2Fv2%2Fmedia&parent=2538"}],"curies":[{"name":"wp","href":"https:\/\/api.w.org\/{rel}","templated":true}]}}