{"id":2540,"date":"2019-01-08T10:39:42","date_gmt":"2019-01-08T03:39:42","guid":{"rendered":"http:\/\/maudep.com.vn\/chuyengiadienmay\/?post_type=product&#038;p=2540"},"modified":"2019-01-15T17:43:54","modified_gmt":"2019-01-15T10:43:54","slug":"2540","status":"publish","type":"product","link":"http:\/\/maudep.com.vn\/chuyengiadienmay\/?product=2540","title":{"rendered":"L\u00f2 n\u01b0\u1edbng Hafele HO-T60D"},"content":{"rendered":"<h3 class=\"title\">T\u1ed5ng quan chung L\u00f2 n\u01b0\u1edbng Hafele HO-T60D<\/h3>\n<div class=\"article-content\">\n<div class=\"js-content\">\n<h2>Lo\u0300 n\u01b0\u01a1\u0301ng Hafele HO-T60D\u00a0l\u00e0 s\u1ea3n ph\u1ea9m \u0111\u00e1ng \u0111\u1ec3 b\u1ea1n c\u00e2n nh\u1eafc b\u00ean c\u1ea1nh ca\u0301c do\u0300ng lo\u0300 n\u01b0\u01a1\u0301ng cu\u0309a ha\u0303ng. L\u00f2 n\u01b0\u1edbng l\u00e0 s\u1ef1 k\u1ebft h\u1ee3p ho\u00e0n h\u1ea3o gi\u1eefa c\u00f4ng ngh\u1ec7 d\u00e0n n\u01b0\u1edbng tr\u00ean &#8211; d\u01b0\u1edbi c\u00f9ng v\u1edbi 10\u00a0ch\u1ee9c n\u0103ng n\u01b0\u1edbng chuy\u00ean d\u1ee5ng, h\u1eb9n gi\u1edd th\u00f4ng minh gi\u00fap c\u00e1c ch\u1ecb em n\u1ed9i tr\u1ee3 r\u1ea3nh tay \u0111\u1ec3 l\u00e0m c\u00e1c c\u00f4ng vi\u1ec7c kh\u00e1c.<\/h2>\n<h3>Hafele HO-T60D s\u01b0\u0323 l\u01b0\u0323a cho\u0323n phu\u0300 h\u01a1\u0323p v\u01a1\u0301i sa\u0309n ph\u00e2\u0309m \u0111a ch\u01b0\u0301c n\u0103ng<\/h3>\n<p>L\u00f2 n\u01b0\u1edbng Hafele HO-T60D co\u0301\u00a0thi\u1ebft k\u1ebf \u0111\u1eb9p, b\u1eaft m\u1eaft v\u00e0 kh\u00f4ng k\u00e9m ph\u1ea7n ti\u1ec7n d\u1ee5ng v\u1edbi v\u1ecf ngo\u00e0i b\u1eb1ng th\u00e9p kh\u00f4ng g\u1ec9, c\u1eeda k\u00ednh 2 l\u1edbp cho kh\u1ea3 n\u0103ng ch\u1ecbu l\u1ef1c, ch\u1ecbu l\u1ef1c c\u1ef1c t\u1ed1t. Ngo\u00e0i ra, vi\u1ec7c t\u00edch h\u1ee3p h\u1ec7 th\u1ed1ng \u0111\u00e8n chi\u1ebfu s\u00e1ng gi\u00fap b\u1ea1n d\u1ec5 d\u00e0ng quan s\u00e1t qu\u00e1 tr\u00ecnh ch\u1ebf bi\u1ebfn th\u1ef1c ph\u1ea9m b\u00ean trong.<\/p>\n<p><img title=\"lo-nuong-hafele-ho-t60d\" src=\"https:\/\/bepvuson.vn\/Data\/upload\/images\/lo%CC%80%20vi%20so%CC%81ng\/3956784177_a185a779e3.jpg\" alt=\"lo-nuong-hafele-ho-t60d\" \/><\/p>\n<ul>\n<li>An to\u00e0n : V\u1edbi l\u1edbp s\u01a1n t\u0129nh \u0111i\u1ec7n v\u00e0 nhi\u1ec1u b\u1ed9 ph\u1eadn b\u1ea3o v\u1ec7 b\u00ean trong m\u00e1y, tr\u00e1nh c\u00e1c tr\u01b0\u1eddng h\u1ee3p ch\u00e1y n\u1ed5 nh\u01b0 h\u1ecfa ho\u1ea1n l\u1edbn c\u00f3 th\u1ec3 x\u1ea3y ra khi ta s\u1eed d\u1ee5ng l\u1eeda. Lo\u0300 n\u01b0\u01a1\u0301ng Hafele co\u0300n ti\u0301ch h\u01a1\u0323p ch\u1ebf \u0111\u1ed9 kh\u00f3a tr\u1ebb em t\u1ef1 \u0111\u1ed9ng ng\u1eaft v\u00e0 b\u00e1o \u0111\u1ed9ng n\u1ebfu t\u1ef1 d\u01b0ng m\u1edf khi \u0111ang s\u1eed d\u1ee5ng.<\/li>\n<li>D\u1ec5 v\u1ec7 sinh v\u00e0 l\u00e0m s\u1ea1ch : Khoang l\u00f2 n\u01b0\u01a1\u0301ng HO-T60D\u00a0la\u0300m b\u1eb1ng th\u00e9p kh\u00f4ng g\u1ec9. B\u00ean c\u1ea1nh \u0111\u00f3 l\u1edbp s\u01a1n t\u0129nh \u0111i\u1ec7n bao ph\u1ee7 b\u00ean ngo\u00e0i l\u00f2 d\u1ec5 lau ch\u00f9i, th\u1ee9c \u0103n hay b\u1ea5t c\u1ee9 th\u1ef1c ph\u1ea9m n\u00e0o c\u0169ng kh\u00f4ng b\u00e1m \u0111\u01b0\u1ee3c l\u00e2u ch\u1ec9 c\u1ea7n lau ch\u00f9i l\u00e0 s\u1ebd s\u1ea1ch ngay.<\/li>\n<li>Ch\u1ebf \u0111\u1ed9 n\u1ea5u t\u1ef1 \u0111\u1ed9ng : l\u00f2 n\u01b0\u1edbng Hafele c\u00f3 ch\u01b0\u01a1ng tr\u00ecnh t\u1ef1 \u0111\u1ed9ng. D\u00f2ng s\u1ea3n ph\u1ea9m n\u00e0y c\u1ee7a Hafele\u00a0gi\u00fap b\u1ea1n ti\u1ebft ki\u1ec7m \u0111\u01b0\u1ee3c th\u1eddi gian n\u1ea5u n\u01b0\u1edbng, v\u00e0 c\u00f3 th\u1ec3 d\u00e0nh th\u1eddi gian cho vi\u1ec7c kh\u00e1c.<\/li>\n<\/ul>\n<p><img title=\"lo-nuong-hafele-ho-t60d-01\" src=\"https:\/\/bepvuson.vn\/Data\/upload\/images\/lo%CC%80%20vi%20so%CC%81ng\/wyc4fbisuesm7.jpg\" alt=\"lo-nuong-hafele-ho-t60d-01\" \/><\/p>\n<ul>\n<li>Ti\u1ebft ki\u1ec7m \u0111i\u1ec7n : \u00a0C\u00f4ng ngh\u1ec7 Interver \u0111\u01b0\u1ee3c trang b\u1ecb \u1edf lo\u0300 n\u01b0\u01a1\u0301ng HO-T60D\u00a0gi\u00fap ti\u1ebft ki\u1ec7m 1 l\u01b0\u1ee3ng l\u1edbn \u0111i\u1ec7n n\u0103ng ti\u00eau th\u1ee5.<\/li>\n<li>\u0110\u1ea3m b\u1ea3o ch\u1ea5t dinh d\u01b0\u1ee1ng : Do trong qu\u00e1 tr\u00ecnh n\u1ea5u kh\u00f4ng d\u00f9ng nhi\u1ec1u n\u01b0\u1edbc trong m\u00f3n \u0103n n\u00ean m\u1ea5t r\u1ea5t \u00edt ch\u1ea5t dinh d\u01b0\u1ee1ng. L\u00f2 n\u01b0\u01a1\u0301ng Hafele gi\u1eef \u0111\u01b0\u1ee3c nhi\u1ec1u ch\u1ea5t dinh d\u01b0\u1ee1ng c\u1ee7a th\u1ee9c \u0103n h\u01a1n h\u1eb3n c\u00e1ch n\u1ea5u truy\u1ec1n th\u1ed1ng v\u00ec th\u1eddi gian gia nhi\u1ec7t v\u00e0 l\u00e0m ch\u00edn th\u1ee9c \u0103n c\u1ee7a l\u00f2 n\u01b0\u01a1\u0301ng r\u1ea5t nhanh, th\u1ee9c \u0103n b\u1edbt b\u1ecb th\u1ea5t tho\u00e1t ch\u1ea5t dinh d\u01b0\u1ee1ng. Trong khi v\u1edbi c\u00e1ch n\u1ea5u th\u00f4ng th\u01b0\u1eddng ph\u1ea3i t\u1ed1n kh\u00e1 nhi\u1ec1u th\u1eddi gian , \u0111i\u1ec1u \u0111\u00f3 \u0111\u1ed3ng ngh\u0129a v\u1edbi l\u01b0\u1ee3ng dinh d\u01b0\u1ee1ng b\u1ecb ti\u00eau hao nhanh ch\u00f3ng.<\/li>\n<\/ul>\n<p><img title=\"lo-nuong-hafele-ho-t60d-02\" src=\"https:\/\/bepvuson.vn\/Data\/upload\/images\/lo%CC%80%20vi%20so%CC%81ng\/large_lo-vi-song-hafele-hm-f30a.jpg\" alt=\"lo-nuong-hafele-ho-t60d-02\" \/><\/p>\n<p>S\u1ea3n ph\u1ea9m c\u00f3 gi\u00e1 c\u1ea3 kh\u00f4ng qu\u00e1 cao, ph\u00f9 h\u1ee3p v\u1edbi nhi\u1ec1u gia \u0111\u00ecnh Vi\u00ea\u0323t. N\u1ebfu gia \u0111\u00ecnh c\u00f3 kh\u00f4ng gian b\u1ebfp r\u1ed9ng v\u00e0 nhu c\u1ea7u n\u1ea5u n\u01b0\u1edbng cao th\u00ec lo\u0300 n\u01b0\u01a1\u0301ng Hafele HO-T60D\u00a0x\u1ee9ng \u0111\u00e1ng l\u00e0 s\u1ef1 l\u1ef1a ch\u1ecdn ho\u00e0n h\u1ea3o.<\/p>\n<\/div>\n<\/div>\n","protected":false},"excerpt":{"rendered":"<p>T\u1ed5ng quan chung L\u00f2 n\u01b0\u1edbng Hafele HO-T60D Lo\u0300 n\u01b0\u01a1\u0301ng Hafele HO-T60D\u00a0l\u00e0 s\u1ea3n ph\u1ea9m \u0111\u00e1ng \u0111\u1ec3 b\u1ea1n c\u00e2n nh\u1eafc b\u00ean c\u1ea1nh &hellip; <a class=\"link-more\" href=\"http:\/\/maudep.com.vn\/chuyengiadienmay\/?product=2540\" class=\"more-link\">\u0110\u1ecdc th\u00eam &raquo;<span class=\"screen-reader-text\"> &#8220;L\u00f2 n\u01b0\u1edbng Hafele HO-T60D&#8221;<\/span><\/a><\/p>\n","protected":false},"featured_media":2541,"comment_status":"open","ping_status":"closed","template":"","meta":[],"_links":{"self":[{"href":"http:\/\/maudep.com.vn\/chuyengiadienmay\/index.php?rest_route=\/wp\/v2\/product\/2540"}],"collection":[{"href":"http:\/\/maudep.com.vn\/chuyengiadienmay\/index.php?rest_route=\/wp\/v2\/product"}],"about":[{"href":"http:\/\/maudep.com.vn\/chuyengiadienmay\/index.php?rest_route=\/wp\/v2\/types\/product"}],"replies":[{"embeddable":true,"href":"http:\/\/maudep.com.vn\/chuyengiadienmay\/index.php?rest_route=%2Fwp%2Fv2%2Fcomments&post=2540"}],"wp:featuredmedia":[{"embeddable":true,"href":"http:\/\/maudep.com.vn\/chuyengiadienmay\/index.php?rest_route=\/wp\/v2\/media\/2541"}],"wp:attachment":[{"href":"http:\/\/maudep.com.vn\/chuyengiadienmay\/index.php?rest_route=%2Fwp%2Fv2%2Fmedia&parent=2540"}],"curies":[{"name":"wp","href":"https:\/\/api.w.org\/{rel}","templated":true}]}}