{"id":2542,"date":"2019-01-08T10:45:11","date_gmt":"2019-01-08T03:45:11","guid":{"rendered":"http:\/\/maudep.com.vn\/chuyengiadienmay\/?post_type=product&#038;p=2542"},"modified":"2019-01-15T17:29:52","modified_gmt":"2019-01-15T10:29:52","slug":"lo-nuong-am-tu-hafele-ho-kt60c","status":"publish","type":"product","link":"http:\/\/maudep.com.vn\/chuyengiadienmay\/?product=lo-nuong-am-tu-hafele-ho-kt60c","title":{"rendered":"L\u00f2 N\u01b0\u1edbng \u00c2m T\u1ee7 Hafele HO-KT60C"},"content":{"rendered":"<h3 class=\"title\">T\u1ed5ng quan chung L\u00f2 N\u01b0\u1edbng \u00c2m T\u1ee7 Hafele HO-KT60C<\/h3>\n<div class=\"article-content\">\n<div class=\"js-content\">\n<h2>S\u1ea3n ph\u1ea9m l\u00f2 n\u01b0\u01a1\u0301ng \u00e2m tu\u0309 Hafele HO-KT60C\u00a0v\u1edbi dung t\u00edch 65\u00a0l\u00edt ph\u00f9 h\u1ee3p v\u1edbi c\u00e1c gia \u0111\u00ecnh kho\u1ea3ng 5 &#8211; 6 tha\u0300nh vi\u00ean. C\u00e1c ch\u1ee9c n\u0103ng c\u01a1 b\u1ea3n c\u1ee7a Hafele\u00a0l\u00e0 r\u00e3 \u0111\u00f4ng, h\u00e2m n\u00f3ng v\u00e0 n\u1ea5u (b\u1ea1n c\u00f3 th\u1ec3 n\u1ea5u \u0103n v\u1edbi h\u1ea7u h\u1ebft l\u00f2 n\u01b0\u01a1\u0301ng. C\u00f4ng su\u1ea5t t\u1ed1i \u0111a c\u1ee7a s\u1ea3n ph\u1ea9m n\u00e0y l\u00e0 3100W v\u00e0 c\u00f3 10\u00a0n\u1ea5c c\u00f4ng su\u1ea5t b\u1ea1n c\u00f3 th\u1ec3 s\u1eed d\u1ee5ng.<\/h2>\n<h3>Lo\u0300 n\u01b0\u01a1\u0301ng HO-KT60C &#8211; sa\u0309n ph\u00e2\u0309m lo\u0300 n\u01b0\u01a1\u0301ng t\u00f4\u0301t nh\u00e2\u0301t hi\u00ea\u0323n nay<\/h3>\n<p>Thi\u1ebft k\u1ebf \u0111\u1eb9p, ki\u1ec3u d\u00e1ng sang tr\u1ecdng cu\u0309a\u00a0l\u00f2 n\u01b0\u1edbng \u00e2m tu\u0309 Hafele HO-KT6C\u00a0v\u1edbi b\u1ea3ng \u0111i\u1ec1u khi\u1ec3n ti\u1ec7n l\u1ee3i, v\u1ecf ngo\u00e0i \u0111\u01b0\u1ee3c l\u00e0m t\u1eeb ch\u1ea5t li\u1ec7u th\u00e9p kh\u00f4ng g\u1ec9 \u0111\u01b0\u1ee3c ph\u1ee7 s\u01a1n t\u0129nh \u0111i\u1ec7n \u0111\u1ea3m b\u1ea3o ch\u1ecbu l\u1ef1c, ch\u1ecbu nhi\u1ec7t v\u00e0 ch\u1ed1ng va \u0111\u1eadp t\u1ed1t.<\/p>\n<p><img title=\"lo-nuong-am-tu-hafele-ho-kt60c\" src=\"https:\/\/bepvuson.vn\/Data\/upload\/images\/lo%CC%80%20vi%20so%CC%81ng\/3956784177_a185a779e3.jpg\" alt=\"lo-nuong-am-tu-hafele-ho-kt60c\" \/><\/p>\n<ul>\n<li>V\u1edbi l\u1edbp s\u01a1n t\u0129nh \u0111i\u1ec7n v\u00e0 nhi\u1ec1u b\u1ed9 ph\u1eadn b\u1ea3o v\u1ec7 b\u00ean trong m\u00e1y, tr\u00e1nh c\u00e1c tr\u01b0\u1eddng h\u1ee3p ch\u00e1y n\u1ed5 nh\u01b0 h\u1ecfa ho\u1ea1n l\u1edbn c\u00f3 th\u1ec3 x\u1ea3y ra khi ta s\u1eed d\u1ee5ng l\u1eeda. Lo\u0300 n\u01b0\u01a1\u0301ng Hafele co\u0300n ti\u0301ch h\u01a1\u0323p ch\u1ebf \u0111\u1ed9 kh\u00f3a tr\u1ebb e t\u1ef1 \u0111\u1ed9ng ng\u1eaft v\u00e0 b\u00e1o \u0111\u1ed9ng n\u1ebfu t\u1ef1 d\u01b0ng m\u1edf khi \u0111ang s\u1eed d\u1ee5ng.<\/li>\n<li>Lo\u0300 n\u01b0\u01a1\u0301ng HO-KT60C\u00a0d\u1ec5 v\u1ec7 sinh v\u00e0 l\u00e0m s\u1ea1ch,\u00a0khoang l\u00f2 n\u01b0\u01a1\u0301ng \u0111\u01b0\u01a1\u0323c\u00a0la\u0300m b\u1eb1ng th\u00e9p kh\u00f4ng g\u1ec9. B\u00ean c\u1ea1nh \u0111\u00f3 l\u1edbp s\u01a1n t\u0129nh \u0111i\u1ec7n bao ph\u1ee7 b\u00ean ngo\u00e0i l\u00f2 d\u1ec5 lau ch\u00f9i, th\u1ee9c \u0103n hay b\u1ea5t c\u1ee9 th\u1ef1c ph\u1ea9m n\u00e0o c\u0169ng kh\u00f4ng b\u00e1m \u0111\u01b0\u1ee3c l\u00e2u ch\u1ec9 c\u1ea7n lau ch\u00f9i l\u00e0 s\u1ebd s\u1ea1ch ngay.<\/li>\n<li>Thi\u1ebft k\u1ebf qu\u1ea1t \u0111\u1ed1i l\u01b0u gi\u00fap kh\u00ed n\u00f3ng \u0111\u01b0\u1ee3c lan t\u1ecfa kh\u1eafp n\u01a1i trong\u00a0\u00a0l\u00f2 n\u01b0\u1edbng Hafele nh\u1edd \u0111\u00f3 th\u1ef1c ph\u1ea9m s\u1ebd \u0111\u01b0\u1ee3c ch\u00edn \u0111\u1ec1u v\u00e0 th\u01a1m ngon h\u01a1n. Khoang l\u00f2 l\u00e0m t\u1eeb ch\u1ea5t li\u1ec7u cao c\u1ea5p l\u00e0 th\u00e9p kh\u00f4ng g\u1ec9 c\u00f3 c\u00e1c g\u00f3c, vi\u1ec1n \u0111\u01b0\u1ee3c bo tr\u00f2n.<\/li>\n<\/ul>\n<p><img title=\"lo-nuong-am-tu-hafele-ho-kt60c-01\" src=\"https:\/\/bepvuson.vn\/Data\/upload\/images\/lo%CC%80%20vi%20so%CC%81ng\/den-chieu-sang-lvs-bosch.jpg\" alt=\"lo-nuong-am-tu-hafele-ho-kt60c-01\" \/><\/p>\n<ul>\n<li>10 c\u00f4ng th\u1ee9c n\u1ea5u \u0103n t\u1ef1 \u0111\u1ed9ng \u0111\u01b0\u1ee3c c\u00e0i \u0111\u1eb7t trong l\u00f2. T\u1ea5t c\u1ea3 nh\u1eefng g\u00ec b\u1ea1n l\u00e0m ch\u1ec9 l\u00e0 \u0111\u1eb7t th\u1ef1c ph\u1ea9m v\u00e0o trong, ch\u1ecdn c\u00f4ng th\u1ee9c ph\u00f9 h\u1ee3p v\u00e0 nh\u1eadp tr\u1ecdng l\u01b0\u1ee3ng, lo\u0300 n\u01b0\u01a1\u0301ng Hafele\u00a0s\u1ebd t\u1ef1 \u0111\u1ed9ng thi\u1ebft l\u1eadp ph\u00f9 h\u1ee3p v\u1edbi lo\u1ea1i th\u1ef1c ph\u1ea9m \u0111\u00f3.<\/li>\n<li>R\u00e3 \u0111\u00f4ng c\u00e1c lo\u1ea1i th\u1ef1c ph\u1ea9m \u0111\u00f4ng l\u1ea1nh l\u00e0 m\u1ed9t trong nh\u1eefng ch\u1ee9c n\u0103ng ch\u1ee7 y\u1ebfu b\u00ean c\u1ea1nh vi\u1ec7c h\u00e2m n\u00f3ng th\u1ef1c ph\u1ea9m. \u0110\u1ec3 b\u1ea3o qu\u1ea3n th\u1ef1c ph\u1ea9m trong m\u1ed9t kho\u1ea3ng th\u1eddi gian l\u00e2u, ch\u00fang ta bu\u1ed9c ph\u1ea3i l\u00e0m \u0111\u00f4ng ch\u00fang trong ng\u0103n \u0111\u00e1. V\u1edbi lo\u0300 vi so\u0301ng Bosch hi\u1ec7n \u0111\u1ea1i, c\u00f4ng vi\u1ec7c r\u00e3 \u0111\u00f4ng th\u1ef1c ph\u1ea9m tr\u1edf n\u00ean r\u1ea5t d\u1ec5 d\u00e0ng.<\/li>\n<li>L\u00f2 n\u01b0\u01a1\u0301ng Hafele c\u00f3 ch\u01b0\u01a1ng tr\u00ecnh t\u1ef1 \u0111\u1ed9ng. D\u00f2ng s\u1ea3n ph\u1ea9m n\u00e0y c\u1ee7a Hafele\u00a0gi\u00fap b\u1ea1n ti\u1ebft ki\u1ec7m \u0111\u01b0\u1ee3c th\u1eddi gian n\u1ea5u n\u01b0\u1edbng, v\u00e0 c\u00f3 th\u1ec3 d\u00e0nh th\u1eddi gian cho vi\u1ec7c kh\u00e1c.<\/li>\n<\/ul>\n<p><img title=\"lo-nuong-am-tu-hafele-ho-kt60c-02\" src=\"https:\/\/bepvuson.vn\/Data\/upload\/images\/lo%CC%80%20vi%20so%CC%81ng\/1502344431357_5641416.jpg\" alt=\"lo-nuong-am-tu-hafele-ho-kt60c-02\" \/><\/p>\n<p>S\u1ea3n ph\u1ea9m c\u00f3 gi\u00e1 c\u1ea3 kh\u00f4ng qu\u00e1 cao, ph\u00f9 h\u1ee3p v\u1edbi nhi\u1ec1u gia \u0111\u00ecnh Vi\u00ea\u0323t. N\u1ebfu gia \u0111\u00ecnh c\u00f3 kh\u00f4ng gian b\u1ebfp r\u1ed9ng v\u00e0 nhu c\u1ea7u n\u1ea5u n\u01b0\u1edbng cao th\u00ec lo\u0300 n\u01b0\u01a1\u0301ng \u00e2m tu\u0309 Hafele HO-KT60C\u00a0x\u1ee9ng \u0111\u00e1ng l\u00e0 s\u1ef1 l\u1ef1a ch\u1ecdn ho\u00e0n h\u1ea3o.<\/p>\n<\/div>\n<\/div>\n","protected":false},"excerpt":{"rendered":"<p>T\u1ed5ng quan chung L\u00f2 N\u01b0\u1edbng \u00c2m T\u1ee7 Hafele HO-KT60C S\u1ea3n ph\u1ea9m l\u00f2 n\u01b0\u01a1\u0301ng \u00e2m tu\u0309 Hafele HO-KT60C\u00a0v\u1edbi dung t\u00edch 65\u00a0l\u00edt &hellip; <a class=\"link-more\" href=\"http:\/\/maudep.com.vn\/chuyengiadienmay\/?product=lo-nuong-am-tu-hafele-ho-kt60c\" class=\"more-link\">\u0110\u1ecdc th\u00eam &raquo;<span class=\"screen-reader-text\"> &#8220;L\u00f2 N\u01b0\u1edbng \u00c2m T\u1ee7 Hafele HO-KT60C&#8221;<\/span><\/a><\/p>\n","protected":false},"featured_media":2543,"comment_status":"open","ping_status":"closed","template":"","meta":[],"_links":{"self":[{"href":"http:\/\/maudep.com.vn\/chuyengiadienmay\/index.php?rest_route=\/wp\/v2\/product\/2542"}],"collection":[{"href":"http:\/\/maudep.com.vn\/chuyengiadienmay\/index.php?rest_route=\/wp\/v2\/product"}],"about":[{"href":"http:\/\/maudep.com.vn\/chuyengiadienmay\/index.php?rest_route=\/wp\/v2\/types\/product"}],"replies":[{"embeddable":true,"href":"http:\/\/maudep.com.vn\/chuyengiadienmay\/index.php?rest_route=%2Fwp%2Fv2%2Fcomments&post=2542"}],"wp:featuredmedia":[{"embeddable":true,"href":"http:\/\/maudep.com.vn\/chuyengiadienmay\/index.php?rest_route=\/wp\/v2\/media\/2543"}],"wp:attachment":[{"href":"http:\/\/maudep.com.vn\/chuyengiadienmay\/index.php?rest_route=%2Fwp%2Fv2%2Fmedia&parent=2542"}],"curies":[{"name":"wp","href":"https:\/\/api.w.org\/{rel}","templated":true}]}}