{"id":2544,"date":"2019-01-08T10:49:38","date_gmt":"2019-01-08T03:49:38","guid":{"rendered":"http:\/\/maudep.com.vn\/chuyengiadienmay\/?post_type=product&#038;p=2544"},"modified":"2019-01-15T17:44:34","modified_gmt":"2019-01-15T10:44:34","slug":"lo-nuong-ket-hop-vi-song-hafele-ho-kt45b","status":"publish","type":"product","link":"http:\/\/maudep.com.vn\/chuyengiadienmay\/?product=lo-nuong-ket-hop-vi-song-hafele-ho-kt45b","title":{"rendered":"L\u00f2 n\u01b0\u1edbng k\u1ebft h\u1ee3p vi s\u00f3ng Hafele HO-KT45B"},"content":{"rendered":"<h3 class=\"title\">T\u1ed5ng quan chung L\u00f2 n\u01b0\u1edbng k\u1ebft h\u1ee3p vi s\u00f3ng Hafele HO-KT45B<\/h3>\n<div class=\"article-content\">\n<div class=\"js-content\">\n<h2>Lo\u0300 n\u01b0\u01a1\u0301ng k\u00ea\u0301t h\u01a1\u0323p vi so\u0301ng Hafele HO-KT45B\u00a0l\u00e0 m\u1ed9t s\u1ea3n ph\u1ea9m l\u00f2 vi s\u00f3ng b\u00e1n r\u1ea5t ch\u1ea1y c\u1ee7a Hafele,\u00a0thi\u1ebft k\u1ebf c\u1ee7a cu\u0309a lo\u0300 n\u01b0\u01a1\u0301ng na\u0300y r\u1ea5t \u0111\u1eb9p v\u1edbi v\u1ecf ngo\u00e0i l\u00e0m b\u1eb1ng th\u00e9p kh\u00f4ng g\u1ec9, c\u00f3 s\u01a1n t\u0129nh \u0111i\u1ec7n m\u00e0u b\u1ea1c, c\u1eeda k\u00ednh g\u01b0\u01a1ng sang tr\u1ecdng. \u0110i\u1ec1u n\u00e0y kh\u00f4ng nh\u1eefng gi\u00fap \u00edch cho vi\u1ec7c n\u1ea5u n\u01b0\u1edbng m\u00e0 c\u00f2n l\u00e0m c\u0103n b\u1ebfp c\u1ee7a b\u1ea1n tr\u00f4ng hi\u1ec7n \u0111\u1ea1i h\u01a1n r\u1ea5t nhi\u1ec1u.<\/h2>\n<h3>Lo\u0300 n\u01b0\u01a1\u0301ng Hafele HO-KT45B ti\u00ea\u0323n du\u0323ng, d\u00ea\u0303 s\u01b0\u0309 du\u0323ng<\/h3>\n<p>L\u00f2 n\u01b0\u1edbng k\u00ea\u0301t h\u01a1\u0323p vi so\u0301ng Hafele HO-KT45B co\u0301 ch\u01b0\u0301c n\u0103ng\u00a0h\u1eb9n gi\u1edd th\u00f4ng minh trong kho\u1ea3ng th\u1eddi gian 30 ph\u00fat v\u00e0 d\u1ec5 d\u00e0ng \u0111i\u1ec1u ch\u1ec9nh c\u00e1c m\u1ee9c c\u00f4ng su\u1ea5t, nhi\u1ec7t \u0111\u1ed9 theo t\u1eebng lo\u1ea1i th\u1ef1c ph\u1ea9m kh\u00e1c nhau.<\/p>\n<p><img title=\"lo-nuong-ket-hop-vi-song-hafele-ho-kt45b\" src=\"https:\/\/bepvuson.vn\/Data\/upload\/images\/lo%CC%80%20vi%20so%CC%81ng\/den-chieu-sang-lvs-bosch.jpg\" alt=\"lo-nuong-ket-hop-vi-song-hafele-ho-kt45b\" \/><\/p>\n<ul>\n<li>Thi\u1ebft k\u1ebf sang tr\u1ecdng l\u00e0 \u0111i\u1ec3m c\u1ed9ng kh\u00f4ng th\u1ec3 b\u1ecf qua khi b\u1ea1n l\u1ef1a ch\u1ecdn s\u1ea3n ph\u1ea9m, lo\u0300 n\u01b0\u01a1\u0301ng HO-KT45B\u00a0s\u01b0\u0309 du\u0323ng ch\u1ea5t li\u1ec7u inox cao c\u1ea5p v\u1edbi v\u1ebb b\u00ean ngo\u00e0i s\u00e1ng b\u00f3ng, ch\u1ed1ng b\u00e1m d\u1ea5u v\u00e2n tay t\u1ed1t, khoang l\u00f2 si\u00eau b\u1ec1n b\u1eb1ng th\u00e9p kh\u00f4ng g\u1ec9 ch\u1ecbu nhi\u1ec7t cao.<\/li>\n<li>Ve\u0309 ngoa\u0300i hi\u1ec7n \u0111\u1ea1i v\u1edbi s\u1ef1 k\u1ebft h\u1ee3p gi\u1eefa k\u00ednh c\u01b0\u1eddng l\u1ef1c, th\u00e9p kh\u00f4ng g\u1ec9 , g\u1ed1m (ceramic) gi\u00fap l\u00f2 n\u01b0\u01a1\u0301ng Hafele HO-KT45B\u00a0lu\u00f4n gi\u00fap kh\u00f4ng gian nh\u00e0 b\u1ebfp tr\u1edf n\u00ean sang tr\u1ecdng.<\/li>\n<li>L\u00f2 n\u01b0\u1edbng Hafele HO-KT45B\u00a0c\u00f3 dung t\u00edch 44 li\u0301t\u00a0ph\u00f9 h\u1ee3p v\u1edbi nhu c\u1ea7u n\u1ea5u n\u01b0\u1edbng c\u1ee7a m\u1ecdi gia \u0111\u00ecnh, thi\u1ebft k\u1ebf \u00e2m t\u1ee7 ti\u1ebft ki\u1ec7m kh\u00f4ng gian t\u1ed1i \u0111a gi\u00fap gian b\u1ebfp tr\u1edf n\u00ean sang tr\u1ecdng v\u00e0 g\u1ecdn g\u00e0ng h\u01a1n r\u1ea5t nhi\u1ec1u.<\/li>\n<\/ul>\n<p><img title=\"lo-nuong-ket-hop-vi-song-hafele-ho-kt45b-01\" src=\"https:\/\/bepvuson.vn\/Data\/upload\/images\/lo%CC%80%20vi%20so%CC%81ng\/mcz_008607_kan56v10_en-sg_1(3).jpg\" alt=\"lo-nuong-ket-hop-vi-song-hafele-ho-kt45b-01\" \/><\/p>\n<ul>\n<li>Ph\u1ea7n khoang l\u00f2 n\u01b0\u01a1\u0301ng k\u00ea\u0301t h\u01a1\u0323p vi so\u0301ng Hafele\u00a0\u0111\u01b0\u1ee3c l\u00e0m b\u1eb1ng ch\u1ea5t li\u1ec7u th\u00e9p cao c\u1ea5p kh\u00f4ng g\u1ec9 v\u00e0 tr\u00e1ng m\u1ed9t l\u1edbp men ch\u1ed1ng oxi h\u00f3a cho ph\u00e9p b\u1ea1n d\u00ea\u0303 d\u00e0ng v\u1ec7 sinh l\u00f2 sau khi s\u1eed d\u1ee5ng. H\u1ec7 th\u1ed1ng \u0111\u00e8n LED b\u00ean trong khoang l\u00f2 gi\u00fap b\u1ea1n l\u1ea5y m\u00f3n \u0103n m\u00e0 kh\u00f4ng lo b\u1ecb b\u1ecfng.<\/li>\n<li>L\u00f2 n\u01b0\u01a1\u0301ng Hafele c\u00f3 ch\u01b0\u01a1ng tr\u00ecnh t\u1ef1 \u0111\u1ed9ng. D\u00f2ng s\u1ea3n ph\u1ea9m n\u00e0y c\u1ee7a Bosch gi\u00fap b\u1ea1n ti\u1ebft ki\u1ec7m \u0111\u01b0\u1ee3c th\u1eddi gian n\u1ea5u n\u01b0\u1edbng, v\u00e0 c\u00f3 th\u1ec3 d\u00e0nh th\u1eddi gian cho vi\u1ec7c kh\u00e1c<\/li>\n<li>L\u00f2 n\u01b0\u01a1\u0301ng Hafele gi\u1eef \u0111\u01b0\u1ee3c nhi\u1ec1u ch\u1ea5t dinh d\u01b0\u1ee1ng c\u1ee7a th\u1ee9c \u0103n h\u01a1n h\u1eb3n c\u00e1ch n\u1ea5u truy\u1ec1n th\u1ed1ng v\u00ec th\u1eddi gian gia nhi\u1ec7t v\u00e0 l\u00e0m ch\u00edn th\u1ee9c \u0103n c\u1ee7a l\u00f2 n\u01b0\u01a1\u0301ng r\u1ea5t nhanh, th\u1ee9c \u0103n b\u1edbt b\u1ecb th\u1ea5t tho\u00e1t ch\u1ea5t dinh d\u01b0\u1ee1ng. Trong khi v\u1edbi c\u00e1ch n\u1ea5u th\u00f4ng th\u01b0\u1eddng ph\u1ea3i t\u1ed1n kh\u00e1 nhi\u1ec1u th\u1eddi gian , \u0111i\u1ec1u \u0111\u00f3 \u0111\u1ed3ng ngh\u0129a v\u1edbi l\u01b0\u1ee3ng dinh d\u01b0\u1ee1ng b\u1ecb ti\u00eau hao nhanh ch\u00f3ng.<\/li>\n<\/ul>\n<p><img title=\"lo-nuong-ket-hop-vi-song-hafele-ho-kt45b-02\" src=\"https:\/\/bepvuson.vn\/Data\/upload\/images\/lo%CC%80%20vi%20so%CC%81ng\/W020140103364719725477_420(1).jpg\" alt=\"lo-nuong-ket-hop-vi-song-hafele-ho-kt45b-02\" \/><\/p>\n<p>S\u1ea3n ph\u1ea9m c\u00f3 gi\u00e1 c\u1ea3 kh\u00f4ng qu\u00e1 cao, ph\u00f9 h\u1ee3p v\u1edbi nhi\u1ec1u gia \u0111\u00ecnh Vi\u00ea\u0323t. N\u1ebfu gia \u0111\u00ecnh c\u00f3 kh\u00f4ng gian b\u1ebfp r\u1ed9ng v\u00e0 nhu c\u1ea7u n\u1ea5u n\u01b0\u1edbng cao th\u00ec lo\u0300 n\u01b0\u01a1\u0301ng k\u00ea\u0301t h\u01a1\u0323p vi so\u0301ng Hafele HO-KT45B\u00a0x\u1ee9ng \u0111\u00e1ng l\u00e0 s\u1ef1 l\u1ef1a ch\u1ecdn ho\u00e0n h\u1ea3o<\/p>\n<\/div>\n<\/div>\n","protected":false},"excerpt":{"rendered":"<p>T\u1ed5ng quan chung L\u00f2 n\u01b0\u1edbng k\u1ebft h\u1ee3p vi s\u00f3ng Hafele HO-KT45B Lo\u0300 n\u01b0\u01a1\u0301ng k\u00ea\u0301t h\u01a1\u0323p vi so\u0301ng Hafele HO-KT45B\u00a0l\u00e0 m\u1ed9t &hellip; <a class=\"link-more\" href=\"http:\/\/maudep.com.vn\/chuyengiadienmay\/?product=lo-nuong-ket-hop-vi-song-hafele-ho-kt45b\" class=\"more-link\">\u0110\u1ecdc th\u00eam &raquo;<span class=\"screen-reader-text\"> &#8220;L\u00f2 n\u01b0\u1edbng k\u1ebft h\u1ee3p vi s\u00f3ng Hafele HO-KT45B&#8221;<\/span><\/a><\/p>\n","protected":false},"featured_media":2545,"comment_status":"open","ping_status":"closed","template":"","meta":[],"_links":{"self":[{"href":"http:\/\/maudep.com.vn\/chuyengiadienmay\/index.php?rest_route=\/wp\/v2\/product\/2544"}],"collection":[{"href":"http:\/\/maudep.com.vn\/chuyengiadienmay\/index.php?rest_route=\/wp\/v2\/product"}],"about":[{"href":"http:\/\/maudep.com.vn\/chuyengiadienmay\/index.php?rest_route=\/wp\/v2\/types\/product"}],"replies":[{"embeddable":true,"href":"http:\/\/maudep.com.vn\/chuyengiadienmay\/index.php?rest_route=%2Fwp%2Fv2%2Fcomments&post=2544"}],"wp:featuredmedia":[{"embeddable":true,"href":"http:\/\/maudep.com.vn\/chuyengiadienmay\/index.php?rest_route=\/wp\/v2\/media\/2545"}],"wp:attachment":[{"href":"http:\/\/maudep.com.vn\/chuyengiadienmay\/index.php?rest_route=%2Fwp%2Fv2%2Fmedia&parent=2544"}],"curies":[{"name":"wp","href":"https:\/\/api.w.org\/{rel}","templated":true}]}}