{"id":2549,"date":"2019-01-08T11:09:38","date_gmt":"2019-01-08T04:09:38","guid":{"rendered":"http:\/\/maudep.com.vn\/chuyengiadienmay\/?post_type=product&#038;p=2549"},"modified":"2019-01-15T17:43:27","modified_gmt":"2019-01-15T10:43:27","slug":"lo-nuong-hafele-ho-t60a","status":"publish","type":"product","link":"http:\/\/maudep.com.vn\/chuyengiadienmay\/?product=lo-nuong-hafele-ho-t60a","title":{"rendered":"L\u00f2 n\u01b0\u1edbng Hafele HO-T60A"},"content":{"rendered":"<h3 class=\"title\">T\u1ed5ng quan chung L\u00f2 n\u01b0\u1edbng Hafele HO-T60A<\/h3>\n<div class=\"article-content\">\n<div class=\"js-content\">\n<p>L\u00f2 n\u01b0\u1edbng Hafele HO-T60A &#8211; Model l\u00f2 n\u01b0\u01a1\u0301ng \u00e2m Hafele HO-T60A l\u00e0 s\u1ef1 k\u1ebft h\u1ee3p ho\u00e0n h\u1ea3o c\u1ee7a th\u00e9p kh\u00f4ng g\u1ec9 ch\u1ea5t l\u01b0\u1ee3ng cao v\u00e0 th\u1ee7y tinh t\u1ea1o n\u00ean s\u1ea3n ph\u1ea9m v\u1eeba \u0111\u1eb9p v\u1ec1 ki\u1ec3u d\u00e1ng v\u1eeba \u0111\u1ea3m b\u1ea3o v\u1ec1 ch\u1ea5t l\u01b0\u1ee3ng, thanh tay c\u1ea7m b\u1eb1ng th\u00e9p c\u1ee7a l\u00f2 n\u01b0\u1edbng \u0111\u01b0\u1ee3c thi\u1ebft k\u1ebf ph\u00f9 h\u1ee3p v\u1edbi nh\u00e2n tr\u1eafc h\u1ecdc, k\u1ebft h\u1ee3p 1 c\u00e1ch h\u00e0i h\u00f2a v\u1edbi ph\u1ea7n c\u00e1nh c\u1eeda. S\u1ef1 k\u1ebft h\u1ee3p c\u00e1c chi ti\u1ebft tr\u00ean b\u1ea3ng \u0111i\u1ec1u khi\u1ec3n c\u1ee7a thi\u1ebft b\u1ecb theo h\u00e0ng ngang cho ph\u00e9p b\u1ea1n t\u1ea1o n\u00ean 1 t\u1ed5ng th\u1ec3 h\u00e0i h\u00f2a.<\/p>\n<p>L\u00f2 n\u01b0\u1edbng Hafele HO-T60A &#8211; Model l\u00f2 n\u01b0\u01a1\u0301ng \u00e2m Hafele HO-T60A l\u00e0 s\u1ef1 k\u1ebft h\u1ee3p ho\u00e0n h\u1ea3o c\u1ee7a th\u00e9p kh\u00f4ng g\u1ec9 ch\u1ea5t l\u01b0\u1ee3ng cao v\u00e0 th\u1ee7y tinh t\u1ea1o n\u00ean s\u1ea3n ph\u1ea9m v\u1eeba \u0111\u1eb9p v\u1ec1 ki\u1ec3u d\u00e1ng v\u1eeba \u0111\u1ea3m b\u1ea3o v\u1ec1 ch\u1ea5t l\u01b0\u1ee3ng, thanh tay c\u1ea7m b\u1eb1ng th\u00e9p c\u1ee7a l\u00f2 n\u01b0\u1edbng \u0111\u01b0\u1ee3c thi\u1ebft k\u1ebf ph\u00f9 h\u1ee3p v\u1edbi nh\u00e2n tr\u1eafc h\u1ecdc, k\u1ebft h\u1ee3p 1 c\u00e1ch h\u00e0i h\u00f2a v\u1edbi ph\u1ea7n c\u00e1nh c\u1eeda. S\u1ef1 k\u1ebft h\u1ee3p c\u00e1c chi ti\u1ebft tr\u00ean b\u1ea3ng \u0111i\u1ec1u khi\u1ec3n c\u1ee7a thi\u1ebft b\u1ecb theo h\u00e0ng ngang cho ph\u00e9p b\u1ea1n t\u1ea1o n\u00ean 1 t\u1ed5ng th\u1ec3 h\u00e0i h\u00f2a.<\/p>\n<p>C\u00e1c \u01b0u \u0111i\u1ec3m n\u1ed5i b\u1eadt:<\/p>\n<p>&#8211; Dung t\u00edch : 65 l\u00edt<\/p>\n<p>&#8211; C\u1eeda k\u00ednh 3 l\u1edbp c\u00e1ch nhi\u1ec7t v\u1edbi 1 l\u1edbp ph\u1ea3n x\u1ea1<\/p>\n<p>&#8211; \u0110i\u1ec1u khi\u1ec3n c\u1ea3m \u1ee9ng to\u00e0n ph\u1ea7n<\/p>\n<p>&#8211; Ch\u1ee9c n\u0103ng t\u1ef1 v\u1ec7 sinh b\u1eb1ng ph\u01b0\u01a1ng ph\u00e1p th\u1ee7y ph\u00e2n \u2013 H2O\u00a0 clean<\/p>\n<p>&#8211; Ti\u00eau chu\u1ea9n ti\u1ebft ki\u1ec7m n\u0103ng l\u01b0\u1ee3ng A++ ( Ch\u00e2u \u00c2u)<\/p>\n<p>&#8211; Ch\u1ee9c n\u0103ng kh\u00f3a an to\u00e0n tr\u1ebb em<\/p>\n<p>&#8211; T\u1ed5ng c\u00f4ng su\u1ea5t : 3.3KW<\/p>\n<p>&#8211; \u0110\u00e8n trong l\u00f2 n\u01b0\u1edbng: 1x 25W<\/p>\n<p>&#8211; K\u00edch th\u01b0\u1edbc s\u1ea3n ph\u1ea9m: 595C x 597R x 565S mm<\/p>\n<p>&#8211; K\u00edch th\u01b0\u1edbc h\u1ed9c t\u1ee7: 580 x 560 mm<\/p>\n<\/div>\n<\/div>\n","protected":false},"excerpt":{"rendered":"<p>T\u1ed5ng quan chung L\u00f2 n\u01b0\u1edbng Hafele HO-T60A L\u00f2 n\u01b0\u1edbng Hafele HO-T60A &#8211; Model l\u00f2 n\u01b0\u01a1\u0301ng \u00e2m Hafele HO-T60A l\u00e0 s\u1ef1 &hellip; <a class=\"link-more\" href=\"http:\/\/maudep.com.vn\/chuyengiadienmay\/?product=lo-nuong-hafele-ho-t60a\" class=\"more-link\">\u0110\u1ecdc th\u00eam &raquo;<span class=\"screen-reader-text\"> &#8220;L\u00f2 n\u01b0\u1edbng Hafele HO-T60A&#8221;<\/span><\/a><\/p>\n","protected":false},"featured_media":2553,"comment_status":"open","ping_status":"closed","template":"","meta":[],"_links":{"self":[{"href":"http:\/\/maudep.com.vn\/chuyengiadienmay\/index.php?rest_route=\/wp\/v2\/product\/2549"}],"collection":[{"href":"http:\/\/maudep.com.vn\/chuyengiadienmay\/index.php?rest_route=\/wp\/v2\/product"}],"about":[{"href":"http:\/\/maudep.com.vn\/chuyengiadienmay\/index.php?rest_route=\/wp\/v2\/types\/product"}],"replies":[{"embeddable":true,"href":"http:\/\/maudep.com.vn\/chuyengiadienmay\/index.php?rest_route=%2Fwp%2Fv2%2Fcomments&post=2549"}],"wp:featuredmedia":[{"embeddable":true,"href":"http:\/\/maudep.com.vn\/chuyengiadienmay\/index.php?rest_route=\/wp\/v2\/media\/2553"}],"wp:attachment":[{"href":"http:\/\/maudep.com.vn\/chuyengiadienmay\/index.php?rest_route=%2Fwp%2Fv2%2Fmedia&parent=2549"}],"curies":[{"name":"wp","href":"https:\/\/api.w.org\/{rel}","templated":true}]}}