{"id":2555,"date":"2019-01-08T11:13:15","date_gmt":"2019-01-08T04:13:15","guid":{"rendered":"http:\/\/maudep.com.vn\/chuyengiadienmay\/?post_type=product&#038;p=2555"},"modified":"2019-01-15T17:42:37","modified_gmt":"2019-01-15T10:42:37","slug":"lo-nuong-hafele-ho-kt60a","status":"publish","type":"product","link":"http:\/\/maudep.com.vn\/chuyengiadienmay\/?product=lo-nuong-hafele-ho-kt60a","title":{"rendered":"L\u00f2 n\u01b0\u1edbng Hafele HO-KT60A"},"content":{"rendered":"<h3 class=\"title\">T\u1ed5ng quan chung L\u00f2 n\u01b0\u1edbng Hafele HO-KT60A<\/h3>\n<div class=\"article-content\">\n<div class=\"expand js-content\">\n<p>+ L\u00f2 N\u01b0\u1edbng Hafele HO-KT60A c\u00f3 9 ch\u01b0\u01a1ng tr\u00ecnh n\u01b0\u1edbng t\u1ef1 \u0111\u1ed9ng<br \/>\n+ Dung t\u00edch c\u1ee7a l\u00f2 n\u01b0\u1edbng: 65 l\u00edt<br \/>\n+ C\u1eeda k\u00ednh 3 l\u1edbp c\u00e1ch nhi\u1ec7t v\u1edbi 1 l\u1edbp ph\u1ea3n x\u1ea1<br \/>\n+ \u00d0i\u1ec1u khi\u1ec3n b\u1eb1ng 2 n\u00fam v\u1eb7n v\u00e0 1 m\u00e0n h\u00ecnh c\u1ea3m \u1ee9ng<br \/>\n+ Ch\u1eafc n\u0103ng t\u1ef1 v\u1ec7 sinh b\u1eb1ng ph\u01b0\u01a1ng ph\u00e1p th\u1ee7y ph\u00e2n \u2013 H 20 Clean<br \/>\n+ Ti\u00eau chu\u1ea9n ti\u1ebft ki\u1ec7m n\u0103ng l\u01b0\u1ee3ng theo ti\u00eau chu\u1ea9n A++ (Ch\u00e2u \u00c2u)<br \/>\n+ Ch\u1ee9c n\u0103ng h\u1eb9n gi\u1edd<br \/>\n+ S\u1ed1 l\u01b0\u1ee3ng khay: 2<\/p>\n<p>CH\u1ee8C N\u0102NG AN TO\u00c0N C\u1ee6A L\u00d2 N\u01af\u1edaNG HAFELE HO-KT60A<\/p>\n<p>+ Ch\u1ee9c n\u0103ng kh\u00f3a tr\u1ebb em<\/p>\n<p>TH\u00d4NG TIN K\u1ef8 THU\u1eacT L\u00d2 N\u01af\u1edaNG HAFELE HO-KT60A<\/p>\n<p>+ T\u1ed5ng c\u00f4ng su\u1ea5t: 3.3 KW<br \/>\n+ \u00d0\u00e8n trong l\u00f2 n\u01b0\u1edbng: 1 x 25 W<br \/>\n+ K\u00edch th\u01b0\u1edbc s\u1ea3n ph\u1ea9m: 595C x 597R x 565S mm<br \/>\n+ K\u00edch th\u01b0\u1edbc h\u1ed9c t\u1ee7: 580C x 560R x 550S mm<\/p>\n<\/div>\n<\/div>\n","protected":false},"excerpt":{"rendered":"<p>T\u1ed5ng quan chung L\u00f2 n\u01b0\u1edbng Hafele HO-KT60A + L\u00f2 N\u01b0\u1edbng Hafele HO-KT60A c\u00f3 9 ch\u01b0\u01a1ng tr\u00ecnh n\u01b0\u1edbng t\u1ef1 \u0111\u1ed9ng + &hellip; <a class=\"link-more\" href=\"http:\/\/maudep.com.vn\/chuyengiadienmay\/?product=lo-nuong-hafele-ho-kt60a\" class=\"more-link\">\u0110\u1ecdc th\u00eam &raquo;<span class=\"screen-reader-text\"> &#8220;L\u00f2 n\u01b0\u1edbng Hafele HO-KT60A&#8221;<\/span><\/a><\/p>\n","protected":false},"featured_media":2557,"comment_status":"open","ping_status":"closed","template":"","meta":[],"_links":{"self":[{"href":"http:\/\/maudep.com.vn\/chuyengiadienmay\/index.php?rest_route=\/wp\/v2\/product\/2555"}],"collection":[{"href":"http:\/\/maudep.com.vn\/chuyengiadienmay\/index.php?rest_route=\/wp\/v2\/product"}],"about":[{"href":"http:\/\/maudep.com.vn\/chuyengiadienmay\/index.php?rest_route=\/wp\/v2\/types\/product"}],"replies":[{"embeddable":true,"href":"http:\/\/maudep.com.vn\/chuyengiadienmay\/index.php?rest_route=%2Fwp%2Fv2%2Fcomments&post=2555"}],"wp:featuredmedia":[{"embeddable":true,"href":"http:\/\/maudep.com.vn\/chuyengiadienmay\/index.php?rest_route=\/wp\/v2\/media\/2557"}],"wp:attachment":[{"href":"http:\/\/maudep.com.vn\/chuyengiadienmay\/index.php?rest_route=%2Fwp%2Fv2%2Fmedia&parent=2555"}],"curies":[{"name":"wp","href":"https:\/\/api.w.org\/{rel}","templated":true}]}}