{"id":2560,"date":"2019-01-08T11:16:32","date_gmt":"2019-01-08T04:16:32","guid":{"rendered":"http:\/\/maudep.com.vn\/chuyengiadienmay\/?post_type=product&#038;p=2560"},"modified":"2019-01-15T17:41:10","modified_gmt":"2019-01-15T10:41:10","slug":"lo-nuong-hafele-ho-k60a","status":"publish","type":"product","link":"http:\/\/maudep.com.vn\/chuyengiadienmay\/?product=lo-nuong-hafele-ho-k60a","title":{"rendered":"L\u00f2 n\u01b0\u1edbng Hafele HO-K60A"},"content":{"rendered":"<h3 class=\"title\">T\u1ed5ng quan chung L\u00f2 n\u01b0\u1edbng Hafele HO-K60A<\/h3>\n<div class=\"article-content\">\n<div class=\"expand js-content\">\n<p>\u0110\u1eb6C T\u00cdNH C\u1ee6A L\u00d2 N\u01af\u1edaNG HAFELE HO-K60A<\/p>\n<p>+ L\u00f2 N\u01b0\u1edbng Hafele HO-K60A c\u00f3 6 ch\u01b0\u01a1ng tr\u00ecnh n\u01b0\u1edbng<br \/>\n+ Dung t\u00edch c\u1ee7a L\u00f2 N\u01b0\u1edbng Hafele HO-K60A l\u00e0: 65 l\u00edt<br \/>\n+ C\u1eeda k\u00ednh 2 l\u1edbp c\u00e1ch nhi\u1ec7t v\u1edbi 1 l\u1edbp ph\u1ea3n x\u1ea1<br \/>\n+ D\u1ea1ng \u0111i\u1ec1u ki\u1ec3n c\u1ee7a L\u00f2 N\u01b0\u1edbng Hafele HO-K60A l\u00e0 \u0111i\u1ec1u khi\u1ec3n c\u01a1<br \/>\n+ Ch\u1ee9c n\u0103ng t\u1ef1 v\u1ec7 sinh b\u1eb1ng ph\u01b0\u01a1ng ph\u00e1p th\u1ee7y ph\u00e2n \u2013 H 20 Clean<br \/>\n+ ch\u1ee9c n\u0103ng H\u1eb9n gi\u1edd<br \/>\n+ s\u1ed1 l\u01b0\u1ee3ng khay: 2<\/p>\n<p>TH\u00d4NG S\u1ed0 K\u1ef8 THU\u1eacT C\u1ee6A L\u00d2 N\u01af\u1edaNG HAFELE HO-K60A<\/p>\n<p>+ T\u1ed5ng c\u00f4ng su\u1ea5t: 2.2 KW<br \/>\n+ \u0110\u00e8n trong l\u00f2 n\u01b0\u1edbng: 1 x 25 W<br \/>\n+ K\u00edch th\u01b0\u1edbc s\u1ea3n ph\u1ea9m: 595C x 597R x 565S mm<br \/>\n+ K\u00edch th\u01b0\u1edbc h\u1ed9c t\u1ee7: 580C x 560R x 550S mm<\/p>\n<p>&nbsp;<\/p>\n<\/div>\n<\/div>\n","protected":false},"excerpt":{"rendered":"<p>T\u1ed5ng quan chung L\u00f2 n\u01b0\u1edbng Hafele HO-K60A \u0110\u1eb6C T\u00cdNH C\u1ee6A L\u00d2 N\u01af\u1edaNG HAFELE HO-K60A + L\u00f2 N\u01b0\u1edbng Hafele HO-K60A c\u00f3 &hellip; <a class=\"link-more\" href=\"http:\/\/maudep.com.vn\/chuyengiadienmay\/?product=lo-nuong-hafele-ho-k60a\" class=\"more-link\">\u0110\u1ecdc th\u00eam &raquo;<span class=\"screen-reader-text\"> &#8220;L\u00f2 n\u01b0\u1edbng Hafele HO-K60A&#8221;<\/span><\/a><\/p>\n","protected":false},"featured_media":2563,"comment_status":"open","ping_status":"closed","template":"","meta":[],"_links":{"self":[{"href":"http:\/\/maudep.com.vn\/chuyengiadienmay\/index.php?rest_route=\/wp\/v2\/product\/2560"}],"collection":[{"href":"http:\/\/maudep.com.vn\/chuyengiadienmay\/index.php?rest_route=\/wp\/v2\/product"}],"about":[{"href":"http:\/\/maudep.com.vn\/chuyengiadienmay\/index.php?rest_route=\/wp\/v2\/types\/product"}],"replies":[{"embeddable":true,"href":"http:\/\/maudep.com.vn\/chuyengiadienmay\/index.php?rest_route=%2Fwp%2Fv2%2Fcomments&post=2560"}],"wp:featuredmedia":[{"embeddable":true,"href":"http:\/\/maudep.com.vn\/chuyengiadienmay\/index.php?rest_route=\/wp\/v2\/media\/2563"}],"wp:attachment":[{"href":"http:\/\/maudep.com.vn\/chuyengiadienmay\/index.php?rest_route=%2Fwp%2Fv2%2Fmedia&parent=2560"}],"curies":[{"name":"wp","href":"https:\/\/api.w.org\/{rel}","templated":true}]}}