{"id":2572,"date":"2019-01-08T11:31:56","date_gmt":"2019-01-08T04:31:56","guid":{"rendered":"http:\/\/maudep.com.vn\/chuyengiadienmay\/?post_type=product&#038;p=2572"},"modified":"2019-01-15T17:47:18","modified_gmt":"2019-01-15T10:47:18","slug":"lo-nuong-teka-hs-735","status":"publish","type":"product","link":"http:\/\/maudep.com.vn\/chuyengiadienmay\/?product=lo-nuong-teka-hs-735","title":{"rendered":"L\u00f2 n\u01b0\u1edbng Teka HS 735"},"content":{"rendered":"<h3 class=\"title\">T\u1ed5ng quan chung L\u00f2 n\u01b0\u1edbng Teka HS 735<\/h3>\n<div class=\"article-content\">\n<div class=\"js-content\">\n<p><strong>L\u00f2 N\u01b0\u1edbng Teka HS 735<\/strong><\/p>\n<p>L\u00f2 n\u01b0\u1edbng \u0111\u1ed1i l\u01b0u, l\u1eafp \u00e2m<\/p>\n<p>M\u1eb7t ngo\u00e0i b\u1eb1ng th\u00e9p kh\u00f4ng g\u1ec9 (kh\u00f4ng in d\u1ea5u v\u00e2n tay)<\/p>\n<p>N\u00fat \u0111i\u1ec1u khi\u1ec3n pop \u2013 up<\/p>\n<p>10 ch\u1ee9c n\u0103ng n\u01b0\u1edbng<\/p>\n<p>Dung t\u00edch (th\u1ef1c\/t\u1ed5ng): 57\/65L<\/p>\n<p>H\u1ec7 th\u1ed1ng l\u00e0m m\u00e1t kh\u00ed tho\u00e1t ra ngo\u00e0i<\/p>\n<p>C\u1eeda ki\u1ebfng 02 l\u1edbp c\u00e1ch nhi\u1ec7t<\/p>\n<p>Kh\u00f3a an to\u00e0n cho tr\u1ebb em<\/p>\n<p>V\u00e1ch trong l\u00f2 tr\u00e1ng men, d\u1ec5 v\u1ec7 sinh<\/p>\n<p>M\u1ee9c n\u0103ng l\u01b0\u1ee3ng: A+<\/p>\n<p>Xu\u1ea5t x\u1ee9: Ch\u00e2u \u00c2u<\/p>\n<\/div>\n<\/div>\n","protected":false},"excerpt":{"rendered":"<p>T\u1ed5ng quan chung L\u00f2 n\u01b0\u1edbng Teka HS 735 L\u00f2 N\u01b0\u1edbng Teka HS 735 L\u00f2 n\u01b0\u1edbng \u0111\u1ed1i l\u01b0u, l\u1eafp \u00e2m M\u1eb7t &hellip; <a class=\"link-more\" href=\"http:\/\/maudep.com.vn\/chuyengiadienmay\/?product=lo-nuong-teka-hs-735\" class=\"more-link\">\u0110\u1ecdc th\u00eam &raquo;<span class=\"screen-reader-text\"> &#8220;L\u00f2 n\u01b0\u1edbng Teka HS 735&#8221;<\/span><\/a><\/p>\n","protected":false},"featured_media":2578,"comment_status":"open","ping_status":"closed","template":"","meta":[],"_links":{"self":[{"href":"http:\/\/maudep.com.vn\/chuyengiadienmay\/index.php?rest_route=\/wp\/v2\/product\/2572"}],"collection":[{"href":"http:\/\/maudep.com.vn\/chuyengiadienmay\/index.php?rest_route=\/wp\/v2\/product"}],"about":[{"href":"http:\/\/maudep.com.vn\/chuyengiadienmay\/index.php?rest_route=\/wp\/v2\/types\/product"}],"replies":[{"embeddable":true,"href":"http:\/\/maudep.com.vn\/chuyengiadienmay\/index.php?rest_route=%2Fwp%2Fv2%2Fcomments&post=2572"}],"wp:featuredmedia":[{"embeddable":true,"href":"http:\/\/maudep.com.vn\/chuyengiadienmay\/index.php?rest_route=\/wp\/v2\/media\/2578"}],"wp:attachment":[{"href":"http:\/\/maudep.com.vn\/chuyengiadienmay\/index.php?rest_route=%2Fwp%2Fv2%2Fmedia&parent=2572"}],"curies":[{"name":"wp","href":"https:\/\/api.w.org\/{rel}","templated":true}]}}