{"id":2579,"date":"2019-01-08T11:38:21","date_gmt":"2019-01-08T04:38:21","guid":{"rendered":"http:\/\/maudep.com.vn\/chuyengiadienmay\/?post_type=product&#038;p=2579"},"modified":"2019-01-15T17:48:19","modified_gmt":"2019-01-15T10:48:19","slug":"lo-nuong-teka-teka-hlc-840","status":"publish","type":"product","link":"http:\/\/maudep.com.vn\/chuyengiadienmay\/?product=lo-nuong-teka-teka-hlc-840","title":{"rendered":"L\u00f2 N\u01b0\u1edbng Teka Teka HLC 840"},"content":{"rendered":"<h3 class=\"title\">T\u1ed5ng quan chung L\u00f2 N\u01b0\u1edbng Teka Teka HLC 840<\/h3>\n<div class=\"article-content\">\n<div class=\"expand js-content\">\n<ul>\n<li>L\u00f2 n\u01b0\u1edbng \u0111\u1ed1i l\u01b0u, l\u1eafp \u00e2m.<\/li>\n<li>C\u00f4ng ngh\u1ec7 v\u1ec7 sinh HydroClean PRO.<\/li>\n<li>Khoang l\u00f2 tr\u00e1ng men tr\u01a1n.<\/li>\n<li>M\u1ee9c n\u0103ng l\u01b0\u1ee3ng A+, ti\u1ebft ki\u1ec7m 20% \u0111i\u1ec7n n\u0103ng ti\u00eau th\u1ee5.<\/li>\n<li>Dung t\u00edch (t\u1ed5ng\/th\u1ef1c): 45\/44 l\u00edt.<\/li>\n<li>B\u1ea3ng \u0111i\u1ec1u khi\u1ec3n c\u1ea3m \u1ee9ng, m\u00e0n h\u00ecnh hi\u1ec3n th\u1ecb<\/li>\n<li>\u0111\u00e8n LED.<\/li>\n<li>09 ch\u1ee9c n\u0103ng n\u1ea5u.<\/li>\n<li>Ch\u1ee9c n\u0103ng t\u1ef1 l\u00e0m n\u00f3ng nhanh.<\/li>\n<li>Ch\u1ee9c n\u0103ng ECO v\u00e0 r\u00e3 \u0111\u00f4ng.<\/li>\n<li>Kh\u00f3a an to\u00e0n tr\u1ebb em.<\/li>\n<li>C\u1eeda k\u00ednh ba l\u1edbp c\u00e1ch nhi\u1ec7t.<\/li>\n<li>Khay n\u01b0\u1edbng c\u00f3 r\u00e3nh.<\/li>\n<li>H\u1ec7 th\u1ed1ng thanh tr\u01b0\u1ee3t gi\u00fap l\u1ea5y khay ra d\u1ec5 d\u00e0ng.<\/li>\n<li>Khay s\u00e2u ch\u1ed1ng tr\u01b0\u1ee3t v\u00e0 v\u1ec9 n\u01b0\u1edbng.<\/li>\n<li>H\u1ec7 th\u1ed1ng tho\u00e1t kh\u00ed ra ngo\u00e0i.<\/li>\n<li>Xu\u1ea5t x\u1ee9: Ch\u00e2u \u00c2u.<\/li>\n<\/ul>\n<\/div>\n<div class=\"show-more\"><\/div>\n<\/div>\n","protected":false},"excerpt":{"rendered":"<p>T\u1ed5ng quan chung L\u00f2 N\u01b0\u1edbng Teka Teka HLC 840 L\u00f2 n\u01b0\u1edbng \u0111\u1ed1i l\u01b0u, l\u1eafp \u00e2m. C\u00f4ng ngh\u1ec7 v\u1ec7 sinh HydroClean &hellip; <a class=\"link-more\" href=\"http:\/\/maudep.com.vn\/chuyengiadienmay\/?product=lo-nuong-teka-teka-hlc-840\" class=\"more-link\">\u0110\u1ecdc th\u00eam &raquo;<span class=\"screen-reader-text\"> &#8220;L\u00f2 N\u01b0\u1edbng Teka Teka HLC 840&#8221;<\/span><\/a><\/p>\n","protected":false},"featured_media":2581,"comment_status":"open","ping_status":"closed","template":"","meta":[],"_links":{"self":[{"href":"http:\/\/maudep.com.vn\/chuyengiadienmay\/index.php?rest_route=\/wp\/v2\/product\/2579"}],"collection":[{"href":"http:\/\/maudep.com.vn\/chuyengiadienmay\/index.php?rest_route=\/wp\/v2\/product"}],"about":[{"href":"http:\/\/maudep.com.vn\/chuyengiadienmay\/index.php?rest_route=\/wp\/v2\/types\/product"}],"replies":[{"embeddable":true,"href":"http:\/\/maudep.com.vn\/chuyengiadienmay\/index.php?rest_route=%2Fwp%2Fv2%2Fcomments&post=2579"}],"wp:featuredmedia":[{"embeddable":true,"href":"http:\/\/maudep.com.vn\/chuyengiadienmay\/index.php?rest_route=\/wp\/v2\/media\/2581"}],"wp:attachment":[{"href":"http:\/\/maudep.com.vn\/chuyengiadienmay\/index.php?rest_route=%2Fwp%2Fv2%2Fmedia&parent=2579"}],"curies":[{"name":"wp","href":"https:\/\/api.w.org\/{rel}","templated":true}]}}