{"id":2590,"date":"2019-01-08T11:52:09","date_gmt":"2019-01-08T04:52:09","guid":{"rendered":"http:\/\/maudep.com.vn\/chuyengiadienmay\/?post_type=product&#038;p=2590"},"modified":"2019-01-15T17:45:02","modified_gmt":"2019-01-15T10:45:02","slug":"lo-nuong-teka-fso-40m","status":"publish","type":"product","link":"http:\/\/maudep.com.vn\/chuyengiadienmay\/?product=lo-nuong-teka-fso-40m","title":{"rendered":"L\u00f2 n\u01b0\u1edbng Teka FSO 40M"},"content":{"rendered":"<h3 class=\"title\">T\u1ed5ng quan chung L\u00f2 n\u01b0\u1edbng Teka FSO 40M<\/h3>\n<div class=\"article-content\">\n<div class=\"expand js-content\">\n<div>\n<p><strong>L\u00f2 N\u01b0\u1edbng Teka FSO 40M<\/strong><\/p>\n<p>L\u00f2 n\u01b0\u1edbng \u0111i\u1ec7n, \u0111\u1ed1i l\u01b0u<\/p>\n<p>\u0110\u1ee9ng \u0111\u1ed9c l\u1eadp<\/p>\n<p>Dung t\u00edch (th\u1ef1c\/t\u1ed5ng): 38\/38,5L<\/p>\n<p>Ch\u1ea5t li\u1ec7u: th\u00e9p kh\u00f4ng g\u1ec9<\/p>\n<p>C\u00f4ng su\u1ea5t danh \u0111\u1ecbnh t\u1ed1i \u0111a: 1.800W<\/p>\n<p>C\u00f4ng su\u1ea5t n\u01b0\u1edbng b\u1eb1ng thanh nhi\u1ec7t d\u01b0\u1edbi: 800W<\/p>\n<p>\u2022C\u00f4ng su\u1ea5t n\u01b0\u1edbng th\u00f4ng th\u01b0\u1eddng: 1000W<\/p>\n<p>05 ch\u1ee9c n\u0103ng n\u01b0\u1edbng: n\u01b0\u1edbng th\u1ecbt, n\u01b0\u1edbng b\u00e1nh, n\u01b0\u1edbng \u0111\u1ed1i<\/p>\n<p>l\u01b0u, n\u01b0\u1edbng th\u00f4ng th\u01b0\u1eddng, n\u01b0\u1edbng b\u1eb1ng thanh quay<\/p>\n<p>\u0110i\u1ec1u khi\u1ec3n b\u1eb1ng n\u00fat nh\u1ea5n<\/p>\n<p>Hi\u1ec3n th\u1ecb th\u1eddi gian b\u1eb1ng m\u00e0n h\u00ecnh k\u1ef9 thu\u1eadt s\u1ed1<\/p>\n<p>C\u1eeda ki\u1ebfng 02 l\u1edbp c\u00e1ch nhi\u1ec7t<\/p>\n<p>V\u00e1ch l\u00f2 c\u00f3 ch\u1ee9c n\u0103ng t\u1ef1 l\u00e0m s\u1ea1ch<\/p>\n<p>Ph\u1ee5 ki\u1ec7n k\u00e8m theo: khay n\u01b0\u1edbng b\u00e1nh, khay s\u00e2u, khay<\/p>\n<p>n\u01b0\u1edbng b\u00e1nh pizza, v\u1ec9 n\u01b0\u1edbng, thanh quay<\/p>\n<p>K\u00edch th\u01b0\u1edbc (R\/C\/S, mm): 577 x 450 x 456<\/p>\n<\/div>\n<\/div>\n<div class=\"show-more\"><\/div>\n<\/div>\n","protected":false},"excerpt":{"rendered":"<p>T\u1ed5ng quan chung L\u00f2 n\u01b0\u1edbng Teka FSO 40M L\u00f2 N\u01b0\u1edbng Teka FSO 40M L\u00f2 n\u01b0\u1edbng \u0111i\u1ec7n, \u0111\u1ed1i l\u01b0u \u0110\u1ee9ng \u0111\u1ed9c &hellip; <a class=\"link-more\" href=\"http:\/\/maudep.com.vn\/chuyengiadienmay\/?product=lo-nuong-teka-fso-40m\" class=\"more-link\">\u0110\u1ecdc th\u00eam &raquo;<span class=\"screen-reader-text\"> &#8220;L\u00f2 n\u01b0\u1edbng Teka FSO 40M&#8221;<\/span><\/a><\/p>\n","protected":false},"featured_media":2591,"comment_status":"open","ping_status":"closed","template":"","meta":[],"_links":{"self":[{"href":"http:\/\/maudep.com.vn\/chuyengiadienmay\/index.php?rest_route=\/wp\/v2\/product\/2590"}],"collection":[{"href":"http:\/\/maudep.com.vn\/chuyengiadienmay\/index.php?rest_route=\/wp\/v2\/product"}],"about":[{"href":"http:\/\/maudep.com.vn\/chuyengiadienmay\/index.php?rest_route=\/wp\/v2\/types\/product"}],"replies":[{"embeddable":true,"href":"http:\/\/maudep.com.vn\/chuyengiadienmay\/index.php?rest_route=%2Fwp%2Fv2%2Fcomments&post=2590"}],"wp:featuredmedia":[{"embeddable":true,"href":"http:\/\/maudep.com.vn\/chuyengiadienmay\/index.php?rest_route=\/wp\/v2\/media\/2591"}],"wp:attachment":[{"href":"http:\/\/maudep.com.vn\/chuyengiadienmay\/index.php?rest_route=%2Fwp%2Fv2%2Fmedia&parent=2590"}],"curies":[{"name":"wp","href":"https:\/\/api.w.org\/{rel}","templated":true}]}}