{"id":2604,"date":"2019-01-08T14:10:43","date_gmt":"2019-01-08T07:10:43","guid":{"rendered":"http:\/\/maudep.com.vn\/chuyengiadienmay\/?post_type=product&#038;p=2604"},"modified":"2019-01-15T17:48:50","modified_gmt":"2019-01-15T10:48:50","slug":"lo-vi-song-ket-hop-nuong-hafele-hm-b38b","status":"publish","type":"product","link":"http:\/\/maudep.com.vn\/chuyengiadienmay\/?product=lo-vi-song-ket-hop-nuong-hafele-hm-b38b","title":{"rendered":"L\u00f2 vi s\u00f3ng k\u1ebft h\u1ee3p n\u01b0\u1edbng Hafele HM-B38B"},"content":{"rendered":"<h3 class=\"title\">T\u1ed5ng quan chung L\u00f2 vi s\u00f3ng k\u1ebft h\u1ee3p n\u01b0\u1edbng Hafele HM-B38B<\/h3>\n<div class=\"article-content\">\n<div class=\"js-content\">\n<h2>Lo\u0300 vi so\u0301ng k\u00ea\u0301t h\u01a1\u0323p n\u01b0\u01a1\u0301ng Hafele HM-B38B\u00a0v\u1eabn lu\u00f4n \u0111\u01b0\u1ee3c ng\u01b0\u1eddi s\u1eed d\u1ee5ng khen ng\u1ee3i v\u1ec1 \u0111\u1ed9 b\u1ec1n \u0111\u1eb9p c\u0169ng nh\u01b0 s\u1ef1 \u1ed5n \u0111\u1ecbnh trong qu\u00e1 tr\u00ecnh s\u1eed d\u1ee5ng. C\u00e1c chi ti\u1ebft c\u1ea3 b\u00ean trong l\u1ed3ng n\u01b0\u1edbng v\u00e0 b\u00ean ngo\u00e0i v\u1ecf c\u1eeda l\u00f2 n\u01b0\u1edbng \u0111\u1ec1u r\u1ea5t \u0111\u01b0\u1ee3c ch\u0103m ch\u00fat v\u1edbi ch\u1ea5t li\u1ec7u cao c\u1ea5p, \u0111\u1ea3m b\u1ea3o an to\u00e0n trong qu\u00e1 tr\u00ecnh s\u1eed d\u1ee5ng.<\/h2>\n<h3>Hafele HM-B38B ki\u00ea\u0309u da\u0301ng sang tro\u0323ng, hi\u00ea\u0323n \u0111a\u0323i<\/h3>\n<p>L\u00f2 vi s\u00f3ng k\u00ea\u0301t h\u01a1\u0323p n\u01b0\u01a1\u0301ng Hafele HM-B38B\u00a0c\u00f3 b\u1ea3ng \u0111i\u1ec1u khi\u1ec3n \u0111i\u1ec7n t\u1eed hi\u1ec7n \u0111\u1ea1i, c\u00f9ng v\u1edbi m\u00e0n h\u00ecnh LCD, gi\u00fap b\u1ea1n d\u1ec5 d\u00e0ng \u0111i\u1ec1u ch\u1ec9nh ch\u1ee9c n\u0103ng n\u1ea5u, h\u1eb9n gi\u1edd, nhi\u1ec7t \u0111\u1ed9.<\/p>\n<p><img title=\"lo-vi-song-ket-hop-nuong-hafele-hm-b38b\" src=\"https:\/\/bepvuson.vn\/Data\/upload\/images\/lo%CC%80%20vi%20so%CC%81ng\/large_lo-vi-song-hafele-hm-f30a.jpg\" alt=\"lo-vi-song-ket-hop-nuong-hafele-hm-b38b\" \/><\/p>\n<ul>\n<li>Hafele HM-B38B\u00a0c\u00f2n ti\u1ec7n l\u1ee3i h\u01a1n v\u1edbi 10\u00a0ch\u1ebf \u0111\u1ed9\u00a0\u01b0a th\u00edch, cho ng\u01b0\u1eddi d\u00f9ng tha h\u1ed3 s\u1eed d\u1ee5ng c\u00e1c c\u00f4ng d\u1ee5ng \u0111a n\u0103ng n\u00e0y. Ngo\u00e0i ra, ch\u1ebf \u0111\u1ed9 r\u00e3 \u0111\u00f4ng v\u00e0 l\u00e0m n\u00f3ng ti\u1ec7n l\u1ee3i c\u0169ng t\u00edch c\u1ef1c \u0111\u01b0\u1ee3c \u00e1p d\u1ee5ng, cho ng\u01b0\u1eddi d\u00f9ng th\u1ecfa s\u1ee9c t\u1eadn h\u01b0\u1edfng nh\u1eefng m\u00f3n \u0103n ngon, theo \u00fd mu\u1ed1n c\u1ee7a gia \u0111\u00ecnh.<\/li>\n<li>S\u1ea3n ph\u1ea9m lo\u0300 vi so\u0301ng k\u00ea\u0301t h\u01a1\u0323p n\u01b0\u01a1\u0301ng Hafele\u00a0n\u00e0y c\u00f3 dung t\u00edch 32\u00a0l\u00edt ph\u00f9 h\u1ee3p v\u1edbi c\u00e1c gia \u0111\u00ecnh th\u01b0\u1eddng n\u1ea5u c\u00e1c m\u00f3n th\u1ecbt, c\u00e1, k\u00edch th\u01b0\u1edbc trung b\u00ecnh. Ngo\u00e0i ra, l\u00f2 n\u01b0\u1edbng c\u0169ng c\u00f3 th\u1ec3 l\u00e0m b\u00e1nh theo \u00fd th\u00edch tuy nhi\u00ean k\u00edch th\u01b0\u1edbc s\u1ebd c\u00f3 ph\u1ea7n h\u1ea1n ch\u1ebf, ch\u1ec9 \u1edf c\u00e1c m\u1ee9c trung b\u00ecnh, l\u01a1\u0301n.<\/li>\n<li>L\u00f2 vi s\u00f3ng k\u00ea\u0301t h\u01a1\u0323p n\u01b0\u01a1\u0301ng\u00a0c\u00f3 ch\u1ee9c n\u0103ng r\u00e3 \u0111\u00f4ng gi\u00fap b\u1ea1n gi\u1ea3i quy\u1ebft \u0111\u01b0\u1ee3c v\u1ea5n \u0111\u1ec1 n\u00e0y m\u1ed9t c\u00e1ch d\u1ec5 d\u00e0ng v\u00e0 nhanh ch\u00f3ng. B\u1ea1n ch\u1ec9 c\u1ea7n ch\u1ecdn th\u1eddi gian r\u00e3 \u0111\u00f4ng, sau khi r\u00e3 \u0111\u00f4ng xong b\u1eb1ng l\u00f2 vi s\u00f3ng, c\u00f3 th\u1ec3 mang th\u1ee9c \u0103n \u0111i ch\u1ebf bi\u1ebfn ngay \u0111\u1ec3 tr\u00e1nh b\u1ecb vi khu\u1ea9n x\u00e2m nh\u1eadp.<\/li>\n<\/ul>\n<p><img title=\"lo-vi-song-ket-hop-nuong-hafele-hm-b38b-01\" src=\"https:\/\/bepvuson.vn\/Data\/upload\/images\/lo%CC%80%20vi%20so%CC%81ng\/3956784177_a185a779e3.jpg\" alt=\"lo-vi-song-ket-hop-nuong-hafele-hm-b38b-01\" \/><\/p>\n<ul>\n<li>V\u01a1\u0301i lo\u0300 vi so\u0301ng k\u00ea\u0301t h\u01a1\u0323p n\u01b0\u01a1\u0301ng Hafele\u00a0cao c\u1ea5p n\u00e0y, b\u1ea1n s\u1ebd kh\u00f4ng ph\u1ea3i m\u1ea5t th\u1eddi gian v\u00e0 c\u00f4ng s\u1ee9c \u0111\u1ec3 r\u1eeda t\u1eebng b\u1ed9 ph\u1eadn c\u1ee7a l\u00f2 sau khi n\u01b0\u1edbng, ch\u1ec9 c\u1ea7n k\u00edch ho\u1ea1t ch\u1ebf \u0111\u1ed9 nhi\u1ec7t ph\u00e2n t\u1ef1 l\u00e0m s\u1ea1ch. M\u1ee9c nhi\u1ec7t c\u1ea7n thi\u1ebft \u0111\u1ec3 ph\u00e2n h\u1ee7y cao nh\u1ea5t s\u1ebd l\u00ean \u0111\u1ebfn 500 0C v\u00e0 th\u1eddi gian l\u00e0m s\u1ea1ch d\u00e0i hay ng\u1eafn ph\u1ee5 thu\u1ed9c v\u00e0o \u0111\u1ed9 b\u1ea9n c\u1ee7a l\u00f2.<\/li>\n<li>N\u1ebfu b\u1ea1n \u0111\u00e3 l\u1ea5y th\u1ee9c \u0103n ra ngo\u00e0i m\u00e0 qu\u00ean t\u1eaft l\u00f2 th\u00ec\u00a0l\u00f2 vi s\u00f3ng Hafele s\u1ebd t\u1ef1 \u0111\u1ed9ng k\u00edch ho\u1ea1t ch\u1ee9c n\u0103ng t\u1eaft t\u1ef1 \u0111\u1ed9ng. Trong tr\u01b0\u1eddng h\u1ee3p l\u00f2 c\u00f3 nhi\u1ec7t \u0111\u1ed9 tr\u00ean 100 0C th\u00ec thi\u1ebft b\u1ecb s\u1ebd t\u1ef1 \u0111\u1ed9ng ng\u1eaft sao 3h, d\u1ee9oi 100 0C t\u1ef1 \u0111\u1ed9ng t\u1eaft trong 10h.<\/li>\n<\/ul>\n<p><img title=\"lo-vi-song-ket-hop-nuong-hafele-hm-b38b-02\" src=\"https:\/\/bepvuson.vn\/Data\/upload\/images\/lo%CC%80%20vi%20so%CC%81ng\/den-chieu-sang-lvs-bosch.jpg\" alt=\"lo-vi-song-ket-hop-nuong-hafele-hm-b38b-02\" \/><\/p>\n<p>S\u1ea3n ph\u1ea9m c\u00f3 gi\u00e1 c\u1ea3 kh\u00f4ng qu\u00e1 cao, ph\u00f9 h\u1ee3p v\u1edbi nhi\u1ec1u gia \u0111\u00ecnh Vi\u00ea\u0323t. N\u1ebfu gia \u0111\u00ecnh c\u00f3 kh\u00f4ng gian b\u1ebfp r\u1ed9ng v\u00e0 nhu c\u1ea7u n\u1ea5u n\u01b0\u1edbng cao th\u00ec lo\u0300 vi so\u0301ng k\u00ea\u0301t h\u01a1\u0323p n\u01b0\u01a1\u0301ng Hafele HM-B38B\u00a0x\u1ee9ng \u0111\u00e1ng l\u00e0 s\u1ef1 l\u1ef1a ch\u1ecdn ho\u00e0n h\u1ea3o.<\/p>\n<\/div>\n<\/div>\n","protected":false},"excerpt":{"rendered":"<p>T\u1ed5ng quan chung L\u00f2 vi s\u00f3ng k\u1ebft h\u1ee3p n\u01b0\u1edbng Hafele HM-B38B Lo\u0300 vi so\u0301ng k\u00ea\u0301t h\u01a1\u0323p n\u01b0\u01a1\u0301ng Hafele HM-B38B\u00a0v\u1eabn lu\u00f4n &hellip; <a class=\"link-more\" href=\"http:\/\/maudep.com.vn\/chuyengiadienmay\/?product=lo-vi-song-ket-hop-nuong-hafele-hm-b38b\" class=\"more-link\">\u0110\u1ecdc th\u00eam &raquo;<span class=\"screen-reader-text\"> &#8220;L\u00f2 vi s\u00f3ng k\u1ebft h\u1ee3p n\u01b0\u1edbng Hafele HM-B38B&#8221;<\/span><\/a><\/p>\n","protected":false},"featured_media":2605,"comment_status":"open","ping_status":"closed","template":"","meta":[],"_links":{"self":[{"href":"http:\/\/maudep.com.vn\/chuyengiadienmay\/index.php?rest_route=\/wp\/v2\/product\/2604"}],"collection":[{"href":"http:\/\/maudep.com.vn\/chuyengiadienmay\/index.php?rest_route=\/wp\/v2\/product"}],"about":[{"href":"http:\/\/maudep.com.vn\/chuyengiadienmay\/index.php?rest_route=\/wp\/v2\/types\/product"}],"replies":[{"embeddable":true,"href":"http:\/\/maudep.com.vn\/chuyengiadienmay\/index.php?rest_route=%2Fwp%2Fv2%2Fcomments&post=2604"}],"wp:featuredmedia":[{"embeddable":true,"href":"http:\/\/maudep.com.vn\/chuyengiadienmay\/index.php?rest_route=\/wp\/v2\/media\/2605"}],"wp:attachment":[{"href":"http:\/\/maudep.com.vn\/chuyengiadienmay\/index.php?rest_route=%2Fwp%2Fv2%2Fmedia&parent=2604"}],"curies":[{"name":"wp","href":"https:\/\/api.w.org\/{rel}","templated":true}]}}