{"id":2617,"date":"2019-01-08T16:32:51","date_gmt":"2019-01-08T09:32:51","guid":{"rendered":"http:\/\/maudep.com.vn\/chuyengiadienmay\/?post_type=product&#038;p=2617"},"modified":"2019-06-17T09:48:03","modified_gmt":"2019-06-17T02:48:03","slug":"dieu-hoa-tu-dung-daikin-36-000btu-fvrn100bxv1v-rr100dbxv1v","status":"publish","type":"product","link":"http:\/\/maudep.com.vn\/chuyengiadienmay\/?product=dieu-hoa-tu-dung-daikin-36-000btu-fvrn100bxv1v-rr100dbxv1v","title":{"rendered":"Daikin t\u1ee7 \u0111\u1ee9ng 1 chi\u1ec1u 36.000BTU 1 pha FVRN100BXV1V \u0111i\u1ec1u khi\u1ec3n t\u1eeb xa"},"content":{"rendered":"<div id=\"chitiet-1\" class=\"w-pd-i-content\">\n<p style=\"text-align: justify;\"><strong>\u0110i\u1ec1u h\u00f2a Daikin t\u1ee7 \u0111\u1ee9ng \u0111\u1eb7t s\u00e0n FVRN100BXV1V\/RR100DBXV1V <\/strong>lo\u1ea1i 1 chi\u1ec1u th\u00f4ng d\u1ee5ng c\u00f4ng su\u1ea5t 40.000BTU, ngu\u1ed3n \u0111i\u1ec7n 1 pha, s\u1eed d\u1ee5ng gas R410a \u0111\u01b0\u1ee3c s\u1ea3n xu\u1ea5t v\u00e0 nh\u1eadp kh\u1ea9u ch\u00ednh h\u00e3ng Malaysia.<\/p>\n<p style=\"text-align: justify;\">H\u00e3ng Daikin v\u1edbi l\u1ee3i th\u1ebf l\u00e0 nh\u00e0 s\u1ea3n xu\u1ea5t m\u00e1y \u0111i\u1ec1u h\u00f2a s\u1ed1 1 t\u1ea1i Nh\u1eadt B\u1ea3n v\u1edbi \u0111a d\u1ea1ng ch\u1ee7ng lo\u1ea1i s\u1ea3n ph\u1ea9m v\u00e0 c\u00f4ng su\u1ea5t \u0111\u00e1p \u1ee9ng \u0111\u01b0\u1ee3c t\u1ea5t c\u1ea3 m\u1ecdi nhu c\u1ea7u c\u00e1c c\u00f4ng tr\u00ecnh v\u00e0 lu\u00f4n \u0111\u01b0\u1ee3c ng\u01b0\u1eddi ti\u00eau d\u00f9ng tin t\u01b0\u1edfng l\u1ef1a ch\u1ecdn.<\/p>\n<h3 style=\"text-align: justify;\">Ph\u00f9 h\u1ee3p l\u1eafp \u0111\u1eb7t nh\u00e0 h\u00e0ng, ph\u00f2ng h\u1ecdp<\/h3>\n<p style=\"text-align: justify;\">M\u00e1y \u0111i\u1ec1u h\u00f2a t\u1ee7 \u0111\u1ee9ng Daikin m\u1ed9t h\u00ecnh th\u1ee9c ti\u1ebft ki\u1ec7m kh\u00f4ng gian l\u00fd t\u01b0\u1edfng v\u1edbi phong c\u00e1ch v\u00e0 t\u00ednh n\u0103ng \u01b0u vi\u1ec7t. \u0110\u1eb7c t\u00ednh d\u1ec5 l\u1eafp \u0111\u1eb7t gi\u00fap ki\u1ec3u m\u00e1y n\u00e0y ph\u00f9 h\u1ee3p v\u1edbi v\u0103n ph\u00f2ng, c\u1eeda h\u00e0ng th\u01b0\u01a1ng m\u1ea1i, nh\u00e0 h\u00e0ng, ph\u00f2ng tr\u01b0ng b\u00e0y v\u00e0 th\u00e1nh \u0111\u01b0\u1eddng.<\/p>\n<table style=\"line-height: 20.8px;\" border=\"0\" cellspacing=\"1\" cellpadding=\"1\">\n<tbody>\n<tr>\n<td style=\"width: 200px;\"><span style=\"color: #000000;\"><img src=\"\/Images\/Upload\/images\/dieu%20hoa%20tu%20dung%20daikin%202016(1).jpg\" alt=\"\" \/><img loading=\"lazy\" class=\"aligncenter size-full wp-image-3357\" src=\"http:\/\/maudep.com.vn\/chuyengiadienmay\/wp-content\/uploads\/2019\/01\/dieu-hoa-tu-dung-daikin-20161.jpg\" alt=\"\" width=\"183\" height=\"426\" srcset=\"http:\/\/maudep.com.vn\/chuyengiadienmay\/wp-content\/uploads\/2019\/01\/dieu-hoa-tu-dung-daikin-20161.jpg 183w, http:\/\/maudep.com.vn\/chuyengiadienmay\/wp-content\/uploads\/2019\/01\/dieu-hoa-tu-dung-daikin-20161-129x300.jpg 129w\" sizes=\"(max-width: 183px) 100vw, 183px\" \/><\/span><\/td>\n<td><span style=\"color: #000000;\"><strong>\u0110\u1eb7c \u0111i\u1ec3m n\u1ed5i b\u1eadt<\/strong><\/span><\/p>\n<p><span style=\"color: #000000;\">\u2022 B\u00f3ng m\u01b0\u1ee3t, th\u1eddi trang v\u00e0 hi\u1ec7n \u0111\u1ea1i ph\u00f9 h\u1ee3p v\u1edbi m\u1ecdi kh\u00f4ng gian<\/span><\/p>\n<p><span style=\"color: #000000;\">\u2022 B\u1ec1 m\u1eb7t s\u00e1ng b\u00f3ng d\u1ec5 lau ch\u00f9i<\/span><\/p>\n<p><span style=\"color: #000000;\">\u2022 Thi\u1ebft k\u1ebf thanh m\u1ea3nh<\/span><\/p>\n<p><span style=\"color: #000000;\">\u2022 B\u1ea3ng \u0111i\u1ec1u khi\u1ec3n m\u00e0u \u0111en sang tr\u1ecdng v\u1edbi \u0111\u00e8n LED tr\u1eafng s\u00e1ng r\u00f5 d\u1ec5 nh\u00ecn.<\/span><\/p>\n<p><span style=\"color: #000000;\"><strong>T\u00ednh n\u0103ng<\/strong><\/span><\/p>\n<p><span style=\"color: #000000;\">\u2022 C\u00f4ng su\u1ea5t t\u1eeb 8.2kW \u0111\u1ebfn 16.1kW<\/span><\/p>\n<p><span style=\"color: #000000;\">\u2022 \u0110i\u1ec1u khi\u1ec3n t\u1eeb xa kh\u00f4ng d\u00e2y BRC52A61 (hai chi\u1ec1u l\u1ea1nh\/s\u01b0\u1edfi) ho\u1eb7c BRC52A62 (m\u1ed9t chi\u1ec1u l\u1ea1nh) l\u00e0 ph\u1ee5 ki\u1ec7n ti\u00eau chu\u1ea9n<\/span><\/p>\n<p><span style=\"color: #000000;\">\u2022 S\u1eed d\u1ee5ng chung d\u00e0n n\u00f3ng v\u1edbi c\u00e1c s\u1ea3n ph\u1ea9m th\u01b0\u01a1ng m\u1ea1i h\u1ea1ng trung kh\u00e1c nh\u01b0 d\u00e0n l\u1ea1nh cassette, \u00e1p tr\u1ea7n v\u00e0 gi\u1ea5u tr\u1ea7n.<\/span><\/p>\n<p><span style=\"color: #000000;\">\u2022 Ph\u00edm b\u1ea5m l\u1edbn d\u1ec5 s\u1eed d\u1ee5ng<\/span><\/p>\n<p><span style=\"color: #000000;\">\u2022 Hi\u1ec3n th\u1ecb m\u00e3 l\u1ed7i b\u1eb1ng c\u00e1ch nh\u1ea5p nh\u00e1y t\u1ea1i b\u1ea3ng \u0111i\u1ec1u khi\u1ec3n nhi\u1ec7t \u0111\u1ed9<\/span><\/p>\n<p><span style=\"color: #000000;\"> tr\u00ean th\u00e2n m\u00e1y.<\/span><\/p>\n<p><span style=\"color: #000000;\">\u2022 Ch\u1ee9c n\u0103ng kh\u00f3a b\u00e0n ph\u00edm ng\u0103n ch\u1eb7n vi\u1ec7c thay \u0111\u1ed5i c\u00e0i \u0111\u1eb7t ngo\u00e0i \u00fd mu\u1ed1n<\/span><\/p>\n<p><span style=\"color: #000000;\">\u2022 Kh\u00f4ng gian b\u00ean d\u01b0\u1edbi qu\u1ea1t c\u00f3 th\u1ec3 s\u1eed d\u1ee5ng \u0111\u1ec3 l\u1eafp \u0111\u1eb7t b\u01a1m n\u01b0\u1edbc x\u1ea3, ph\u1ee5 thu\u1ed9c v\u00e0o k\u00edch c\u1ee1 c\u1ee7a b\u01a1m (b\u01a1m n\u01b0\u1edbc x\u1ea3 l\u00e0 ph\u1ee5 ki\u1ec7n t\u00f9y ch\u1ecdn, \u0111\u01b0\u1ee3c mua ri\u00eang v\u00e0 l\u1eafp \u0111\u1eb7t t\u1ea1i c\u00f4ng tr\u00ecnh)<\/span><\/td>\n<\/tr>\n<\/tbody>\n<\/table>\n<p><span style=\"color: #000000;\"><strong>T\u00ednh n\u0103ng<\/strong><\/span><\/p>\n<p><span style=\"color: #000000;\">C\u00e1nh \u0111\u1ea3o gi\u00f3 t\u1ef1 \u0111\u1ed9ng sang tr\u00e1i v\u00e0 ph\u1ea3i l\u00e0m l\u1ea1nh m\u1ecdi g\u00f3c ph\u00f2ng<\/span><\/p>\n<p><span style=\"color: #000000;\"><img src=\"\/Images\/Upload\/images\/dao%20gio%20tu%20dung%20daikin.jpg\" alt=\"\" \/><img loading=\"lazy\" class=\"aligncenter size-full wp-image-3358\" src=\"http:\/\/maudep.com.vn\/chuyengiadienmay\/wp-content\/uploads\/2019\/01\/dao-gio-tu-dung-daikin.jpg\" alt=\"\" width=\"411\" height=\"260\" srcset=\"http:\/\/maudep.com.vn\/chuyengiadienmay\/wp-content\/uploads\/2019\/01\/dao-gio-tu-dung-daikin.jpg 411w, http:\/\/maudep.com.vn\/chuyengiadienmay\/wp-content\/uploads\/2019\/01\/dao-gio-tu-dung-daikin-300x190.jpg 300w\" sizes=\"(max-width: 411px) 100vw, 411px\" \/><\/span><\/p>\n<p><span style=\"color: #000000;\">&#8211; K\u00edch ho\u1ea1t ch\u1ee9c n\u0103ng ho\u1ea1t \u0111\u1ed9ng m\u1ea1nh m\u1ebd Turbo \u1edf ch\u1ebf \u0111\u1ed9 l\u00e0m l\u1ea1nh v\u00e0 s\u01b0\u1edfi \u1ea5m<\/span><\/p>\n<p><span style=\"color: #000000;\">&#8211; T\u1ef1 \u0111\u1ed9ng kh\u1edfi \u0111\u1ed9ng l\u1ea1i ng\u1eabu nhi\u00ean theo ch\u1ebf \u0111\u1ed9 c\u00e0i \u0111\u1eb7t tr\u01b0\u1edbc \u0111\u00f3<\/span><\/p>\n<p><span style=\"color: #000000;\">&#8211; C\u00e0i \u0111\u1eb7t h\u1eb9n gi\u1edd t\u1eeb \u0111i\u1ec1u khi\u1ec3n t\u1eeb xa kh\u00f4ng d\u00e2y<\/span><\/p>\n<p><span style=\"color: #000000;\">&#8211; Phin l\u1ecdc d\u1ea1ng l\u01b0\u1edbi c\u00f3 th\u1ec3 th\u00e1o r\u1eddi v\u00e0 v\u1ec7 sinh<\/span><\/p>\n<p><span style=\"color: #000000;\">&#8211; R\u00e3nh \u1edf mi\u1ec7ng h\u00fat gi\u00f3 mang l\u1ea1i s\u1ef1 an to\u00e0n khi th\u00e1o g\u1ee1 phin l\u1ecdc<\/span><\/p>\n<p><span style=\"color: #000000;\">&#8211; T\u1ef1 ch\u1ea9n \u0111o\u00e1n v\u00e0 hi\u1ec3n th\u1ecb l\u1ed7i<\/span><\/p>\n<table style=\"line-height: 20.8px; width: 813px;\" border=\"0\" cellspacing=\"1\" cellpadding=\"1\">\n<tbody>\n<tr>\n<td style=\"width: 395px;\"><span style=\"color: #000000;\"><img src=\"\/Images\/Upload\/images\/tu%20dung%20daikin%20bang%20dieu%20khien.jpg\" alt=\"\" \/><img loading=\"lazy\" class=\"aligncenter size-full wp-image-3362\" src=\"http:\/\/maudep.com.vn\/chuyengiadienmay\/wp-content\/uploads\/2019\/01\/tu-dung-daikin-bang-dieu-khien.jpg\" alt=\"\" width=\"558\" height=\"413\" srcset=\"http:\/\/maudep.com.vn\/chuyengiadienmay\/wp-content\/uploads\/2019\/01\/tu-dung-daikin-bang-dieu-khien.jpg 558w, http:\/\/maudep.com.vn\/chuyengiadienmay\/wp-content\/uploads\/2019\/01\/tu-dung-daikin-bang-dieu-khien-300x222.jpg 300w\" sizes=\"(max-width: 558px) 100vw, 558px\" \/><\/span><\/td>\n<td style=\"width: 405px;\"><span style=\"color: #000000;\"><strong>C\u00f3 th\u1ec3 \u0111i\u1ec1u khi\u1ec3n m\u00e1y t\u1ee7 \u0111\u1ee9ng b\u1eb1ng hai c\u00e1ch:<\/strong><\/span><\/p>\n<p><span style=\"color: #000000;\">1. C\u00e0i \u0111\u1eb7t b\u1eb1ng c\u00e1ch b\u1ea5m \u1edf b\u1ea3ng \u0111i\u1ec1u khi\u1ec3n tr\u00ean d\u00e0n l\u1ea1nh<\/span><\/p>\n<p><span style=\"color: #000000;\">2. C\u00e0i \u0111\u1eb7t b\u1eb1ng \u0111i\u1ec1u khi\u1ec3n t\u1eeb xa kh\u00f4ng d\u00e2y (\u0111i\u1ec1u khi\u1ec3n t\u1eeb xa kh\u00f4ng d\u00e2y l\u00e0 ph\u1ee5 ki\u1ec7n ti\u00eau chu\u1ea9n)<\/span><\/p>\n<p><span style=\"color: #000000;\">B\u1ea3ng \u0111i\u1ec1u khi\u1ec3n m\u00e0u \u0111en sang tr\u1ecdng v\u1edbi \u0111\u00e8n LED tr\u1eafng cho hi\u1ec3n th\u1ecb r\u00f5 r\u00e0ng v\u00e0 s\u1eafc n\u00e9t.<\/span><\/td>\n<\/tr>\n<\/tbody>\n<\/table>\n<p><strong><span style=\"color: #000000;\">Lu\u1ed3ng gi\u00f3 \u0111i\u1ec1u h\u00f2a t\u1ee7 \u0111\u1ee9ng Daikin th\u1ed5i xa \u0111\u1ebfn 25m<\/span><\/strong><\/p>\n<p><span style=\"color: #000000;\"><img src=\"\/Images\/Upload\/images\/tu%20dung%20daikin%20luong%20gio.jpg\" alt=\"\" \/><img loading=\"lazy\" class=\"aligncenter size-full wp-image-3359\" src=\"http:\/\/maudep.com.vn\/chuyengiadienmay\/wp-content\/uploads\/2019\/01\/tu-dung-daikin-luong-gio.jpg\" alt=\"\" width=\"519\" height=\"204\" srcset=\"http:\/\/maudep.com.vn\/chuyengiadienmay\/wp-content\/uploads\/2019\/01\/tu-dung-daikin-luong-gio.jpg 519w, http:\/\/maudep.com.vn\/chuyengiadienmay\/wp-content\/uploads\/2019\/01\/tu-dung-daikin-luong-gio-300x118.jpg 300w\" sizes=\"(max-width: 519px) 100vw, 519px\" \/><\/span><\/p>\n<p><span style=\"color: #000000;\"><strong>Ch\u1ebf \u0111\u1ed9 l\u00e0m l\u1ea1nh nhanh Turbo<\/strong><\/span><\/p>\n<p><span style=\"color: #000000;\">Ch\u1ee9c n\u0103ng l\u00e0m l\u1ea1nh nhanh Turbo c\u00f3 s\u1eb5n \u1edf ch\u1ebf \u0111\u1ed9 l\u00e0m l\u1ea1nh. Khi \u0111\u01b0\u1ee3c k\u00edch ho\u1ea1t, t\u1ee7 \u0111\u1ee9ng s\u1ebd v\u1eadn h\u00e0nh \u1edf tr\u1ea1ng th\u00e1i m\u1ea1nh nh\u1ea5t v\u1edbi qu\u1ea1t d\u00e0n l\u1ea1nh \u1edf t\u1ed1c \u0111\u1ed9 t\u1ed1i \u0111a trong 20 ph\u00fat, cho ph\u00e9p \u0111\u1ea1t \u0111\u01b0\u1ee3c nhi\u1ec7t \u0111\u1ed9 c\u00e0i \u0111\u1eb7t m\u1ed9t c\u00e1ch nhanh ch\u00f3ng<\/span><\/p>\n<p><span style=\"color: #000000;\"><img src=\"\/Images\/Upload\/images\/tu%20dung%20daikin%20tubor.jpg\" alt=\"\" \/><img loading=\"lazy\" class=\"aligncenter size-full wp-image-3361\" src=\"http:\/\/maudep.com.vn\/chuyengiadienmay\/wp-content\/uploads\/2019\/01\/tu-dung-daikin-tubor.jpg\" alt=\"\" width=\"496\" height=\"277\" srcset=\"http:\/\/maudep.com.vn\/chuyengiadienmay\/wp-content\/uploads\/2019\/01\/tu-dung-daikin-tubor.jpg 496w, http:\/\/maudep.com.vn\/chuyengiadienmay\/wp-content\/uploads\/2019\/01\/tu-dung-daikin-tubor-300x168.jpg 300w\" sizes=\"(max-width: 496px) 100vw, 496px\" \/><\/span><\/p>\n<p><span style=\"color: #000000;\"><strong>C\u00e1c t\u00ednh n\u0103ng t\u1ee7 \u0111\u1ee9ng Daikin<\/strong><\/span><\/p>\n<p><span style=\"color: #000000;\"><img style=\"height: 592px; width: 542px;\" src=\"\/Images\/Upload\/images\/tu%20dung%20daikin%20tinh%20nang.jpg\" alt=\"\" \/><img loading=\"lazy\" class=\"aligncenter size-full wp-image-3360\" src=\"http:\/\/maudep.com.vn\/chuyengiadienmay\/wp-content\/uploads\/2019\/01\/tu-dung-daikin-tinh-nang.jpg\" alt=\"\" width=\"542\" height=\"592\" srcset=\"http:\/\/maudep.com.vn\/chuyengiadienmay\/wp-content\/uploads\/2019\/01\/tu-dung-daikin-tinh-nang.jpg 542w, http:\/\/maudep.com.vn\/chuyengiadienmay\/wp-content\/uploads\/2019\/01\/tu-dung-daikin-tinh-nang-275x300.jpg 275w, http:\/\/maudep.com.vn\/chuyengiadienmay\/wp-content\/uploads\/2019\/01\/tu-dung-daikin-tinh-nang-300x328.jpg 300w\" sizes=\"(max-width: 542px) 100vw, 542px\" \/><\/span><\/p>\n<p style=\"text-align: justify;\"><span style=\"color: #000000;\">Nh\u01b0 v\u1eady c\u00f3 th\u1ec3 th\u1ea5y m\u00e1y \u0111i\u1ec1u h\u00f2a t\u1ee7 \u0111\u1ee9ng\u00a0Daikin kh\u00f4ng nh\u1eefng sang tr\u1ecdng v\u1ec1 h\u00ecnh th\u1ee9c, n\u1ed5i b\u1eadt v\u1ec1 t\u00ednh n\u0103ng h\u01a1n h\u1eb3n so v\u1edbi m\u00e1y \u0111i\u1ec1u h\u00f2a kh\u00e1c hi\u1ec7n b\u00e1n tr\u00ean th\u1ecb tr\u01b0\u1eddng, di\u1ec7t khu\u1ea9n kh\u1eed m\u00f9i hi\u1ec7u qu\u1ea3 mang l\u1ea1i kh\u00f4ng gian s\u1ed1ng trong l\u00e0nh v\u00e0 s\u1ea1ch s\u1ebd.<\/span><\/p>\n<h3 style=\"text-align: justify;\">C\u00f4ng ngh\u1ec7 Nh\u1eadt B\u1ea3n, s\u1ea3n xu\u1ea5t Malaysia<\/h3>\n<p style=\"text-align: justify;\">T\u1eadp \u0111o\u00e0n Daikin l\u00e0 Nh\u00e0 s\u1ea3n xu\u1ea5t m\u00e1y \u0111i\u1ec1u h\u00f2a kh\u00f4ng kh\u00ed \u0111\u1ea7u ti\u00ean \u1edf Nh\u1eadt \u0111\u01b0\u1ee3c c\u1ea5p ch\u1ee9ng nh\u1eadn qu\u1ed1c t\u1ebf ISO 9001 v\u1ec1 Qu\u1ea3n l\u00fd ch\u1ea5t l\u01b0\u1ee3ng. T\u1ea5t c\u1ea3 c\u00e1c thi\u1ebft b\u1ecb Daikin \u0111\u1ec1u \u0111\u01b0\u1ee3c c\u1ea5p ch\u1ee9ng nh\u1eadn c\u1ee7a h\u1ec7 th\u1ed1ng Qu\u1ea3n l\u00fd Ch\u1ea5t l\u01b0\u1ee3ng ISO 9001. C\u00e1c ch\u1ee9ng nh\u1eadn ISO 9000 \u0111\u01b0\u1ee3c trao cho c\u00e1c nh\u00e0 cung c\u1ea5p \u0111\u00e1p \u1ee9ng \u0111\u1ee7 y\u00eau c\u1ea7u c\u1ee7a c\u00e1c ti\u00eau chu\u1ea9n ISO. ISO 9001 l\u00e0 ch\u1ee9ng nh\u1eadn v\u1ec1 s\u1ef1 \u0111\u1ea3m b\u1ea3o ch\u1ea5t l\u01b0\u1ee3ng c\u1ee7a s\u1ea3n ph\u1ea9m \u0111\u01b0\u1ee3c s\u1ea3n xu\u1ea5t t\u1ea1i nh\u00e0 m\u00e1y, li\u00ean quan \u0111\u1ebfn c\u00e1c y\u1ebfu t\u1ed1 nh\u01b0 m\u1eabu m\u00e3, nghi\u00ean c\u1ee9u v\u00e0 c\u1ea3i ti\u1ebfn, s\u1ea3n xu\u1ea5t, l\u1eafp \u0111\u1eb7t v\u00e0 d\u1ecbch v\u1ee5 c\u00f3 li\u00ean quan.<\/p>\n<h4 style=\"text-align: justify;\">Ngu\u1ed3n \u0111i\u1ec7n 1 pha<\/h4>\n<p style=\"text-align: justify;\">Khi mua \u0111i\u1ec1u h\u00f2a t\u1ee7 \u0111\u1ee9ng Daikin 1 chi\u1ec1u\u00a0<strong>FVRN100BXV1V <\/strong>c\u00f4ng su\u1ea5t 36.000BTU b\u1ea1n c\u00f3 2 s\u1ef1 l\u1ef1a ch\u1ecdn <strong>RR100DBXV1V<\/strong> (ngu\u1ed3n \u0111i\u1ec7n 1 pha) v\u00e0 <strong>RR100DBXV1V <\/strong>(ngu\u1ed3n \u0111i\u1ec7n 3 pha). V\u1edbi ngu\u1ed3n \u0111i\u1ec7n 1 pha (220V-240V) \u0111\u00e1p \u1ee9ng \u0111\u01b0\u1ee3c h\u1ea7u h\u1ebft nhu c\u1ea7u c\u1ee7a ng\u01b0\u1eddi ti\u00eau d\u00f9ng: H\u1ed9 gia \u0111\u00ecnh, v\u0103n ph\u00f2ng l\u00e0m vi\u1ec7c&#8230;)<\/p>\n<div class=\"cl\"><\/div>\n<\/div>\n","protected":false},"excerpt":{"rendered":"<ul class=\"l pr-des-featured\">\n<li>\u0110i\u1ec1u h\u00f2a t\u1ee7 \u0111\u1ee9ng Daikin FVRN100BXV1V\/RR100DBXV1V<\/li>\n<li>1 chi\u1ec1u &#8211; 36.000BTU (4HP) &#8211; Gas R410a &#8211; 1 Pha<\/li>\n<li>Thi\u1ebft k\u1ebf m\u1edbi, nh\u1ecf g\u1ecdn sang tr\u1ecdng<\/li>\n<li>L\u00e0m l\u1ea1nh nhanh, d\u1ec5 l\u1eafp \u0111\u1eb7t<\/li>\n<li>Xu\u1ea5t x\u1ee9: Ch\u00ednh h\u00e3ng Malaysia<\/li>\n<li>B\u1ea3o h\u00e0nh: M\u00e1y 1 n\u0103m, m\u00e1y n\u00e9n 4 n\u0103m<\/li>\n<\/ul>\n","protected":false},"featured_media":2618,"comment_status":"open","ping_status":"closed","template":"","meta":[],"_links":{"self":[{"href":"http:\/\/maudep.com.vn\/chuyengiadienmay\/index.php?rest_route=\/wp\/v2\/product\/2617"}],"collection":[{"href":"http:\/\/maudep.com.vn\/chuyengiadienmay\/index.php?rest_route=\/wp\/v2\/product"}],"about":[{"href":"http:\/\/maudep.com.vn\/chuyengiadienmay\/index.php?rest_route=\/wp\/v2\/types\/product"}],"replies":[{"embeddable":true,"href":"http:\/\/maudep.com.vn\/chuyengiadienmay\/index.php?rest_route=%2Fwp%2Fv2%2Fcomments&post=2617"}],"wp:featuredmedia":[{"embeddable":true,"href":"http:\/\/maudep.com.vn\/chuyengiadienmay\/index.php?rest_route=\/wp\/v2\/media\/2618"}],"wp:attachment":[{"href":"http:\/\/maudep.com.vn\/chuyengiadienmay\/index.php?rest_route=%2Fwp%2Fv2%2Fmedia&parent=2617"}],"curies":[{"name":"wp","href":"https:\/\/api.w.org\/{rel}","templated":true}]}}