{"id":2620,"date":"2019-01-08T16:41:04","date_gmt":"2019-01-08T09:41:04","guid":{"rendered":"http:\/\/maudep.com.vn\/chuyengiadienmay\/?post_type=product&#038;p=2620"},"modified":"2019-06-13T17:15:12","modified_gmt":"2019-06-13T10:15:12","slug":"dieu-hoa-tu-dung-daikin-45-000btu-fvrn140bxv1v-rr140dbxy1v","status":"publish","type":"product","link":"http:\/\/maudep.com.vn\/chuyengiadienmay\/?product=dieu-hoa-tu-dung-daikin-45-000btu-fvrn140bxv1v-rr140dbxy1v","title":{"rendered":"Daikin t\u1ee7 \u0111\u1ee9ng 2 chi\u1ec1u 48.000BTU FVQN140AXV1 \u0111i\u1ec1u khi\u1ec3n t\u1eeb xa"},"content":{"rendered":"<div id=\"chitiet-1\" class=\"w-pd-i-content\">\n<p class=\"w-pd-i-c-head\"><strong>\u0110i\u1ec1u h\u00f2a Daikin t\u1ee7 \u0111\u1ee9ng \u0111\u1eb7t s\u00e0n FVRN140AXV1\/RR140DGXY1<\/strong> lo\u1ea1i 1 chi\u1ec1u th\u00f4ng d\u1ee5ng c\u00f4ng su\u1ea5t 45.000BTU, gas R410a, ngu\u1ed3n \u0111i\u1ec7n 3 pha, ch\u1ea5t l\u01b0\u1ee3ng c\u00f4ng ngh\u1ec7 h\u00e0ng \u0111\u1ea7u Nh\u1eadt B\u1ea3n nh\u1eadp kh\u1ea9u ch\u00ednh h\u00e3ng Malaysia.<\/p>\n<h3 style=\"text-align: justify;\"><span style=\"color: #000000;\">Thi\u1ebft k\u1ebf nh\u1ecf g\u1ecdn, ti\u1ebft ki\u1ec7m kh\u00f4ng gian<\/span><\/h3>\n<p>M\u00e1y \u0111i\u1ec1u h\u00f2a t\u1ee7 \u0111\u1ee9ng Daikin m\u1ed9t h\u00ecnh th\u1ee9c ti\u1ebft ki\u1ec7m kh\u00f4ng gian l\u00fd t\u01b0\u1edfng v\u1edbi phong c\u00e1ch v\u00e0 t\u00ednh n\u0103ng \u01b0u vi\u1ec7t. \u0110\u1eb7c t\u00ednh d\u1ec5 l\u1eafp \u0111\u1eb7t gi\u00fap ki\u1ec3u m\u00e1y n\u00e0y ph\u00f9 h\u1ee3p v\u1edbi v\u0103n ph\u00f2ng, c\u1eeda h\u00e0ng th\u01b0\u01a1ng m\u1ea1i, nh\u00e0 h\u00e0ng, ph\u00f2ng tr\u01b0ng b\u00e0y v\u00e0 th\u00e1nh \u0111\u01b0\u1eddng.<\/p>\n<table style=\"line-height: 20.8px;\" border=\"0\" cellspacing=\"1\" cellpadding=\"1\">\n<tbody>\n<tr>\n<td style=\"width: 238px;\"><span style=\"color: #000000;\"><img src=\"\/Images\/Upload\/images\/dieu%20hoa%20tu%20dung%20daikin%202016(1).jpg\" alt=\"\" \/><img loading=\"lazy\" class=\"aligncenter size-full wp-image-3357\" src=\"http:\/\/maudep.com.vn\/chuyengiadienmay\/wp-content\/uploads\/2019\/01\/dieu-hoa-tu-dung-daikin-20161.jpg\" alt=\"\" width=\"183\" height=\"426\" srcset=\"http:\/\/maudep.com.vn\/chuyengiadienmay\/wp-content\/uploads\/2019\/01\/dieu-hoa-tu-dung-daikin-20161.jpg 183w, http:\/\/maudep.com.vn\/chuyengiadienmay\/wp-content\/uploads\/2019\/01\/dieu-hoa-tu-dung-daikin-20161-129x300.jpg 129w\" sizes=\"(max-width: 183px) 100vw, 183px\" \/><\/span><\/td>\n<td style=\"width: 574px;\"><span style=\"color: #000000;\"><strong>\u0110\u1eb7c \u0111i\u1ec3m n\u1ed5i b\u1eadt<\/strong><\/span><\/p>\n<p><span style=\"color: #000000;\">\u2022 B\u00f3ng m\u01b0\u1ee3t, th\u1eddi trang v\u00e0 hi\u1ec7n \u0111\u1ea1i ph\u00f9 h\u1ee3p v\u1edbi m\u1ecdi kh\u00f4ng gian<\/span><\/p>\n<p><span style=\"color: #000000;\">\u2022 B\u1ec1 m\u1eb7t s\u00e1ng b\u00f3ng d\u1ec5 lau ch\u00f9i<\/span><\/p>\n<p><span style=\"color: #000000;\">\u2022 Thi\u1ebft k\u1ebf thanh m\u1ea3nh<\/span><\/p>\n<p><span style=\"color: #000000;\">\u2022 B\u1ea3ng \u0111i\u1ec1u khi\u1ec3n m\u00e0u \u0111en sang tr\u1ecdng v\u1edbi \u0111\u00e8n LED tr\u1eafng s\u00e1ng r\u00f5 d\u1ec5 nh\u00ecn.<\/span><\/p>\n<p><span style=\"color: #000000;\"><strong>T\u00ednh n\u0103ng<\/strong><\/span><\/p>\n<p><span style=\"color: #000000;\">\u2022 C\u00f4ng su\u1ea5t t\u1eeb 8.2kW \u0111\u1ebfn 16.1kW<\/span><\/p>\n<p><span style=\"color: #000000;\">\u2022 \u0110i\u1ec1u khi\u1ec3n t\u1eeb xa kh\u00f4ng d\u00e2y BRC52A61 (hai chi\u1ec1u l\u1ea1nh\/s\u01b0\u1edfi) ho\u1eb7c BRC52A62 (m\u1ed9t chi\u1ec1u l\u1ea1nh) l\u00e0 ph\u1ee5 ki\u1ec7n ti\u00eau chu\u1ea9n<\/span><\/p>\n<p><span style=\"color: #000000;\">\u2022 S\u1eed d\u1ee5ng chung d\u00e0n n\u00f3ng v\u1edbi c\u00e1c s\u1ea3n ph\u1ea9m th\u01b0\u01a1ng m\u1ea1i h\u1ea1ng trung kh\u00e1c nh\u01b0 d\u00e0n l\u1ea1nh cassette, \u00e1p tr\u1ea7n v\u00e0 gi\u1ea5u tr\u1ea7n.<\/span><\/p>\n<p><span style=\"color: #000000;\">\u2022 Ph\u00edm b\u1ea5m l\u1edbn d\u1ec5 s\u1eed d\u1ee5ng<\/span><\/p>\n<p><span style=\"color: #000000;\">\u2022 Hi\u1ec3n th\u1ecb m\u00e3 l\u1ed7i b\u1eb1ng c\u00e1ch nh\u1ea5p nh\u00e1y t\u1ea1i b\u1ea3ng \u0111i\u1ec1u khi\u1ec3n nhi\u1ec7t \u0111\u1ed9<\/span><\/p>\n<p><span style=\"color: #000000;\"> tr\u00ean th\u00e2n m\u00e1y.<\/span><\/p>\n<p><span style=\"color: #000000;\">\u2022 Ch\u1ee9c n\u0103ng kh\u00f3a b\u00e0n ph\u00edm ng\u0103n ch\u1eb7n vi\u1ec7c thay \u0111\u1ed5i c\u00e0i \u0111\u1eb7t ngo\u00e0i \u00fd mu\u1ed1n<\/span><\/p>\n<p><span style=\"color: #000000;\">\u2022 Kh\u00f4ng gian b\u00ean d\u01b0\u1edbi qu\u1ea1t c\u00f3 th\u1ec3 s\u1eed d\u1ee5ng \u0111\u1ec3 l\u1eafp \u0111\u1eb7t b\u01a1m n\u01b0\u1edbc x\u1ea3, ph\u1ee5 thu\u1ed9c v\u00e0o k\u00edch c\u1ee1 c\u1ee7a b\u01a1m (b\u01a1m n\u01b0\u1edbc x\u1ea3 l\u00e0 ph\u1ee5 ki\u1ec7n t\u00f9y ch\u1ecdn, \u0111\u01b0\u1ee3c mua ri\u00eang v\u00e0 l\u1eafp \u0111\u1eb7t t\u1ea1i c\u00f4ng tr\u00ecnh)<\/span><\/td>\n<\/tr>\n<\/tbody>\n<\/table>\n<p><span style=\"color: #000000;\"><strong>T\u00ednh n\u0103ng<\/strong><\/span><\/p>\n<p><span style=\"color: #000000;\">C\u00e1nh \u0111\u1ea3o gi\u00f3 t\u1ef1 \u0111\u1ed9ng sang tr\u00e1i v\u00e0 ph\u1ea3i l\u00e0m l\u1ea1nh m\u1ecdi g\u00f3c ph\u00f2ng<\/span><\/p>\n<p><span style=\"color: #000000;\"><img src=\"\/Images\/Upload\/images\/dao%20gio%20tu%20dung%20daikin.jpg\" alt=\"\" \/><img loading=\"lazy\" class=\"aligncenter size-full wp-image-3358\" src=\"http:\/\/maudep.com.vn\/chuyengiadienmay\/wp-content\/uploads\/2019\/01\/dao-gio-tu-dung-daikin.jpg\" alt=\"\" width=\"411\" height=\"260\" srcset=\"http:\/\/maudep.com.vn\/chuyengiadienmay\/wp-content\/uploads\/2019\/01\/dao-gio-tu-dung-daikin.jpg 411w, http:\/\/maudep.com.vn\/chuyengiadienmay\/wp-content\/uploads\/2019\/01\/dao-gio-tu-dung-daikin-300x190.jpg 300w\" sizes=\"(max-width: 411px) 100vw, 411px\" \/><\/span><\/p>\n<p><span style=\"color: #000000;\">&#8211; K\u00edch ho\u1ea1t ch\u1ee9c n\u0103ng ho\u1ea1t \u0111\u1ed9ng m\u1ea1nh m\u1ebd Turbo \u1edf ch\u1ebf \u0111\u1ed9 l\u00e0m l\u1ea1nh v\u00e0 s\u01b0\u1edfi \u1ea5m<\/span><\/p>\n<p><span style=\"color: #000000;\">&#8211; T\u1ef1 \u0111\u1ed9ng kh\u1edfi \u0111\u1ed9ng l\u1ea1i ng\u1eabu nhi\u00ean theo ch\u1ebf \u0111\u1ed9 c\u00e0i \u0111\u1eb7t tr\u01b0\u1edbc \u0111\u00f3<\/span><\/p>\n<p><span style=\"color: #000000;\">&#8211; C\u00e0i \u0111\u1eb7t h\u1eb9n gi\u1edd t\u1eeb \u0111i\u1ec1u khi\u1ec3n t\u1eeb xa kh\u00f4ng d\u00e2y<\/span><\/p>\n<p><span style=\"color: #000000;\">&#8211; Phin l\u1ecdc d\u1ea1ng l\u01b0\u1edbi c\u00f3 th\u1ec3 th\u00e1o r\u1eddi v\u00e0 v\u1ec7 sinh<\/span><\/p>\n<p><span style=\"color: #000000;\">&#8211; R\u00e3nh \u1edf mi\u1ec7ng h\u00fat gi\u00f3 mang l\u1ea1i s\u1ef1 an to\u00e0n khi th\u00e1o g\u1ee1 phin l\u1ecdc<\/span><\/p>\n<p><span style=\"color: #000000;\">&#8211; T\u1ef1 ch\u1ea9n \u0111o\u00e1n v\u00e0 hi\u1ec3n th\u1ecb l\u1ed7i<\/span><\/p>\n<table style=\"line-height: 20.8px; width: 820px;\" border=\"0\" cellspacing=\"1\" cellpadding=\"1\">\n<tbody>\n<tr>\n<td style=\"width: 381px;\"><span style=\"color: #000000;\"><img src=\"\/Images\/Upload\/images\/tu%20dung%20daikin%20bang%20dieu%20khien.jpg\" alt=\"\" \/><img loading=\"lazy\" class=\"aligncenter size-full wp-image-3362\" src=\"http:\/\/maudep.com.vn\/chuyengiadienmay\/wp-content\/uploads\/2019\/01\/tu-dung-daikin-bang-dieu-khien.jpg\" alt=\"\" width=\"558\" height=\"413\" srcset=\"http:\/\/maudep.com.vn\/chuyengiadienmay\/wp-content\/uploads\/2019\/01\/tu-dung-daikin-bang-dieu-khien.jpg 558w, http:\/\/maudep.com.vn\/chuyengiadienmay\/wp-content\/uploads\/2019\/01\/tu-dung-daikin-bang-dieu-khien-300x222.jpg 300w\" sizes=\"(max-width: 558px) 100vw, 558px\" \/><\/span><\/td>\n<td style=\"width: 426px;\"><span style=\"color: #000000;\"><strong>C\u00f3 th\u1ec3 \u0111i\u1ec1u khi\u1ec3n m\u00e1y t\u1ee7 \u0111\u1ee9ng b\u1eb1ng hai c\u00e1ch:<\/strong><\/span><\/p>\n<p><span style=\"color: #000000;\">1. C\u00e0i \u0111\u1eb7t b\u1eb1ng c\u00e1ch b\u1ea5m \u1edf b\u1ea3ng \u0111i\u1ec1u khi\u1ec3n tr\u00ean d\u00e0n l\u1ea1nh<\/span><\/p>\n<p><span style=\"color: #000000;\">2. C\u00e0i \u0111\u1eb7t b\u1eb1ng \u0111i\u1ec1u khi\u1ec3n t\u1eeb xa kh\u00f4ng d\u00e2y (\u0111i\u1ec1u khi\u1ec3n t\u1eeb xa kh\u00f4ng d\u00e2y l\u00e0 ph\u1ee5 ki\u1ec7n ti\u00eau chu\u1ea9n)<\/span><\/p>\n<p><span style=\"color: #000000;\">B\u1ea3ng \u0111i\u1ec1u khi\u1ec3n m\u00e0u \u0111en sang tr\u1ecdng v\u1edbi \u0111\u00e8n LED tr\u1eafng cho hi\u1ec3n th\u1ecb r\u00f5 r\u00e0ng v\u00e0 s\u1eafc n\u00e9t.<\/span><\/td>\n<\/tr>\n<\/tbody>\n<\/table>\n<p><strong><span style=\"color: #000000;\">Lu\u1ed3ng gi\u00f3 \u0111i\u1ec1u h\u00f2a t\u1ee7 \u0111\u1ee9ng Daikin th\u1ed5i xa \u0111\u1ebfn 25m<\/span><\/strong><\/p>\n<p><span style=\"color: #000000;\"><img src=\"\/Images\/Upload\/images\/tu%20dung%20daikin%20luong%20gio.jpg\" alt=\"\" \/><img loading=\"lazy\" class=\"aligncenter size-full wp-image-3359\" src=\"http:\/\/maudep.com.vn\/chuyengiadienmay\/wp-content\/uploads\/2019\/01\/tu-dung-daikin-luong-gio.jpg\" alt=\"\" width=\"519\" height=\"204\" srcset=\"http:\/\/maudep.com.vn\/chuyengiadienmay\/wp-content\/uploads\/2019\/01\/tu-dung-daikin-luong-gio.jpg 519w, http:\/\/maudep.com.vn\/chuyengiadienmay\/wp-content\/uploads\/2019\/01\/tu-dung-daikin-luong-gio-300x118.jpg 300w\" sizes=\"(max-width: 519px) 100vw, 519px\" \/><\/span><\/p>\n<p><span style=\"color: #000000;\"><strong>Ch\u1ebf \u0111\u1ed9 l\u00e0m l\u1ea1nh\/ s\u01b0\u1edfi nhanh Turbo<\/strong><\/span><\/p>\n<p><span style=\"color: #000000;\">Ch\u1ee9c n\u0103ng l\u00e0m l\u1ea1nh\/s\u01b0\u1edfi nhanh Turbo c\u00f3 s\u1eb5n \u1edf hai ch\u1ebf \u0111\u1ed9 l\u00e0m l\u1ea1nh v\u00e0 s\u01b0\u1edfi \u1ea5m. Khi \u0111\u01b0\u1ee3c k\u00edch ho\u1ea1t, t\u1ee7 \u0111\u1ee9ng s\u1ebd v\u1eadn h\u00e0nh \u1edf tr\u1ea1ng th\u00e1i m\u1ea1nh nh\u1ea5t v\u1edbi qu\u1ea1t d\u00e0n l\u1ea1nh \u1edf t\u1ed1c \u0111\u1ed9 t\u1ed1i \u0111a trong 20 ph\u00fat, cho ph\u00e9p \u0111\u1ea1t \u0111\u01b0\u1ee3c nhi\u1ec7t \u0111\u1ed9 c\u00e0i \u0111\u1eb7t m\u1ed9t c\u00e1ch nhanh ch\u00f3ng<\/span><\/p>\n<p><span style=\"color: #000000;\"><img src=\"\/Images\/Upload\/images\/tu%20dung%20daikin%20tubor.jpg\" alt=\"\" \/><img loading=\"lazy\" class=\"aligncenter size-full wp-image-3361\" src=\"http:\/\/maudep.com.vn\/chuyengiadienmay\/wp-content\/uploads\/2019\/01\/tu-dung-daikin-tubor.jpg\" alt=\"\" width=\"496\" height=\"277\" srcset=\"http:\/\/maudep.com.vn\/chuyengiadienmay\/wp-content\/uploads\/2019\/01\/tu-dung-daikin-tubor.jpg 496w, http:\/\/maudep.com.vn\/chuyengiadienmay\/wp-content\/uploads\/2019\/01\/tu-dung-daikin-tubor-300x168.jpg 300w\" sizes=\"(max-width: 496px) 100vw, 496px\" \/><\/span><\/p>\n<p><span style=\"color: #000000;\"><strong>C\u00e1c t\u00ednh n\u0103ng t\u1ee7 \u0111\u1ee9ng Daikin<\/strong><\/span><\/p>\n<p><span style=\"color: #000000;\"><img style=\"height: 592px; width: 542px;\" src=\"\/Images\/Upload\/images\/tu%20dung%20daikin%20tinh%20nang.jpg\" alt=\"\" \/><img loading=\"lazy\" class=\"aligncenter size-full wp-image-3360\" src=\"http:\/\/maudep.com.vn\/chuyengiadienmay\/wp-content\/uploads\/2019\/01\/tu-dung-daikin-tinh-nang.jpg\" alt=\"\" width=\"542\" height=\"592\" srcset=\"http:\/\/maudep.com.vn\/chuyengiadienmay\/wp-content\/uploads\/2019\/01\/tu-dung-daikin-tinh-nang.jpg 542w, http:\/\/maudep.com.vn\/chuyengiadienmay\/wp-content\/uploads\/2019\/01\/tu-dung-daikin-tinh-nang-275x300.jpg 275w, http:\/\/maudep.com.vn\/chuyengiadienmay\/wp-content\/uploads\/2019\/01\/tu-dung-daikin-tinh-nang-300x328.jpg 300w\" sizes=\"(max-width: 542px) 100vw, 542px\" \/><\/span><\/p>\n<h3 style=\"text-align: justify;\">S\u1eed d\u1ee5ng gas R410a<\/h3>\n<p style=\"text-align: justify;\">\u0110\u00e2y l\u00e0 m\u00f4i ch\u1ea5t l\u00e0m l\u1ea1nh m\u1edbi nh\u1ea5t hi\u1ec7n nay, mang l\u1ea1i hi\u1ec7u qu\u1ea3 l\u00e0m l\u1ea1nh nhanh h\u01a1n 1,6 l\u1ea7n so v\u1edbi gas R22. L\u00e0m l\u1ea1nh s\u00e2u h\u01a1n, ti\u1ebft ki\u1ec7m \u0111i\u1ec7n h\u01a1n. \u0110\u1eb7c bi\u1ec7t gas R410A g\u00f3p ph\u1ea7n b\u1ea3o v\u1ec7 m\u00f4i tr\u01b0\u1eddng v\u00ec kh\u00f4ng g\u00e2y th\u1ee7ng t\u1ea7n ozone.<\/p>\n<h3 style=\"text-align: justify;\">C\u00f4ng ngh\u1ec7 Nh\u1eadt B\u1ea3n, s\u1ea3n xu\u1ea5t Malaysia<\/h3>\n<p>Nh\u1eadt B\u1ea3n \u0111\u01b0\u1ee3c bi\u1ebft \u0111\u1ebfn l\u00e0 c\u00e1i n\u00f4i c\u1ee7a s\u1ea3n ph\u1ea9m \u0111i\u1ec7n t\u1eed, \u0111i\u1ec7n l\u1ea1nh v\u1edbi nh\u1eefng c\u00f4ng ty t\u1ea7m c\u1ee1 h\u00e0ng \u0111\u1ea7u tr\u00ean th\u1ebf gi\u1edbi. Mang \u0111\u1ebfn cho ng\u01b0\u1eddi ti\u00eau d\u00f9ng nh\u1eefng s\u1ea3n ph\u1ea9m ch\u1ea5t l\u01b0\u1ee3ng t\u1ed1t nh\u1ea5t: B\u1ec1n, \u0111\u1eb9p, v\u1edbi gi\u00e1 th\u00e0nh h\u1ee3p l\u00fd nh\u1ea5t. V\u1edbi s\u1ea3n ph\u1ea9m m\u00e1y \u0111i\u1ec1u h\u00f2a Daikin FVRN140BXV1V \u0111\u01b0\u1ee3c s\u1ea3n xu\u1ea5t nh\u1eadp kh\u1ea9u nguy\u00ean chi\u1ebfc t\u1ea1i Malaysia &#8211; qu\u1ed1c gia \u0111\u01b0\u1ee3c bi\u1ebft \u0111\u1ebfn l\u00e0 n\u01a1i s\u1ea3n xu\u1ea5t v\u1edbi c\u00e1c d\u00e2y truy\u1ec1n hi\u1ec7n \u0111\u1ea1i, tr\u00ecnh \u0111\u1ed9 k\u1ef9 thu\u1eadt tay ngh\u1ec1 cao.<\/p>\n<\/div>\n<p>&nbsp;<\/p>\n","protected":false},"excerpt":{"rendered":"<ul class=\"l pr-des-featured\">\n<li>\u0110i\u1ec1u h\u00f2a t\u1ee7 \u0111\u1ee9ng Daikin FVRN140BXV1V\/RR140DBXY1V<\/li>\n<li>1 chi\u1ec1u &#8211; 45.000BTU (5HP) &#8211; Gas R410a &#8211; 3 pha<\/li>\n<li>L\u00e0m l\u1ea1nh nhanh, d\u1ec5 s\u1eed d\u1ee5ng<\/li>\n<li>L\u1eafp \u0111\u1eb7t nhanh ch\u00f3ng, b\u1ea3o d\u01b0\u1ee1ng d\u1ec5 d\u00e0ng<\/li>\n<li>Xu\u1ea5t x\u1ee9: Ch\u00ednh h\u00e3ng Malaysia<\/li>\n<li>B\u1ea3o h\u00e0nh: M\u00e1y 1 n\u0103m, m\u00e1y n\u00e9n 4 n\u0103m<\/li>\n<\/ul>\n","protected":false},"featured_media":2618,"comment_status":"open","ping_status":"closed","template":"","meta":[],"_links":{"self":[{"href":"http:\/\/maudep.com.vn\/chuyengiadienmay\/index.php?rest_route=\/wp\/v2\/product\/2620"}],"collection":[{"href":"http:\/\/maudep.com.vn\/chuyengiadienmay\/index.php?rest_route=\/wp\/v2\/product"}],"about":[{"href":"http:\/\/maudep.com.vn\/chuyengiadienmay\/index.php?rest_route=\/wp\/v2\/types\/product"}],"replies":[{"embeddable":true,"href":"http:\/\/maudep.com.vn\/chuyengiadienmay\/index.php?rest_route=%2Fwp%2Fv2%2Fcomments&post=2620"}],"wp:featuredmedia":[{"embeddable":true,"href":"http:\/\/maudep.com.vn\/chuyengiadienmay\/index.php?rest_route=\/wp\/v2\/media\/2618"}],"wp:attachment":[{"href":"http:\/\/maudep.com.vn\/chuyengiadienmay\/index.php?rest_route=%2Fwp%2Fv2%2Fmedia&parent=2620"}],"curies":[{"name":"wp","href":"https:\/\/api.w.org\/{rel}","templated":true}]}}