{"id":2683,"date":"2019-01-09T10:35:14","date_gmt":"2019-01-09T03:35:14","guid":{"rendered":"http:\/\/maudep.com.vn\/chuyengiadienmay\/?post_type=product&#038;p=2683"},"modified":"2019-01-22T11:04:14","modified_gmt":"2019-01-22T04:04:14","slug":"dieu-hoa-tu-dung-gree-1-chieu-36-000btu-gvc36ag","status":"publish","type":"product","link":"http:\/\/maudep.com.vn\/chuyengiadienmay\/?product=dieu-hoa-tu-dung-gree-1-chieu-36-000btu-gvc36ag","title":{"rendered":"\u0110i\u1ec1u h\u00f2a t\u1ee7 \u0111\u1ee9ng Gree 1 chi\u1ec1u 36.000BTU GVC36AG"},"content":{"rendered":"<p><strong>\u0110i\u1ec1u h\u00f2a t\u1ee7 \u0111\u1ee9ng Gree 1 chi\u1ec1u 36.000BTU GVC36AG<\/strong><\/p>\n<div id=\"chitiet-1\" class=\"w-pd-i-content\">\n<p style=\"text-align: justify;\">Hi\u1ec7n nay, trang b\u1ecb \u0111i\u1ec1u h\u00f2a cho v\u0103n ph\u00f2ng l\u00e0m vi\u1ec7c, nh\u00e0 h\u00e0ng kh\u00e1ch s\u1ea1n l\u00e0 m\u1ed9t nhu c\u1ea7u ph\u1ed5 bi\u1ebfn kh\u00f4ng th\u1ec3 thi\u1ebfu. V\u00e0 \u0111i\u1ec1u h\u00f2a t\u1ee7 \u0111\u1ee9ng v\u1edbi nh\u1eefng \u0111\u1eb7c t\u00ednh \u01b0u vi\u1ec7t v\u1eeba \u0111\u1ee7 c\u00f4ng su\u1ea5t v\u1eeba \u0111\u1ea3m b\u1ea3o y\u00eau c\u1ea7u k\u1ef9 thu\u1eadt c\u1ee7a m\u00e1y v\u1eeba ph\u00f9 h\u1ee3p v\u1edbi ki\u1ebfn tr\u00fac n\u1ed9i th\u1ea5t \u0111\u00e3 l\u00e0m h\u00e0i l\u00f2ng r\u1ea5t nhi\u1ec1u ng\u01b0\u1eddi ti\u00eau d\u00f9ng t\u1ea1i Vi\u1ec7t Nam. \u0110\u1ec3 t\u00ecm mua 1 chi\u1ebfc \u0111i\u1ec1u h\u00f2a t\u1eed \u0111\u1ee9ng v\u1eeba r\u1ebb m\u00e0 l\u1ea1i ch\u1ea5t l\u01b0\u1ee3ng th\u00ec kh\u00e1ch h\u00e0ng n\u00ean ch\u1ecdn \u0111i\u1ec1u h\u00f2a t\u1ee7 \u0111\u1ee9ng c\u1ee7a Gree. M\u00e1y \u0111i\u1ec1u h\u00f2a t\u1ee7 \u0111\u1ee9ng Gree GVC36AG v\u1edbi thi\u1ebft k\u1ebf \u0111\u1eb9p v\u00e0 sang tr\u1ecdng , kh\u00e1ch h\u00e0ng lu\u00f4n \u01b0ng \u00fd khi ch\u1ecdn l\u1ef1a khi nh\u00ecn th\u1ea5y s\u1ea3n ph\u1ea9m.<\/p>\n<p style=\"text-align: justify;\">\u0110i\u1ec1u h\u00f2a t\u1ee7 \u0111\u1ee9ng \u0111\u1eb7t s\u00e0n Gree GVC36AG v\u1edbi c\u00f4ng su\u1ea5t 36000Btu ph\u00f9 h\u1ee3p cho nh\u1eefng c\u0103n ph\u00f2ng r\u1ed9ng kho\u1ea3ng 60m<sup>2<\/sup> nh\u01b0 h\u1ed9i tr\u01b0\u1eddng nh\u1ecf, showroom c\u1ee1 l\u1edbn, ho\u1eb7c nh\u1eefng v\u0103n ph\u00f2ng c\u1ee1 l\u1edbn. V\u1edbi thi\u1ebft k\u1ebf nh\u1ecf g\u1ecdn ch\u1ec9 chi\u1ebfm kho\u1ea3ng 0,24m<sup>2<\/sup> di\u1ec7n t\u00edch c\u0103n ph\u00f2ng, m\u00e1y cao 1m8 tr\u00f4ng r\u1ea5t thanh tho\u00e1t v\u00e0 g\u1ecdn nh\u1eb9 b\u1ea1n c\u00f3 th\u1ec3 t\u00f9y \u00fd ch\u1ecdn l\u1ef1a n\u01a1i \u0111\u1eb7t m\u00e1y. Tuy nhi\u00ean n\u00ean ch\u1ecdn nh\u1eefng n\u01a1i c\u00f3 th\u1ec3 th\u1ed5i gi\u00f3 d\u1ec5 d\u00e0ng nh\u1ea5t cho to\u00e0n b\u1ed9 ph\u00f2ng \u0111\u1ec3 ti\u1ebft ki\u1ec7m \u0111i\u1ec7n n\u0103ng cho m\u00e1y c\u0169ng nh\u01b0 t\u0103ng \u0111\u1ed9 b\u1ec1n c\u1ee7a m\u00e1y. V\u1edbi ki\u1ec3u d\u00e1ng sang tr\u1ecdng v\u00e0 nh\u1ecf g\u1ecdn c\u00f9ng m\u00e0n h\u00ecnh hi\u1ec3n th\u1ecb LCD , m\u00e1y s\u1ebd l\u00e0m t\u0103ng n\u00e9t hi\u1ec7n \u0111\u1ea1i trong c\u0103n ph\u00f2ng c\u1ee7a b\u1ea1n.<\/p>\n<p style=\"text-align: justify;\">M\u00e1y s\u1eed d\u1ee5ng d\u00f2ng \u0111i\u1ec7n 3 pha v\u1edbi hi\u1ec7u \u0111i\u1ec7n th\u1ebf kho\u1ea3ng 380-415V, kh\u00e1ch h\u00e0ng c\u1ea7n ch\u00fa \u00fd k\u1ef9 khi mua h\u00e0ng.<\/p>\n<p style=\"text-align: justify;\">\u01afu \u0111i\u1ec3m c\u1ee7a\u00a0\u0111i\u1ec1u h\u00f2a Gree GVC36AG l\u00e0 kh\u1ea3 n\u0103ng l\u00e0m m\u00e1t nhanh , l\u01b0\u1ee3ng gi\u00f3 th\u1ed5i m\u1ea1nh v\u00e0 \u0111\u1ed3ng \u0111\u1ec1u h\u01a1n h\u1eb3n c\u00e1c d\u00f2ng treo t\u01b0\u1eddng c\u00f9ng c\u00f4ng su\u1ea5t. Kh\u1ea3 n\u0103ng ho\u1ea1t \u0111\u1ed9ng \u1ed5n \u0111\u1ecbnh GVC36AG \u0111\u1ea3m b\u1ea3o c\u0103n ph\u00f2ng lu\u00f4n \u0111\u01b0\u1ee3c m\u00e1t nh\u1ea5t c\u00f3 th\u1ec3.<\/p>\n<p style=\"text-align: justify;\">M\u00e1y v\u1eabn s\u1eed d\u1ee5ng lo\u1ea1i m\u00f4i ch\u1ea5t l\u00e0m l\u1ea1nh R22 th\u00f4ng th\u01b0\u1eddng gi\u00fap l\u1eafp \u0111\u1eb7t v\u00e0 b\u1ea3o d\u01b0\u1ee1ng d\u1ec5 d\u00e0ng m\u00e0 kh\u00f4ng c\u1ea7n ph\u1ea3i h\u00fat ch\u00e2n kh\u00f4ng.<\/p>\n<p style=\"text-align: justify;\">GVC36AG c\u00f3 \u0111\u1ea7y \u0111\u1ee7 t\u00ednh n\u0103ng c\u1ee7a 1 chi\u1ebfc \u0111i\u1ec1u h\u00f2a t\u1ee7 \u0111\u1ee9ng th\u00f4ng th\u01b0\u1eddng ngo\u00e0i ra c\u00f2n \u0111c h\u00e3ng cung c\u1ea5p th\u00eam nh\u1eefng t\u00ednh n\u0103ng nh\u01b0 :<\/p>\n<p style=\"text-align: justify;\">+ Cung c\u1ea5p kh\u00ed t\u01b0\u01a1i, b\u1ed9 ph\u1eadn th\u00f4ng gi\u00f3 t\u1ea1o ra s\u1ef1 trao \u0111\u1ed5i gi\u1eefa kh\u00f4ng kh\u00ed trong ph\u00f2ng v\u00e0 b\u00ean ngo\u00e0i, \u0111\u1ed3ng th\u1eddi cung c\u1ea5p kh\u00ed t\u01b0\u01a1i t\u1eeb b\u00ean ngo\u00e0i v\u00e0o c\u0103n ph\u00f2ng gi\u00fap kh\u00f4ng kh\u00ed trong ph\u00f2ng lu\u00f4n \u0111\u01b0\u1ee3c l\u01b0u th\u00f4ng mang l\u1ea1i s\u1ee9c s\u1ed1ng t\u01b0\u01a1i t\u1eafn cho ng\u01b0\u1eddi s\u1eed d\u1ee5ng.<\/p>\n<p style=\"text-align: justify;\">+ Sau khi m\u00e1y \u0111\u01b0\u1ee3c t\u1eafc h\u1ec7 th\u1ed1ng gi\u00f3 s\u1ebd v\u1eabn \u0111\u01b0\u1ee3c b\u1eadt \u0111\u1ec3 l\u00e0m s\u1ea1ch m\u00e0ng l\u1ecdc gi\u00fap ng\u0103n ng\u1eeba vi\u1ec7c s\u1ea3n sinh m\u00f9i v\u00e0 vi khu\u1ea9n n\u1ea5m m\u1ed1c.<\/p>\n<p style=\"text-align: justify;\">+ B\u1ed9 c\u00e0i \u0111\u1eb7t h\u1eb9n gi\u1edd tr\u00ean \u0111i\u1ec1u khi\u1ec3n gi\u00fap h\u1eb9n gi\u1edd b\u1eadt t\u1eaft c\u1ee7a m\u00e1y, gi\u00fap m\u00e1y \u0111\u01b0\u1ee3c t\u1eaft \u0111\u00fang gi\u1edd, ti\u1ebft ki\u1ec7m chi ph\u00ed ti\u1ec1n \u0111i\u1ec7n 1 c\u00e1ch t\u1ed1i \u0111a.<\/p>\n<p style=\"text-align: justify;\">+ Ch\u1ebf \u0111\u1ed9 l\u00e0m l\u1ea1nh nhanh ch\u00f3ng b\u1eb1ng c\u00e1ch t\u0103ng h\u1ebft c\u00f4ng su\u1ea5t m\u00e1y \u0111\u1ebfn nhi\u1ec7t \u0111\u1ed9 \u0111\u01b0\u1ee3c c\u00e0i \u0111\u1eb7t ch\u1ec9 trong th\u1eddi gian ng\u1eafn nh\u1ea5t.<\/p>\n<p style=\"text-align: justify;\">+ Ngo\u00e0i ra m\u00e1y c\u00f2n c\u00f3 ch\u1ebf \u0111\u1ed9 kh\u00f3a ph\u00edm tr\u00ean b\u1ea3ng \u0111i\u1ec3u khi\u1ec3n \u1edf th\u00e2n m\u00e1y \u0111\u1ec3 ng\u01b0\u1eddi ngo\u00e0i ho\u1eb7c tr\u1ebb em kh\u00f4ng th\u1ec3 thay \u0111\u1ed5i nhi\u1ec7t \u0111\u1ed9 v\u00e0 c\u00e1c ch\u1ebf \u0111\u1ed9 \u0111ang c\u00e0i tr\u00ean m\u00e1y.<\/p>\n<p style=\"text-align: justify;\">V\u1edbi t\u00ednh th\u1ea9m m\u1ef9 cao v\u00e0 d\u1ec5 d\u00e0ng l\u1eafp \u0111\u1eb7t, \u0111i\u1ec1u h\u00f2a t\u1ee7 \u0111\u1ee9ng Gree lu\u00f4n l\u00e0 s\u1ef1 l\u1ef1a ch\u1ecdn \u0111\u00fang \u0111\u1eafn cho ng\u01b0\u1eddi ti\u00eau d\u00f9ng.<\/p>\n<p style=\"text-align: justify;\">Mua m\u00e1y \u0111i\u1ec1u h\u00f2a Gree ch\u00ednh h\u00e3ng gi\u00e1 r\u1ebb t\u1ea1i H\u00e0 N\u1ed9i h\u00e3y \u0111\u1ebfn v\u1edbi ch\u00fang t\u00f4i<\/p>\n<\/div>\n<p>&nbsp;<\/p>\n","protected":false},"excerpt":{"rendered":"<ul class=\"l pr-des-featured\">\n<li>\u0110i\u1ec1u h\u00f2a c\u00e2y Gree gi\u00e1 r\u1ebb<\/li>\n<li>1 chi\u1ec1u &#8211; 36.000BTU (3.0HP)<\/li>\n<li>L\u00e0m l\u1ea1nh nhanh, h\u01b0\u1edbng gi\u00f3 r\u1ed9ng<\/li>\n<li>\u0110\u1ed9 \u1ed3n th\u1ea5p, l\u1eafp \u0111\u1eb7t d\u1ec5 d\u00e0ng<\/li>\n<li>Xu\u1ea5t x\u1ee9: Ch\u00ednh h\u00e3ng Trung Qu\u1ed1c<\/li>\n<li>B\u1ea3o h\u00e0nh: Ch\u00ednh h\u00e3ng 36 th\u00e1ng<\/li>\n<\/ul>\n","protected":false},"featured_media":2679,"comment_status":"open","ping_status":"closed","template":"","meta":[],"_links":{"self":[{"href":"http:\/\/maudep.com.vn\/chuyengiadienmay\/index.php?rest_route=\/wp\/v2\/product\/2683"}],"collection":[{"href":"http:\/\/maudep.com.vn\/chuyengiadienmay\/index.php?rest_route=\/wp\/v2\/product"}],"about":[{"href":"http:\/\/maudep.com.vn\/chuyengiadienmay\/index.php?rest_route=\/wp\/v2\/types\/product"}],"replies":[{"embeddable":true,"href":"http:\/\/maudep.com.vn\/chuyengiadienmay\/index.php?rest_route=%2Fwp%2Fv2%2Fcomments&post=2683"}],"wp:featuredmedia":[{"embeddable":true,"href":"http:\/\/maudep.com.vn\/chuyengiadienmay\/index.php?rest_route=\/wp\/v2\/media\/2679"}],"wp:attachment":[{"href":"http:\/\/maudep.com.vn\/chuyengiadienmay\/index.php?rest_route=%2Fwp%2Fv2%2Fmedia&parent=2683"}],"curies":[{"name":"wp","href":"https:\/\/api.w.org\/{rel}","templated":true}]}}