{"id":2684,"date":"2019-01-09T10:38:26","date_gmt":"2019-01-09T03:38:26","guid":{"rendered":"http:\/\/maudep.com.vn\/chuyengiadienmay\/?post_type=product&#038;p=2684"},"modified":"2019-01-17T13:23:16","modified_gmt":"2019-01-17T06:23:16","slug":"dieu-hoa-tu-dung-gree-1-chieu-42-000btu-gvc42ag","status":"publish","type":"product","link":"http:\/\/maudep.com.vn\/chuyengiadienmay\/?product=dieu-hoa-tu-dung-gree-1-chieu-42-000btu-gvc42ag","title":{"rendered":"\u0110i\u1ec1u h\u00f2a t\u1ee7 \u0111\u1ee9ng Gree 1 chi\u1ec1u 42.000BTU GVC42AG"},"content":{"rendered":"<div id=\"chitiet-1\" class=\"w-pd-i-content\">\n<p class=\"w-pd-i-c-head\">\u00a0\u0110i\u1ec1u h\u00f2a t\u1ee7 \u0111\u1ee9ng Gree 1 chi\u1ec1u 42.000BTU GVC42AG<\/p>\n<p style=\"text-align: justify;\"><span style=\"color: #000000;\">\u0110i\u1ec1u h\u00f2a t\u1ee7 \u0111\u1ee9ng Gree\u00a0<strong>GVC42AH <\/strong>c\u00f4ng su\u1ea5t 42.000BTU 1 chi\u1ec1u l\u1ea1nh d\u00f2ng s\u1ea3n ph\u1ea9m \u0111i\u1ec1u h\u00f2a th\u01b0\u01a1ng m\u1ea1i t\u1ee7 \u0111\u1ee9ng gi\u00e1 r\u1ebb ch\u1ea5t l\u01b0\u1ee3ng t\u1ed1t b\u00e1n ch\u1ea1y nh\u1ea5t t\u1ea1i tr\u01b0\u1eddng Vi\u1ec7t Nam.<\/span><\/p>\n<p style=\"text-align: justify;\"><span style=\"color: #000000;\">M\u1ed9t s\u1ed1 \u0111\u1eb7c t\u00ednh c\u1ee7a s\u1ea3n ph\u1ea9m m\u00e0 kh\u00e1ch h\u00e0ng n\u00ean quan t\u00e2m tr\u01b0\u1edbc khi quy\u1ebft \u0111\u1ecbnh ch\u1ecdn mua, s\u1eed d\u1ee5ng:<\/span><\/p>\n<p style=\"text-align: justify;\"><span style=\"color: #000000;\">&#8211; S\u1ea3n ph\u1ea9m \u0111\u01b0\u1ee3c s\u1ea3n xu\u1ea5t t\u1ea1i nh\u00e0 m\u00e1y Gree Trung Qu\u1ed1c tr\u00ean d\u00e2y chuy\u1ec1n c\u00f4ng ngh\u00ea ti\u00ean ti\u1ebfn, hi\u1ec7n \u0111\u1ea1i b\u1eadc nh\u1ea5t.<\/span><\/p>\n<p style=\"text-align: justify;\"><span style=\"color: #000000;\">&#8211; Lo\u1ea1i 1 chi\u1ec1u l\u1ea1nh, \u0111i\u1ec1u khi\u1ec3n t\u1eeb xa, m\u00f4i ch\u1ea5t l\u00e0m l\u1ea1nh Gas R22 d\u1ec5 d\u00e0ng, ti\u1ec7n l\u1ee3i trong qu\u00e1 tr\u00ecnh b\u1ea3o d\u01b0\u1ee1ng, s\u1eeda ch\u1eefa.<\/span><\/p>\n<p style=\"text-align: justify;\"><span style=\"color: #000000;\">\u0110i\u1ec1u h\u00f2a c\u00e2y Gree 42.000BTU &#8211; <strong>GVC42AH <\/strong>th\u00edch h\u1ee3p s\u1eed d\u1ee5ng cho ph\u00f2ng c\u00f3 di\u1ec7n t\u00edch &lt;65m2, D\u00f2ng s\u1ea3n ph\u1ea9m c\u00f4ng su\u1ea5t l\u1edbn n\u00e0y chuy\u00ean \u0111\u01b0\u1ee3c l\u1eafp \u0111\u1eb7t cho c\u00e1c nh\u00e0 x\u01b0\u1edfng, ph\u00f2ng m\u00e1y sever, nh\u00e0 h\u00e0ng, trung t\u00e2m h\u1ed9i ngh\u1ecb nh\u1eefng n\u01a1i c\u00f3 di\u1ec7n t\u00edch l\u1edbn.<\/span><\/p>\n<p style=\"text-align: justify;\"><span style=\"color: #000000;\"><img class=\"aligncenter\" src=\"https:\/\/banhangtaikho.com.vn\/Images\/Upload\/images\/dieu%20hoa%20tu%20dung%20gree%20kieu%20dang%20dep.jpg\" \/><\/span><\/p>\n<p style=\"text-align: justify;\"><span style=\"color: #000000;\">M\u00e1y \u0111i\u1ec1u h\u00f2a Gree ch\u00ednh h\u00e3ng \u0111\u01b0\u1ee3c b\u1ea3o h\u00e0nh to\u00e0n b\u1ed9 m\u00e1y 3 n\u0103m, m\u00e1y n\u00e9n 5 n\u0103m. V\u1edbi ch\u1ebf \u0111\u1ed9 b\u1ea3o h\u00e0nh d\u00e0i h\u1ea1n, d\u1ecbch v\u1ee5 ch\u0103m s\u00f3c kh\u00e1ch h\u00e0ng nhanh ch\u00f3ng, thu\u1eadn ti\u1ec7n t\u1ea1o c\u1ea3m gi\u00e1c an t\u00e2m, tin t\u01b0\u1edfng cho kh\u00e1ch h\u00e0ng m\u1ed7i khi ch\u1ecdn mua c\u00e1c s\u1ea3n ph\u1ea9m \u0111i\u1ec1u h\u00f2a Gree.<\/span><\/p>\n<h3 style=\"text-align: justify;\"><span style=\"color: #000000;\">M\u1ed9t s\u1ed1 ch\u1ee9c n\u0103ng c\u1ee7a d\u00f2ng s\u1ea3n ph\u1ea9m m\u00e1y \u0111i\u1ec1u h\u00f2a t\u1ee7 \u0111\u1ee9ng Gree<\/span><\/h3>\n<p style=\"text-align: justify;\"><span style=\"color: #000000;\">Ch\u1ee9c n\u0103ng l\u00e0m l\u1ea1nh nhanh khi\u1ebfn b\u1ea1n c\u00f3 th\u1ec3 t\u1eadn h\u01b0\u1edfng c\u1ea3m gi\u00e1c m\u00e1t l\u1ea1nh ngay sau m\u1ed9t th\u1eddi gian ng\u1eafn, \u0111\u00e8n led hi\u1ec3n th\u1ecb nhi\u1ec7t \u0111\u1ed9 ti\u1ec7n l\u1ee3i, t\u1ef1 \u0111\u1ed9ng hi\u1ec3n th\u1ecb b\u00e1o l\u1ed7i, t\u1ef1 \u0111\u1ed9ng kh\u1edfi \u0111\u1ed9ng l\u1ea1i khi b\u1ecb m\u1ea5t \u0111i\u1ec7n, ch\u1ebf \u0111\u1ed9 t\u1ef1 \u0111\u1ed9ng l\u00e0m s\u1ea1ch th\u00f4ng minh, h\u1ec7 th\u1ed1ng cung c\u1ea5p kh\u00ed t\u01b0\u01a1i gi\u00fap ng\u01b0\u1eddi s\u1eed d\u1ee5ng c\u00f3 th\u1ec3 tr\u1ef1c ti\u1ebfp c\u1ea3m nh\u1eadn \u0111\u01b0\u1ee3c lu\u1ed3ng kh\u00ed t\u01b0\u01a1i m\u00e1t, trong l\u00e0nh h\u01a1n.<\/span><\/p>\n<p style=\"text-align: justify;\">\n<\/div>\n<p>&nbsp;<\/p>\n","protected":false},"excerpt":{"rendered":"<div class=\"w-pd-b-r-col4\">\n<ul class=\"l pr-des-featured\">\n<li>\u0110i\u1ec1u h\u00f2a \u0111\u1eb7t s\u00e0n Gree<\/li>\n<li>1 chi\u1ec1u &#8211; 42000BTU &#8211; 3 Pha<\/li>\n<li>L\u00e0m l\u1ea1nh nhanh, l\u1eafp \u0111\u1eb7t d\u1ec5 d\u00e0ng<\/li>\n<li>T\u1ef1 kh\u1edfi \u0111\u1ed9ng l\u1ea1i khi c\u00f3 \u0111i\u1ec7n<\/li>\n<li>Xu\u1ea5t x\u1ee9: Ch\u00ednh h\u00e3ng Trung Qu\u1ed1c<\/li>\n<li>B\u1ea3o h\u00e0nh: Ch\u00ednh h\u00e3ng 36 th\u00e1ng<\/li>\n<\/ul>\n<\/div>\n<div class=\"w-pd-b-r-col6\"><\/div>\n<div class=\"w-pd-b-r-col5\"><\/div>\n","protected":false},"featured_media":2679,"comment_status":"open","ping_status":"closed","template":"","meta":[],"_links":{"self":[{"href":"http:\/\/maudep.com.vn\/chuyengiadienmay\/index.php?rest_route=\/wp\/v2\/product\/2684"}],"collection":[{"href":"http:\/\/maudep.com.vn\/chuyengiadienmay\/index.php?rest_route=\/wp\/v2\/product"}],"about":[{"href":"http:\/\/maudep.com.vn\/chuyengiadienmay\/index.php?rest_route=\/wp\/v2\/types\/product"}],"replies":[{"embeddable":true,"href":"http:\/\/maudep.com.vn\/chuyengiadienmay\/index.php?rest_route=%2Fwp%2Fv2%2Fcomments&post=2684"}],"wp:featuredmedia":[{"embeddable":true,"href":"http:\/\/maudep.com.vn\/chuyengiadienmay\/index.php?rest_route=\/wp\/v2\/media\/2679"}],"wp:attachment":[{"href":"http:\/\/maudep.com.vn\/chuyengiadienmay\/index.php?rest_route=%2Fwp%2Fv2%2Fmedia&parent=2684"}],"curies":[{"name":"wp","href":"https:\/\/api.w.org\/{rel}","templated":true}]}}