{"id":2685,"date":"2019-01-09T10:49:34","date_gmt":"2019-01-09T03:49:34","guid":{"rendered":"http:\/\/maudep.com.vn\/chuyengiadienmay\/?post_type=product&#038;p=2685"},"modified":"2019-02-14T12:31:38","modified_gmt":"2019-02-14T05:31:38","slug":"dieu-hoa-tu-dung-gree-2-chieu-18-000btu-gvh18ag","status":"publish","type":"product","link":"http:\/\/maudep.com.vn\/chuyengiadienmay\/?product=dieu-hoa-tu-dung-gree-2-chieu-18-000btu-gvh18ag","title":{"rendered":"\u0110i\u1ec1u h\u00f2a t\u1ee7 \u0111\u1ee9ng Gree 2 chi\u1ec1u 18.000BTU GVH18AG"},"content":{"rendered":"<h3 class=\"pd-news-title\">\u0110i\u1ec1u h\u00f2a 2 chi\u1ec1u Gree GVH18AG-K3NNB1A\u00a0&#8211; 18.000 BTU<\/h3>\n<div class=\"pd-news-content\">\n<h3><strong>H\u00fat \u1ea9m, Kh\u1eed m\u00f9i\u00a0<\/strong><\/h3>\n<p>V\u1edbi ch\u1ee9c n\u0103ng n\u00e0y, kh\u00f4ng c\u00f2n m\u00f9i kh\u00f3 ch\u1ecbu sau khi kh\u1edfi \u0111\u1ed9ng thi\u1ebft b\u1ecb. \u0110i\u1ec1u n\u00e0y c\u00f3 \u0111\u01b0\u1ee3c l\u00e0do qu\u1ea1t gi\u00f3 t\u1ea1m ng\u01b0ng ho\u1ea1t \u0111\u1ed9ng trong th\u1eddi gian m\u00f9i kh\u00f3 ch\u1ecbu \u0111\u01b0\u1ee3c x\u1eed l\u00fd. (M\u00e1y\u00a0\u0111i\u1ec1u h\u00f2a\u00a0b\u1eaft bu\u1ed9c ph\u1ea3i \u1edf ch\u1ebf \u0111\u1ed9 l\u00e0m l\u1ea1nh ho\u1ea1c kh\u1eed \u1ea9m, v\u00e0 t\u1ed1c \u0111\u1ed9 qu\u1ea1t \u1edf ch\u1ebf \u0111\u1ed9 t\u1ef1 \u0111\u1ed9ng).<\/p>\n<h3><strong>L\u1ecdc kh\u00f4ng kh\u00ed, T\u1ef1 \u0111\u1ed9ng l\u00e0m s\u1ea1ch<\/strong><\/h3>\n<p>Ch\u1ebf \u0111\u1ed9 t\u1ef1 \u0111\u1ed9ng d\u1ecdn s\u1ea1ch v\u00e0 hong kh\u00f4 d\u00e0n trao \u0111\u1ed5i nhi\u1ec7t \u0111\u1ec3 ng\u0103n ch\u1eb7n c\u00e1c lo\u1ea1i n\u1ea5m m\u1ed1c v\u00e0 vi khu\u1ea9n ph\u00e1t tri\u1ec3n.<\/p>\n<h3><strong>T\u1ef1 \u0111\u1ed9ng \u0111\u1ea3o gi\u00f3<\/strong><\/h3>\n<p>Gi\u00fap \u0111i\u1ec1u ch\u1ec9nh \u0111\u1ed9 m\u1edf cho gi\u00f3 ra v\u00e0 s\u1edf h\u1eefu ch\u1ebf \u0111\u1ed9 ho\u1ea1t \u0111\u1ed9ng \u00eam \u00e1i, nh\u1eb9 nh\u00e0ng cho h\u01a1i l\u1ea1nh \u0111\u01b0\u1ee3c tr\u1ea3i \u0111\u1ec1u \u0111\u1ebfn c\u1ea3 nh\u1eefng g\u00f3c xa nh\u1ea5t c\u1ee7a ph\u00f2ng \u0111\u1ed3ng th\u1eddi gi\u1ea3m t\u1ed1i thi\u1ec3u ti\u1ebfng \u1ed3n, kh\u00f4ng \u1ea3nh h\u01b0\u1edfng \u0111\u1ebfn m\u1ecdi ng\u01b0\u1eddi xung quanh.<\/p>\n<h3><strong>Ch\u1ed1ng \u0103n m\u00f2n<\/strong><\/h3>\n<p>D\u00e0n n\u00f3ng\u00a0c\u00f3 c\u00e1c c\u00e1nh t\u1ea3n nhi\u1ec7t \u0111\u01b0\u1ee3c ph\u1ee7 l\u1edbp ch\u1ed1ng \u0103n m\u00f2n \u0111\u1eb7c bi\u1ec7t. B\u1ec1 m\u1eb7t l\u00e0 l\u1edbp nh\u1ef1a Acrylic gia t\u0103ng kh\u1ea3 n\u0103ng ch\u1ed1ng l\u1ea1i m\u01b0a axit v\u00e0 h\u01a1i mu\u1ed1i gi\u00fap \u0111\u1ea3m b\u1ea3o t\u00ednh b\u1ec1n cho s\u1ea3n ph\u1ea9m v\u00e0 r\u1ea5t ph\u00f9 h\u1ee3p cho c\u00e1c ng\u00f4i nh\u00e0 v\u00f9ng bi\u1ec3n.<\/p>\n<h3><strong>T\u1ef1 kh\u1edfi \u0111\u1ed9ng khi c\u00f3 \u0111i\u1ec7n l\u1ea1i<\/strong><\/h3>\n<p>Trong tr\u01b0\u1eddng h\u1ee3p m\u1ea5t \u0111i\u1ec7n \u0111\u1ed9t ng\u1ed9t v\u00e0 khi c\u00f3 \u0111i\u1ec7n tr\u1edf l\u1ea1i, M\u00e1y l\u1ea1nh Gree 1 chi\u1ec1u s\u1ebd t\u1ef1 \u0111\u1ed9ng c\u00e0i \u0111\u1eb7t v\u00e0 gi\u1eef nguy\u00ean c\u00e1c ch\u1ebf \u0111\u1ed9 nh\u01b0 th\u1eddi \u0111i\u1ec3m tr\u01b0\u1edbc khi m\u1ea5t \u0111i\u1ec7n.<\/p>\n<h3><strong>Ch\u1ebf \u0111\u1ed9 Sleep<\/strong><\/h3>\n<p>Nhi\u1ec7t \u0111\u1ed9 ph\u00f2ng \u0111\u01b0\u1ee3c t\u1ef1 \u0111\u1ed9ng \u0111i\u1ec1u khi\u1ec3n trong th\u1eddi gian \u0111\u1eb7t ch\u1ebf \u0111\u1ed9 sleep \u0111\u1ec3 \u0111\u1ea3m b\u1ea3o nhi\u1ec7t \u0111\u1ed9 ph\u00f2ng kh\u00f4ng tr\u1edf n\u00ean qu\u00e1 l\u1ea1nh ho\u1eb7c qu\u00e1 n\u00f3ng.<\/p>\n<h3><strong>Ho\u1ea1t \u0111\u1ed9ng \u00eam \u00e1i<\/strong><\/h3>\n<p>V\u1edbi ch\u1ec9 s\u1ed1 hi\u1ec7u qu\u1ea3 n\u0103ng l\u01b0\u1ee3ng COP t\u1eeb 3.2 tr\u1edf l\u00ean, thi\u1ebft b\u1ecb \u00a0r\u1ea5t hi\u1ec7u qu\u1ea3 trong qu\u00e1 tr\u00ecnh s\u1eed d\u1ee5ng l\u00e2u d\u00e0i Ngo\u00e0i ra, c\u1ea3 d\u00e0n n\u00f3ng, l\u1ea1nh \u0111\u1ec1u ch\u1ea1y r\u1ea5t nh\u1eb9, kh\u00f4ng g\u00e2y ti\u1ebfng \u1ed3n \u1ea3nh h\u01b0\u1edfng \u0111\u1ebfn m\u1ecdi ng\u01b0\u1eddi xung quanh.<\/p>\n<h3><strong>Ch\u1ee9c n\u0103ng l\u00e0m l\u1ea1nh nhanh Jet Cool<\/strong><\/h3>\n<p>Trong 3 ph\u00fat ch\u1ebf \u0111\u1ed9 Jet cool s\u1ebd l\u00e0m l\u1ea1nh t\u1eeb 35 \u0111\u1ed9 C xu\u1ed1ng 26 \u0111\u1ed9 C \u1edf kho\u1ea3ng c\u00e1ch 10m.<\/p>\n<h3><strong>T\u00ednh n\u0103ng kh\u00e1c<\/strong><\/h3>\n<ul>\n<li>Lu\u1ed3ng gi\u00f3 t\u1ef1 \u0111\u1ed9ng 2 chi\u1ec1u<\/li>\n<li>B\u1ed9 l\u1ecdc kh\u00ed di\u1ec7t khu\u1ea9n<\/li>\n<li>T\u1ef1 \u0111\u1ed9ng duy tr\u00ec nhi\u1ec7t \u0111\u1ed9 khi ng\u1ee7<\/li>\n<li>Ti\u1ebft ki\u1ec7m n\u0103ng l\u01b0\u1ee3ng<\/li>\n<li>T\u1ef1 \u0111\u1ed9ng ph\u00e1 b\u0103ng<\/li>\n<li>\u0110i\u1ec1u khi\u1ec3n Fuzzy<\/li>\n<li>Kho\u00e1 ng\u1eeba tr\u1ebb em khi m\u00e1y \u0111ang ho\u1ea1t \u0111\u1ed9ng<\/li>\n<li>\u00a0H\u1eb9n gi\u1edd t\u1eaft m\u1edf<\/li>\n<li>Di\u1ec7t n\u1ea5m m\u1ed1c<\/li>\n<\/ul>\n<\/div>\n","protected":false},"excerpt":{"rendered":"<p>\u0110i\u1ec1u h\u00f2a 2 chi\u1ec1u Gree GVH18AG-K3NNB1A\u00a0&#8211; 18.000 BTU H\u00fat \u1ea9m, Kh\u1eed m\u00f9i\u00a0 V\u1edbi ch\u1ee9c n\u0103ng n\u00e0y, kh\u00f4ng c\u00f2n m\u00f9i kh\u00f3 &hellip; <a class=\"link-more\" href=\"http:\/\/maudep.com.vn\/chuyengiadienmay\/?product=dieu-hoa-tu-dung-gree-2-chieu-18-000btu-gvh18ag\" class=\"more-link\">\u0110\u1ecdc th\u00eam &raquo;<span class=\"screen-reader-text\"> &#8220;\u0110i\u1ec1u h\u00f2a t\u1ee7 \u0111\u1ee9ng Gree 2 chi\u1ec1u 18.000BTU GVH18AG&#8221;<\/span><\/a><\/p>\n","protected":false},"featured_media":2687,"comment_status":"open","ping_status":"closed","template":"","meta":[],"_links":{"self":[{"href":"http:\/\/maudep.com.vn\/chuyengiadienmay\/index.php?rest_route=\/wp\/v2\/product\/2685"}],"collection":[{"href":"http:\/\/maudep.com.vn\/chuyengiadienmay\/index.php?rest_route=\/wp\/v2\/product"}],"about":[{"href":"http:\/\/maudep.com.vn\/chuyengiadienmay\/index.php?rest_route=\/wp\/v2\/types\/product"}],"replies":[{"embeddable":true,"href":"http:\/\/maudep.com.vn\/chuyengiadienmay\/index.php?rest_route=%2Fwp%2Fv2%2Fcomments&post=2685"}],"wp:featuredmedia":[{"embeddable":true,"href":"http:\/\/maudep.com.vn\/chuyengiadienmay\/index.php?rest_route=\/wp\/v2\/media\/2687"}],"wp:attachment":[{"href":"http:\/\/maudep.com.vn\/chuyengiadienmay\/index.php?rest_route=%2Fwp%2Fv2%2Fmedia&parent=2685"}],"curies":[{"name":"wp","href":"https:\/\/api.w.org\/{rel}","templated":true}]}}