{"id":2690,"date":"2019-01-09T10:55:56","date_gmt":"2019-01-09T03:55:56","guid":{"rendered":"http:\/\/maudep.com.vn\/chuyengiadienmay\/?post_type=product&#038;p=2690"},"modified":"2019-01-22T11:07:06","modified_gmt":"2019-01-22T04:07:06","slug":"dieu-hoa-tu-dung-gree-2-chieu-36-000btu-gvh36ag","status":"publish","type":"product","link":"http:\/\/maudep.com.vn\/chuyengiadienmay\/?product=dieu-hoa-tu-dung-gree-2-chieu-36-000btu-gvh36ag","title":{"rendered":"\u0110i\u1ec1u h\u00f2a t\u1ee7 \u0111\u1ee9ng Gree 2 chi\u1ec1u 36.000BTU GVH36AG"},"content":{"rendered":"<div id=\"chitiet-1\" class=\"w-pd-i-content\">\n<p class=\"w-pd-i-c-head\">\u0110i\u1ec1u h\u00f2a t\u1ee7 \u0111\u1ee9ng Gree 2 chi\u1ec1u 36.000BTU GVH36AG<\/p>\n<p style=\"text-align: justify;\"><span style=\"color: #000000;\">\u0110i\u1ec1u h\u00f2a t\u1ee7 \u0111\u1ee9ng Gree, c\u00f4ng su\u1ea5t 36.000Btu, Model <strong>GVH36AH <\/strong>2 chi\u1ec1u l\u00e0m l\u1ea1nh v\u00e0 s\u01b0\u1edfi \u1ea5m hi\u1ec7u qu\u1ea3 \u1edf c\u00e1c di\u1ec7n t\u00edch r\u1ed9ng \u0111\u1ebfn 60m2. Ph\u00f9 h\u1ee3p l\u1eafp \u0111\u1eb7t cho c\u00e1c ph\u00f2ng h\u1ecdp, ph\u00f2ng kh\u00e1ch c\u1ee7a c\u00e1c c\u00f4ng tr\u00ecnh t\u01b0 gia cho \u0111\u1ebfn v\u0103n ph\u00f2ng v\u1edbi di\u1ec7n t\u00edch d\u01b0\u1edbi 55m2.<\/span><\/p>\n<p style=\"text-align: justify;\"><span style=\"color: #000000;\">\u0110i\u1ec1u h\u00f2a c\u00e2y Gree 36000BTU &#8211; <strong>GVH36AH <\/strong>\u0111\u01b0\u1ee3c s\u1ea3n xu\u1ea5t v\u00e0 l\u1eafp r\u00e1p t\u1ea1i Trung Qu\u1ed1c, b\u1ea3o h\u00e0nh l\u00ean \u0111\u1ebfn 36 th\u00e1ng l\u00e0 h\u00e3ng \u0111i\u1ec1u h\u00f2a c\u00f3 th\u1eddi gian b\u1ea3o h\u00e0nh l\u00e2u d\u00e0i nh\u1ea5t, khi th\u1eddi gian b\u1ea3o h\u00e0nh trung b\u00ecnh c\u1ee7a c\u00e1c h\u00e0ng ch\u1ec9 b\u1eb1ng 1\/3, mang l\u1ea1i s\u1ef1 y\u00ean t\u00e2m tuy\u1ec7t \u0111\u1ed1i cho kh\u00e1ch h\u00e0ng. Gree n\u1ed5i b\u1eadt l\u00e0 \u0111i\u1ec1u h\u00f2a t\u1ee7 \u0111\u1ee9ng c\u00f3 h\u00ecnh th\u1ee9c \u0111\u1eb9p mang \u0111\u1ebfn t\u00ednh th\u1ea9m m\u1ef9 cho kh\u00f4ng gian c\u1ee7a b\u1ea1n.<\/span><\/p>\n<p style=\"text-align: justify;\"><span style=\"color: #000000;\"><img class=\"aligncenter\" src=\"https:\/\/banhangtaikho.com.vn\/Images\/Upload\/images\/dieu%20hoa%20tu%20dung%20gree%20kieu%20dang%20dep.jpg\" \/><\/span><\/p>\n<p style=\"text-align: justify;\"><span style=\"color: #000000;\">\u0110i\u1ec1u h\u00f2a t\u1ee7 \u0111\u1ee9ng 2 chi\u1ec1u Gree <strong>GVH36AH <\/strong>c\u00f3 c\u1ea3 ch\u1ee9c n\u0103ng l\u00e0m l\u1ea1nh v\u00e0 s\u01b0\u1edfi \u1ea5m ph\u00f9 h\u1ee3p v\u1edbi Mi\u1ec1n B\u1eafc Vi\u1ec7t Nam, th\u1eddi ti\u1ebft kh\u1eafc nghi\u1ec7t v\u00e0o m\u00f9a \u0111\u00f4ng c\u00f3 nhu c\u1ea7u v\u1ec1 s\u01b0\u1edfi \u1ea5m. B\u00ean c\u1ea1nh \u0111\u00f3 kh\u00ed h\u1eadu Vi\u1ec7t Nam l\u00e0 kh\u00ed h\u1eadu nhi\u1ec7t \u0111\u1edbi gi\u00f3 m\u00f9a, \u0111\u1ed9 \u1ea9m cao n\u00ean \u0111i\u1ec1u h\u00f2a Gree c\u00f3 t\u00edch h\u1ee3p ch\u1ee9c n\u0103ng h\u00fat \u1ea9m s\u1ebd gi\u1ea3i quy\u1ebft m\u1ecdi v\u1ea5n \u0111\u1ec1 li\u00ean quan \u0111\u1ebfn \u0111\u1ed9 \u1ea9m cao g\u00e2y ra nh\u01b0 n\u1ed3m \u1ea9m d\u1eabn \u0111\u1ebfn \u1ea9m \u01b0\u1edbt kh\u00f3 ch\u1ecbu hay n\u1ea5m m\u1ed1c g\u00e2y n\u00ean nh\u1eefng v\u1ea5n \u0111\u1ec1 v\u1ec1 s\u1ee9c kh\u1ecfe.<\/span><\/p>\n<p style=\"text-align: justify;\"><span style=\"color: #000000;\">\u0110i\u1ec1u h\u00f2a Gree v\u1edbi t\u00ednh n\u0103ng cung c\u1ea5p kh\u00ed t\u01b0\u01a1i li\u00ean t\u1ee5c cung c\u1ea5p kh\u00ed t\u1eeb b\u00ean ngo\u00e0i v\u00e0o, k\u1ebft h\u1ee3p v\u1edbi ch\u1ebf \u0111\u1ed9 l\u1ecdc kh\u00f4ng kh\u00ed v\u00e0 kh\u1eed m\u00f9i ti\u00ean ti\u1ebfn lu\u00f4n mang l\u1ea1i ngu\u1ed3n kh\u00f4ng kh\u00ed m\u1edbi v\u00e0 trong l\u00e0nh cho ng\u00f4i nh\u00e0 c\u1ee7a b\u1ea1n, gi\u00fap b\u1ea1n t\u1eadn h\u01b0\u1edfng m\u1ed9t kh\u00f4ng gian tho\u1ea3i m\u00e1i v\u00e0 an to\u00e0n cho s\u1ee9c kh\u1ecfe.<\/span><\/p>\n<p style=\"text-align: justify;\"><span style=\"color: #000000;\">L\u1ef1a ch\u1ecdn \u0111i\u1ec1u h\u00f2a t\u1ee7 \u0111\u1ee9ng Gree <strong>GVH36AH <\/strong>l\u00e0 s\u1ef1 l\u1ef1a ch\u1ecdn ho\u00e0n h\u1ea3o cho kh\u00f4ng gian c\u1ee7a b\u1ea1n.<\/span><\/p>\n<p style=\"text-align: justify;\">\n<\/div>\n<p>&nbsp;<\/p>\n","protected":false},"excerpt":{"rendered":"<ul class=\"l pr-des-featured\">\n<li>\u0110i\u1ec1u h\u00f2a t\u1ee7 \u0111\u1ee9ng Gree gi\u00e1 r\u1ebb<\/li>\n<li>2 chi\u1ec1u &#8211; 36.000BTU &#8211; 3 Pha<\/li>\n<li>Thi\u1ebft k\u1ebf nh\u1ecf g\u1ecdn, v\u1eadn h\u00e0nh m\u1ea1nh m\u1ebd<\/li>\n<li>L\u00e0m l\u1ea1nh, s\u01b0\u1edfi hi\u1ec7u qu\u1ea3<\/li>\n<li>Xu\u1ea5t x\u1ee9: Ch\u00ednh h\u00e3ng Trung Qu\u1ed1c<\/li>\n<li>B\u1ea3o h\u00e0nh: Ch\u00ednh h\u00e3ng 36 th\u00e1ng<\/li>\n<\/ul>\n","protected":false},"featured_media":2687,"comment_status":"open","ping_status":"closed","template":"","meta":[],"_links":{"self":[{"href":"http:\/\/maudep.com.vn\/chuyengiadienmay\/index.php?rest_route=\/wp\/v2\/product\/2690"}],"collection":[{"href":"http:\/\/maudep.com.vn\/chuyengiadienmay\/index.php?rest_route=\/wp\/v2\/product"}],"about":[{"href":"http:\/\/maudep.com.vn\/chuyengiadienmay\/index.php?rest_route=\/wp\/v2\/types\/product"}],"replies":[{"embeddable":true,"href":"http:\/\/maudep.com.vn\/chuyengiadienmay\/index.php?rest_route=%2Fwp%2Fv2%2Fcomments&post=2690"}],"wp:featuredmedia":[{"embeddable":true,"href":"http:\/\/maudep.com.vn\/chuyengiadienmay\/index.php?rest_route=\/wp\/v2\/media\/2687"}],"wp:attachment":[{"href":"http:\/\/maudep.com.vn\/chuyengiadienmay\/index.php?rest_route=%2Fwp%2Fv2%2Fmedia&parent=2690"}],"curies":[{"name":"wp","href":"https:\/\/api.w.org\/{rel}","templated":true}]}}