{"id":2691,"date":"2019-01-09T10:58:41","date_gmt":"2019-01-09T03:58:41","guid":{"rendered":"http:\/\/maudep.com.vn\/chuyengiadienmay\/?post_type=product&#038;p=2691"},"modified":"2019-01-22T11:07:30","modified_gmt":"2019-01-22T04:07:30","slug":"dieu-hoa-tu-dung-gree-2-chieu-42-000btu-gvh42ag","status":"publish","type":"product","link":"http:\/\/maudep.com.vn\/chuyengiadienmay\/?product=dieu-hoa-tu-dung-gree-2-chieu-42-000btu-gvh42ag","title":{"rendered":"\u0110i\u1ec1u h\u00f2a t\u1ee7 \u0111\u1ee9ng Gree 2 chi\u1ec1u 42.000BTU GVH42AG"},"content":{"rendered":"<div id=\"chitiet-1\" class=\"w-pd-i-content\">\n<p class=\"w-pd-i-c-head\">\u0110i\u1ec1u h\u00f2a t\u1ee7 \u0111\u1ee9ng Gree 2 chi\u1ec1u 42.000BTU GVH42AG<\/p>\n<p style=\"text-align: justify;\"><span style=\"color: #000000;\">\u0110i\u1ec1u h\u00f2a t\u1ee7 \u0111\u1ee9ng Gree <strong>GVH42AH<\/strong>, 2 chi\u1ec1u c\u00f4ng su\u1ea5t 42.000Btu ph\u00f9 h\u1ee3p l\u1eafp \u0111\u1eb7t cho ph\u00f2ng kh\u00e1ch, ph\u00f2ng h\u1ecdp, h\u1ed9i tr\u01b0\u1eddng, nh\u00e0 h\u00e0ng kh\u00e1ch s\u1ea1n&#8230;ho\u1ea1t \u0111\u1ed9ng hi\u1ec7u qu\u1ea3 v\u1edbi nh\u1eefng di\u1ec7n t\u00edch d\u01b0\u1edbi 70m2. Tuy m\u1edbi v\u00e0o th\u1ecb tr\u01b0\u1eddng Vi\u1ec7t Nam ch\u01b0a l\u00e2u nh\u01b0ng \u0111i\u1ec1u h\u00f2a t\u1ee7 \u0111\u1ee9ng Gree \u0111\u00e3 t\u1ea1o \u0111\u01b0\u1ee3c nhi\u1ec1u \u1ea5n t\u01b0\u1ee3ng t\u1ed1t \u0111\u1eb9p v\u1edbi kh\u00e1ch h\u00e0ng nh\u1edd ch\u1ea5t l\u01b0\u1ee3ng t\u1ed1t v\u00e0 gi\u00e1 c\u1ea3 kh\u00e1 c\u1ea1nh tranh c\u00f9ng v\u1edbi d\u1ea3i c\u00f4ng su\u1ea5t tr\u1ea3i r\u1ed9ng mang \u0111\u1ebfn cho ng\u01b0\u1eddi d\u00f9ng nhi\u1ec1u s\u1ef1 l\u1ef1a ch\u1ecdn nh\u1ea5t.<\/span><\/p>\n<p style=\"text-align: justify;\"><span style=\"color: #000000;\">\u0110i\u1ec1u h\u00f2a c\u00e2y Gree 42000BTU &#8211; <strong>GVH42AH <\/strong>k\u00edch th\u01b0\u1edbc nh\u1ecf g\u1ecdn d\u1ec5 d\u00e0ng th\u00edch h\u1ee3p l\u1eafp \u0111\u1eb7t v\u1edbi nhi\u1ec1u kh\u00f4ng gian kh\u00e1c nhau. Ch\u1ebf \u0111\u1ed9 l\u00e0m l\u1ea1nh nhanh Jetcool \u1edf <\/span><span style=\"color: #000000;\">\u0111i\u1ec1u h\u00f2a Gree mang \u0111\u1ebfn cho b\u1ea1n c\u1ea3m gi\u00e1c m\u00e1t l\u1ea1nh s\u1ea3ng kho\u00e1i m\u1ed9t c\u00e1ch nhanh ch\u00f3ng ngay t\u1ee9c th\u00ec, c\u1eeda gi\u00f3 d\u1ea1ng \u00e1p tr\u1ea7n k\u1ebft h\u1ee3p lu\u1ed3ng gi\u00f3 t\u1ef1 \u0111\u1ed9ng lu\u00e2n chuy\u1ec3n ph\u00e2n b\u1ed1 gi\u00f3 \u0111\u1ec1u kh\u1eafp kh\u00f4ng gian ph\u00f2ng.<\/span><\/p>\n<p style=\"text-align: justify;\"><span style=\"color: #000000;\"><img class=\"aligncenter\" style=\"color: #000000; line-height: 20.8px; text-align: justify;\" src=\"https:\/\/banhangtaikho.com.vn\/Images\/Upload\/images\/dieu%20hoa%20tu%20dung%20gree%20kieu%20dang%20dep.jpg\" \/><\/span><\/p>\n<p style=\"text-align: justify;\"><span style=\"color: #000000;\">T\u1ea5t c\u1ea3 c\u00e1c s\u1ea3n ph\u1ea9m m\u00e1y \u0111i\u1ec1u h\u00f2a Gree t\u1ee7 \u0111\u1ee9ng \u0111\u1ec1u c\u00f3 \u0111i\u1ec1u khi\u1ec3n t\u1eeb xa t\u00edch h\u1ee3p \u0111\u1ea7y \u0111\u1ee7 ph\u00edm ch\u1ee9c n\u0103ng v\u00f4 c\u00f9ng ti\u1ec7n l\u1ee3i cho ng\u01b0\u1eddi d\u00f9ng.<\/span><\/p>\n<p style=\"text-align: justify;\"><span style=\"color: #000000;\">Ch\u1ebf \u0111\u1ed9 t\u1ef1 \u0111\u1ed9ng l\u00e0m s\u1ea1ch ti\u1ebfp t\u1ee5c duy tr\u00ec ho\u1ea1t \u0111\u1ed9ng c\u1ee7a qu\u1ea1t gi\u00f3 sau khi t\u1eaft m\u00e1y nh\u1eb1m m\u1ee5c \u0111\u00edch hong kh\u00f4 d\u00e0n l\u1ea1nh tr\u00e1nh t\u00ecnh trang \u1ea9m d\u00e0n g\u00e2y n\u00ean n\u1ea5m m\u1ed1c, \u1ea3nh h\u01b0\u1edfng t\u1edbi s\u1ee9c kh\u1ecfe ng\u01b0\u1eddi s\u1eed d\u1ee5ng.<\/span><\/p>\n<p style=\"text-align: justify;\"><span style=\"color: #000000;\">Nh\u1eefng s\u1ea3n ph\u1ea9m c\u1ee7a Gree \u0111\u01b0\u1ee3c kh\u00e1ch h\u00e0ng \u01b0a chu\u1ed9ng b\u1edfi h\u00ecnh th\u1ee9c \u0111\u1eb9p, m\u00e1y ch\u1ea1y kh\u00e1 \u00eam v\u00e0 b\u1ec1n b\u1ec9, c\u00f4ng ngh\u1ec7 kh\u00e1 m\u1edbi v\u00e0 \u0111\u1ea7y \u0111\u1ee7 \u0111\u1eb7c bi\u1ec7t l\u00e0 gi\u00e1 c\u1ea3 ph\u1ea3i ch\u0103ng ph\u00f9 h\u1ee3p v\u1edbi nhi\u1ec1u \u0111\u1ed1i t\u01b0\u1ee3ng kh\u00e1ch h\u00e0ng kh\u00e1c nhau.<\/span><\/p>\n<p style=\"text-align: justify;\">\n<\/div>\n<p>&nbsp;<\/p>\n","protected":false},"excerpt":{"rendered":"<ul class=\"l pr-des-featured\">\n<li>\u0110i\u1ec1u h\u00f2a \u0111\u1eb7t s\u00e0n Gree gi\u00e1 r\u1ebb<\/li>\n<li>2 chi\u1ec1u &#8211; 42.000BTU &#8211; 3Pha<\/li>\n<li>Ho\u1ea1t \u0111\u1ed9ng m\u1ea1nh m\u1ebd, r\u00e3 \u0111\u00f4ng th\u00f4ng minh<\/li>\n<li>M\u00e0n h\u00ecnh hi\u1ec3n th\u1ecb LED, T\u1ef1 hi\u1ec3n th\u1ecb b\u00e1o l\u1ed7i<\/li>\n<li>Xu\u1ea5t x\u1ee9: Ch\u00ednh h\u00e3ng Trung Qu\u1ed1c<\/li>\n<li>B\u1ea3o h\u00e0nh: Ch\u00ednh h\u00e3ng 36 th\u00e1ng<\/li>\n<\/ul>\n","protected":false},"featured_media":2687,"comment_status":"open","ping_status":"closed","template":"","meta":[],"_links":{"self":[{"href":"http:\/\/maudep.com.vn\/chuyengiadienmay\/index.php?rest_route=\/wp\/v2\/product\/2691"}],"collection":[{"href":"http:\/\/maudep.com.vn\/chuyengiadienmay\/index.php?rest_route=\/wp\/v2\/product"}],"about":[{"href":"http:\/\/maudep.com.vn\/chuyengiadienmay\/index.php?rest_route=\/wp\/v2\/types\/product"}],"replies":[{"embeddable":true,"href":"http:\/\/maudep.com.vn\/chuyengiadienmay\/index.php?rest_route=%2Fwp%2Fv2%2Fcomments&post=2691"}],"wp:featuredmedia":[{"embeddable":true,"href":"http:\/\/maudep.com.vn\/chuyengiadienmay\/index.php?rest_route=\/wp\/v2\/media\/2687"}],"wp:attachment":[{"href":"http:\/\/maudep.com.vn\/chuyengiadienmay\/index.php?rest_route=%2Fwp%2Fv2%2Fmedia&parent=2691"}],"curies":[{"name":"wp","href":"https:\/\/api.w.org\/{rel}","templated":true}]}}