{"id":2694,"date":"2019-01-09T11:13:15","date_gmt":"2019-01-09T04:13:15","guid":{"rendered":"http:\/\/maudep.com.vn\/chuyengiadienmay\/?post_type=product&#038;p=2694"},"modified":"2019-01-22T11:07:42","modified_gmt":"2019-01-22T04:07:42","slug":"dieu-hoa-tu-dung-gree-2-chieu-48-000btu-gvh48ah","status":"publish","type":"product","link":"http:\/\/maudep.com.vn\/chuyengiadienmay\/?product=dieu-hoa-tu-dung-gree-2-chieu-48-000btu-gvh48ah","title":{"rendered":"\u0110i\u1ec1u h\u00f2a t\u1ee7 \u0111\u1ee9ng Gree 2 chi\u1ec1u 48.000BTU GVH48AH"},"content":{"rendered":"<p>\u0110i\u1ec1u h\u00f2a t\u1ee7 \u0111\u1ee9ng Gree 2 chi\u1ec1u 48.000BTU GVH48AH<\/p>\n<div id=\"chitiet-1\" class=\"w-pd-i-content\">\n<p style=\"text-align: justify;\">\u0110i\u1ec1u h\u00f2a t\u1ee7 \u0111\u1ee9ng Gree <strong>GVH48AH <\/strong>2 chi\u1ec1u (l\u00e0m l\u1ea1nh\/s\u01b0\u1edfi \u1ea5m) c\u00f4ng su\u1ea5t 48.000Btu s\u1eed d\u1ee5ng m\u00f4i ch\u1ea5t l\u00e0m l\u1ea1nh m\u1edbi gas R410A th\u00e2n thi\u1ec7n v\u1edbi m\u00f4i tr\u01b0\u1eddng, \u0111\u00e2y l\u00e0 s\u1ea3n ph\u1ea9m m\u1edbi nh\u1ea5t n\u0103m 2016 d\u00f2ng m\u00e1y \u0111i\u1ec1u h\u00f2a t\u1ee7 \u0111\u1ee9ng \u0111\u1eb7t s\u00e0n c\u1ee7a Gree.<\/p>\n<p style=\"text-align: justify;\">M\u00e1y \u0111i\u1ec1u h\u00f2a c\u00e2y Gree <strong>GVH48AH<\/strong> c\u00f4ng su\u1ea5t 48.000BTU ho\u1ea1t \u0111\u1ed9ng hi\u1ec7u qu\u1ea3 v\u1edbi di\u1ec7n t\u00edch l\u00ean \u0111\u1ebfn 80m2. H\u00ecnh th\u1ee9c \u0111i\u1ec1u h\u00f2a Gree t\u1ee7 \u0111\u1ee9ng GVH48AH \u0111\u01b0\u1ee3c \u0111\u00e1nh gi\u00e1 l\u00e0 \u0111\u1eb9p v\u1edbi v\u1ecf ngo\u00e0i b\u00f3ng b\u1ea9y, sang tr\u1ecdng kh\u00f4ng thua k\u00e9m b\u1ea5t k\u1ef3 m\u1ed9t th\u01b0\u01a1ng hi\u1ec7u m\u00e1y \u0111i\u1ec1u h\u00f2a t\u1ee7 \u0111\u1ee9ng cao c\u1ea5p n\u00e0o th\u1eadm ch\u00ed l\u00e0 Daikin v\u00e0 LG.<\/p>\n<p style=\"text-align: justify;\">N\u1ebfu b\u1ea1n c\u00f3 nhu c\u1ea7u l\u1eafp \u0111\u1eb7t cho nh\u00e0 h\u00e0ng, kh\u00e1ch s\u1ea1n, v\u0103n ph\u00f2ng hay h\u1ed9i tr\u01b0\u1eddng c\u1ee7a c\u01a1 quan ho\u1eb7c l\u1eafp \u0111\u1eb7t cho c\u00e1c showroom c\u1ea7n t\u00ednh th\u1ea9m m\u1ef9 cao, \u0111i\u1ec1u h\u00f2a Gree GVH48AH l\u00e0 m\u1ed9t s\u1ef1 l\u1ef1a ch\u1ecdn ho\u00e0n h\u1ea3o, kh\u00f4ng ch\u1ec9 c\u00f3 ch\u1ee9c n\u0103ng \u0111i\u1ec1u h\u00f2a kh\u00f4ng kh\u00ed m\u00e0 c\u00f2n nh\u01b0 m\u1ed9t n\u1ed9i th\u1ea5t trang tr\u00ed cho kh\u00f4ng gian c\u1ee7a b\u1ea1n.<\/p>\n<h2 style=\"text-align: justify;\">\u0110i\u1ec1u h\u00f2a t\u1ee7 \u0111\u1ee9ng Gree kh\u00f4ng ch\u1ec9 \u0111\u1eb9p m\u00e0 c\u00f2n c\u00f3 nhi\u1ec1u ch\u1ee9c n\u0103ng ti\u1ec7n \u00edch cho ng\u01b0\u1eddi d\u00f9ng nh\u01b0:<\/h2>\n<p style=\"text-align: justify;\"><strong>Ch\u1ebf \u0111\u1ed9 gi\u00f3 \u0111\u1ed3ng \u0111\u1ec1u<\/strong>: C\u1eeda th\u1ed5i gi\u00f3 d\u1ea1ng \u00e1p tr\u1ea7n, ph\u00e2n b\u1ed1 gi\u00f3 \u0111i xa h\u01a1n v\u00e0 \u0111\u1ec1u h\u01a1n \u0111\u1ebfn m\u1ecdi di\u1ec7n t\u00edch ph\u00f2ng. \u0110\u1ea3o gi\u00f3 t\u1ef1 \u0111\u1ed9ng gi\u00fap b\u1ea1n t\u1eadn h\u01b0\u1edfng lu\u1ed3ng gi\u00f3 m\u00e1t l\u1ea1nh d\u00f9 \u1edf v\u1ecb tr\u00ed n\u00e0o trong ph\u00f2ng<\/p>\n<p style=\"text-align: justify;\"><strong>Ch\u1ebf \u0111\u1ed9 h\u00fat \u1ea9m t\u1ef1 \u0111\u1ed9ng<\/strong>: Ph\u00f9 h\u1ee3p v\u1edbi kh\u00ed h\u1eadu n\u00f3ng \u1ea9m \u1edf Vi\u1ec7t Nam, t\u1ef1 \u0111\u1ed9ng h\u00fat \u1ea9m gi\u1ea3m thi\u1ec3u \u0111\u1ed9 \u1ea9m qu\u00e1 cao g\u00e2y n\u00ean nh\u1eefng h\u1ec7 qu\u1ea3 nh\u01b0 n\u1ea5m m\u1ed1c hay \u1ea9m \u01b0\u1edbt g\u00e2y kh\u00f3 ch\u1ecbu.<\/p>\n<p style=\"text-align: justify;\"><strong>Ch\u1ebf \u0111\u1ed9 h\u1eb9n gi\u1edd<\/strong>: Cho ph\u00e9p ng\u01b0\u1eddi d\u00f9ng t\u1ef1 c\u00e0i \u0111\u1eb7t th\u1eddi gian c\u0169ng nh\u01b0 ch\u1ebf \u0111\u1ed9 v\u1eadn h\u00e0nh cho m\u00e1y \u0111i\u1ec1u h\u00f2a, \u0111i\u1ec1u h\u00f2a s\u1ebd ho\u1ea1t \u0111\u1ed9ng theo l\u1ecbch tr\u00ecnh \u0111\u00e3 thi\u1ebft l\u1eadp s\u1eb5n.<\/p>\n<p style=\"text-align: justify;\"><strong>Ch\u1ebf \u0111\u1ed9 t\u1ef1 \u0111\u1ed9ng l\u00e0m s\u1ea1ch:<\/strong> m\u00e1y s\u1ebd ti\u1ebfp t\u1ee5c \u0111\u1ec3 qu\u1ea1t gi\u00f3 ho\u1ea1t \u0111\u1ed9ng trong 1 th\u1eddi gian nh\u1ea5t \u0111\u1ecbnh sau khi t\u1eaft m\u00e1y \u0111\u1ec3 hong kh\u00f4 d\u00e0n l\u1ea1nh tr\u00e1nh b\u1ee5i b\u1ea9n v\u00e0 n\u1ea5m m\u1ed1c sinh ra do d\u00e0n l\u1ea1nh b\u1ecb \u1ea9m \u01b0\u1edbt.<\/p>\n<p style=\"text-align: justify;\">\u0110i\u1ec1u h\u00f2a t\u1ee7 \u0111\u1ee9ng Gree <strong>GVH48AH<\/strong> kh\u00f4ng ch\u1ec9 l\u00e0m l\u1ea1nh \/ s\u01b0\u1edfi \u1ea5m hi\u1ec7u qu\u1ea3, ki\u1ec3u d\u00e1ng thi\u1ebft k\u1ebf \u0111\u1eb9p v\u00e0 sang tr\u1ecdng m\u00e0 m\u00e1y c\u00f2n ho\u1ea1t \u0111\u1ed9ng b\u1ec1n b\u1ec9 v\u1edbi th\u1eddi gian b\u1ea3o h\u00e0nh m\u00e1y 3 n\u0103m v\u00e0 m\u00e1y n\u00e9n 5 n\u0103m gi\u00fap b\u1ea1n ho\u00e0n to\u00e0n y\u00ean t\u00e2m v\u1ec1 ch\u1ea5t l\u01b0\u1ee3ng theo ti\u00eau chu\u1ea9n h\u00e0ng \u0111\u1ea7u tr\u00ean th\u1ebf gi\u1edbi.<\/p>\n<p style=\"text-align: justify;\">\u0110i\u1ec1u h\u00f2a Gree \u0111\u1eb7t s\u00e0n <strong>GVH48AH<\/strong> th\u1ef1c s\u1ef1 l\u00e0 m\u1ed9t chi\u1ebfc \u0111i\u1ec1u h\u00f2a \u0111\u00e1ng mua d\u00e0nh cho nh\u1eefng ng\u01b0\u1eddi ti\u00eau d\u00f9ng th\u00f4ng th\u00e1i.<\/p>\n<\/div>\n<p>&nbsp;<\/p>\n","protected":false},"excerpt":{"rendered":"<ul class=\"l pr-des-featured\">\n<li>\u0110i\u1ec1u h\u00f2a \u0111\u1eb7t s\u00e0n Gree ch\u1ea5t l\u01b0\u1ee3ng t\u1ed1t<\/li>\n<li>2 chi\u1ec1u &#8211; 48.000Btu &#8211; Gas R410A<\/li>\n<li>L\u00e0m l\u1ea1nh nhanh, s\u01b0\u1edfi \u1ea5m hi\u1ec7u qu\u1ea3<\/li>\n<li>V\u1eadn h\u00e0nh \u00eam \u00e1i, s\u01b0\u1edfi th\u00f4ng minh<\/li>\n<li>Xu\u1ea5t x\u1ee9: Ch\u00ednh h\u00e3ng Trung Qu\u1ed1c<\/li>\n<li>B\u1ea3o h\u00e0nh: Ch\u00ednh h\u00e3ng 3 n\u0103m, m\u00e1y n\u00e9n 5 n\u0103m<\/li>\n<\/ul>\n","protected":false},"featured_media":2693,"comment_status":"open","ping_status":"closed","template":"","meta":[],"_links":{"self":[{"href":"http:\/\/maudep.com.vn\/chuyengiadienmay\/index.php?rest_route=\/wp\/v2\/product\/2694"}],"collection":[{"href":"http:\/\/maudep.com.vn\/chuyengiadienmay\/index.php?rest_route=\/wp\/v2\/product"}],"about":[{"href":"http:\/\/maudep.com.vn\/chuyengiadienmay\/index.php?rest_route=\/wp\/v2\/types\/product"}],"replies":[{"embeddable":true,"href":"http:\/\/maudep.com.vn\/chuyengiadienmay\/index.php?rest_route=%2Fwp%2Fv2%2Fcomments&post=2694"}],"wp:featuredmedia":[{"embeddable":true,"href":"http:\/\/maudep.com.vn\/chuyengiadienmay\/index.php?rest_route=\/wp\/v2\/media\/2693"}],"wp:attachment":[{"href":"http:\/\/maudep.com.vn\/chuyengiadienmay\/index.php?rest_route=%2Fwp%2Fv2%2Fmedia&parent=2694"}],"curies":[{"name":"wp","href":"https:\/\/api.w.org\/{rel}","templated":true}]}}