{"id":2696,"date":"2019-01-09T11:22:46","date_gmt":"2019-01-09T04:22:46","guid":{"rendered":"http:\/\/maudep.com.vn\/chuyengiadienmay\/?post_type=product&#038;p=2696"},"modified":"2019-01-22T11:07:56","modified_gmt":"2019-01-22T04:07:56","slug":"dieu-hoa-tu-dung-gree-2-chieu-55-000btu-gvh55ah","status":"publish","type":"product","link":"http:\/\/maudep.com.vn\/chuyengiadienmay\/?product=dieu-hoa-tu-dung-gree-2-chieu-55-000btu-gvh55ah","title":{"rendered":"\u0110i\u1ec1u h\u00f2a t\u1ee7 \u0111\u1ee9ng Gree 2 chi\u1ec1u 55.000BTU GVH55AH"},"content":{"rendered":"<div id=\"chitiet-1\" class=\"w-pd-i-content\">\n<p class=\"w-pd-i-c-head\">\u0110i\u1ec1u h\u00f2a t\u1ee7 \u0111\u1ee9ng Gree 2 chi\u1ec1u 55.000BTU GVH55AH<\/p>\n<p>\u0110i\u1ec1u h\u00f2a t\u1ee7 \u0111\u1ee9ng Gree GVH55AH C\u00f4ng su\u1ea5t 55.000BTU 2 chi\u1ec1u (m\u00e1t l\u1ea1nh m\u00f9a h\u00e8, \u1ea5m \u00e1p m\u00f9a \u0111\u00f4ng) l\u1ea1nh s\u1eed d\u1ee5ng gas R410A thi\u1ebft k\u1ebf nh\u1ecf g\u1ecdn ph\u00f9 h\u1ee3p v\u1edbi m\u1ecdi kh\u00f4ng gian n\u1ed9i th\u1ea5t l\u1eafp \u0111\u1eb7t cho ph\u00f2ng h\u1ecdp, h\u1ed9i tr\u01b0\u1eddng ho\u1eb7c c\u00e1c nh\u00e0 m\u00e1y.<\/p>\n<\/div>\n<p>&nbsp;<\/p>\n","protected":false},"excerpt":{"rendered":"<div class=\"w-pd-b-r-col6\">\n<ul class=\"l pr-des-featured\">\n<li>\u0110i\u1ec1u h\u00f2a c\u00e2y Gree t\u1ed1t nh\u1ea5t<\/li>\n<li>2 chi\u1ec1u &#8211; 55.000Btu &#8211; Gas R410A<\/li>\n<li>Ch\u1ebf \u0111\u1ed9 s\u01b0\u1edfi th\u00f4ng minh<\/li>\n<li>M\u00e0n h\u00ecnh hi\u1ec3n th\u1ecb LED<\/li>\n<li>Xu\u1ea5t x\u1ee9: Ch\u00ednh h\u00e3ng Trung Qu\u1ed1c<\/li>\n<li>B\u1ea3o h\u00e0nh: Ch\u00ednh h\u00e3ng 3 n\u0103m, m\u00e1y n\u00e9n 5 n\u0103m<\/li>\n<\/ul>\n<\/div>\n<div class=\"w-pd-b-r-col5\">\n<div class=\"w-pd-b-r-col6\"><\/div>\n<div class=\"w-pd-b-r-col5\"><\/div>\n<\/div>\n","protected":false},"featured_media":2693,"comment_status":"open","ping_status":"closed","template":"","meta":[],"_links":{"self":[{"href":"http:\/\/maudep.com.vn\/chuyengiadienmay\/index.php?rest_route=\/wp\/v2\/product\/2696"}],"collection":[{"href":"http:\/\/maudep.com.vn\/chuyengiadienmay\/index.php?rest_route=\/wp\/v2\/product"}],"about":[{"href":"http:\/\/maudep.com.vn\/chuyengiadienmay\/index.php?rest_route=\/wp\/v2\/types\/product"}],"replies":[{"embeddable":true,"href":"http:\/\/maudep.com.vn\/chuyengiadienmay\/index.php?rest_route=%2Fwp%2Fv2%2Fcomments&post=2696"}],"wp:featuredmedia":[{"embeddable":true,"href":"http:\/\/maudep.com.vn\/chuyengiadienmay\/index.php?rest_route=\/wp\/v2\/media\/2693"}],"wp:attachment":[{"href":"http:\/\/maudep.com.vn\/chuyengiadienmay\/index.php?rest_route=%2Fwp%2Fv2%2Fmedia&parent=2696"}],"curies":[{"name":"wp","href":"https:\/\/api.w.org\/{rel}","templated":true}]}}