{"id":2890,"date":"2019-01-10T14:39:11","date_gmt":"2019-01-10T07:39:11","guid":{"rendered":"http:\/\/maudep.com.vn\/chuyengiadienmay\/?post_type=product&#038;p=2890"},"modified":"2019-01-21T17:53:36","modified_gmt":"2019-01-21T10:53:36","slug":"dieu-hoa-noi-ong-gio-daikin-30-000btu-fdmnq30mv1-rnq30my1","status":"publish","type":"product","link":"http:\/\/maudep.com.vn\/chuyengiadienmay\/?product=dieu-hoa-noi-ong-gio-daikin-30-000btu-fdmnq30mv1-rnq30my1","title":{"rendered":"\u0110i\u1ec1u h\u00f2a n\u1ed1i \u1ed1ng gi\u00f3 Daikin 30.000BTU FDMNQ30MV1\/RNQ30MY1"},"content":{"rendered":"<div id=\"chitiet-1\" class=\"w-pd-i-content\">\n<p class=\"w-pd-i-c-head\">\u0110i\u1ec1u h\u00f2a n\u1ed1i \u1ed1ng gi\u00f3 Daikin 30.000BTU FDMNQ30MV1\/RNQ30MY1<\/p>\n<p>Xu h\u01b0\u1edbng ch\u1ecdn mua m\u00e1y \u0111i\u1ec1u h\u00f2a n\u1ed1i \u1ed1ng gi\u00f3 Daikin l\u1eafp \u0111\u1eb7t nh\u00e0 h\u00e0ng, c\u1eeda h\u00e0ng th\u1eddi trang&#8230;ng\u00e0y c\u00e0ng nhi\u1ec1u. M\u00e1y \u0111i\u1ec1u h\u00f2a gi\u1ea5u tr\u1ea7n n\u1ed1i \u1ed1ng gi\u00f3\u00a0Daikin 1 chi\u1ec1u 30.000BTU Model: <strong>FDMNQ30MV1\/RNQ30MV1 (Y1) <\/strong>s\u1eed d\u1ee5ng \u0111i\u1ec7n 1 pha ho\u1eb7c 3 pha ph\u00f9 h\u1ee3p l\u1eafp \u0111\u1eb7t cho ph\u00f2ng c\u00f3 di\u1ec7n t\u00edch 50m2.<\/p>\n<p>C\u00e1c nh\u00e0 h\u00e0ng t\u1ea1i H\u00e0 N\u1ed9i s\u1eed d\u1ee5ng m\u00e1y \u0111i\u1ec1u h\u00f2a gi\u1ea5u tr\u1ea7n n\u1ed1i \u1ed1ng gi\u00f3 c\u00f3 th\u1ec3 k\u1ec3 \u0111\u1ebfn nh\u01b0: Pizza Hut, Pizza 4Ps&#8230;B\u1edfi \u01b0u \u0111i\u1ec3m c\u1ee7a n\u00f3 mang l\u1ea1i b\u1ea7u kh\u00f4ng kh\u00ed tho\u1ea3i m\u00e1i l\u00e0 kh\u1ea9u hi\u1ec7u c\u1ee7a m\u1ed9t tr\u1ea3i nghi\u1ec7m \u0103n u\u1ed1ng ho\u00e0n h\u1ea3o, v\u00e0 Daikin mang \u0111\u1ebfn nh\u1eefng gi\u1ea3i ph\u00e1p to\u00e0n di\u1ec7n \u0111\u1ec3 t\u1ea1o ra s\u1ef1 tho\u1ea3i m\u00e1i n\u00e0y. Trong khi h\u01a1i n\u00f3ng t\u1eeb nh\u00e0 b\u1ebfp, t\u1eeb \u0111\u00e8n chi\u1ebfu s\u00e1ng v\u00e0 t\u1eeb nh\u1eefng kh\u00e1ch h\u00e0ng n\u00e1o nhi\u1ec7t c\u00f3 th\u1ec3 g\u00e2y kh\u00f3 kh\u0103n cho vi\u1ec7c duy tr\u00ec \u0111\u1ed9 l\u1ea1nh n\u1ebfu h\u1ec7 th\u1ed1ng \u0111i\u1ec1u h\u00f2a kh\u00f4ng \u0111\u1ee7 m\u1ea1nh m\u1ebd th\u00ec kh\u1ea3 n\u0103ng \u0111i\u1ec1u khi\u1ec3n ch\u00ednh x\u00e1c v\u00e0 c\u00e1ch b\u1ed1 tr\u00ed linh ho\u1ea1t c\u1ee7a s\u1ea3n ph\u1ea9m Daikin s\u1ebd \u0111\u00e1p \u1ee9ng \u0111\u1ea7y \u0111\u1ee7 m\u1ecdi nhu c\u1ea7u c\u1ee7a nh\u00e0 h\u00e0ng.<\/p>\n<p>Tho\u1ea3i m\u00e1i trong c\u00e1ch b\u1ed1 tr\u00ed<\/p>\n<p style=\"text-align: justify;\"><span style=\"color: #000000;\">H\u1ec7 th\u1ed1ng \u1ed1ng gi\u00f3 cho ph\u00e9p b\u1ed1 tr\u00ed hi\u1ec7u qu\u1ea3 nh\u1ea5t c\u00e1c mi\u1ec7ng gi\u00f3, ph\u00f9 h\u1ee3p v\u1edbi b\u1ed1 tr\u00ed trong ph\u00f2ng<\/span><\/p>\n<p style=\"text-align: justify;\"><span style=\"color: #000000;\">Khoang h\u00fat gi\u00f3 h\u1ed3i chu\u1ea9n ph\u00eda sau gi\u00fap vi\u1ec7c n\u1ed1i \u1ed1ng gi\u00f3 \u0111\u01a1n gi\u1ea3n h\u01a1n<\/span><\/p>\n<p style=\"text-align: justify;\"><span style=\"color: #000000;\">V\u1eadn h\u00e0nh \u00eam<\/span><\/p>\n<table style=\"width: 50%;\" border=\"1\" cellspacing=\"0\" cellpadding=\"0\">\n<tbody>\n<tr>\n<td style=\"height: 17px; width: 123px;\">D\u00e0n l\u1ea1nh<\/td>\n<td style=\"width: 64px;\">Cao<\/td>\n<td style=\"width: 64px;\">Th\u1ea5p<\/td>\n<\/tr>\n<tr>\n<td style=\"height: 17px;\">FDMNQ30MV1<\/td>\n<td>44<\/td>\n<td>36<\/td>\n<\/tr>\n<\/tbody>\n<\/table>\n<p style=\"text-align: justify;\"><span style=\"color: #000000;\">T\u1ed1c \u0111\u1ed9 qu\u1ea1t c\u00f3 th\u1ec3 \u0111i\u1ec1u ch\u1ec9nh: Cao\/Th\u1ea5p<\/span><\/p>\n<p style=\"text-align: justify;\"><span style=\"color: #000000;\">\u0110\u1ea5u n\u1ed1i \u1ed1ng n\u01b0\u1edbc x\u1ea3 c\u00f3 th\u1ec3 th\u1ef1c hi\u1ec7n b\u00ean trong m\u00e1y. \u1ed0ng m\u00f4i ch\u1ea5t l\u1ea1nh v\u00e0 \u1ed1ng n\u01b0\u1edbc x\u1ea3 c\u00f3 chung \u0111\u1ea7u ra<\/span><\/p>\n<\/div>\n<p>&nbsp;<\/p>\n","protected":false},"excerpt":{"rendered":"<ul class=\"l pr-des-featured\">\n<li>\u0110i\u1ec1u h\u00f2a n\u1ed1i \u1ed1ng gi\u00f3 Daikin FDMNQ30MV1\/RNQ30MY1<\/li>\n<li>1 chi\u1ec1u &#8211; 30.000BTU &#8211; 3 pha &#8211; Gas R410a<\/li>\n<li>C\u1eeda gi\u00f3 b\u1ed1 tr\u00ed linh ho\u1ea1t, sang tr\u1ecdng<\/li>\n<li>D\u1ec5 d\u00e0ng b\u1ea3o tr\u00ec, b\u1ea3o d\u01b0\u1ee1ng<\/li>\n<li>Xu\u1ea5t x\u1ee9: Ch\u00ednh h\u00e3ng Th\u00e1i Lan<\/li>\n<li>B\u1ea3o h\u00e0nh: M\u00e1y 1 n\u0103m, m\u00e1y n\u00e9n 4 n\u0103m<\/li>\n<\/ul>\n","protected":false},"featured_media":2891,"comment_status":"open","ping_status":"closed","template":"","meta":[],"_links":{"self":[{"href":"http:\/\/maudep.com.vn\/chuyengiadienmay\/index.php?rest_route=\/wp\/v2\/product\/2890"}],"collection":[{"href":"http:\/\/maudep.com.vn\/chuyengiadienmay\/index.php?rest_route=\/wp\/v2\/product"}],"about":[{"href":"http:\/\/maudep.com.vn\/chuyengiadienmay\/index.php?rest_route=\/wp\/v2\/types\/product"}],"replies":[{"embeddable":true,"href":"http:\/\/maudep.com.vn\/chuyengiadienmay\/index.php?rest_route=%2Fwp%2Fv2%2Fcomments&post=2890"}],"wp:featuredmedia":[{"embeddable":true,"href":"http:\/\/maudep.com.vn\/chuyengiadienmay\/index.php?rest_route=\/wp\/v2\/media\/2891"}],"wp:attachment":[{"href":"http:\/\/maudep.com.vn\/chuyengiadienmay\/index.php?rest_route=%2Fwp%2Fv2%2Fmedia&parent=2890"}],"curies":[{"name":"wp","href":"https:\/\/api.w.org\/{rel}","templated":true}]}}