{"id":2952,"date":"2019-01-10T19:12:42","date_gmt":"2019-01-10T12:12:42","guid":{"rendered":"http:\/\/maudep.com.vn\/chuyengiadienmay\/?post_type=product&#038;p=2952"},"modified":"2019-01-17T15:29:36","modified_gmt":"2019-01-17T08:29:36","slug":"noi-chien-khong-khi-klarstein","status":"publish","type":"product","link":"http:\/\/maudep.com.vn\/chuyengiadienmay\/?product=noi-chien-khong-khi-klarstein","title":{"rendered":"N\u1ed3i chi\u00ean kh\u00f4ng d\u1ea7u Klarstein Tubo 9 L\u00edt"},"content":{"rendered":"<p style=\"font-weight: 400;\"><strong>N\u1ed2I CHI\u00caN KH\u00d4NG KH\u00cd KLARSTEIN TUBO 9L<\/strong><\/p>\n<p>M\u1eabu n\u1ed3i chi\u00ean n\u01b0\u1edbng kh\u00f4ng d\u1ea7u \u0111\u1eddi m\u1edbi nh\u1ea5t Klarstein Turbo<br \/>\nSo v\u1edbi m\u1eabu\u00a0n\u1ed3i c\u0169, n\u1ed3i c\u00f3 3 c\u1ea3i ti\u1ebfn ch\u00ednh:<br \/>\n+ Ch\u1ea5t li\u1ec7u v\u1ecf nh\u1ef1a cao c\u1ea5p v\u00e0 x\u1ecbn h\u01a1n<br \/>\n+ B\u1ea3ng \u0111i\u1ec1u khi\u1ec3n chuy\u1ec3n xu\u1ed1ng th\u00e2n n\u1ed3i thay cho tr\u00ean n\u1eafp n\u1ed3i (khu v\u1ef1c t\u1ea1o kh\u00ed n\u00f3ng)<br \/>\n+ Ki\u1ec3u d\u00e1ng v\u00e0 h\u00ecnh th\u1ee9c thanh l\u1ecbch, sang tr\u1ecdng h\u01a1n<\/p>\n<p style=\"font-weight: 400;\">Chi ti\u1ebft s\u1ea3n ph\u1ea9m:<br \/>\n&#8211; G\u1ed3m n\u1ed3i v\u00e0 ph\u1ee5 ki\u1ec7n &#8211; khay tr\u00f2n, ph\u00ean n\u01b0\u1edbng, xi\u00ean th\u1ecbt v\u00e0 l\u1ed3ng n\u01b0\u1edbng.<br \/>\n* C\u00e0i \u0111\u1eb7t nhi\u1ec7t \u0111\u1ed9: 50-230 \u00b0 C<br \/>\n* Cho ph\u00e9p chi\u00ean kh\u00f4ng d\u1ea7u ho\u1eb7c n\u01b0\u1edbng b\u00e1nh, th\u1ecbt, khoai t\u00e2y, rau c\u1ee7<br \/>\n* Ch\u1ee9c n\u0103ng h\u1eb9n gi\u1edd &#8211; Time B\u1eaft \u0111\u1ea7u<br \/>\n* Kh\u1ea3m kim lo\u1ea1i c\u00f3 th\u1ec3 th\u00e1o r\u1eddi v\u1edbi l\u1edbp ph\u1ee7 kh\u00f4ng d\u00ednh<br \/>\n* T\u1ef1 \u0111\u1ed9ng t\u1eaft m\u00e1y v\u00e0o cu\u1ed1i ch\u01b0\u01a1ng tr\u00ecnh ho\u1eb7c m\u1edf n\u1eafp<br \/>\n* Qu\u1ea1t th\u00f4ng gi\u00f3<br \/>\n* M\u00e0n h\u00ecnh LCD \u0111\u1ed9 ph\u00e2n gi\u1ea3i cao<br \/>\n* Ngu\u1ed3n \u0111i\u1ec7n: 220-230V<\/p>\n<p><strong>8 ch\u01b0\u01a1ng tr\u00ecnh c\u00e0i s\u1eb5n:<\/strong><br \/>\n&#8211; Ch\u01b0\u01a1ng tr\u00ecnh nhanh<br \/>\n&#8211; Chi\u00ean g\u00e0<br \/>\n&#8211; N\u01b0\u1edbng trong l\u1ed3ng (khoai t\u00e2y chi\u00ean)<br \/>\n&#8211; Baking<br \/>\n&#8211; Pizza<br \/>\n&#8211; Steak<br \/>\n&#8211; Xi\u00ean<br \/>\n&#8211; Chuy\u1ec3n c\u00e1c ch\u1ee9c n\u0103ng quay<\/p>\n<p>&nbsp;<\/p>\n<p>&nbsp;<\/p>\n<p>&nbsp;<\/p>\n<p>&nbsp;<\/p>\n","protected":false},"excerpt":{"rendered":"<p>G\u1ed3m n\u1ed3i v\u00e0 ph\u1ee5 ki\u1ec7n &#8211; khay tr\u00f2n, ph\u00ean n\u01b0\u1edbng, xi\u00ean th\u1ecbt v\u00e0 l\u1ed3ng n\u01b0\u1edbng.<br \/>\n* C\u00e0i \u0111\u1eb7t nhi\u1ec7t \u0111\u1ed9: 50-230 \u00b0 C<br \/>\n* Cho ph\u00e9p chi\u00ean kh\u00f4ng d\u1ea7u ho\u1eb7c n\u01b0\u1edbng b\u00e1nh, th\u1ecbt, khoai t\u00e2y, rau c\u1ee7<br \/>\n* Ch\u1ee9c n\u0103ng h\u1eb9n gi\u1edd &#8211; Time B\u1eaft \u0111\u1ea7u<br \/>\n* Kh\u1ea3m kim lo\u1ea1i c\u00f3 th\u1ec3 th\u00e1o r\u1eddi v\u1edbi l\u1edbp ph\u1ee7 kh\u00f4ng d\u00ednh<br \/>\n* T\u1ef1 \u0111\u1ed9ng t\u1eaft m\u00e1y v\u00e0o cu\u1ed1i ch\u01b0\u01a1ng tr\u00ecnh ho\u1eb7c m\u1edf n\u1eafp<br \/>\n* Qu\u1ea1t th\u00f4ng gi\u00f3<br \/>\n* M\u00e0n h\u00ecnh LCD \u0111\u1ed9 ph\u00e2n gi\u1ea3i cao<\/p>\n<p>&nbsp;<\/p>\n<p>&nbsp;<\/p>\n<p>&nbsp;<\/p>\n","protected":false},"featured_media":2953,"comment_status":"open","ping_status":"closed","template":"","meta":[],"_links":{"self":[{"href":"http:\/\/maudep.com.vn\/chuyengiadienmay\/index.php?rest_route=\/wp\/v2\/product\/2952"}],"collection":[{"href":"http:\/\/maudep.com.vn\/chuyengiadienmay\/index.php?rest_route=\/wp\/v2\/product"}],"about":[{"href":"http:\/\/maudep.com.vn\/chuyengiadienmay\/index.php?rest_route=\/wp\/v2\/types\/product"}],"replies":[{"embeddable":true,"href":"http:\/\/maudep.com.vn\/chuyengiadienmay\/index.php?rest_route=%2Fwp%2Fv2%2Fcomments&post=2952"}],"wp:featuredmedia":[{"embeddable":true,"href":"http:\/\/maudep.com.vn\/chuyengiadienmay\/index.php?rest_route=\/wp\/v2\/media\/2953"}],"wp:attachment":[{"href":"http:\/\/maudep.com.vn\/chuyengiadienmay\/index.php?rest_route=%2Fwp%2Fv2%2Fmedia&parent=2952"}],"curies":[{"name":"wp","href":"https:\/\/api.w.org\/{rel}","templated":true}]}}