{"id":2963,"date":"2019-01-11T09:42:15","date_gmt":"2019-01-11T02:42:15","guid":{"rendered":"http:\/\/maudep.com.vn\/chuyengiadienmay\/?post_type=product&#038;p=2963"},"modified":"2019-01-17T15:20:05","modified_gmt":"2019-01-17T08:20:05","slug":"may-ep-cham-klarstein-150w-70-vong-phut","status":"publish","type":"product","link":"http:\/\/maudep.com.vn\/chuyengiadienmay\/?product=may-ep-cham-klarstein-150w-70-vong-phut","title":{"rendered":"M\u00e1y \u00e9p ch\u1eadm Klarstein 150W (70 V\u00f2ng\/ph\u00fat) &#8211; M\u00e0u tr\u1eafng s\u1eefa"},"content":{"rendered":"<div class=\"detail-noidung\">\n<div id=\"thongtinchinh\" class=\"hidden chitiethienlen\">\n<h2><strong>M\u00e1y \u00e9p klarstein 70 V\u00f2ng \/ ph\u00fat<\/strong><\/h2>\n<p><strong>M\u00e1y \u00e9p hoa qu\u1ea3 t\u1ed1c \u0111\u1ed9 ch\u1eadm klarstein<\/strong>\u00a0l\u00e0 m\u1ed9t th\u01b0\u01a1ng hi\u1ec7u ch\u1ea5t l\u01b0\u1ee3ng t\u1edbi t\u1eeb n\u01b0\u1edbc \u0110\u1ee9c, \u0111\u01b0\u1ee3c ng\u01b0\u1eddi d\u00e2n \u0110\u1ee9c \u0111\u00e1nh gi\u00e1 r\u1ea5t cao v\u00ec cho ra s\u1ea3n ph\u1ea9m n\u01b0\u1edbc \u00e9p th\u1eadt s\u1ef1 tuy\u1ec7t v\u1eddi. Hi\u1ec7n nay c\u00f3 hai lo\u1ea1i\u00a0<strong>m\u00e1y \u00e9p klarstein\u00a0<\/strong>\u0111ang r\u1ea5t \u0111\u01b0\u1ee3c \u01b0a chu\u1ed9ng tr\u00ean th\u1ecb tr\u01b0\u1eddng \u0111\u00f3 l\u00e0 m\u00e1y \u00e9p ch\u1eadm Klarstein 150W v\u00e0 m\u00e1y \u00e9p ch\u1eadm Klarstein 400W.<\/p>\n<p>V\u1edbi c\u01a1 ch\u1ebf 150w, 70 v\u00f2ng\/ph\u00fat, m\u00e1y ti\u00eau hao \u00edt \u0111i\u1ec7n n\u0103ng v\u00e0 l\u00e0m cho hoa qu\u1ea3 \u0111\u01b0\u1ee3c \u00e9p v\u1edbi th\u1eddi gian h\u1ee3p l\u00fd kh\u00f4ng ph\u1ea3i ch\u1edd \u0111\u1ee3i qu\u00e1 l\u00e2u m\u00e0 v\u1eabn gi\u1eef \u0111\u01b0\u1ee3c tinh ch\u1ea5t v\u00e0 vitamin nh\u01b0 mong \u0111\u1ee3i.\u00a0<strong>M\u00e1y \u00e9p ch\u1eadm Klarstein\u00a0<\/strong>\u0111\u1ea3m b\u1ea3o gi\u00fap t\u1ea1o ra n\u01b0\u1edbc \u00e9p t\u1eeb hoa qu\u1ea3 hay rau gi\u1eef t\u1edbi 99% tinh ch\u1ea5t, c\u00f3 th\u1ec3 \u00e9p t\u1eeb rau m\u00e1 t\u1edbi qu\u1ea3 d\u1ee9a, l\u00e0m b\u00e3 ki\u1ec7t kh\u00f4 v\u00e0 n\u01b0\u1edbc qu\u1ea3 kh\u00f4ng b\u1ecb ph\u00e2n t\u1ea7ng, \u0111\u01b0\u1ee3c s\u1ea3n xu\u1ea5t v\u1edbi c\u01a1 ch\u1ebf y h\u1ec7t c\u01a1 ch\u1ebf c\u1ee7a Hurom nh\u01b0ng gi\u00e1 th\u00ec 1\/3 c\u00f2n ch\u1ea5t l\u01b0\u1ee3ng l\u1ea1i Made in Germany.<br \/>\n<img title=\"100201111klarsteinfruitpressoslowjuicer\" src=\"http:\/\/klarsteinvn.vn\/hinhanh\/sanpham\/100201111klarsteinfruitpressoslowjuicer.jpg\" alt=\"100201111klarsteinfruitpressoslowjuicer\" \/><\/p>\n<h2><strong>C\u00e1ch s\u1eed d\u1ee5ng v\u00e0 nguy\u00ean l\u00fd ho\u1ea1t \u0111\u1ed9ng<\/strong><\/h2>\n<p>M\u00e1y s\u1eed d\u1ee5ng c\u00f4ng ngh\u1ec7 \u00e9p ch\u1eadm t\u00e2n ti\u1ebfn nh\u1ea5t hi\u1ec7n nay v\u1edbi \u0111\u1ed9ng c\u01a1 t\u1ed1c \u0111\u1ed9 ch\u1eadm kho\u1ea3ng 70 v\u00f2ng\/ph\u00fat k\u1ebft h\u1ee3p v\u1edbi m\u00e0ng l\u1ecdc b\u1eb1ng th\u00e9p kh\u00f4ng g\u1ec9 s\u1ebd cho ch\u00fang ta m\u1ed9t s\u1ea3n ph\u1ea9m n\u01b0\u1edbc \u00e9p ho\u00e0n h\u1ea3o. L\u01b0\u1ee3ng n\u01b0\u1edbc \u00e9p \u0111\u01b0\u1ee3c cao g\u1ea5p 6 l\u1ea7n so v\u1edbi c\u00e1c m\u00e1y \u00e9p hoa qu\u1ea3 li t\u00e2m th\u00f4ng th\u01b0\u1eddng, n\u01b0\u1edbc \u00e9p ra s\u00e1nh m\u1ecbn kh\u00f4ng b\u1ecb ph\u00e2n t\u1ea7ng. V\u00e0 \u0111i\u1ec1u tuy\u1ec7t v\u1eddi nh\u1ea5t chi\u1ebfc m\u00e1y mang l\u1ea1i l\u00e0 n\u00f3 s\u1ebd gi\u1eef nguy\u00ean t\u1edbi 98% l\u01b0\u1ee3ng vitamin, kho\u00e1ng ch\u1ea5t c\u00f3 trong rau c\u1ee7 qu\u1ea3 kh\u00f4ng l\u00e0m m\u1ea5t \u0111i h\u01b0\u01a1ng v\u1ecb t\u1ef1 nhi\u00ean v\u1ed1n c\u00f3 c\u1ee7a ch\u00fang. \u0110i\u1ec1u n\u00e0y \u0111\u00e3 \u0111\u01b0\u1ee3c c\u00e1c nh\u00e0 khoa h\u1ecdc \u0110\u1ee9c ki\u1ec3m nghi\u1ec7m v\u00e0 kh\u1eb3ng \u0111\u1ecbnh nh\u00e9.<\/p>\n<p>C\u00e1c b\u1ed9 ph\u1eadn m\u00e1y c\u00f3 th\u1ec3 t\u00e1ch r\u1eddi, r\u1ea5t d\u1ec5 d\u00e0ng th\u00e1o l\u1eafp \u0111\u1ec3 v\u1ec7 sinh k\u0129 h\u01a1n n\u1ebfu ch\u00fang ta mu\u1ed1n b\u1eddi v\u00ec m\u00e1y \u0111\u00e3 c\u00f3 ch\u1ee9c n\u0103ng t\u1ef1 \u0111\u1ed9ng v\u1ec7 sinh r\u1ed3i. Hai khay h\u1ed9p l\u1edbn \u0111i c\u00f9ng \u0111\u1ec3 \u0111\u1ef1ng b\u00e3 v\u00e0 th\u00e0nh ph\u1ea9m, ch\u00fang \u0111\u01b0\u1ee3c l\u00e0m t\u1eeb nh\u1ef1a ABS cao c\u1ea5p ho\u00e0n to\u00e0n kh\u00f4ng g\u00e2y \u0111\u1ed9c h\u1ea1i cho con ng\u01b0\u1eddi.<\/p>\n<p><img title=\"100201114klarsteinfruitpressoslowjuicer\" src=\"http:\/\/klarsteinvn.vn\/hinhanh\/sanpham\/100201114klarsteinfruitpressoslowjuicer.jpg\" alt=\"100201114klarsteinfruitpressoslowjuicer\" \/><\/p>\n<\/div>\n<\/div>\n<p>&nbsp;<\/p>\n","protected":false},"excerpt":{"rendered":"<p><strong>M\u00e1y \u00e9p hoa qu\u1ea3 t\u1ed1c \u0111\u1ed9 ch\u1eadm klarstein<\/strong>\u00a0l\u00e0 m\u1ed9t th\u01b0\u01a1ng hi\u1ec7u ch\u1ea5t l\u01b0\u1ee3ng t\u1edbi t\u1eeb n\u01b0\u1edbc \u0110\u1ee9c, \u0111\u01b0\u1ee3c ng\u01b0\u1eddi d\u00e2n \u0110\u1ee9c \u0111\u00e1nh gi\u00e1 r\u1ea5t cao v\u00ec cho ra s\u1ea3n ph\u1ea9m n\u01b0\u1edbc \u00e9p th\u1eadt s\u1ef1 tuy\u1ec7t v\u1eddi. Hi\u1ec7n nay c\u00f3 hai lo\u1ea1i\u00a0<strong>m\u00e1y \u00e9p klarstein\u00a0<\/strong>\u0111ang r\u1ea5t \u0111\u01b0\u1ee3c \u01b0a chu\u1ed9ng tr\u00ean th\u1ecb tr\u01b0\u1eddng \u0111\u00f3 l\u00e0 m\u00e1y \u00e9p ch\u1eadm Klarstein 150W v\u00e0 m\u00e1y \u00e9p ch\u1eadm Klarstein 400W.<\/p>\n<p>&nbsp;<\/p>\n","protected":false},"featured_media":2966,"comment_status":"open","ping_status":"closed","template":"","meta":[],"_links":{"self":[{"href":"http:\/\/maudep.com.vn\/chuyengiadienmay\/index.php?rest_route=\/wp\/v2\/product\/2963"}],"collection":[{"href":"http:\/\/maudep.com.vn\/chuyengiadienmay\/index.php?rest_route=\/wp\/v2\/product"}],"about":[{"href":"http:\/\/maudep.com.vn\/chuyengiadienmay\/index.php?rest_route=\/wp\/v2\/types\/product"}],"replies":[{"embeddable":true,"href":"http:\/\/maudep.com.vn\/chuyengiadienmay\/index.php?rest_route=%2Fwp%2Fv2%2Fcomments&post=2963"}],"wp:featuredmedia":[{"embeddable":true,"href":"http:\/\/maudep.com.vn\/chuyengiadienmay\/index.php?rest_route=\/wp\/v2\/media\/2966"}],"wp:attachment":[{"href":"http:\/\/maudep.com.vn\/chuyengiadienmay\/index.php?rest_route=%2Fwp%2Fv2%2Fmedia&parent=2963"}],"curies":[{"name":"wp","href":"https:\/\/api.w.org\/{rel}","templated":true}]}}