{"id":2969,"date":"2019-01-11T10:11:19","date_gmt":"2019-01-11T03:11:19","guid":{"rendered":"http:\/\/maudep.com.vn\/chuyengiadienmay\/?post_type=product&#038;p=2969"},"modified":"2019-01-14T10:55:22","modified_gmt":"2019-01-14T03:55:22","slug":"may-ep-cham-klarstein-150w-32-vong-phut","status":"publish","type":"product","link":"http:\/\/maudep.com.vn\/chuyengiadienmay\/?product=may-ep-cham-klarstein-150w-32-vong-phut","title":{"rendered":"M\u00e1y \u00e9p ch\u1eadm Klarstein 150W (32 V\u00f2ng\/ ph\u00fat)"},"content":{"rendered":"<p style=\"font-weight: 400;\"><strong>M\u00e1y \u00e9p ch\u1eadm Klarstein 150w\/32v<\/strong><\/p>\n<p style=\"font-weight: 400;\">H\u00e3y b\u1eaft \u0111\u1ea7u ng\u00e0y m\u1edbi c\u1ee7a m\u00ecnh v\u1edbi m\u1ed9t c\u1ed1c n\u01b0\u1edbc \u00e9p tr\u00e1i c\u00e2y \u01b0a th\u00edch s\u1ebd gi\u00fap b\u1ea1n tr\u00e0n \u0111\u1ea7y n\u0103ng l\u01b0\u1ee3ng l\u00e0m vi\u1ec7c. S\u1ea3n ph\u1ea9m m\u00e1y \u00e9p ch\u1eadm klarstein l\u00e0 b\u1ea1n \u0111\u1ed3ng h\u00e0nh kh\u00f4ng th\u1ec3 thi\u1ebfu c\u1ee7a c\u00e1c b\u00e0 m\u1eb9 trong c\u00f4ng cu\u1ed9c ch\u0103m s\u00f3c s\u1ee9c kh\u1ecfe gia \u0111\u00ecnh.<\/p>\n<p style=\"font-weight: 400;\">&#8211; M\u00e1y \u00e9p kalrstein 150w s\u1eed d\u1ee5ng c\u00f4ng ngh\u1ec7 \u00e9p d\u1ecdc t\u1ed1c \u0111\u1ed9 ch\u1eadm v\u00e0 chia hai giai \u0111o\u1ea1n v\u1edbi s\u1ee9c m\u1ea1nh 150W gi\u00fap n\u01b0\u1edbc tr\u00e1i c\u00e2y s\u00e1nh m\u1ecbn c\u0169ng nh\u01b0 gi\u1eef nguy\u00ean \u0111\u01b0\u1ee3c vitamin v\u00e0 kho\u00e1ng ch\u1ea5t.<br \/>\n&#8211; V\u1edbi t\u1ed1c \u0111\u1ed9 \u00e9p tr\u00e1i c\u00e2y 32 v\u00f2ng\/ph\u00fat gi\u00fap tr\u00e1i c\u00e2y \u0111\u01b0\u1ee3c \u00e9p m\u1ed9t c\u00e1ch tri\u1ec7t \u0111\u1ec3, m\u00e0ng l\u1ecdc l\u00e0m t\u1eeb th\u00e9p kh\u00f4ng g\u1ec9 \u0111\u1ea3mb\u1ea3o \u0111\u1ed9 b\u1ec1n cao v\u00e0 ch\u1ea5t l\u01b0\u1ee3ng l\u1ecdc tuy\u1ec7t \u0111\u1ed1i<br \/>\n&#8211; Hai khay \u0111\u1ef1ng d\u00f9ng \u0111\u1ec3 \u0111\u1ef1ng n\u01b0\u1edbc \u00e9p v\u00e0 b\u00e3, m\u1ed7i khay c\u00f3 th\u1ec3 t\u00edch 900ml ho\u00e0n to\u00e0n tho\u1ea3i m\u00e1i cho b\u1ea1n s\u1eed d\u1ee5ng. Ch\u1ea5t l\u01b0\u1ee3ng \u0111\u01b0\u1ee3c l\u00e0m t\u1eeb nh\u1ef1a cao c\u1ea5p kh\u00f4ng lo n\u1ee9t v\u1ee1 v\u00e0 r\u1ea5t an to\u00e0n cho s\u1ee9c kh\u1ecfe. V\u00e0 \u0111i k\u00e8m l\u00e0 th\u00eam m\u1ed9t b\u00e0n ch\u1ea3i \u0111a n\u0103ng gi\u00fap b\u1ea1n v\u1ec1 sinh khay c\u0169ng nh\u01b0 m\u00e0ng l\u1ecdc m\u1ed9t c\u00e1ch d\u1ec5 d\u00e0ng nh\u1ea5t.<br \/>\n&#8211; Ch\u1ee9c n\u0103ng: n\u01b0\u1edbp \u00e9p v\u00e0 b\u00e3 tr\u00e1i c\u00e2y s\u1ebd \u0111\u01b0\u1ee3c t\u00e1ch ri\u00eang bi\u1ec7t, c\u00e1c b\u1ed9 ph\u1eadn s\u1eed d\u1ee5ng nh\u1ef1a ABS si\u00eau b\u1ec1n kh\u00f4ng \u0111\u1ed9c h\u1ea1i, s\u1eed d\u1ee5ng ngu\u1ed3n \u0111i\u1ec7n t\u01b0\u01a1ng th\u00edch l\u01b0\u1edbi \u0111i\u1ec7n \u1edf VN 220v-240v 50Hz- 60Hz.<\/p>\n<p>&nbsp;<\/p>\n","protected":false},"excerpt":{"rendered":"<p style=\"font-weight: 400;\"><strong>Th\u00f4ng tin n\u1ed5i b\u1eadt :<\/strong><\/p>\n<ul>\n<li style=\"font-weight: 400;\">\u01afu \u0111i\u1ec3m v\u01b0\u1ee3t tr\u1ed9i so v\u1edbi m\u00e1y \u00e9p th\u00f4ng th\u01b0\u1eddng l\u00e0 \u00e9p \u0111\u01b0\u1ee3c nhi\u1ec1u n\u01b0\u1edbc h\u01a1n, n\u01b0\u1edbc \u0111\u1eb7c v\u00e0 b\u00e3 kh\u00f4 h\u01a1n.<br \/>\nL\u01b0\u1ee3ng vitamin l\u01b0u gi\u1eef \u0111\u01b0\u1ee3c t\u1edbi 90%<br \/>\nCh\u00e2n \u0111\u1ebf c\u00f3 ch\u00e2n cao su ch\u1ed1ng tr\u01a1n tr\u01b0\u1ee3t<br \/>\nXu\u1ea5t x\u1ee9 \u0110\u1ee9c<br \/>\nM\u00e1y d\u1ec5 s\u1eed d\u1ee5ng, v\u1ec7 sinh \u0111\u01a1n gi\u1ea3n<\/li>\n<\/ul>\n<p>&nbsp;<\/p>\n","protected":false},"featured_media":2970,"comment_status":"open","ping_status":"closed","template":"","meta":[],"_links":{"self":[{"href":"http:\/\/maudep.com.vn\/chuyengiadienmay\/index.php?rest_route=\/wp\/v2\/product\/2969"}],"collection":[{"href":"http:\/\/maudep.com.vn\/chuyengiadienmay\/index.php?rest_route=\/wp\/v2\/product"}],"about":[{"href":"http:\/\/maudep.com.vn\/chuyengiadienmay\/index.php?rest_route=\/wp\/v2\/types\/product"}],"replies":[{"embeddable":true,"href":"http:\/\/maudep.com.vn\/chuyengiadienmay\/index.php?rest_route=%2Fwp%2Fv2%2Fcomments&post=2969"}],"wp:featuredmedia":[{"embeddable":true,"href":"http:\/\/maudep.com.vn\/chuyengiadienmay\/index.php?rest_route=\/wp\/v2\/media\/2970"}],"wp:attachment":[{"href":"http:\/\/maudep.com.vn\/chuyengiadienmay\/index.php?rest_route=%2Fwp%2Fv2%2Fmedia&parent=2969"}],"curies":[{"name":"wp","href":"https:\/\/api.w.org\/{rel}","templated":true}]}}