{"id":2971,"date":"2019-01-11T10:16:26","date_gmt":"2019-01-11T03:16:26","guid":{"rendered":"http:\/\/maudep.com.vn\/chuyengiadienmay\/?post_type=product&#038;p=2971"},"modified":"2019-01-17T15:21:33","modified_gmt":"2019-01-17T08:21:33","slug":"may-ep-cham-klarstein-400w-60-vong-phut-mau-do","status":"publish","type":"product","link":"http:\/\/maudep.com.vn\/chuyengiadienmay\/?product=may-ep-cham-klarstein-400w-60-vong-phut-mau-do","title":{"rendered":"M\u00e1y \u00e9p ch\u1eadm Klarstein 400W (60 V\u00f2ng\/ ph\u00fat) &#8211; M\u00e0u \u0111\u1ecf"},"content":{"rendered":"<p style=\"font-weight: 400;\">M\u00e1y th\u1eb3ng \u0111\u1ee9ng, \u00e9p nh\u1eb9 nh\u00e0ng v\u00e0 n\u0103ng su\u1ea5t n\u01b0\u1edbc cao. Ho\u1ea1t \u0111\u1ed9ng v\u1edbi c\u00f4ng su\u1ea5t 400W v\u00e0 60 V\u00f2ng\/ph\u00fat n\u00ean hoa qu\u1ea3 kh\u00f4ng b\u1ecb n\u00f3ng, do \u0111\u00f3 vitamin kh\u00f4ng b\u1ecb m\u1ea5t \u0111i, c\u00e1c ch\u1ea5t dinh d\u01b0\u1ee1ng trong hoa qu\u1ea3 \u0111\u01b0\u1ee3c gi\u1eef nguy\u00ean. L\u01b0\u1ee3ng n\u01b0\u1edbc \u00e9p t\u1eeb tr\u00e1i c\u00e2y thu \u0111\u01b0\u1ee3c nhi\u1ec1u h\u01a1n so v\u1edbi m\u00e1y \u00e9p th\u00f4ng th\u01b0\u1eddng. \u0110\u1eb7c bi\u1ec7t mi\u1ec7ng \u1ed1ng r\u1ed9ng 8,5cm, l\u00fd t\u01b0\u1edfng trong vi\u1ec7c cho hoa qu\u1ea3 v\u00e0o \u00e9p m\u00e0 kh\u00f4ng c\u1ea7n c\u1eaft nh\u1ecf. V\u1edbi ki\u1ec3u d\u00e1ng hi\u1ec7n \u0111\u1ea1i, thanh l\u1ecbch, nh\u1ecf g\u1ecdn ph\u00f9 h\u1ee3p ngay c\u1ea3 kh\u00f4ng gian b\u1ebfp ch\u1eadt h\u1eb9p.<\/p>\n<p style=\"font-weight: 400;\"><strong>T\u00ednh n\u0103ng :<\/strong><\/p>\n<ul>\n<li style=\"font-weight: 400;\">\u00c9p ki\u1ec7t n\u01b0\u1edbc hoa qu\u1ea3, kh\u00f4ng c\u00f2n b\u00e3 trong n\u01b0\u1edbc \u00e9p th\u00f4ng qua b\u1ed9 l\u1ecdc b\u1eb1ng th\u00e9p kh\u00f4ng r\u1ec9<\/li>\n<li style=\"font-weight: 400;\">R\u1ea5t an to\u00e0n v\u1edbi ch\u1ee9c n\u0103ng b\u1ea3o v\u1ec7 start-stop. M\u00e1y ch\u1ec9 b\u1eaft \u0111\u1ea7u khi ph\u1ea7n feeder (nh\u1eadn qu\u1ea3) \u0111\u01b0\u1ee3c g\u1eafn v\u00e0o.<\/li>\n<li style=\"font-weight: 400;\">D\u1ec5 v\u1ec7 sinh do ph\u1ea7n \u00e9p qu\u1ea3 c\u00f3 th\u1ec3 th\u00e1o r\u1eddi ho\u00e0n to\u00e0n, ch\u1ec9 c\u1ea7n r\u1eeda b\u1eb1ng b\u00e0n ch\u1ea3i d\u01b0\u1edbi v\u00f2i n\u01b0\u1edbc.<\/li>\n<li style=\"font-weight: 400;\">C\u00f3 2 h\u1ed9p \u0111\u1ef1ng dung t\u00edch 1000ml, \u0111\u1ec3 n\u01b0\u1edbc v\u00e0 b\u00e3 tr\u00e1i c\u00e2y ch\u1ea1y ra theo 2 \u0111\u01b0\u1eddng ri\u00eang.<\/li>\n<li style=\"font-weight: 400;\">Ch\u1ebf \u0111\u1ed9 kh\u00f3a an to\u00e0n \u0111\u01b0\u1ee3c \u01b0u ti\u00ean h\u00e0ng \u0111\u1ea7u. B\u1ed1n ch\u00e2n h\u00fat cho c\u00e1c m\u00e1y \u00e9p \u0111\u1ee9ng \u1ed5n \u0111\u1ecbnh<\/li>\n<li style=\"font-weight: 400;\">Ti\u1ebfng \u1ed3n: th\u1ea5p<\/li>\n<li style=\"font-weight: 400;\">K\u00e8m theo 1 b\u00e0n ch\u1ea3i<\/li>\n<\/ul>\n<p style=\"font-weight: 400;\"><strong>TH\u00d4NG S\u1ed0\u00a0<\/strong><\/p>\n<p style=\"font-weight: 400;\">+ \u00a0 + Kh\u00f4ng c\u00f3 \u1ed1ng ph\u1ee5: 16 x 31 x 21 (WxHxD)<br \/>\n+ C\u00f3 \u1ed1ng ph\u1ee5 : 16 x 52 x 21 (WxHxD)<br \/>\n+ Xu\u1ea5t x\u1ee9 : \u0110\u1ee9c<br \/>\n+ C\u00f4ng xu\u1ea5t\/ ngu\u1ed3n \u0111i\u1ec7n : 400w\/20v, 50Hz<br \/>\n+ B\u1ea3o h\u00e0nh : 12 th\u00e1ng<\/p>\n<p style=\"font-weight: 400;\">\n","protected":false},"excerpt":{"rendered":"<p>M\u00e1y th\u1eb3ng \u0111\u1ee9ng, \u00e9p nh\u1eb9 nh\u00e0ng v\u00e0 n\u0103ng su\u1ea5t n\u01b0\u1edbc cao. Ho\u1ea1t \u0111\u1ed9ng v\u1edbi c\u00f4ng su\u1ea5t 400W v\u00e0 60 V\u00f2ng\/ph\u00fat n\u00ean hoa qu\u1ea3 kh\u00f4ng b\u1ecb n\u00f3ng, do \u0111\u00f3 vitamin kh\u00f4ng b\u1ecb m\u1ea5t \u0111i, c\u00e1c ch\u1ea5t dinh d\u01b0\u1ee1ng trong hoa qu\u1ea3 \u0111\u01b0\u1ee3c gi\u1eef nguy\u00ean. L\u01b0\u1ee3ng n\u01b0\u1edbc \u00e9p t\u1eeb tr\u00e1i c\u00e2y thu \u0111\u01b0\u1ee3c nhi\u1ec1u h\u01a1n so v\u1edbi m\u00e1y \u00e9p th\u00f4ng th\u01b0\u1eddng. \u0110\u1eb7c bi\u1ec7t mi\u1ec7ng \u1ed1ng r\u1ed9ng 8,5cm, l\u00fd t\u01b0\u1edfng trong vi\u1ec7c cho hoa qu\u1ea3 v\u00e0o \u00e9p m\u00e0 kh\u00f4ng c\u1ea7n c\u1eaft nh\u1ecf. V\u1edbi ki\u1ec3u d\u00e1ng hi\u1ec7n \u0111\u1ea1i, thanh l\u1ecbch, nh\u1ecf g\u1ecdn ph\u00f9 h\u1ee3p ngay c\u1ea3 kh\u00f4ng gian b\u1ebfp ch\u1eadt h\u1eb9p<\/p>\n<p>&nbsp;<\/p>\n","protected":false},"featured_media":2972,"comment_status":"open","ping_status":"closed","template":"","meta":[],"_links":{"self":[{"href":"http:\/\/maudep.com.vn\/chuyengiadienmay\/index.php?rest_route=\/wp\/v2\/product\/2971"}],"collection":[{"href":"http:\/\/maudep.com.vn\/chuyengiadienmay\/index.php?rest_route=\/wp\/v2\/product"}],"about":[{"href":"http:\/\/maudep.com.vn\/chuyengiadienmay\/index.php?rest_route=\/wp\/v2\/types\/product"}],"replies":[{"embeddable":true,"href":"http:\/\/maudep.com.vn\/chuyengiadienmay\/index.php?rest_route=%2Fwp%2Fv2%2Fcomments&post=2971"}],"wp:featuredmedia":[{"embeddable":true,"href":"http:\/\/maudep.com.vn\/chuyengiadienmay\/index.php?rest_route=\/wp\/v2\/media\/2972"}],"wp:attachment":[{"href":"http:\/\/maudep.com.vn\/chuyengiadienmay\/index.php?rest_route=%2Fwp%2Fv2%2Fmedia&parent=2971"}],"curies":[{"name":"wp","href":"https:\/\/api.w.org\/{rel}","templated":true}]}}