{"id":2973,"date":"2019-01-11T10:24:48","date_gmt":"2019-01-11T03:24:48","guid":{"rendered":"http:\/\/maudep.com.vn\/chuyengiadienmay\/?post_type=product&#038;p=2973"},"modified":"2019-01-17T15:20:57","modified_gmt":"2019-01-17T08:20:57","slug":"may-ep-cham-klarstein-400w-60-vong-phut-mau-bac","status":"publish","type":"product","link":"http:\/\/maudep.com.vn\/chuyengiadienmay\/?product=may-ep-cham-klarstein-400w-60-vong-phut-mau-bac","title":{"rendered":"M\u00e1y \u00e9p ch\u1eadm Klarstein 400W (60 V\u00f2ng\/ ph\u00fat) &#8211; M\u00e0u B\u1ea1c"},"content":{"rendered":"<p style=\"font-weight: 400;\">M\u00e1y \u00e9p ch\u1eadm klarstein 400w c\u1ee7a \u0110\u1ee9c s\u1ebd gi\u00fap b\u1ea1n l\u00e0m ra \u0111\u01b0\u1ee3c nh\u1eefng c\u1ed1c \u00e9p nguy\u00ean ch\u1ea5t m\u1ed9t c\u00e1ch \u0111\u01a1n gi\u1ea3n nh\u1ea5t. Ti\u1ebft ki\u1ec7m th\u1eddi gian v\u00e0 chi ph\u00ed m\u00e0 l\u1ea1i ho\u00e0n to\u00e0n \u0111\u1ea3m b\u1ea3o cho s\u1ee9c kh\u1ecfe ng\u01b0\u1eddi th\u00e2n trong gia \u0111\u00ecnh. M\u00e1y cho ra s\u1ea3n ph\u1ea9m n\u01b0\u1edbc \u00e9p gi\u1eef l\u1ea1i \u0111\u01b0\u1ee3c \u0111\u1ebfn 98% c\u1ea5u tr\u00fac vitamin v\u00e0 kho\u00e1ng ch\u1ea5t c\u1ee7a rau c\u1ee7 qu\u1ea3 theo ch\u1ee9ng minh c\u1ee7a c\u00e1c nh\u00e0 khoa h\u1ecdc t\u1ea1i \u0110\u1ee9c.<\/p>\n<p>M\u00e1y c\u00f3 ch\u1ebf \u0111\u1ed9 v\u1ec7 sinh t\u1ef1 \u0111\u1ed9ng b\u1ea1n ch\u1ec9 c\u1ea7n cho n\u01b0\u1edbc v\u00e0o, b\u1eadt m\u00e1y v\u00e0 kh\u00f4ng c\u1ea7n l\u00e0m g\u00ec th\u00eam. Ngo\u00e0i ra c\u00e1c b\u1ed9 ph\u1eadn c\u1ee7a m\u00e1y c\u0169ng ho\u00e0n to\u00e0n d\u1ec5 th\u00e1o l\u1eafp \u0111\u1ec3 c\u00e1c b\u1ea1n c\u00f3 th\u1ec3 v\u1ec7 sinh m\u00e1y k\u1ef9 h\u01a1n n\u1ebfu mu\u1ed1n.<\/p>\n<p><strong>TH\u00d4NG S\u1ed0\u00a0<\/strong><\/p>\n<p>+ \u00a0 + Kh\u00f4ng c\u00f3 \u1ed1ng ph\u1ee5: 16 x 31 x 21 (WxHxD)<br \/>\n+ C\u00f3 \u1ed1ng ph\u1ee5 : 16 x 52 x 21 (WxHxD)<br \/>\n+ Xu\u1ea5t x\u1ee9 : \u0110\u1ee9c<br \/>\n+ C\u00f4ng xu\u1ea5t\/ ngu\u1ed3n \u0111i\u1ec7n : 400w\/20v, 50Hz<br \/>\n+ B\u1ea3o h\u00e0nh : 12 th\u00e1ng<\/p>\n<p>&nbsp;<\/p>\n","protected":false},"excerpt":{"rendered":"<p>M\u00e1y \u00e9p ch\u1eadm klarstein 400w c\u1ee7a \u0110\u1ee9c s\u1ebd gi\u00fap b\u1ea1n l\u00e0m ra \u0111\u01b0\u1ee3c nh\u1eefng c\u1ed1c \u00e9p nguy\u00ean ch\u1ea5t m\u1ed9t c\u00e1ch \u0111\u01a1n gi\u1ea3n nh\u1ea5t. Ti\u1ebft ki\u1ec7m th\u1eddi gian v\u00e0 chi ph\u00ed m\u00e0 l\u1ea1i ho\u00e0n to\u00e0n \u0111\u1ea3m b\u1ea3o cho s\u1ee9c kh\u1ecfe ng\u01b0\u1eddi th\u00e2n trong gia \u0111\u00ecnh. M\u00e1y cho ra s\u1ea3n ph\u1ea9m n\u01b0\u1edbc \u00e9p gi\u1eef l\u1ea1i \u0111\u01b0\u1ee3c \u0111\u1ebfn 98% c\u1ea5u tr\u00fac vitamin v\u00e0 kho\u00e1ng ch\u1ea5t c\u1ee7a rau c\u1ee7 qu\u1ea3 theo ch\u1ee9ng minh c\u1ee7a c\u00e1c nh\u00e0 khoa h\u1ecdc t\u1ea1i \u0110\u1ee9c.<\/p>\n<p>&nbsp;<\/p>\n","protected":false},"featured_media":2974,"comment_status":"open","ping_status":"closed","template":"","meta":[],"_links":{"self":[{"href":"http:\/\/maudep.com.vn\/chuyengiadienmay\/index.php?rest_route=\/wp\/v2\/product\/2973"}],"collection":[{"href":"http:\/\/maudep.com.vn\/chuyengiadienmay\/index.php?rest_route=\/wp\/v2\/product"}],"about":[{"href":"http:\/\/maudep.com.vn\/chuyengiadienmay\/index.php?rest_route=\/wp\/v2\/types\/product"}],"replies":[{"embeddable":true,"href":"http:\/\/maudep.com.vn\/chuyengiadienmay\/index.php?rest_route=%2Fwp%2Fv2%2Fcomments&post=2973"}],"wp:featuredmedia":[{"embeddable":true,"href":"http:\/\/maudep.com.vn\/chuyengiadienmay\/index.php?rest_route=\/wp\/v2\/media\/2974"}],"wp:attachment":[{"href":"http:\/\/maudep.com.vn\/chuyengiadienmay\/index.php?rest_route=%2Fwp%2Fv2%2Fmedia&parent=2973"}],"curies":[{"name":"wp","href":"https:\/\/api.w.org\/{rel}","templated":true}]}}