{"id":3001,"date":"2019-01-11T13:18:56","date_gmt":"2019-01-11T06:18:56","guid":{"rendered":"http:\/\/maudep.com.vn\/chuyengiadienmay\/?post_type=product&#038;p=3001"},"modified":"2019-01-11T13:18:56","modified_gmt":"2019-01-11T06:18:56","slug":"dieu-hoa-trung-tam-daikin-vrv-iv-26hp-rxq26thy1e","status":"publish","type":"product","link":"http:\/\/maudep.com.vn\/chuyengiadienmay\/?product=dieu-hoa-trung-tam-daikin-vrv-iv-26hp-rxq26thy1e","title":{"rendered":"\u0110i\u1ec1u h\u00f2a trung t\u00e2m Daikin VRV IV 26HP RXQ26THY1(E)"},"content":{"rendered":"<p>\u0110\u1eb7c \u0111i\u1ec3m n\u1ed5i b\u1eadt c\u1ee7a\u00a0<strong>\u0110i\u1ec1u h\u00f2a Daikin VRV IV<\/strong><\/p>\n<div class=\"description\">\n<p>&#8211; H\u1ec7 th\u1ed1ng \u0111i\u1ec1u h\u00f2a th\u00f4ng minh\u00a0Daikin VRV IV l\u00e0 h\u1ec7 th\u1ed1ng \u0111i\u1ec1u h\u00f2a trung t\u00e2m c\u00f4ng su\u1ea5t cao, c\u1ea7n thi\u1ebft cho nh\u1eefng t\u00f2a nh\u00e0 l\u1edbn, \u0111i\u1ec1u h\u00f2a trung t\u00e2m VRV IV k\u1ebf th\u1eeba to\u00e0n b\u1ed9 nh\u1eefng \u01b0u \u0111i\u1ec3m c\u1ee7a h\u1ec7 th\u1ed1ng th\u00f4ng minh Daikin VRV III, \u0111i\u1ec1u h\u00f2a Daikin VRV IV l\u00e0 m\u1ed9t cu\u1ed9c c\u00e1ch m\u1ea1ng m\u1edbi trong ng\u00e0nh \u0111i\u1ec1u h\u00f2a kh\u00f4ng kh\u00ed, Daikin VRV IV v\u1edbi nh\u1eefng \u01b0u \u0111i\u1ec3m v\u01b0\u1ee3t tr\u1ed9i s\u1ebd \u0111\u1eb7t l\u1ea1i ti\u00eau chu\u1ea9n ng\u00e0nh \u0111i\u1ec1u h\u00f2a kh\u00f4ng kh\u00ed m\u1ed9t l\u1ea7n n\u1eefa.<br \/>\n&#8211; H\u1ec7 th\u1ed1ng \u0111i\u1ec1u h\u00f2a VRV \u0111\u1ea7u ti\u00ean ra m\u1eaft t\u1ea1i Nh\u1eadt B\u1ea3n v\u00e0o n\u0103m 1982, h\u1ec7 th\u1ed1ng VRV Daikin \u0111\u00e3 \u0111\u01b0\u1ee3c ch\u1ea5p nh\u1eadn b\u1edfi th\u1ecb tr\u01b0\u1eddng th\u1ebf gi\u1edbi trong h\u01a1n 30 n\u0103m. B\u00e2y gi\u1edd, Daikin t\u1ef1 h\u00e0o gi\u1edbi thi\u1ec7u h\u1ec7 th\u1ed1ng \u0111i\u1ec1u h\u00f2a trung t\u00e2m \u00a0VRV IV, th\u1ebf h\u1ec7 ti\u1ebfp theo c\u1ee7a d\u00f2ng \u0111i\u1ec1u h\u00f2a trung t\u00e2m th\u00f4ng minh VRV. VRV IV ho\u1ea1t \u0111\u1ed9ng ti\u1ebft ki\u1ec7m n\u0103ng l\u01b0\u1ee3ng h\u01a1n, c\u1ea3i thi\u1ec7n v\u1ec1 hi\u1ec7u qu\u1ea3, tho\u1ea3i m\u00e1i, v\u00e0 d\u1ec5 d\u00e0ng c\u00e0i \u0111\u1eb7t \u0111\u1ec3 \u0111\u00e1p \u1ee9ng m\u1ed9t lo\u1ea1t c\u00e1c nhu c\u1ea7u r\u1ed9ng l\u1edbn h\u01a1n bao gi\u1edd h\u1ebft.<br \/>\n&#8211; \u0110i\u1ec1u h\u00f2a trung t\u00e2m Daikin VRV IV l\u00e0 c\u00f4ng ngh\u1ec7 \u0111i\u1ec1u h\u00f2a ti\u00ean ti\u1ebfn nh\u1ea5t, g\u00f3p ph\u1ea7n n\u00e2ng cao gi\u00e1 tr\u1ecb cho c\u00e1c t\u00f2a nh\u00e0. (C\u00e1c h\u1ec7 th\u1ed1ng \u0111i\u1ec1u h\u00f2a \u0111\u1ec1u h\u01b0\u1edbng \u0111\u1ebfn s\u1eed d\u1ee5ng m\u00f4i ch\u1ea5t m\u1edbi v\u00e0 ti\u1ebft ki\u1ec7m n\u0103ng l\u01b0\u1ee3ng. Tuy nhi\u00ean, Daikin \u0111\u00e3 v\u01b0\u1ee3t xa nh\u1edd vi\u1ec7c t\u1ed1i \u01b0u h\u00f3a c\u00e1c c\u00f4ng ngh\u1ec7 \u0111\u01b0\u1ee3c ph\u00e1t tri\u1ec3n h\u01a1n 30 n\u0103m qua, v\u1edbi kinh nghi\u1ec7m l\u00e0 nh\u00e0 s\u1ea3n xu\u1ea5t h\u00e0ng \u0111\u1ea7u v\u1ec1 h\u1ec7 th\u1ed1ng \u0111i\u1ec1u h\u00f2a kh\u00f4ng kh\u00ed, Daikin kh\u00f4ng ch\u1ec9 \u0111\u1ee9ng \u0111\u1ea7u v\u1ec1 hi\u1ec7u su\u1ea5t \u0111i\u1ec1u h\u00f2a kh\u00f4ng kh\u00ed, Daikin c\u00f2n \u0111\u01b0a ra c\u00e1c h\u1ec7 th\u1ed1ng s\u1eed d\u1ee5ng kh\u00f4ng gian t\u1ed1i thi\u1ec3u, qu\u1ea3n l\u00fd t\u00f2a nh\u00e0 hi\u1ec7u qu\u1ea3 v\u00e0 r\u1ea5t nhi\u1ec1u c\u00e1c \u0111\u1eb7c t\u00ednh gi\u00e1 tr\u1ecb kh\u00e1c, \u0111i\u1ec3n h\u00ecnh l\u00e0 H\u1ec7 th\u1ed1ng trung t\u00e2m Daikin VRV IV).<\/p>\n<p><img loading=\"lazy\" src=\"https:\/\/daikin.vn\/upload_images\/images\/2018\/03\/22\/900f7a60-c050-11e7-ac2a-7d868364f2f9.png\" alt=\"\u0111i\u1ec1u h\u00f2a VRV IV\" width=\"600\" height=\"360\" \/><\/p>\n<p><strong>Nh\u1eefng t\u00ednh n\u0103ng n\u1ed5i b\u1eadt c\u1ee7a\u00a0\u0111i\u1ec1u h\u00f2a VRV IV<\/strong><br \/>\n<strong>C\u00f4ng ngh\u1ec7 ti\u00ean ti\u1ebfn<\/strong><br \/>\n&#8211; M\u00e1y n\u00e9n inverter DC k\u00edch th\u01b0\u1edbc nh\u1ecf c\u00f4ng su\u1ea5t l\u1edbn<br \/>\n&#8211; D\u00e0n trao \u0111\u1ed5i nhi\u1ec7t t\u00edch h\u1ee3p cao<br \/>\n&#8211; B\u1ea3n m\u1ea1ch PC \u0111i\u1ec1u khi\u1ec3n ti\u00ean ti\u1ebfn \u0111a d\u1ea1ng<br \/>\n&#8211; K\u1ef9 thu\u1eadt l\u00e0m m\u00e1t d\u00f9ng m\u00f4i ch\u1ea5t, \u0111\u1ea3m b\u1ea3o s\u1ef1 \u1ed5n \u0111\u1ecbnh nhi\u1ec7t \u0111\u1ed9 c\u1ee7a b\u1ea3n m\u1ea1ch \u0111i\u1ec7n.<br \/>\n&#8211; C\u00f4ng ngh\u1ec7 VRT (Variable Refrigerant Temperature \u2013 Thay \u0111\u1ed5i nhi\u1ec7t \u0111\u1ed9 m\u00f4i ch\u1ea5t l\u1ea1nh) t\u1ef1 \u0111\u1ed9ng \u0111i\u1ec1u ch\u1ec9nh nhi\u1ec7t \u0111\u1ed9 l\u00e0m l\u1ea1nh theo nhu c\u1ea7u c\u1ee7a t\u1eebng khu v\u1ef1c v\u00e0 \u0111i\u1ec1u ki\u1ec7n th\u1eddi ti\u1ebft, do \u0111\u00f3 c\u1ea3i thi\u1ec7n hi\u1ec7u su\u1ea5t n\u0103ng l\u01b0\u1ee3ng th\u01b0\u1eddng ni\u00ean \u0111\u1ed3ng th\u1eddi duy tr\u00ec s\u1ef1 tho\u1ea3i m\u00e1i.<br \/>\n<strong>Ti\u1ebft ki\u1ec7m \u0111i\u1ec7n n\u0103ng<\/strong><br \/>\nDaikin VRV IV \u0110\u1ed9 tin c\u1eady cao bao g\u1ed3m:<br \/>\n&#8211; Ch\u1ec9 s\u1ed1 COP cao: \u0111\u00e1nh gi\u00e1 h\u1ec7 th\u1ed1ng ti\u1ebft ki\u1ec7m n\u0103ng l\u01b0\u1ee3ng cao, \u00a0Daikin \u0111\u00e3 l\u1ed7 l\u1ef1c r\u1ea5t l\u1edbn trong l\u0129nh v\u1ef1c n\u00e0y, v\u00e0 h\u1ec7 th\u1ed1ng Daikin VRV IV l\u00e0 m\u1ed9t h\u1ec7 th\u1ed1ng hi\u1ec7u qu\u1ea3, ti\u1ebft ki\u1ec7m n\u0103ng l\u01b0\u1ee3ng cao, v\u1edbi ch\u1ec9 s\u1ed1 COP c\u00f3 th\u1ec3 \u0111\u1ea1t t\u1edbi 4,41.<br \/>\n&#8211; Tu\u00e2n th\u1ee7 theo h\u01b0\u1edbng d\u1eabn RoHS<br \/>\n&#8211; Ho\u1ea1t \u0111\u1ed9ng h\u1ed7 tr\u1ee3 nhau gi\u1eef c\u00e1c d\u00e0n n\u00f3ng v\u00e0 v\u00e1y n\u00e9n<br \/>\n&#8211; H\u1ea1n ch\u1ebf kh\u1ea3 n\u0103ng r\u00f2 r\u1ec9 m\u00f4i ch\u1ea5t: k\u1ebft n\u1ed1i d\u00e0n n\u00f3ng c\u1ee7a H\u1ec7 th\u1ed1ng trung t\u00e2m Daikin VRV IV \u0111\u01b0\u1ee3c h\u00e0n k\u00edn, nh\u1edd \u0111\u00f3 gi\u1ea3m kh\u1ea3 n\u0103ng r\u00f2 r\u1ec9 m\u00f4i ch\u1ea5t.<\/p>\n<p><img loading=\"lazy\" src=\"https:\/\/daikin.vn\/upload_images\/images\/2018\/03\/22\/Tiet-kiem-dien-nang.jpg\" alt=\"\u0111i\u1ec1u h\u00f2a VRV IV\" width=\"600\" height=\"174\" \/><\/p>\n<p><strong>Daikin VRV IV T\u0103ng t\u00ednh ti\u1ec7n nghi<\/strong><br \/>\n&#8211; D\u00e0n n\u00f3ng VRV IV \u0111\u01b0\u1ee3c thi\u1ebft k\u1ebf v\u1edbi \u0111\u1ed9 \u1ed3n th\u1ea5p: C\u00e1c d\u00e0n n\u00f3ng c\u1ee7a Daikin VRV IV v\u1eadn h\u00e0nh \u00eam, mang l\u1ea1i ti\u1ec7n nghi cho ng\u01b0\u1eddi s\u1eed d\u1ee5ng.<br \/>\n&#8211; M\u00e1y n\u00e9n hi\u1ec7u qu\u1ea3: \u0110i\u1ec1u h\u00f2a trung t\u00e2m Daikin VRV IV c\u00f3 m\u00e1y n\u00e9n bi\u1ebfn t\u1ea7n c\u00f4ng su\u1ea5t l\u1edbn v\u1edbi \u0111\u1ed9 \u1ed3n th\u1ea5p, ho\u1ea1t \u0111\u1ed9ng hi\u1ec7u qu\u1ea3 cao, v\u1edbi t\u1ed1c \u0111\u1ed9 nhanh h\u01a1n, gi\u1ea3m th\u1eddi gian kh\u1edfi \u0111\u1ed9ng<br \/>\n&#8211; \u0110i\u1ec1u h\u00f2a trung t\u00e2m Daikin VRV IV c\u00f3 Ch\u1ee9c n\u0103ng v\u1eadn h\u00e0nh \u00eam v\u00e0o ban \u0111\u00eam.<\/p>\n<p><img loading=\"lazy\" src=\"https:\/\/daikin.vn\/upload_images\/images\/2018\/03\/22\/242_DnnngiuhadaikinVRVIV-n.jpg\" alt=\"\u0111i\u1ec1u h\u00f2a VRV IV\" width=\"600\" height=\"174\" \/><\/p>\n<p><strong>L\u1eafp \u0111\u1eb7t d\u1ec5 d\u00e0ng<\/strong><br \/>\nNh\u1edd t\u00edch h\u1ee3p c\u00e1c c\u00f4ng ngh\u1ec7 cao, h\u1ec7 th\u1ed1ng VRV IV v\u1edbi d\u00e0n n\u00f3ng nh\u1ecf g\u1ecdn t\u1eadn d\u1ee5ng t\u1ed1i \u0111a kh\u00f4ng gian l\u1eafp \u0111\u1eb7t.<\/p>\n<p><img loading=\"lazy\" src=\"https:\/\/daikin.vn\/upload_images\/images\/2018\/03\/22\/242_KchthcDnnngiuhadaikinVRVIV.jpg\" alt=\"\u0111i\u1ec1u h\u00f2a VRV IV\" width=\"599\" height=\"276\" \/><\/p>\n<p><strong>L\u1eafp \u0111\u1eb7t linh ho\u1ea1t<\/strong><br \/>\nChi\u1ec1u d\u00e0i \u0111\u01b0\u1eddng \u1ed1ng d\u00e0i<br \/>\nChi\u1ec1u d\u00e0i \u1ed1ng th\u1ef1c t\u1ebf t\u1ed1i \u0111a: 165 m<br \/>\nChi\u1ec1u d\u00e0i \u1ed1ng t\u01b0\u01a1ng \u0111\u01b0\u01a1ng t\u1ed1i \u0111a: 190 m<br \/>\nT\u1ed5ng chi\u1ec1u d\u00e0i \u1ed1ng t\u1ed1i \u0111a: 1000 m<br \/>\n<strong>T\u1ef7 l\u1ec7 k\u1ebft n\u1ed1i cao<\/strong><br \/>\nC\u00f4ng su\u1ea5t k\u1ebft n\u1ed1i t\u1ed1i \u0111a l\u00e0 200%.<br \/>\n<strong>K\u1ebft n\u1ed1i v\u1edbi thi\u1ebft b\u1ecb x\u1eed l\u00fd kh\u00f4ng kh\u00ed ngo\u00e0i tr\u1eddi<\/strong><br \/>\nC\u00f3 th\u1ec3 k\u1ebft h\u1ee3p \u0111i\u1ec1u h\u00f2a kh\u00f4ng kh\u00ed v\u00e0 thi\u1ebft b\u1ecb x\u1eed l\u00fd kh\u00f4ng kh\u00ed ngo\u00e0i tr\u1eddi th\u00e0nh m\u1ed9t h\u1ec7 th\u1ed1ng.<\/p>\n<p><img loading=\"lazy\" src=\"https:\/\/daikin.vn\/upload_images\/images\/2018\/03\/22\/2907_dieu-hoa-trung-tam-Daikin-VRV-IV-hai-chieu-lanh-suoi-loai-hieu-suat-nang-luong-cao-ket-noi-voi-thiet-bi-xu-ly-khong-khi-hinh-8-vidic_com_vn(1).png\" alt=\"\u0111i\u1ec1u h\u00f2a VRV IV\" width=\"600\" height=\"300\" \/><\/p>\n<p><strong>K\u1ebft n\u1ed1i v\u1edbi AHU<\/strong><br \/>\nThi\u1ebft b\u1ecb x\u1eed l\u00fd kh\u00f4ng kh\u00ed AHU c\u1ee7a Daikin c\u00f3 th\u1ec3 k\u1ebft n\u1ed1i v\u1edbi h\u1ec7 th\u1ed1ngVRV IV t\u1ea1o th\u00e0nh m\u1ed9t h\u1ec7 th\u1ed1ng \u0111\u1ed3ng nh\u1ea5t.<br \/>\n<strong>D\u00e3y s\u1ea3n ph\u1ea9m \u0111a d\u1ea1ng<\/strong><br \/>\nD\u00e0n l\u1ea1nh: M\u1ed9t t\u1ed5 h\u1ee3p c\u00e1c d\u00e0n l\u1ea1nh VRV v\u00e0 d\u00e0n l\u1ea1nh d\u00e2n d\u1ee5ng c\u00f3 th\u1ec3 \u0111\u01b0\u1ee3c k\u1ebft h\u1ee3p trong c\u00f9ng m\u1ed9t h\u1ec7 th\u1ed1ng, m\u1edf ra th\u1eddi k\u1ef3 m\u1edbi c\u1ee7a c\u00e1c th\u1ebf h\u1ec7 d\u00e0n l\u1ea1nh v\u1eadn h\u00e0nh \u00eam \u00e1i, h\u1ee3p th\u1eddi trang. C\u00f3 t\u1ed5ng c\u1ed9ng 18 lo\u1ea1i d\u00e0n l\u1ea1nh v\u1edbi 86 model.<br \/>\nD\u00e0n n\u00f3ng: c\u00f4ng su\u1ea5t d\u00e0n n\u00f3ng l\u00ean \u0111\u1ebfn 60 HP gia t\u0103ng v\u1edbi gia s\u1ed1 2 HP<\/p>\n<\/div>\n","protected":false},"excerpt":{"rendered":"<ul class=\"l pr-des-featured\">\n<li>D\u00e0n n\u00f3ng m\u00e1y \u0111i\u1ec1u h\u00f2a trung t\u00e2m Daikin VRV IV<\/li>\n<li>Lo\u1ea1i COP cao &#8211; 1 chi\u1ec1u l\u1ea1nh &#8211; \u0110i\u1ec7n 3 pha<\/li>\n<li>C\u00f4ng su\u1ea5t: 248.000BTU (26HP)<\/li>\n<li>T\u1ed5 h\u1ee3p k\u1ebft n\u1ed1i: RXQ8TY1(E) x RXQ8TY1(E) x RXQ10TY1(E)<\/li>\n<li>Xu\u1ea5t x\u1ee9: Ch\u00ednh h\u00e3ng Th\u00e1i Lan<\/li>\n<li>B\u1ea3o h\u00e0nh: M\u00e1y 1 n\u0103m, m\u00e1y n\u00e9n 4 n\u0103m<\/li>\n<\/ul>\n","protected":false},"featured_media":2984,"comment_status":"open","ping_status":"closed","template":"","meta":[],"_links":{"self":[{"href":"http:\/\/maudep.com.vn\/chuyengiadienmay\/index.php?rest_route=\/wp\/v2\/product\/3001"}],"collection":[{"href":"http:\/\/maudep.com.vn\/chuyengiadienmay\/index.php?rest_route=\/wp\/v2\/product"}],"about":[{"href":"http:\/\/maudep.com.vn\/chuyengiadienmay\/index.php?rest_route=\/wp\/v2\/types\/product"}],"replies":[{"embeddable":true,"href":"http:\/\/maudep.com.vn\/chuyengiadienmay\/index.php?rest_route=%2Fwp%2Fv2%2Fcomments&post=3001"}],"wp:featuredmedia":[{"embeddable":true,"href":"http:\/\/maudep.com.vn\/chuyengiadienmay\/index.php?rest_route=\/wp\/v2\/media\/2984"}],"wp:attachment":[{"href":"http:\/\/maudep.com.vn\/chuyengiadienmay\/index.php?rest_route=%2Fwp%2Fv2%2Fmedia&parent=3001"}],"curies":[{"name":"wp","href":"https:\/\/api.w.org\/{rel}","templated":true}]}}