{"id":3149,"date":"2019-01-11T19:32:05","date_gmt":"2019-01-11T12:32:05","guid":{"rendered":"http:\/\/maudep.com.vn\/chuyengiadienmay\/?post_type=product&#038;p=3149"},"modified":"2019-01-11T19:32:05","modified_gmt":"2019-01-11T12:32:05","slug":"kem-tay-vet-o-da-nang-mckenic","status":"publish","type":"product","link":"http:\/\/maudep.com.vn\/chuyengiadienmay\/?product=kem-tay-vet-o-da-nang-mckenic","title":{"rendered":"Kem t\u1ea9y v\u1ebft \u1ed1 \u0111a n\u0103ng McKenic"},"content":{"rendered":"<p><label class=\"dtit\">\u0110\u00e1nh gi\u00e1 chi ti\u1ebft<\/label><\/p>\n<div id=\"ctongquan\" class=\"f bcontent imore\" data-h=\"500\">\n<p>Mrs Mckenic l\u00e0 chu\u1ed7i c\u00e1c s\u1ea3n ph\u1ea9m t\u1ea9y r\u1eeda cao c\u1ea5p c\u00f3 xu\u1ea5t x\u1ee9 t\u1eeb Singapore v\u1edbi c\u00f4ng th\u1ee9c \u0111\u1ed9c \u0111\u00e1o kh\u00f4ng ch\u1ee9a ch\u1ea5t \u0111\u1ed9c h\u1ea1i, kh\u00f4ng g\u00e2y h\u1ea1i da tay, th\u00e2n thi\u1ec7n v\u1edbi m\u00f4i tr\u01b0\u1eddng v\u00e0 \u0111\u1eb7c bi\u1ec7t l\u00e0 mang l\u1ea1i b\u1ec1 m\u1eb7t s\u00e1ng b\u00f3ng, s\u1ea1ch s\u1ebd, t\u1ea1o ra kh\u00f4ng gian s\u1ed1ng trong l\u00e0nh v\u00e0 an to\u00e0n cho b\u1ea1n v\u00e0 gia \u0111\u00ecnh.<\/p>\n<p><img src=\"https:\/\/bepnamduong.vn\/Data\/upload\/images\/PhuKien\/BepTu\/KemTayVetO\/logo-Mrs-McKenic-500.png\" alt=\"\" \/><\/p>\n<p>N\u01b0\u1edbc t\u1ea9y v\u1ebft \u1ed1 b\u1ea9n Mrs McKenic 500ml s\u1eed d\u1ee5ng c\u00f4ng ngh\u1ec7 sinh h\u1ecdc n\u00ean r\u1ea5t an to\u00e0n cho ng\u01b0\u1eddi s\u1eed d\u1ee5ng. \u0110\u1eb7c bi\u1ec7t, s\u1ea3n ph\u1ea9m kh\u00f4ng g\u00e2y kh\u00f4 da, l\u00e0m h\u1ea1i da tay nh\u01b0 c\u00e1c s\u1ea3n ph\u1ea9m kh\u00e1c. N\u01b0\u1edbc t\u1ea9y r\u1eeda \u0111a n\u0103ng c\u00f3 h\u01b0\u01a1ng th\u01a1m t\u1ef1 nhi\u00ean mang l\u1ea1i c\u1ea3m gi\u00e1c tho\u1ea3i m\u00e1i, d\u1ec5 ch\u1ecbu. S\u1ea3n ph\u1ea9m \u0111\u01b0\u1ee3c thi\u1ebft k\u1ebf d\u1ea1ng chai ti\u1ec7n d\u1ee5ng gi\u00fap b\u1ea1n d\u1ec5 d\u00e0ng s\u1eed d\u1ee5ng \u0111\u1ec3 t\u1ea9y r\u1eeda c\u00e1c v\u1ebft b\u1ea9n c\u1ee9ng \u0111\u1ea7u tr\u00ean c\u00e1c v\u1eadt d\u1ee5ng c\u1ee7a gia \u0111\u00ecnh.<\/p>\n<p><img src=\"https:\/\/bepnamduong.vn\/Data\/upload\/images\/PhuKien\/BepTu\/KemTayVetO\/Kem-tay-vet-o-mckenic.png\" alt=\"\" \/><\/p>\n<p>N\u01b0\u1edbc t\u1ea9y v\u1ebft \u1ed1 b\u1ea9n Mrs McKenic s\u1eed d\u1ee5ng c\u00f4ng th\u1ee9c \u0111\u1eb7c bi\u1ec7t gi\u00fap lo\u1ea1i b\u1ecf d\u1ec5 d\u00e0ng c\u00e1c v\u1ebft \u1ed1, g\u1ec9 tr\u00ean b\u1ec1 m\u1eb7t kim lo\u1ea1i, c\u00e1c v\u1ebft ch\u00e1y c\u1ee7a l\u00f2 n\u01b0\u1edbng, xoong, ch\u1ea3o, c\u00e1c v\u1ebft \u1ed1 tr\u00ean c\u1ed1c, g\u01b0\u01a1ng v\u00e0 b\u1ec1 m\u1eb7t nh\u1ef1a. S\u1ea3n ph\u1ea9m an to\u00e0n, hi\u1ec7u qu\u1ea3 v\u1edbi m\u1ecdi b\u1ec1 m\u1eb7t \u0111\u00e1 marble, \u0111\u00e1 granite, g\u1ea1ch ceramic, s\u00e0n \u0111\u00e1 b\u1edfi t\u00ednh n\u0103ng ph\u00e2n h\u1ee7y sinh h\u1ecdc v\u00e0 kh\u00f4ng ch\u1ee9a \u0111\u1ed9c t\u1ed1.<\/p>\n<p><img src=\"https:\/\/bepnamduong.vn\/Data\/upload\/images\/PhuKien\/BepTu\/KemTayVetO\/nuoc-tay-o-Mrs-McKenic-sau1.jpg\" alt=\"\" \/><\/p>\n<\/div>\n","protected":false},"excerpt":{"rendered":"<p>\u0110\u00e1nh gi\u00e1 chi ti\u1ebft Mrs Mckenic l\u00e0 chu\u1ed7i c\u00e1c s\u1ea3n ph\u1ea9m t\u1ea9y r\u1eeda cao c\u1ea5p c\u00f3 xu\u1ea5t x\u1ee9 t\u1eeb Singapore &hellip; <a class=\"link-more\" href=\"http:\/\/maudep.com.vn\/chuyengiadienmay\/?product=kem-tay-vet-o-da-nang-mckenic\" class=\"more-link\">\u0110\u1ecdc th\u00eam &raquo;<span class=\"screen-reader-text\"> &#8220;Kem t\u1ea9y v\u1ebft \u1ed1 \u0111a n\u0103ng McKenic&#8221;<\/span><\/a><\/p>\n","protected":false},"featured_media":3150,"comment_status":"open","ping_status":"closed","template":"","meta":[],"_links":{"self":[{"href":"http:\/\/maudep.com.vn\/chuyengiadienmay\/index.php?rest_route=\/wp\/v2\/product\/3149"}],"collection":[{"href":"http:\/\/maudep.com.vn\/chuyengiadienmay\/index.php?rest_route=\/wp\/v2\/product"}],"about":[{"href":"http:\/\/maudep.com.vn\/chuyengiadienmay\/index.php?rest_route=\/wp\/v2\/types\/product"}],"replies":[{"embeddable":true,"href":"http:\/\/maudep.com.vn\/chuyengiadienmay\/index.php?rest_route=%2Fwp%2Fv2%2Fcomments&post=3149"}],"wp:featuredmedia":[{"embeddable":true,"href":"http:\/\/maudep.com.vn\/chuyengiadienmay\/index.php?rest_route=\/wp\/v2\/media\/3150"}],"wp:attachment":[{"href":"http:\/\/maudep.com.vn\/chuyengiadienmay\/index.php?rest_route=%2Fwp%2Fv2%2Fmedia&parent=3149"}],"curies":[{"name":"wp","href":"https:\/\/api.w.org\/{rel}","templated":true}]}}