{"id":3151,"date":"2019-01-11T19:33:29","date_gmt":"2019-01-11T12:33:29","guid":{"rendered":"http:\/\/maudep.com.vn\/chuyengiadienmay\/?post_type=product&#038;p=3151"},"modified":"2019-01-11T19:33:29","modified_gmt":"2019-01-11T12:33:29","slug":"kem-tay-rua-bep-tu-domax","status":"publish","type":"product","link":"http:\/\/maudep.com.vn\/chuyengiadienmay\/?product=kem-tay-rua-bep-tu-domax","title":{"rendered":"Kem t\u1ea9y r\u1eeda b\u1ebfp t\u1eeb Domax"},"content":{"rendered":"<p>Kem t\u1ea9y v\u1ec7 sinh b\u1ebfp \u0110i\u1ec7n, b\u1ebfp T\u1eeb Domax. L\u00e0m s\u1ea1ch, lo\u1ea1i b\u1ecf d\u1ec5 d\u00e0ng v\u00e0 nhanh ch\u00f3ng c\u00e1c v\u1ebft b\u1ea9n, v\u1ebft b\u00e1m d\u1ea7u m\u1ee1, n\u01b0\u1edbc v\u00f4i, c\u00e1c m\u1ea3ng c\u1eb7n b\u00e1m c\u1ee9ng \u0111\u1ea7u nh\u1ea5t m\u00e0 kh\u00f4ng g\u00e2y \u0103n m\u00f2n, l\u00e0m tr\u1ea7y x\u01b0\u1edbc b\u1ec1 m\u1eb7t G\u1ed1m, K\u00ednh \u0111\u1eb7c bi\u1ec7t c\u1ee7a b\u1ebfp. Ng\u0103n ng\u1eeba, b\u1ea3o v\u1ec7 b\u1ec1 m\u1eb7t g\u1ed1m, k\u00ednh b\u1edfi c\u00e1c t\u00e1c nh\u00e2n \u0103n m\u00f2n v\u00e0 c\u00e1c v\u1ebft b\u1ea9n m\u1edbi g\u00e2y ra. Tr\u1ea3 l\u1ea1i \u0111\u1ed9 s\u00e1ng b\u00f3ng nguy\u00ean v\u1eb9n cho s\u1ea3n ph\u1ea9m nh\u01b0 l\u00fac m\u1edbi. \u0110\u01b0\u1ee3c c\u00e1c chuy\u00ean gia c\u1ee7a SCHOTT &#8211; CERAM nh\u00e0 s\u1ea3n xu\u1ea5t k\u00ednh b\u1ebfp l\u1edbn nh\u1ea5t Ch\u00e2u \u00c2u ch\u1ec9 \u0111\u1ecbnh s\u1eed d\u1ee5ng tr\u00ean c\u00e1c s\u1ea3n ph\u1ea9m c\u1ee7a m\u00ecnh.<\/p>\n<p><img src=\"https:\/\/bepnamduong.vn\/Data\/upload\/images\/PhuKien\/BepTu\/KemTayDomax\/kem-tay-domax.png\" alt=\"\" \/><\/p>\n<p>&nbsp;<\/p>\n","protected":false},"excerpt":{"rendered":"<p>Kem t\u1ea9y v\u1ec7 sinh b\u1ebfp \u0110i\u1ec7n, b\u1ebfp T\u1eeb Domax. L\u00e0m s\u1ea1ch, lo\u1ea1i b\u1ecf d\u1ec5 d\u00e0ng v\u00e0 nhanh ch\u00f3ng c\u00e1c v\u1ebft &hellip; <a class=\"link-more\" href=\"http:\/\/maudep.com.vn\/chuyengiadienmay\/?product=kem-tay-rua-bep-tu-domax\" class=\"more-link\">\u0110\u1ecdc th\u00eam &raquo;<span class=\"screen-reader-text\"> &#8220;Kem t\u1ea9y r\u1eeda b\u1ebfp t\u1eeb Domax&#8221;<\/span><\/a><\/p>\n","protected":false},"featured_media":3152,"comment_status":"open","ping_status":"closed","template":"","meta":[],"_links":{"self":[{"href":"http:\/\/maudep.com.vn\/chuyengiadienmay\/index.php?rest_route=\/wp\/v2\/product\/3151"}],"collection":[{"href":"http:\/\/maudep.com.vn\/chuyengiadienmay\/index.php?rest_route=\/wp\/v2\/product"}],"about":[{"href":"http:\/\/maudep.com.vn\/chuyengiadienmay\/index.php?rest_route=\/wp\/v2\/types\/product"}],"replies":[{"embeddable":true,"href":"http:\/\/maudep.com.vn\/chuyengiadienmay\/index.php?rest_route=%2Fwp%2Fv2%2Fcomments&post=3151"}],"wp:featuredmedia":[{"embeddable":true,"href":"http:\/\/maudep.com.vn\/chuyengiadienmay\/index.php?rest_route=\/wp\/v2\/media\/3152"}],"wp:attachment":[{"href":"http:\/\/maudep.com.vn\/chuyengiadienmay\/index.php?rest_route=%2Fwp%2Fv2%2Fmedia&parent=3151"}],"curies":[{"name":"wp","href":"https:\/\/api.w.org\/{rel}","templated":true}]}}