{"id":3158,"date":"2019-01-11T19:37:49","date_gmt":"2019-01-11T12:37:49","guid":{"rendered":"http:\/\/maudep.com.vn\/chuyengiadienmay\/?post_type=product&#038;p=3158"},"modified":"2019-01-11T19:37:50","modified_gmt":"2019-01-11T12:37:50","slug":"tam-chuyen-nhiet-essen-24","status":"publish","type":"product","link":"http:\/\/maudep.com.vn\/chuyengiadienmay\/?product=tam-chuyen-nhiet-essen-24","title":{"rendered":"T\u1ea5m chuy\u1ec3n nhi\u1ec7t ESSEN &#8211; 24"},"content":{"rendered":"<h3><strong>\u01afu \u0111i\u1ec3m:<\/strong><\/h3>\n<ul>\n<li>B\u1ed9 chuy\u1ec3n \u0111\u1ed5i nhi\u1ec7t Essen cho ph\u00e9p\u00a0 s\u1eed d\u1ee5ng c\u00e1c lo\u1ea1i n\u1ed3i v\u1edbi ch\u1ea5t li\u1ec7u truy\u1ec1n th\u1ed1ng (inox, nh\u00f4m, \u0111\u1ed3ng, thu\u1ef7 tinh, \u2026) tr\u00ean b\u1ebfp t\u1eeb.<\/li>\n<li>B\u1ed9 chuy\u1ec3n \u0111\u1ed1i nhi\u1ec7t Essen n\u00e0y l\u00e0 s\u1ea3n ph\u1ea9m chuy\u00ean d\u1ee5ng \u0111\u01b0\u1ee3c d\u00f9ng cho b\u1ebfp t\u1eeb.<\/li>\n<\/ul>\n<p>S\u1eed d\u1ee5ng b\u1ed9 chuy\u1ec3n \u0111\u1ed5i nhi\u1ec7t n\u00e0y b\u1ea1n s\u1ebd\u00a0t\u1eadn d\u1ee5ng \u0111\u01b0\u1ee3c nh\u1eefng b\u1ed9 n\u1ed3i gia \u0111\u00ecnh tr\u01b0\u1edbc \u0111\u00e2y \u0111\u00e3 d\u00f9ng , v\u00e0 th\u1eadm ch\u00ed mua m\u1edbi nh\u01b0ng kh\u00f4ng ph\u1ea3i v\u1edbi n\u1ed3i d\u00e0nh cho b\u1ebfp t\u1eeb<em><strong>\u00a0<\/strong><\/em>m\u00e0 v\u1eabn c\u00f3 th\u1ec3 s\u1eed d\u1ee5ng t\u1ed1t tr\u00ean b\u1ebfp t\u1eeb.S\u1ea3n ph\u1ea9m\u00a0<strong>b\u1ed9 chuy\u1ec3n \u0111\u1ed5i nhi\u1ec7t Essen ES 24<\/strong>\u00a0lu\u00f4n mong mu\u1ed1n \u0111em l\u1ea1i s\u1ef1 ti\u1ec7n l\u1ee3i cho c\u00e1c ch\u1ecb em n\u1ed9i tr\u1ee3 tr\u1ed5 t\u00e0i n\u1ea5u \u0103n cho gia \u0111\u00ecnh.<\/p>\n<p>&nbsp;<\/p>\n","protected":false},"excerpt":{"rendered":"<p>\u01afu \u0111i\u1ec3m: B\u1ed9 chuy\u1ec3n \u0111\u1ed5i nhi\u1ec7t Essen cho ph\u00e9p\u00a0 s\u1eed d\u1ee5ng c\u00e1c lo\u1ea1i n\u1ed3i v\u1edbi ch\u1ea5t li\u1ec7u truy\u1ec1n th\u1ed1ng (inox, &hellip; <a class=\"link-more\" href=\"http:\/\/maudep.com.vn\/chuyengiadienmay\/?product=tam-chuyen-nhiet-essen-24\" class=\"more-link\">\u0110\u1ecdc th\u00eam &raquo;<span class=\"screen-reader-text\"> &#8220;T\u1ea5m chuy\u1ec3n nhi\u1ec7t ESSEN &#8211; 24&#8221;<\/span><\/a><\/p>\n","protected":false},"featured_media":3159,"comment_status":"open","ping_status":"closed","template":"","meta":[],"_links":{"self":[{"href":"http:\/\/maudep.com.vn\/chuyengiadienmay\/index.php?rest_route=\/wp\/v2\/product\/3158"}],"collection":[{"href":"http:\/\/maudep.com.vn\/chuyengiadienmay\/index.php?rest_route=\/wp\/v2\/product"}],"about":[{"href":"http:\/\/maudep.com.vn\/chuyengiadienmay\/index.php?rest_route=\/wp\/v2\/types\/product"}],"replies":[{"embeddable":true,"href":"http:\/\/maudep.com.vn\/chuyengiadienmay\/index.php?rest_route=%2Fwp%2Fv2%2Fcomments&post=3158"}],"wp:featuredmedia":[{"embeddable":true,"href":"http:\/\/maudep.com.vn\/chuyengiadienmay\/index.php?rest_route=\/wp\/v2\/media\/3159"}],"wp:attachment":[{"href":"http:\/\/maudep.com.vn\/chuyengiadienmay\/index.php?rest_route=%2Fwp%2Fv2%2Fmedia&parent=3158"}],"curies":[{"name":"wp","href":"https:\/\/api.w.org\/{rel}","templated":true}]}}