{"id":3160,"date":"2019-01-11T19:39:49","date_gmt":"2019-01-11T12:39:49","guid":{"rendered":"http:\/\/maudep.com.vn\/chuyengiadienmay\/?post_type=product&#038;p=3160"},"modified":"2019-01-11T19:39:49","modified_gmt":"2019-01-11T12:39:49","slug":"dao-ve-sinh-bep-essen","status":"publish","type":"product","link":"http:\/\/maudep.com.vn\/chuyengiadienmay\/?product=dao-ve-sinh-bep-essen","title":{"rendered":"Dao v\u1ec7 sinh b\u1ebfp Essen"},"content":{"rendered":"<p>Dao v\u1ec7 sinh Essen l\u00e0 s\u1ea3n ph\u1ea9m thi\u1ebft b\u1ecb nh\u00e0 b\u1ebfp kh\u00f4ng th\u1ec3 thi\u1ebfu trong c\u00e1c gia \u0111\u00ecnh, l\u00fd t\u01b0\u1edfng cho vi\u1ec7c l\u00e0m s\u1ea1ch m\u1eb7t k\u00ednh b\u1ebfp \u0111i\u1ec7n, b\u1ebfp t\u1eeb, m\u1eb7t \u0111\u00e1\u2026 V\u1edbi c\u1ea5u t\u1ea1o \u0111\u01a1n gi\u1ea3n d\u1ee5ng c\u1ee5 dao v\u1ec7 sinh d\u1ec5 d\u00e0ng \u0111\u00e1nh bay \u0111\u01b0\u1ee3c c\u00e1c v\u1ebft b\u1ea9n b\u00e1m l\u00e2u ng\u00e0y tr\u00ean m\u1eb7t b\u1ebfp m\u00e0 kh\u00f4ng l\u00e0m x\u01b0\u1edbc m\u1eb7t k\u00ednh, c\u1ed9ng v\u1edbi t\u00ednh n\u0103ng kh\u00f3a an to\u00e0n b\u1edfi m\u1ed9t ch\u1ed1t \u0111\u1ecf tr\u00ean th\u00e2n dao, c\u00e1c b\u1ea1n c\u00f3 th\u1ec3 d\u00f9ng k\u1ebft h\u1ee3p v\u1edbi dung d\u1ecbch n\u01b0\u1edbc t\u1ea9y r\u1eeda d\u1ea7u m\u1ee1 \u0111\u1ec3 l\u00e0m cho b\u1ec1 m\u1eb7t b\u1ebfp tr\u1edf n\u00ean s\u00e1ng b\u00f3ng.<\/p>\n<p>&nbsp;<\/p>\n<p>&nbsp;<\/p>\n","protected":false},"excerpt":{"rendered":"<p>Dao v\u1ec7 sinh Essen l\u00e0 s\u1ea3n ph\u1ea9m thi\u1ebft b\u1ecb nh\u00e0 b\u1ebfp kh\u00f4ng th\u1ec3 thi\u1ebfu trong c\u00e1c gia \u0111\u00ecnh, l\u00fd t\u01b0\u1edfng &hellip; <a class=\"link-more\" href=\"http:\/\/maudep.com.vn\/chuyengiadienmay\/?product=dao-ve-sinh-bep-essen\" class=\"more-link\">\u0110\u1ecdc th\u00eam &raquo;<span class=\"screen-reader-text\"> &#8220;Dao v\u1ec7 sinh b\u1ebfp Essen&#8221;<\/span><\/a><\/p>\n","protected":false},"featured_media":3161,"comment_status":"open","ping_status":"closed","template":"","meta":[],"_links":{"self":[{"href":"http:\/\/maudep.com.vn\/chuyengiadienmay\/index.php?rest_route=\/wp\/v2\/product\/3160"}],"collection":[{"href":"http:\/\/maudep.com.vn\/chuyengiadienmay\/index.php?rest_route=\/wp\/v2\/product"}],"about":[{"href":"http:\/\/maudep.com.vn\/chuyengiadienmay\/index.php?rest_route=\/wp\/v2\/types\/product"}],"replies":[{"embeddable":true,"href":"http:\/\/maudep.com.vn\/chuyengiadienmay\/index.php?rest_route=%2Fwp%2Fv2%2Fcomments&post=3160"}],"wp:featuredmedia":[{"embeddable":true,"href":"http:\/\/maudep.com.vn\/chuyengiadienmay\/index.php?rest_route=\/wp\/v2\/media\/3161"}],"wp:attachment":[{"href":"http:\/\/maudep.com.vn\/chuyengiadienmay\/index.php?rest_route=%2Fwp%2Fv2%2Fmedia&parent=3160"}],"curies":[{"name":"wp","href":"https:\/\/api.w.org\/{rel}","templated":true}]}}