{"id":3162,"date":"2019-01-11T19:41:50","date_gmt":"2019-01-11T12:41:50","guid":{"rendered":"http:\/\/maudep.com.vn\/chuyengiadienmay\/?post_type=product&#038;p=3162"},"modified":"2019-01-11T19:41:50","modified_gmt":"2019-01-11T12:41:50","slug":"khan-lau-da-nang-chong-xuoc-flinka","status":"publish","type":"product","link":"http:\/\/maudep.com.vn\/chuyengiadienmay\/?product=khan-lau-da-nang-chong-xuoc-flinka","title":{"rendered":"Kh\u0103n lau \u0111a n\u0103ng ch\u1ed1ng x\u01b0\u1edbc Flinka"},"content":{"rendered":"<p>S\u1ea3n xu\u1ea5t b\u1eb1ng c\u00f4ng ngh\u1ec7 hi\u1ec7n \u0111\u1ea1i, h\u1eefu d\u1ee5ng ngay t\u1eeb l\u1ea7n \u0111\u1ea7u Combo 2 kh\u0103n lau \u0111a n\u0103ng ch\u1ed1ng x\u01b0\u1edbc Flinka 386 40 x 38 cm v\u1edbi c\u00f4ng ngh\u1ec7 s\u1ea3n xu\u1ea5t hi\u1ec7n \u0111\u1ea1i, th\u00e2n thi\u1ec7n v\u1edbi m\u00f4i tr\u01b0\u1eddng, s\u1ea3n ph\u1ea9m c\u00f3 c\u00e1c k\u1ebft c\u1ea5u b\u1ec1 m\u1eb7t \u0111\u01b0\u1ee3c t\u00ednh to\u00e1n k\u1ef9 nh\u1eb1m t\u1ed1i \u01b0u h\u00f3a c\u00e1c nhu c\u1ea7u l\u00e0m s\u1ea1ch kh\u00e1c nhau, ph\u1ee5c v\u1ee5 t\u1ea5t c\u1ea3 c\u00e1c m\u1ee5c \u0111\u00edch s\u1eed d\u1ee5ng v\u1edbi c\u00f4ng d\u1ee5ng h\u1eefu hi\u1ec7u ngay khi b\u1ea1n s\u1eed d\u1ee5ng l\u1ea7n \u0111\u1ea7u.<\/p>\n<p>&#8211; Lau s\u1ea1ch c\u1ea3 b\u1ec1 m\u1eb7t kh\u00f4 v\u00e0 \u01b0\u1edbt<\/p>\n<p>&#8211; Thi\u1ebft k\u1ebf nh\u1ecf g\u1ecdn, ti\u1ec7n d\u1ee5ng<\/p>\n<p>&#8211; C\u00f3 th\u1ec3 d\u00f9ng \u0111\u01b0\u1ee3c nhi\u1ec1u l\u1ea7n<\/p>\n<p>\u0110\u1ed9 th\u1ea5m h\u00fat cao, lau b\u1ee5i b\u1ea9n d\u1ec5 d\u00e0ng Kh\u0103n \u0111a n\u0103ng \u0111\u01b0\u1ee3c l\u00e0m t\u1eeb ch\u1ea5t li\u1ec7u v\u1ea3i kh\u00f4ng d\u1ec7t v\u1edbi c\u00f4ng ngh\u1ec7 \u00e9p nhi\u1ec7t gi\u00fap s\u1ea3n ph\u1ea9m b\u1ec1n b\u1ec9, c\u00f3 th\u1ec3 s\u1eed d\u1ee5ng l\u00e2u d\u00e0i. S\u1ea3n ph\u1ea9m \u0111\u01b0\u1ee3c d\u00f9ng \u0111\u1ec3 lau s\u1ea1ch xe h\u01a1i, \u0111\u1ed3 n\u1ed9i th\u1ea5t gia \u0111\u00ecnh&#8230; Kh\u0103n s\u1ee3i m\u1ec1m c\u00f3 \u0111\u1ed9 th\u1ea5m cao, k\u1ebft h\u1ee3p l\u1ed7 tho\u00e1ng t\u1ea1o kh\u1ea3 n\u0103ng lau th\u1ea5m h\u00fat v\u00e0 qu\u00e9t s\u1ea1ch v\u1ebft b\u1ea9n d\u1ec5 d\u00e0ng.<\/p>\n<p><img src=\"https:\/\/bepnamduong.vn\/Data\/upload\/images\/PhuKien\/BepTu\/KhanLauBep\/khan-lau-bep.jpg\" alt=\"\" \/><\/p>\n<p>Kh\u00f4ng l\u00e0m x\u01b0\u1edbc b\u1ec1 m\u1eb7t, th\u00e2n thi\u1ec7n v\u1edbi ng\u01b0\u1eddi d\u00f9ng Kh\u0103n lau \u0111a n\u0103ng ch\u1ed1ng x\u01b0\u1edbc Flinka 386 \u0111\u01b0\u1ee3c s\u00e1ng t\u1ea1o b\u1edfi c\u00e1c chuy\u00ean gia d\u1ec7t may t\u1eeb n\u0103m 1905 nh\u1eb1m \u0111\u00e1p \u1ee9ng nhu c\u1ea7u l\u00e0m s\u1ea1ch c\u1ee7a kh\u00e1ch h\u00e0ng kh\u1eafp n\u01a1i tr\u00ean th\u1ebf gi\u1edbi. Kh\u0103n gi\u00fap l\u00e0m s\u1ea1ch c\u00e1c v\u1eadt d\u1ee5ng nhanh ch\u00f3ng, kh\u00f4ng g\u00e2y x\u01b0\u1edbc b\u1ec1 m\u1eb7t, c\u00e1c \u0111\u1ed3 d\u00f9ng c\u00f3 th\u1ec3 s\u00e1ng b\u00f3ng nh\u01b0 m\u1edbi, th\u00e2n thi\u1ec7n v\u1edbi m\u00f4i tr\u01b0\u1eddng v\u00e0 ng\u01b0\u1eddi s\u1eed d\u1ee5ng. 1 t\u00fai c\u00f3 3 chi\u1ebfc v\u1edbi 3 m\u00e0u s\u1eafc \u0111\u1ec3 ng\u01b0\u1eddi s\u1eed d\u1ee5ng ti\u1ec7n ph\u00e2n lo\u1ea1i khi lau ch\u00f9i. S\u1ea3n ph\u1ea9m thi\u1ebft k\u1ebf th\u00edch h\u1ee3p v\u1edbi gi\u1eb7t b\u1eb1ng m\u00e1y, c\u00f9ng v\u1edbi ch\u1ea5t t\u1ea9y r\u1eeda th\u00f4ng th\u01b0\u1eddng.<\/p>\n<p>&nbsp;<\/p>\n","protected":false},"excerpt":{"rendered":"<p>S\u1ea3n xu\u1ea5t b\u1eb1ng c\u00f4ng ngh\u1ec7 hi\u1ec7n \u0111\u1ea1i, h\u1eefu d\u1ee5ng ngay t\u1eeb l\u1ea7n \u0111\u1ea7u Combo 2 kh\u0103n lau \u0111a n\u0103ng ch\u1ed1ng &hellip; <a class=\"link-more\" href=\"http:\/\/maudep.com.vn\/chuyengiadienmay\/?product=khan-lau-da-nang-chong-xuoc-flinka\" class=\"more-link\">\u0110\u1ecdc th\u00eam &raquo;<span class=\"screen-reader-text\"> &#8220;Kh\u0103n lau \u0111a n\u0103ng ch\u1ed1ng x\u01b0\u1edbc Flinka&#8221;<\/span><\/a><\/p>\n","protected":false},"featured_media":3163,"comment_status":"open","ping_status":"closed","template":"","meta":[],"_links":{"self":[{"href":"http:\/\/maudep.com.vn\/chuyengiadienmay\/index.php?rest_route=\/wp\/v2\/product\/3162"}],"collection":[{"href":"http:\/\/maudep.com.vn\/chuyengiadienmay\/index.php?rest_route=\/wp\/v2\/product"}],"about":[{"href":"http:\/\/maudep.com.vn\/chuyengiadienmay\/index.php?rest_route=\/wp\/v2\/types\/product"}],"replies":[{"embeddable":true,"href":"http:\/\/maudep.com.vn\/chuyengiadienmay\/index.php?rest_route=%2Fwp%2Fv2%2Fcomments&post=3162"}],"wp:featuredmedia":[{"embeddable":true,"href":"http:\/\/maudep.com.vn\/chuyengiadienmay\/index.php?rest_route=\/wp\/v2\/media\/3163"}],"wp:attachment":[{"href":"http:\/\/maudep.com.vn\/chuyengiadienmay\/index.php?rest_route=%2Fwp%2Fv2%2Fmedia&parent=3162"}],"curies":[{"name":"wp","href":"https:\/\/api.w.org\/{rel}","templated":true}]}}