{"id":3180,"date":"2019-01-12T10:50:20","date_gmt":"2019-01-12T03:50:20","guid":{"rendered":"http:\/\/maudep.com.vn\/chuyengiadienmay\/?post_type=product&#038;p=3180"},"modified":"2019-01-12T10:50:21","modified_gmt":"2019-01-12T03:50:21","slug":"tui-bot-tay-long-may-giat-sandokkaebi-10-tui","status":"publish","type":"product","link":"http:\/\/maudep.com.vn\/chuyengiadienmay\/?product=tui-bot-tay-long-may-giat-sandokkaebi-10-tui","title":{"rendered":"T\u00fai b\u1ed9t t\u1ea9y l\u1ed3ng m\u00e1y gi\u1eb7t Sandokkaebi (10 T\u00fai)"},"content":{"rendered":"<div id=\"ctongquan\" class=\"f bcontent imore\" data-h=\"500\">\n<div><strong>\u01afu \u0111i\u1ec3m:<\/strong><\/div>\n<div>\u2714 Kh\u00f4ng c\u1ea7n \u0111\u1ebfn th\u1ee3 th\u00e1o m\u00e1y gi\u1eb7t ra \u0111\u1ec3 v\u1ec7 sinh m\u00e0 nay b\u1ea5t k\u1ef3 ai c\u0169ng c\u00f3 th\u1ec3 t\u1ef1 l\u00e0m \u0111\u01b0\u1ee3c \u1edf nh\u00e0.<\/div>\n<div>\u2714 Kh\u00f4ng ph\u1ea3i b\u1ea3o d\u01b0\u1ee1ng m\u00e1y gi\u1eb7t khi s\u1eed d\u1ee5ng s\u1ea3n ph\u1ea9m.<\/div>\n<div>\u2714 D\u00f9ng \u0111\u01b0\u1ee3c cho c\u1ea3 m\u00e1y gi\u1eb7t l\u1ed3ng \u0111\u1ee9ng v\u00e0 m\u00e1y gi\u1eb7t l\u1ed3ng ngang.<\/div>\n<div>\u2714 1 g\u00f3i 450gr s\u1eed d\u1ee5ng cho 1 l\u1ea7n v\u1ec7 sinh v\u1edbi m\u00e1y gi\u1eb7t t\u1eeb 7kg ~ 12kg. M\u00e1y gi\u1eb7t to h\u01a1n th\u00ec d\u00f9ng 2 g\u00f3i.<\/div>\n<div><\/div>\n<div><strong>Th\u00e0nh ph\u1ea7n:<\/strong><\/div>\n<div>Sodium Percarbonate, Sodium Lauryl Sulfate, Dipropyleneglycol, Sodium Carbonate, Ch\u1ea5t th\u01a1m, Deformer, Tetraacetylethylenediamine<\/div>\n<div><\/div>\n<div><strong>C\u00f4ng d\u1ee5ng:<\/strong><\/div>\n<div>\u2714\u00a0Lo\u1ea1i b\u1ecf nh\u1eefng c\u1eb7n l\u1eafng caxi v\u00e0 ch\u1ea5t b\u1ea9n c\u00e1u c\u1eb7n, di\u1ec7t khu\u1ea9n g\u00e2y m\u00f9i h\u00f4i trong m\u00e1y gi\u1eb7t v\u00e0 \u0111\u01b0\u1eddng \u1ed1ng tho\u00e1t n\u01b0\u1edbc.<\/div>\n<div>\u2714\u00a0T\u0103ng c\u01b0\u1eddng h\u1ecdat ch\u1ea5t, t\u1ea9y gi\u1eb7t gi\u00fap b\u1ea1n gi\u1eb7t s\u1ea1ch h\u01a1n m\u00e0 kh\u00f4ng lo v\u1ec1 s\u1ef1 c\u1ed1 do c\u00e1c t\u00e1c nh\u00e2n c\u00e1u c\u1eb7n l\u00e2u ng\u00e0y kh\u00f4ng \u0111\u01b0\u1ee3c x\u1eed l\u00fd g\u00e2y n\u00ean.<\/div>\n<div>\u2714\u00a0B\u1ea1n ho\u00e0n to\u00e0n kh\u00f4ng ph\u1ea3i b\u1ea3o d\u01b0\u1ee1ng m\u00e1y gi\u1eb7t khi s\u1eed d\u1ee5ng s\u1ea3n ph\u1ea9m n\u00e0y.<\/div>\n<div><\/div>\n<div><strong>H\u01b0\u1edbng d\u1eabn s\u1eed d\u1ee5ng b\u1ed9t t\u1ea9y l\u1ed3ng m\u00e1y gi\u1eb7t Sandokkaebi H\u00e0n Qu\u1ed1c:<\/strong><\/div>\n<div><strong>1. C\u00e1ch 1 \u00e1p d\u1ee5ng \u0111\u1ed1i v\u1edbi nh\u1eefng m\u00e1y gi\u1ea1t KH\u00d4NG c\u00f3 ch\u1ebf \u0111\u1ed9 V\u1ec6 SINH L\u1ed2NG GI\u1eb6T:<\/strong><\/div>\n<div>\u2714\u00a0M\u00e1y gi\u1eb7t kh\u00f4ng ch\u1ee9a qu\u1ea7n \u00e1o hay \u0111\u1ed3<\/div>\n<div>\u2714\u00a0Cho n\u01b0\u1edbc v\u00e0o l\u1ed3ng gi\u1eb7t (n\u1ebfu \u0111\u01b0\u1ee3c n\u01b0\u1edbc \u1ea5m 40~50 \u0111\u1ed9 th\u00ec c\u00e0ng t\u1ed1t).<\/div>\n<div>\u2714\u00a0Cho c\u1ea3 g\u00f3i b\u1ed9t t\u1ea9y l\u1ed3ng gi\u1eb7t v\u00e0o m\u00e1y.<\/div>\n<div>\u2714\u00a0Ng\u00e2m kho\u1ea3ng 90 &#8211; 120 ph\u00fat<\/div>\n<div>\u2714\u00a0Sau \u0111\u00f3 cho ch\u1ea1y theo ch\u1ebf \u0111\u1ed9: Gi\u1eb7t &#8211; x\u1ea3 &#8211; v\u1eaft th\u00f4ng th\u01b0\u1eddng<\/div>\n<div><\/div>\n<div><strong>2. C\u00e1ch 2 \u00e1p d\u1ee5ng \u0111\u1ed1i v\u1edbi nh\u1eefng m\u00e1y c\u00f3 ch\u1ebf \u0111\u1ed9 V\u1ec6 SINH L\u1ed2NG GI\u1eb6T:<\/strong><\/div>\n<div>\u2714\u00a0M\u00e1y gi\u1eb7t kh\u00f4ng ch\u1ee9a qu\u1ea7n \u00e1o hay \u0111\u1ed3<\/div>\n<div>\u2714\u00a0Cho c\u1ea3 g\u00f3i b\u1ed9t t\u1ea9y l\u1ed3ng gi\u1eb7t v\u00e0o m\u00e1y<\/div>\n<div>\u2714\u00a0Ch\u1ecdn ch\u1ebf \u0111\u1ed9 &#8220;v\u1ec7 sinh l\u1ed3ng gi\u1eb7t&#8221;<\/div>\n<div>\u2714\u00a0\u1ea4n n\u00fat &#8220;Kh\u1edfi \u0111\u1ed9ng&#8221; v\u00e0 ch\u1edd m\u00e1y ch\u1ea1y k\u1ebft th\u00fac chu tr\u00ecnh gi\u1eb7t. T\u00f9y t\u1eebng m\u00e1y th\u1eddi gian v\u1ec7 sinh l\u1ed3ng gi\u1eb7t kh\u00e1c nhau, n\u1ebfu m\u00e1y n\u00e0o th\u1eddi gian v\u1ec7 sinh l\u1ed3ng gi\u1eb7t ng\u1eafn th\u00ec khi m\u00e1y \u0111ang ch\u1ea1y n\u00ean PAUSE \u0111\u1ec3 ng\u00e2m 90 &#8211; 120 ph\u00fat.<\/div>\n<div><\/div>\n<div><strong>M\u1ed9t s\u1ed1 l\u01b0u \u00fd khi s\u1eed d\u1ee5ng:<\/strong><\/div>\n<div>\u2714\u00a0\u0110\u1ed1i v\u1edbi nh\u1eefng m\u00e1y l\u00e2u ch\u01b0a v\u1ec7 sinh l\u1ed3ng gi\u1eb7t n\u00ean cho m\u00e1y ch\u1ea1y n\u01b0\u1edbc kh\u00f4ng th\u00eam 1-2 l\u1ea7n n\u1eefa \u0111\u1ec3 m\u00e1y s\u1ea1ch ho\u00e0n to\u00e0n.<\/div>\n<div>\u2714\u00a0Tr\u01b0\u1eddng h\u1ee3p m\u00e1y \u0111\u00f3ng c\u1eb7n b\u1ea9n to qu\u00e1 th\u00ec c\u1ea7n nh\u1eb7t nh\u1eefng c\u1eb7n b\u1ea9n ra v\u00ec c\u00f3 th\u1ec3 nh\u1eefng c\u1eb7n b\u1ea9n \u0111\u00f3 kh\u00f4ng tho\u00e1t \u0111\u01b0\u1ee3c ra ngo\u00e0i qua nh\u1eefng l\u1ed7 nh\u1ecf trong l\u1ed3ng m\u00e1y gi\u1eb7t.<\/div>\n<div>\u2714\u00a0N\u00ean v\u1ec7 sinh m\u00e1y gi\u1eb7t kho\u1ea3ng 2-3 th\u00e1ng\/l\u1ea7n (ho\u1eb7c sau 40 l\u1ea7n gi\u1eb7t) \u0111\u1ec3 k\u00e9o d\u00e0i tu\u1ed5i th\u1ecd c\u1ee7a m\u00e1y gi\u1eb7t, qu\u1ea7n \u00e1o \u0111\u01b0\u1ee3c th\u01a1m tho v\u00e0 lo\u1ea1i b\u1ecf nh\u1eefng vi khu\u1ea9n g\u00e2y m\u00f9i h\u00f4i.<\/div>\n<\/div>\n","protected":false},"excerpt":{"rendered":"<p>\u01afu \u0111i\u1ec3m: \u2714 Kh\u00f4ng c\u1ea7n \u0111\u1ebfn th\u1ee3 th\u00e1o m\u00e1y gi\u1eb7t ra \u0111\u1ec3 v\u1ec7 sinh m\u00e0 nay b\u1ea5t k\u1ef3 ai c\u0169ng &hellip; <a class=\"link-more\" href=\"http:\/\/maudep.com.vn\/chuyengiadienmay\/?product=tui-bot-tay-long-may-giat-sandokkaebi-10-tui\" class=\"more-link\">\u0110\u1ecdc th\u00eam &raquo;<span class=\"screen-reader-text\"> &#8220;T\u00fai b\u1ed9t t\u1ea9y l\u1ed3ng m\u00e1y gi\u1eb7t Sandokkaebi (10 T\u00fai)&#8221;<\/span><\/a><\/p>\n","protected":false},"featured_media":3181,"comment_status":"open","ping_status":"closed","template":"","meta":[],"_links":{"self":[{"href":"http:\/\/maudep.com.vn\/chuyengiadienmay\/index.php?rest_route=\/wp\/v2\/product\/3180"}],"collection":[{"href":"http:\/\/maudep.com.vn\/chuyengiadienmay\/index.php?rest_route=\/wp\/v2\/product"}],"about":[{"href":"http:\/\/maudep.com.vn\/chuyengiadienmay\/index.php?rest_route=\/wp\/v2\/types\/product"}],"replies":[{"embeddable":true,"href":"http:\/\/maudep.com.vn\/chuyengiadienmay\/index.php?rest_route=%2Fwp%2Fv2%2Fcomments&post=3180"}],"wp:featuredmedia":[{"embeddable":true,"href":"http:\/\/maudep.com.vn\/chuyengiadienmay\/index.php?rest_route=\/wp\/v2\/media\/3181"}],"wp:attachment":[{"href":"http:\/\/maudep.com.vn\/chuyengiadienmay\/index.php?rest_route=%2Fwp%2Fv2%2Fmedia&parent=3180"}],"curies":[{"name":"wp","href":"https:\/\/api.w.org\/{rel}","templated":true}]}}