{"id":3182,"date":"2019-01-12T10:59:33","date_gmt":"2019-01-12T03:59:33","guid":{"rendered":"http:\/\/maudep.com.vn\/chuyengiadienmay\/?post_type=product&#038;p=3182"},"modified":"2019-01-12T10:59:33","modified_gmt":"2019-01-12T03:59:33","slug":"tu-ruou-hafele-hw-g16a","status":"publish","type":"product","link":"http:\/\/maudep.com.vn\/chuyengiadienmay\/?product=tu-ruou-hafele-hw-g16a","title":{"rendered":"T\u1ee7 r\u01b0\u1ee3u Hafele HW-G16A"},"content":{"rendered":"<h3 class=\"title\">T\u1ed5ng quan chung T\u1ee7 r\u01b0\u1ee3u Hafele HW-G16A<\/h3>\n<div class=\"article-content\">\n<div class=\"js-content\">\n<p>+ Nh\u00e3n hi\u1ec7u:\u00a0HAFELE\u00a0GERMANY<\/p>\n<p>+ D\u1ea1ng t\u1ee7 r\u01b0\u1ee3u: \u0110\u1ed9c l\u1eadp<\/p>\n<p>+\u00a0C\u00f4ng su\u1ea5t : 70W<\/p>\n<p>+ Dung t\u00edch:\u00a016l\/ 6 chai<\/p>\n<p>+\u00a0T\u1ea7n su\u1ea5t:\u00a050\/60 Hz<\/p>\n<p>+\u00a0Hi\u1ec7u \u0111i\u00ean th\u1ebf c\u1ee7a\u00a0t\u1ee7 r\u01b0\u1ee3u HW-G16A: 220-240W<\/p>\n<p>+\u00a0H\u1ec7 th\u1ed1ng l\u00e0m l\u1ea1nh kh\u00f4ng m\u00e1y n\u00e9n<\/p>\n<p>+ L\u00e0m l\u1ea1nh b\u1eb1ng \u0111i\u1ec7n kh\u00f4ng t\u1ea1o CFC<\/p>\n<p>+\u00a0V\u1ecf t\u1ee7 r\u01b0\u1ee3u Hafele HW-G16A ch\u1ed1ng rung<\/p>\n<p>+\u00a0Ho\u1ea1t \u0111\u1ed9ng si\u00eau y\u00ean t\u0129nh<\/p>\n<p>+ Nhi\u1ec7t \u0111\u1ed9: 8-18 \u0111\u1ed9<\/p>\n<p>+ \u0110\u00e8n led chi\u1ebfu s\u00e1ng b\u00ean trong<\/p>\n<\/div>\n<\/div>\n","protected":false},"excerpt":{"rendered":"<p>T\u1ed5ng quan chung T\u1ee7 r\u01b0\u1ee3u Hafele HW-G16A + Nh\u00e3n hi\u1ec7u:\u00a0HAFELE\u00a0GERMANY + D\u1ea1ng t\u1ee7 r\u01b0\u1ee3u: \u0110\u1ed9c l\u1eadp +\u00a0C\u00f4ng su\u1ea5t : 70W &hellip; <a class=\"link-more\" href=\"http:\/\/maudep.com.vn\/chuyengiadienmay\/?product=tu-ruou-hafele-hw-g16a\" class=\"more-link\">\u0110\u1ecdc th\u00eam &raquo;<span class=\"screen-reader-text\"> &#8220;T\u1ee7 r\u01b0\u1ee3u Hafele HW-G16A&#8221;<\/span><\/a><\/p>\n","protected":false},"featured_media":3183,"comment_status":"open","ping_status":"closed","template":"","meta":[],"_links":{"self":[{"href":"http:\/\/maudep.com.vn\/chuyengiadienmay\/index.php?rest_route=\/wp\/v2\/product\/3182"}],"collection":[{"href":"http:\/\/maudep.com.vn\/chuyengiadienmay\/index.php?rest_route=\/wp\/v2\/product"}],"about":[{"href":"http:\/\/maudep.com.vn\/chuyengiadienmay\/index.php?rest_route=\/wp\/v2\/types\/product"}],"replies":[{"embeddable":true,"href":"http:\/\/maudep.com.vn\/chuyengiadienmay\/index.php?rest_route=%2Fwp%2Fv2%2Fcomments&post=3182"}],"wp:featuredmedia":[{"embeddable":true,"href":"http:\/\/maudep.com.vn\/chuyengiadienmay\/index.php?rest_route=\/wp\/v2\/media\/3183"}],"wp:attachment":[{"href":"http:\/\/maudep.com.vn\/chuyengiadienmay\/index.php?rest_route=%2Fwp%2Fv2%2Fmedia&parent=3182"}],"curies":[{"name":"wp","href":"https:\/\/api.w.org\/{rel}","templated":true}]}}