{"id":3186,"date":"2019-01-12T11:07:32","date_gmt":"2019-01-12T04:07:32","guid":{"rendered":"http:\/\/maudep.com.vn\/chuyengiadienmay\/?post_type=product&#038;p=3186"},"modified":"2019-01-12T11:07:32","modified_gmt":"2019-01-12T04:07:32","slug":"tu-ruou-hafele-hw-g45a","status":"publish","type":"product","link":"http:\/\/maudep.com.vn\/chuyengiadienmay\/?product=tu-ruou-hafele-hw-g45a","title":{"rendered":"T\u1ee7 r\u01b0\u1ee3u Hafele HW-G45A"},"content":{"rendered":"<h3 class=\"title\">T\u1ed5ng quan chung T\u1ee7 r\u01b0\u1ee3u Hafele HW-G45A<\/h3>\n<div class=\"article-content\">\n<div class=\"js-content\">\n<p>\u0110\u1eb7c t\u00ednh s\u1ea3n ph\u1ea9m:<br \/>\n+ C\u00f3 th\u1ec3 l\u1eafp \u0111\u1ed9c l\u1eadp<br \/>\n+ T\u1ed5ng dung t\u00edch: 128 l\u00edt<br \/>\n+ S\u1ee9c ch\u1ee9a: 45 chai (Lo\u1ea1i chai Bordeaux ti\u00eau chu\u1ea9n)<br \/>\n+ C\u1eeda k\u00ednh, 4 ng\u0103n ch\u1ee9a g\u1ed7 c\u00f3 th\u1ec3 th\u00e1o r\u1eddi<br \/>\n+ \u0110i\u1ec1u khi\u1ec3n \u0111i\u1ec7n t\u1eed<br \/>\n+ H\u1ec7 th\u1ed1ng chi\u1ebfu s\u00e1ng b\u00ean trong v\u1edbi \u0111\u00e8n LED<br \/>\n+ H\u1ec7 th\u1ed1ng l\u00e0m l\u1ea1nh kh\u00f4ng r\u1ec9 n\u01b0\u1edbc<br \/>\n+ Kh\u00f4ng \u0111\u00f3ng tuy\u1ebft b\u00ean trong<br \/>\n+ 2 khu v\u1ef1c nhi\u1ec7t \u0111\u1ed9 ri\u00eang bi\u1ec7t, c\u00f3 th\u1ec3 \u0111i\u1ec1u ch\u1ec9nh t\u1eeb 5 \u0111\u1ed9 C \u0111\u1ebfn 18 \u0111\u1ed9 C<\/p>\n<p>Th\u00f4ng tin k\u1ef9 thu\u1eadt:<br \/>\n+ M\u1ee9c ti\u00eau th\u1ee5 \u0111i\u1ec7n: 0.58kwh\/ 24h<br \/>\n+ \u0110\u1ed9 \u1ed3n: 40 dB<br \/>\n+ Hi\u1ec7u \u0111i\u1ec7n th\u1ebf: 230 \u2013 240V<br \/>\n+ T\u1ea7n s\u1ed1: 50-60 Hz<br \/>\n+ K\u00edch th\u01b0\u1edbc s\u1ea3n ph\u1ea9m: 495R x 565S x 848C mm<\/p>\n<\/div>\n<\/div>\n","protected":false},"excerpt":{"rendered":"<p>T\u1ed5ng quan chung T\u1ee7 r\u01b0\u1ee3u Hafele HW-G45A \u0110\u1eb7c t\u00ednh s\u1ea3n ph\u1ea9m: + C\u00f3 th\u1ec3 l\u1eafp \u0111\u1ed9c l\u1eadp + T\u1ed5ng dung &hellip; <a class=\"link-more\" href=\"http:\/\/maudep.com.vn\/chuyengiadienmay\/?product=tu-ruou-hafele-hw-g45a\" class=\"more-link\">\u0110\u1ecdc th\u00eam &raquo;<span class=\"screen-reader-text\"> &#8220;T\u1ee7 r\u01b0\u1ee3u Hafele HW-G45A&#8221;<\/span><\/a><\/p>\n","protected":false},"featured_media":3187,"comment_status":"open","ping_status":"closed","template":"","meta":[],"_links":{"self":[{"href":"http:\/\/maudep.com.vn\/chuyengiadienmay\/index.php?rest_route=\/wp\/v2\/product\/3186"}],"collection":[{"href":"http:\/\/maudep.com.vn\/chuyengiadienmay\/index.php?rest_route=\/wp\/v2\/product"}],"about":[{"href":"http:\/\/maudep.com.vn\/chuyengiadienmay\/index.php?rest_route=\/wp\/v2\/types\/product"}],"replies":[{"embeddable":true,"href":"http:\/\/maudep.com.vn\/chuyengiadienmay\/index.php?rest_route=%2Fwp%2Fv2%2Fcomments&post=3186"}],"wp:featuredmedia":[{"embeddable":true,"href":"http:\/\/maudep.com.vn\/chuyengiadienmay\/index.php?rest_route=\/wp\/v2\/media\/3187"}],"wp:attachment":[{"href":"http:\/\/maudep.com.vn\/chuyengiadienmay\/index.php?rest_route=%2Fwp%2Fv2%2Fmedia&parent=3186"}],"curies":[{"name":"wp","href":"https:\/\/api.w.org\/{rel}","templated":true}]}}