{"id":3190,"date":"2019-01-12T11:20:13","date_gmt":"2019-01-12T04:20:13","guid":{"rendered":"http:\/\/maudep.com.vn\/chuyengiadienmay\/?post_type=product&#038;p=3190"},"modified":"2019-01-12T11:20:13","modified_gmt":"2019-01-12T04:20:13","slug":"tu-ruou-teka-rv-26-e","status":"publish","type":"product","link":"http:\/\/maudep.com.vn\/chuyengiadienmay\/?product=tu-ruou-teka-rv-26-e","title":{"rendered":"T\u1ee7 r\u01b0\u1ee3u TEKA RV-26 E"},"content":{"rendered":"<h3 class=\"title\">T\u1ed5ng quan chung T\u1ee7 r\u01b0\u1ee3u TEKA RV-26 E<\/h3>\n<div class=\"article-content\">\n<div class=\"js-content\">\n<div><\/div>\n<div><strong>T\u1ee7 R\u01b0\u1ee3u Teka RV 26 E<\/strong><br \/>\nNh\u1eadp kh\u1ea9u tr\u1ef1c ti\u1ebfp t\u1eeb Ch\u00e2u \u00c2u<br \/>\nB\u1ea3ng \u0111i\u1ec1u khi\u1ec3n b\u1eb1ng \u0111i\u1ec7n t\u1eed<br \/>\nThi\u1ebft k\u1ebf sang tr\u1ecdng v\u1edbi ch\u1ee9c n\u0103ng nhi\u1ec1u ng\u0103n<br \/>\nGi\u00e1 \u0111\u1ec3 r\u01b0\u1ee3u b\u1eb1ng g\u1ed7 ti\u1ec7n d\u1ee5ng \u0111\u1ec3 r\u01b0\u1ee3u<br \/>\nC\u00f3 th\u1ec3 \u0111i\u1ec1u ch\u1ec9nh nhi\u1ec7t \u0111\u1ed9 cho r\u01b0\u1ee3u tr\u1eafng v\u00e0 r\u01b0\u1ee3u \u0111\u1ecf<br \/>\nDung t\u00edch: 26 chai r\u01b0\u1ee3u<br \/>\nTay n\u1eafm b\u1eb1ng th\u00e9p kh\u00f4ng g\u1ec9<br \/>\nThi\u1ebft k\u1ebf t\u1ee7 \u0111\u1ee9ng \u0111\u1ed9c l\u1eadp<br \/>\nC\u1eeda k\u00ednh hai l\u1edbp gi\u00fap gi\u1eef nhi\u1ec7t t\u1ed1t<br \/>\nK\u00edch th\u01b0\u1edbc t\u1ed5ng qu\u00e1t (C\/R\/S, mm): 780 x 500 x 59.<br \/>\nS\u1ea3n ph\u1ea9m b\u1ea3o h\u00e0nh ch\u00ednh h\u00e3ng 2 n\u0103m<\/div>\n<\/div>\n<\/div>\n","protected":false},"excerpt":{"rendered":"<p>T\u1ed5ng quan chung T\u1ee7 r\u01b0\u1ee3u TEKA RV-26 E T\u1ee7 R\u01b0\u1ee3u Teka RV 26 E Nh\u1eadp kh\u1ea9u tr\u1ef1c ti\u1ebfp t\u1eeb Ch\u00e2u &hellip; <a class=\"link-more\" href=\"http:\/\/maudep.com.vn\/chuyengiadienmay\/?product=tu-ruou-teka-rv-26-e\" class=\"more-link\">\u0110\u1ecdc th\u00eam &raquo;<span class=\"screen-reader-text\"> &#8220;T\u1ee7 r\u01b0\u1ee3u TEKA RV-26 E&#8221;<\/span><\/a><\/p>\n","protected":false},"featured_media":3191,"comment_status":"open","ping_status":"closed","template":"","meta":[],"_links":{"self":[{"href":"http:\/\/maudep.com.vn\/chuyengiadienmay\/index.php?rest_route=\/wp\/v2\/product\/3190"}],"collection":[{"href":"http:\/\/maudep.com.vn\/chuyengiadienmay\/index.php?rest_route=\/wp\/v2\/product"}],"about":[{"href":"http:\/\/maudep.com.vn\/chuyengiadienmay\/index.php?rest_route=\/wp\/v2\/types\/product"}],"replies":[{"embeddable":true,"href":"http:\/\/maudep.com.vn\/chuyengiadienmay\/index.php?rest_route=%2Fwp%2Fv2%2Fcomments&post=3190"}],"wp:featuredmedia":[{"embeddable":true,"href":"http:\/\/maudep.com.vn\/chuyengiadienmay\/index.php?rest_route=\/wp\/v2\/media\/3191"}],"wp:attachment":[{"href":"http:\/\/maudep.com.vn\/chuyengiadienmay\/index.php?rest_route=%2Fwp%2Fv2%2Fmedia&parent=3190"}],"curies":[{"name":"wp","href":"https:\/\/api.w.org\/{rel}","templated":true}]}}