{"id":3203,"date":"2019-01-12T11:45:44","date_gmt":"2019-01-12T04:45:44","guid":{"rendered":"http:\/\/maudep.com.vn\/chuyengiadienmay\/?post_type=product&#038;p=3203"},"modified":"2019-01-12T13:20:47","modified_gmt":"2019-01-12T06:20:47","slug":"bo-noi-chefs-cw4430","status":"publish","type":"product","link":"http:\/\/maudep.com.vn\/chuyengiadienmay\/?product=bo-noi-chefs-cw4430","title":{"rendered":"B\u1ed9 n\u1ed3i Chef&#8217;s CW4430"},"content":{"rendered":"<h3 class=\"title\">T\u1ed5ng quan chung B\u1ed9 n\u1ed3i Chef&#8217;s CW4430<\/h3>\n<div class=\"article-content\">\n<div class=\"js-content\">\n<div id=\"tab-1\" class=\"tab-pane active\">\n<div>B\u1ed9 n\u1ed3i t\u1eeb 4 chi\u1ebfc cao c\u1ea5p Chef\u2019s l\u00e0m b\u1eb1ng ch\u1ea5t li\u1ec7u th\u00e9p kh\u00f4ng g\u1ec9, \u0111\u00e1y b\u1ed9 n\u1ed3i 3 \u0111\u00e1y si\u00eau b\u1ec1n khi s\u1eed d\u1ee5ng, b\u1ed9 n\u1ed3i ti\u1ebfp x\u00fac nhi\u1ec7t nhanh, t\u1ea3n nhi\u1ec7t \u0111\u1ec1u khi n\u1ea5u<\/div>\n<div><\/div>\n<div><strong>T\u00ednh n\u0103ng n\u1ed5i b\u1eadt:\u00a0<\/strong><\/div>\n<div>\n<ul>\n<li>S\u1eed d\u1ee5ng nguy\u00ean li\u00ean cao c\u1ea5p inox nh\u1eadp kh\u1ea9u 430 (18\/0) \u0111\u01b0\u1ee3c s\u1eed d\u1ee5ng r\u1ed9ng r\u00e3i\u00a0cho thi\u1ebft b\u1ecb gia d\u1ee5ng<\/li>\n<li>N\u1eafp n\u1ed3i b\u1eb1ng k\u00ednh c\u01b0\u1eddng l\u1ef1c k\u00edn gi\u1eef cho h\u01b0\u01a1ng v\u1ecb m\u00f3n \u0103n kh\u00f4ng b\u1ecb tho\u00e1t ra ngo\u00e0i<\/li>\n<li>Tay c\u1ea7m v\u1edbi thi\u1ebft k\u1ebf m\u1edbi nh\u1ea5t t\u1ea1o c\u1ea3m gi\u00e1c an to\u00e0n khi s\u1eed d\u1ee5ng<\/li>\n<li>K\u1ebft c\u1ea5u \u0111\u00e1y n\u1ed3i 3 l\u1edbp inox \u2013 nh\u00f4m \u2013 inox gi\u00fap t\u1ecfa nhi\u1ec7t \u0111\u1ec1u, gi\u1eef nhi\u1ec7t l\u00e2u, ti\u1ebft ki\u1ec7m chi ph\u00ed t\u1ed1i \u0111a khi s\u1eed d\u1ee5ng<\/li>\n<\/ul>\n<\/div>\n<\/div>\n<\/div>\n<\/div>\n","protected":false},"excerpt":{"rendered":"<p>T\u1ed5ng quan chung B\u1ed9 n\u1ed3i Chef&#8217;s CW4430 B\u1ed9 n\u1ed3i t\u1eeb 4 chi\u1ebfc cao c\u1ea5p Chef\u2019s l\u00e0m b\u1eb1ng ch\u1ea5t li\u1ec7u th\u00e9p &hellip; <a class=\"link-more\" href=\"http:\/\/maudep.com.vn\/chuyengiadienmay\/?product=bo-noi-chefs-cw4430\" class=\"more-link\">\u0110\u1ecdc th\u00eam &raquo;<span class=\"screen-reader-text\"> &#8220;B\u1ed9 n\u1ed3i Chef&#8217;s CW4430&#8221;<\/span><\/a><\/p>\n","protected":false},"featured_media":3204,"comment_status":"open","ping_status":"closed","template":"","meta":[],"_links":{"self":[{"href":"http:\/\/maudep.com.vn\/chuyengiadienmay\/index.php?rest_route=\/wp\/v2\/product\/3203"}],"collection":[{"href":"http:\/\/maudep.com.vn\/chuyengiadienmay\/index.php?rest_route=\/wp\/v2\/product"}],"about":[{"href":"http:\/\/maudep.com.vn\/chuyengiadienmay\/index.php?rest_route=\/wp\/v2\/types\/product"}],"replies":[{"embeddable":true,"href":"http:\/\/maudep.com.vn\/chuyengiadienmay\/index.php?rest_route=%2Fwp%2Fv2%2Fcomments&post=3203"}],"wp:featuredmedia":[{"embeddable":true,"href":"http:\/\/maudep.com.vn\/chuyengiadienmay\/index.php?rest_route=\/wp\/v2\/media\/3204"}],"wp:attachment":[{"href":"http:\/\/maudep.com.vn\/chuyengiadienmay\/index.php?rest_route=%2Fwp%2Fv2%2Fmedia&parent=3203"}],"curies":[{"name":"wp","href":"https:\/\/api.w.org\/{rel}","templated":true}]}}