{"id":3205,"date":"2019-01-12T11:49:09","date_gmt":"2019-01-12T04:49:09","guid":{"rendered":"http:\/\/maudep.com.vn\/chuyengiadienmay\/?post_type=product&#038;p=3205"},"modified":"2019-01-12T11:49:09","modified_gmt":"2019-01-12T04:49:09","slug":"noi-luoc-ga-chefs-eh-ck300","status":"publish","type":"product","link":"http:\/\/maudep.com.vn\/chuyengiadienmay\/?product=noi-luoc-ga-chefs-eh-ck300","title":{"rendered":"N\u1ed3i lu\u1ed9c g\u00e0 Chefs EH-CK300"},"content":{"rendered":"<h3 class=\"title\">T\u1ed5ng quan chung N\u1ed3i lu\u1ed9c g\u00e0 Chefs EH-CK300<\/h3>\n<div class=\"article-content\">\n<div class=\"js-content\">\n<p><strong>T\u00ednh n\u0103ng s\u1ea3n ph\u1ea9m<\/strong><br \/>\n\u2013 N\u1ed3i lu\u1ed9c g\u00e0, \u0111\u01b0\u1eddng k\u00ednh 30 cm<br \/>\n\u2013 Ch\u1ea5t li\u1ec7u: s\u1eed d\u1ee5ng inox 304 ph\u00f9 h\u1ee3p an to\u00e0n th\u1ef1c ph\u1ea9m<br \/>\n\u2013 Ki\u1ec3u d\u00e1ng: th\u00e0nh \u0111\u1ee9ng, c\u1ea1nh g\u1ea5p<br \/>\n\u2013 M\u1eb7t ngo\u00e0i inox g\u01b0\u01a1ng b\u00f3ng sang tr\u1ecdng<br \/>\n\u2013 N\u1eafp inox 304 g\u01b0\u01a1ng b\u00f3ng, ki\u1ec3u v\u00f2m.<br \/>\n\u2013 Tay c\u1ea7m oval, SUS202.<br \/>\n\u2013 \u0110\u1ed9 d\u00e0y th\u00e2n n\u1ed3i 0.8mm<br \/>\n\u2013 \u0110\u1ed9 d\u00e0y \u0111\u00e1y n\u1ed3i 8mm<br \/>\n\u2013 S\u1eed d\u1ee5ng ph\u00f9 h\u1ee3p v\u1edbi b\u1ebfp \u0111i\u1ec7n t\u1eeb<br \/>\n\u2013 Ti\u1ebft ki\u1ec7m n\u0103ng l\u01b0\u1ee3ng t\u1ed1i \u01b0u<\/p>\n<\/div>\n<\/div>\n","protected":false},"excerpt":{"rendered":"<p>T\u1ed5ng quan chung N\u1ed3i lu\u1ed9c g\u00e0 Chefs EH-CK300 T\u00ednh n\u0103ng s\u1ea3n ph\u1ea9m \u2013 N\u1ed3i lu\u1ed9c g\u00e0, \u0111\u01b0\u1eddng k\u00ednh 30 cm &hellip; <a class=\"link-more\" href=\"http:\/\/maudep.com.vn\/chuyengiadienmay\/?product=noi-luoc-ga-chefs-eh-ck300\" class=\"more-link\">\u0110\u1ecdc th\u00eam &raquo;<span class=\"screen-reader-text\"> &#8220;N\u1ed3i lu\u1ed9c g\u00e0 Chefs EH-CK300&#8221;<\/span><\/a><\/p>\n","protected":false},"featured_media":3206,"comment_status":"open","ping_status":"closed","template":"","meta":[],"_links":{"self":[{"href":"http:\/\/maudep.com.vn\/chuyengiadienmay\/index.php?rest_route=\/wp\/v2\/product\/3205"}],"collection":[{"href":"http:\/\/maudep.com.vn\/chuyengiadienmay\/index.php?rest_route=\/wp\/v2\/product"}],"about":[{"href":"http:\/\/maudep.com.vn\/chuyengiadienmay\/index.php?rest_route=\/wp\/v2\/types\/product"}],"replies":[{"embeddable":true,"href":"http:\/\/maudep.com.vn\/chuyengiadienmay\/index.php?rest_route=%2Fwp%2Fv2%2Fcomments&post=3205"}],"wp:featuredmedia":[{"embeddable":true,"href":"http:\/\/maudep.com.vn\/chuyengiadienmay\/index.php?rest_route=\/wp\/v2\/media\/3206"}],"wp:attachment":[{"href":"http:\/\/maudep.com.vn\/chuyengiadienmay\/index.php?rest_route=%2Fwp%2Fv2%2Fmedia&parent=3205"}],"curies":[{"name":"wp","href":"https:\/\/api.w.org\/{rel}","templated":true}]}}