{"id":3212,"date":"2019-01-12T13:34:32","date_gmt":"2019-01-12T06:34:32","guid":{"rendered":"http:\/\/maudep.com.vn\/chuyengiadienmay\/?post_type=product&#038;p=3212"},"modified":"2019-01-12T13:34:32","modified_gmt":"2019-01-12T06:34:32","slug":"bo-noi-4-chiec-chefs-eh-cw4304","status":"publish","type":"product","link":"http:\/\/maudep.com.vn\/chuyengiadienmay\/?product=bo-noi-4-chiec-chefs-eh-cw4304","title":{"rendered":"B\u1ed9 n\u1ed3i 4 chi\u1ebfc Chef&#8217;s EH-CW4304"},"content":{"rendered":"<h3 class=\"title\">T\u1ed5ng quan chung B\u1ed9 n\u1ed3i 4 chi\u1ebfc Chef&#8217;s EH-CW4304<\/h3>\n<div class=\"article-content\">\n<div class=\"js-content\">\n<div><strong>T\u00ednh n\u0103ng s\u1ea3n ph\u1ea9m<\/strong><br \/>\n\u2013 S\u1eed d\u1ee5ng inox 3 l\u1edbp multilayer, d\u00e0y 2.5mm<br \/>\n\u2013 L\u1edbp ngo\u00e0i c\u00f9ng inox430 s\u1eed d\u1ee5ng cho b\u1ebfp t\u1eeb.<br \/>\n\u2013 L\u1edbp gi\u1eefa l\u00e0 nh\u00f4m, d\u1eabn nhi\u1ec7t lan t\u1ecfa t\u1eeb \u0111\u00e1y \u0111\u1ebfn th\u00e0nh n\u1ed3i.<br \/>\n\u2013 L\u1edbp trong l\u00e0 inox 18\/10 ph\u00f9 h\u1ee3p an to\u00e0n th\u1ef1c ph\u1ea9m<br \/>\n\u2013 N\u1eafp inox b\u00f3ng g\u01b0\u01a1ng sang tr\u1ecdng<br \/>\n\u2013 Tay c\u1ea7m oval, SUS202<br \/>\n\u2013 M\u00e0u s\u1eafc: xanh c\u1ed1m<br \/>\n\u2013 S\u1eed d\u1ee5ng ph\u00f9 h\u1ee3p v\u1edbi b\u1ebfp \u0111i\u1ec7n t\u1eeb<br \/>\n\u2013 Ti\u1ebft ki\u1ec7m n\u0103ng l\u01b0\u1ee3ng t\u1ed1i \u01b0u<\/div>\n<\/div>\n<\/div>\n","protected":false},"excerpt":{"rendered":"<p>T\u1ed5ng quan chung B\u1ed9 n\u1ed3i 4 chi\u1ebfc Chef&#8217;s EH-CW4304 T\u00ednh n\u0103ng s\u1ea3n ph\u1ea9m \u2013 S\u1eed d\u1ee5ng inox 3 l\u1edbp multilayer, &hellip; <a class=\"link-more\" href=\"http:\/\/maudep.com.vn\/chuyengiadienmay\/?product=bo-noi-4-chiec-chefs-eh-cw4304\" class=\"more-link\">\u0110\u1ecdc th\u00eam &raquo;<span class=\"screen-reader-text\"> &#8220;B\u1ed9 n\u1ed3i 4 chi\u1ebfc Chef&#8217;s EH-CW4304&#8221;<\/span><\/a><\/p>\n","protected":false},"featured_media":3213,"comment_status":"open","ping_status":"closed","template":"","meta":[],"_links":{"self":[{"href":"http:\/\/maudep.com.vn\/chuyengiadienmay\/index.php?rest_route=\/wp\/v2\/product\/3212"}],"collection":[{"href":"http:\/\/maudep.com.vn\/chuyengiadienmay\/index.php?rest_route=\/wp\/v2\/product"}],"about":[{"href":"http:\/\/maudep.com.vn\/chuyengiadienmay\/index.php?rest_route=\/wp\/v2\/types\/product"}],"replies":[{"embeddable":true,"href":"http:\/\/maudep.com.vn\/chuyengiadienmay\/index.php?rest_route=%2Fwp%2Fv2%2Fcomments&post=3212"}],"wp:featuredmedia":[{"embeddable":true,"href":"http:\/\/maudep.com.vn\/chuyengiadienmay\/index.php?rest_route=\/wp\/v2\/media\/3213"}],"wp:attachment":[{"href":"http:\/\/maudep.com.vn\/chuyengiadienmay\/index.php?rest_route=%2Fwp%2Fv2%2Fmedia&parent=3212"}],"curies":[{"name":"wp","href":"https:\/\/api.w.org\/{rel}","templated":true}]}}