{"id":3280,"date":"2019-01-14T18:18:52","date_gmt":"2019-01-14T11:18:52","guid":{"rendered":"http:\/\/maudep.com.vn\/chuyengiadienmay\/?post_type=product&#038;p=3280"},"modified":"2019-01-14T18:18:53","modified_gmt":"2019-01-14T11:18:53","slug":"may-say-quan-ao-electrolux-edv6552-65kg","status":"publish","type":"product","link":"http:\/\/maudep.com.vn\/chuyengiadienmay\/?product=may-say-quan-ao-electrolux-edv6552-65kg","title":{"rendered":"M\u00e1y s\u1ea5y qu\u1ea7n \u00e1o Electrolux EDV6552 &#8211; 6,5Kg"},"content":{"rendered":"<h3 class=\"pd-news-title\">M\u00e1y s\u1ea5y qu\u1ea7n \u00e1o Electrolux EDV6552 &#8211; 6,5Kg<\/h3>\n<div class=\"pd-news-content\">\n<h3>Thi\u1ebft k\u1ebf nh\u1ecf g\u1ecdn, hi\u1ec7n \u0111\u1ea1i<\/h3>\n<p>M\u00e1y s\u1ea5y Electrolux EDV6552\u00a0s\u1edf h\u1eefu thi\u1ebft k\u1ebf nh\u1ecf g\u1ecdn, ch\u1eafc ch\u1eafn c\u00f9ng \u0111\u01b0\u1eddng n\u00e9t tinh t\u1ebf, gam m\u00e0u tr\u1eafng trang nh\u00e3 gi\u00fap t\u00f4 \u0111i\u1ec3m cho kh\u00f4ng gian n\u1ed9i th\u1ea5t hi\u1ec7n \u0111\u1ea1i c\u1ee7a gia \u0111\u00ecnh b\u1ea1n.<\/p>\n<p>Chi\u1ebfc\u00a0m\u00e1y s\u1ea5y Electrolux 6,5 kg\u00a0n\u00e0y s\u1ebd mang l\u1ea1i cho gia \u0111\u00ecnh b\u1ea1n nh\u1eefng b\u1ed9 qu\u1ea7n \u00e1o kh\u00f4 r\u00e1o, th\u01a1m m\u00e1t trong nh\u1eefng ng\u00e0y m\u01b0a b\u00e3o, ti\u1ebft ki\u1ec7m th\u1eddi gian ph\u01a1i kh\u00f4 qu\u1ea7n \u00e1o hi\u1ec7u qu\u1ea3.<\/p>\n<p><img class=\"lazy\" src=\"https:\/\/cdn.tgdd.vn\/Products\/Images\/2202\/135194\/may-say-electrolux-edv6552-0.jpg\" data-original=\"https:\/\/cdn.tgdd.vn\/Products\/Images\/2202\/135194\/may-say-electrolux-edv6552-0.jpg\" \/><\/p>\n<h3>C\u00f4ng ngh\u1ec7 s\u1ea5y \u0111\u1ea3o chi\u1ec1u<\/h3>\n<p>C\u00f4ng ngh\u1ec7 s\u1ea5y \u0111\u1ea3o chi\u1ec1u th\u00f4ng minh tr\u00ean\u00a0m\u00e1y s\u1ea5y Electrolux\u00a0EDV6552 kh\u00f4ng l\u00e0m qu\u1ea7n \u00e1o b\u1ecb xo\u1eafn v\u00e0o nhau, c\u00f4ng ngh\u1ec7 n\u00e0y gi\u1eef cho nhi\u1ec7t l\u01b0\u1ee3ng \u1ed5n \u0111\u1ecbnh gi\u00fap s\u1ee3i v\u1ea3i m\u1ec1m m\u1ea1i v\u00e0 kh\u00f4ng l\u00e0m h\u01b0 h\u1ea1i \u0111\u1ebfn m\u00e0u s\u1eafc c\u1ee7a qu\u1ea7n \u00e1o.<\/p>\n<p><img class=\"lazy\" src=\"https:\/\/cdn.tgdd.vn\/Products\/Images\/2202\/135194\/may-say-electrolux-edv65523-3.jpg\" data-original=\"https:\/\/cdn.tgdd.vn\/Products\/Images\/2202\/135194\/may-say-electrolux-edv65523-3.jpg\" \/><\/p>\n<h3>Ch\u1ee9c n\u0103ng s\u1ea5y Fast 40<\/h3>\n<p>V\u1edbi kh\u1ed1i l\u01b0\u1ee3ng qu\u1ea7n \u00e1o kho\u1ea3ng 2 kg, ch\u1ee9c n\u0103ng s\u1ea5y Fast 40 s\u1ebd gi\u00fap s\u1ea5y kh\u00f4 l\u01b0\u1ee3ng qu\u1ea7n \u00e1o n\u00e0y nhanh ch\u00f3ng v\u00e0 ti\u1ec7n l\u1ee3i trong v\u00f2ng 40 ph\u00fat, xua tan \u0111i lo l\u1eafng qu\u1ea7n \u00e1o l\u00e2u kh\u00f4 m\u00f9a m\u01b0a v\u00e0 b\u1ecb m\u00f9i h\u00f4i kh\u00f3 ch\u1ecbu.<\/p>\n<p><img class=\"lazy\" src=\"https:\/\/cdn.tgdd.vn\/Products\/Images\/2202\/135194\/may-say-electrolux-edv6552-1.jpg\" data-original=\"https:\/\/cdn.tgdd.vn\/Products\/Images\/2202\/135194\/may-say-electrolux-edv6552-1.jpg\" \/><\/p>\n<h3>T\u00ednh n\u0103ng gi\u1ea3m thi\u1ec3u n\u1ebfp nh\u0103n<\/h3>\n<p>M\u00e1y s\u1ea5y\u00a0Electrolux EDV6552 \u0111\u01b0\u1ee3c trang b\u1ecb c\u00f4ng ngh\u1ec7 s\u1ea5y xoay tr\u00f2n gi\u00fap l\u00e0m gi\u1ea3m t\u1ed1i \u0111a n\u1ebfp nh\u0103n tr\u00ean qu\u1ea7n \u00e1o, ngay c\u1ea3 khi qu\u1ea7n \u00e1o ch\u01b0a k\u1ecbp l\u1ea5y ra sau khi s\u1ea5y xong, gi\u00fap b\u1ea1n ti\u1ebft ki\u1ec7m th\u1eddi gian l\u00e0 \u1ee7i m\u00e0 v\u1eabn c\u00f3 nh\u1eefng b\u1ed9 qu\u1ea7n \u00e1o ph\u1eb3ng phiu, th\u01a1m m\u00e1t.<\/p>\n<p><img class=\"lazy\" src=\"https:\/\/cdn.tgdd.vn\/Products\/Images\/2202\/135194\/may-say-electrolux-edv6552-2.jpg\" data-original=\"https:\/\/cdn.tgdd.vn\/Products\/Images\/2202\/135194\/may-say-electrolux-edv6552-2.jpg\" \/><\/p>\n<h3>C\u1ea3m bi\u1ebfn th\u00f4ng minh<\/h3>\n<p>C\u1ea3m bi\u1ebfn th\u00f4ng minh b\u00ean trong m\u00e1y s\u1ea5y\u00a0Electrolux EDV6552 gi\u00fap \u0111i\u1ec1u ch\u1ec9nh th\u1eddi gian s\u1ea5y ph\u00f9 h\u1ee3p gi\u00fap ti\u1ebft ki\u1ec7m th\u1eddi gian, tr\u00e1nh vi\u1ec7c s\u1ea5y qu\u00e1 kh\u00f4 g\u00e2y h\u01b0 h\u1ea1i cho qu\u1ea7n \u00e1o, b\u1ea3o v\u1ec7 t\u1ed1i \u01b0u cho qu\u1ea7n \u00e1o c\u1ee7a gia \u0111\u00ecnh b\u1ea1n.<\/p>\n<p><img class=\"lazy\" src=\"https:\/\/cdn.tgdd.vn\/Products\/Images\/2202\/135194\/may-say-electrolux-edv6552-4.jpg\" data-original=\"https:\/\/cdn.tgdd.vn\/Products\/Images\/2202\/135194\/may-say-electrolux-edv6552-4.jpg\" \/><\/p>\n<\/div>\n","protected":false},"excerpt":{"rendered":"<p>&#8211; Ch\u1ee9c n\u0103ng s\u1ea5y nhanh trong 40 ph\u00fat cho kh\u1ed1i l\u01b0\u1ee3ng s\u1ea5y 2kg<br \/>\n&#8211; \u0110i\u1ec1u ch\u1ec9nh th\u1eddi gian s\u1ea5y kh\u00f4 gi\u00fap ti\u1ebft ki\u1ec7m th\u1eddi gian tr\u00e1nh vi\u1ec7c s\u1ea5y qu\u00e1 kh\u00f4 g\u00e2y h\u01b0 h\u1ea1i \u0111\u1ebfn qu\u1ea7n \u00e1o<br \/>\n&#8211; M\u00e1y s\u1ea5y c\u00f3 th\u1ec3 \u0111\u1eb7t c\u1ea1nh, treo tr\u00ean t\u01b0\u1eddng ho\u1eb7c \u0111\u1eb7t l\u00ean tr\u00ean m\u00e1y gi\u1eb7t c\u1eeda tr\u01b0\u1edbc<\/p>\n<p>&#8211; B\u1ea3o h\u00e0nh: 24 th\u00e1ng<\/p>\n<p>&#8211; Xu\u1ea5t x\u1ee9: Th\u00e1i Lan<\/p>\n<p>&nbsp;<\/p>\n","protected":false},"featured_media":3281,"comment_status":"open","ping_status":"closed","template":"","meta":[],"_links":{"self":[{"href":"http:\/\/maudep.com.vn\/chuyengiadienmay\/index.php?rest_route=\/wp\/v2\/product\/3280"}],"collection":[{"href":"http:\/\/maudep.com.vn\/chuyengiadienmay\/index.php?rest_route=\/wp\/v2\/product"}],"about":[{"href":"http:\/\/maudep.com.vn\/chuyengiadienmay\/index.php?rest_route=\/wp\/v2\/types\/product"}],"replies":[{"embeddable":true,"href":"http:\/\/maudep.com.vn\/chuyengiadienmay\/index.php?rest_route=%2Fwp%2Fv2%2Fcomments&post=3280"}],"wp:featuredmedia":[{"embeddable":true,"href":"http:\/\/maudep.com.vn\/chuyengiadienmay\/index.php?rest_route=\/wp\/v2\/media\/3281"}],"wp:attachment":[{"href":"http:\/\/maudep.com.vn\/chuyengiadienmay\/index.php?rest_route=%2Fwp%2Fv2%2Fmedia&parent=3280"}],"curies":[{"name":"wp","href":"https:\/\/api.w.org\/{rel}","templated":true}]}}