{"id":3283,"date":"2019-01-14T18:24:29","date_gmt":"2019-01-14T11:24:29","guid":{"rendered":"http:\/\/maudep.com.vn\/chuyengiadienmay\/?post_type=product&#038;p=3283"},"modified":"2019-01-14T18:24:29","modified_gmt":"2019-01-14T11:24:29","slug":"may-say-quan-ao-electrolux-edv7552-75kg","status":"publish","type":"product","link":"http:\/\/maudep.com.vn\/chuyengiadienmay\/?product=may-say-quan-ao-electrolux-edv7552-75kg","title":{"rendered":"M\u00e1y s\u1ea5y qu\u1ea7n \u00e1o Electrolux EDV7552- 7,5Kg"},"content":{"rendered":"<h3 class=\"pd-news-title\">\u00a0M\u00e1y s\u1ea5y qu\u1ea7n \u00e1o Electrolux EDV7552- 7,5Kg<\/h3>\n<div class=\"pd-news-content\">\n<p><strong>Ki\u1ec3u d\u00e1ng sang tr\u1ecdng v\u00e0 hi\u1ec7n\u00a0\u0111\u1ea1i<\/strong><\/p>\n<p><strong>M\u00e1y S\u1ea5y C\u1eeda Tr\u01b0\u1edbc Electrolux EDV7552 (7.5kg)\u00a0<\/strong>l\u00e0 gi\u1ea3i ph\u00e1p ho\u00e0n h\u1ea3o cho c\u00f4ng vi\u1ec7c gi\u1eb7t\u00a0\u1ee7i h\u1eb1ng ng\u00e0y c\u1ee7a gia\u00a0\u0111\u00ecnh b\u1ea1n v\u1edbi c\u00f4ng ngh\u1ec7 s\u1ea5y th\u00f4ng h\u01a1i ti\u00ean ti\u1ebfn k\u1ebft h\u1ee3p c\u00f9ng c\u00f4ng su\u1ea5t cao l\u00ean\u00a0\u0111\u1ebfn 2250W s\u1ebd gi\u00fap s\u1ea5y kh\u00f4 qu\u1ea7n\u00a0\u00e1o m\u1ed9t c\u00e1ch nhanh ch\u00f3ng m\u00e0 kh\u00f4ng l\u00e0m t\u1ed5n h\u1ea1i nhi\u1ec1u\u00a0\u0111\u1ebfn ch\u1ea5t l\u01b0\u1ee3ng s\u1ee3i v\u1ea3i. Chi\u1ebfc m\u00e1y\u00a0s\u1ebd l\u00e0 tr\u1ee3 th\u1ee7\u00a0\u0111\u1eafc l\u1ef1c v\u00e0\u00a0\u0111\u00e1ng tin c\u1eady cho m\u1ed7i gia\u00a0\u0111\u00ecnh v\u00e0o nh\u1eefng ng\u00e0y th\u1eddi ti\u1ebft\u00a0\u1ea9m\u00a0\u01b0\u1edbt, m\u01b0a b\u00e3o k\u00e9o d\u00e0i. B\u00ean c\u1ea1nh \u0111\u00f3, m\u00e1y c\u00f3 k\u00edch th\u01b0\u1edbc nh\u1ecf g\u1ecdn r\u1ea5t ph\u00f9 h\u1ee3p \u0111\u1ec3 \u0111\u1eb7t b\u00ean c\u1ea1nh\u00a0m\u00e1y gi\u1eb7t\u00a0gi\u00fap ti\u1ebft ki\u1ec7m kh\u00f4ng gian n\u1ed9i th\u1ea5t\u00a0\u0111\u00e1ng k\u1ec3.<\/p>\n<p><img class=\"lazy\" src=\"https:\/\/cdn.mediamart.vn\/Upload\/download\/2018-7-News\/e5k5hD9f839t8g5.jpg\" data-original=\"https:\/\/cdn.mediamart.vn\/Upload\/download\/2018-7-News\/e5k5hD9f839t8g5.jpg\" \/><\/p>\n<p><strong>Ch\u1ea5t li\u1ec7u b\u1ec1n b\u1ec9, ch\u1eafc ch\u1eafn<\/strong><\/p>\n<p>L\u1ed3ng s\u1ea5y qu\u1ea7n \u00e1o c\u1ee7a m\u00e1y\u00a0Electrolux EDV7552\u00a0l\u00e0m b\u1eb1ng ch\u1ea5t li\u1ec7u th\u00e9p kh\u00f4ng g\u1ec9 cao c\u1ea5p, b\u1ec1n b\u1ec9, ch\u1eafc ch\u1eafn gi\u00fap gia t\u0103ng tu\u1ed5i th\u1ecd, ch\u1ed1ng oxi h\u00f3a, r\u1ec9 s\u00e9t v\u00e0\u00a0n\u1ea5m m\u1ed1c ph\u00e1t tri\u1ec3n. B\u1ea1n s\u1ebd d\u1ec5 d\u00e0ng v\u1ec7 sinh m\u00e1y, kh\u00f4ng lo c\u1eb7n b\u1ea9n b\u00e1m l\u1ea1i tr\u00ean th\u00e0nh sau m\u1ed7i l\u1ea7n s\u1eed d\u1ee5ng.<\/p>\n<p><img class=\"lazy\" src=\"https:\/\/cdn.mediamart.vn\/Upload\/download\/2018-7-News\/9trFe54wl3Rs853.jpg\" data-original=\"https:\/\/cdn.mediamart.vn\/Upload\/download\/2018-7-News\/9trFe54wl3Rs853.jpg\" \/><\/p>\n<p><strong>Trang b\u1ecb nhi\u1ec1u\u00a0c\u00f4ng ngh\u1ec7 hi\u1ec7n\u00a0\u0111\u1ea1i<\/strong><\/p>\n<p>M\u00e1y S\u1ea5y C\u1eeda Tr\u01b0\u1edbc Electrolux EDV7552\u00a0trang b\u1ecb t\u00ednh n\u0103ng Fast 40 gi\u00fap s\u1ea5y nhanh cho kho\u1ea3ng 2 kg qu\u1ea7n \u00e1o trong 40 ph\u00fat th\u1eadt ti\u1ec7n l\u1ee3i cho nh\u1eefng ng\u01b0\u1eddi b\u1eadn r\u1ed9n.<\/p>\n<p>B\u00ean c\u1ea1nh\u00a0\u0111\u00f3, m\u00e1y s\u1eed d\u1ee5ng\u00a0c\u00f4ng ngh\u1ec7 s\u1ea5y\u00a0\u0111\u1ea3o chi\u1ec1u\u00a0v\u1edbi t\u00e1c \u0111\u1ed9ng k\u00e9p, kh\u00f4ng ch\u1ec9 nhanh ch\u00f3ng l\u00e0m kh\u00f4 qu\u1ea7n \u00e1o m\u00e0 c\u00f2n gi\u00fap cho s\u1ee3i v\u1ea3i \u0111\u01b0\u1ee3c m\u1ec1m m\u1ea1i, \u00eam d\u1ecbu h\u01a1n. B\u1ea1n kh\u00f4ng h\u1ec1 ph\u1ea3i lo l\u1eafng qu\u1ea7n\u00a0\u00e1o b\u1ecb nh\u0103n nh\u00fam hay x\u00f9 l\u00f4ng khi s\u1eed d\u1ee5ng chi\u1ebfc m\u00e1y n\u00e0y.<\/p>\n<p>K\u1ef9 thu\u1eadt s\u1ea5y xoay tr\u00f2n Iron Aid c\u1ee7a m\u00e1y c\u00f2n\u00a0l\u00e0m gi\u1ea3m thi\u1ec3u t\u1ed1i \u0111a n\u1ebfp nh\u0103n tr\u00ean qu\u1ea7n \u00e1o ngay c\u1ea3 khi qu\u1ea7n \u00e1o ch\u01b0a k\u1ecbp l\u1ea5y ra sau khi s\u1ea5y xong. Ch\u1ec9 c\u1ea7n th\u00eam m\u1ed9t b\u01b0\u1edbc l\u00e0\u00a0\u1ee7i ph\u1eb3ng phiu, b\u1ea1n s\u1ebd c\u00f3 ngay b\u1ed9 trang ph\u1ee5c m\u00e0 m\u00ecnh\u00a0\u01b0a th\u00edch\u00a0\u0111\u1ec3\u00a0\u0111i ra ngo\u00e0i.<\/p>\n<p><img class=\"lazy\" src=\"https:\/\/cdn.mediamart.vn\/Upload\/download\/2018-7-News\/7Z8Ai983WTuKjtE.jpg\" data-original=\"https:\/\/cdn.mediamart.vn\/Upload\/download\/2018-7-News\/7Z8Ai983WTuKjtE.jpg\" \/><\/p>\n<p><strong>C\u1ea3m bi\u1ebfn th\u00f4ng minh\u00a0gi\u00fap ti\u1ebft ki\u1ec7m th\u1eddi gian<\/strong><\/p>\n<p>Qu\u1ea7n \u00e1o b\u1ecb h\u01b0 h\u1ea1i v\u00ec s\u1ea5y qu\u00e1 kh\u00f4 s\u1ebd kh\u00f4ng c\u00f2n l\u00e0 n\u1ed7i b\u1eadn t\u00e2m c\u1ee7a b\u1ea1n v\u00ec \u0111\u00e3 c\u00f3 c\u1ea3m bi\u1ebfn th\u00f4ng minh tr\u00ean m\u00e1y s\u1ea5y c\u1eeda tr\u01b0\u1edbc\u00a0Electrolux. C\u1ea3m bi\u1ebfn n\u00e0y s\u1ebd \u0111i\u1ec1u ch\u1ec9nh th\u1eddi gian s\u1ea5y kh\u00f4 ph\u00f9 h\u1ee3p, gi\u00fap b\u1ea3o v\u1ec7 qu\u1ea7n \u00e1o, ti\u1ebft ki\u1ec7m th\u1eddi gian s\u1ea5y v\u00e0\u00a0\u0111i\u1ec7n n\u0103ng hi\u1ec7u qu\u1ea3 cho gia\u00a0\u0111\u00ecnh b\u1ea1n.<\/p>\n<\/div>\n","protected":false},"excerpt":{"rendered":"<p>&#8211; Ch\u1ee9c n\u0103ng s\u1ea5y nhanh trong 40 ph\u00fat cho kh\u1ed1i l\u01b0\u1ee3ng s\u1ea5y 2kg<br \/>\n&#8211; \u0110i\u1ec1u ch\u1ec9nh th\u1eddi gian s\u1ea5y kh\u00f4 gi\u00fap ti\u1ebft ki\u1ec7m th\u1eddi gian tr\u00e1nh vi\u1ec7c s\u1ea5y qu\u00e1 kh\u00f4 g\u00e2y h\u01b0 h\u1ea1i \u0111\u1ebfn qu\u1ea7n \u00e1o<br \/>\n&#8211; M\u00e1y s\u1ea5y c\u00f3 th\u1ec3 \u0111\u1eb7t c\u1ea1nh, treo tr\u00ean t\u01b0\u1eddng ho\u1eb7c \u0111\u1eb7t l\u00ean tr\u00ean m\u00e1y gi\u1eb7t c\u1eeda tr\u01b0\u1edbc<\/p>\n<p>&#8211; B\u1ea3o h\u00e0nh: 24 th\u00e1ng<\/p>\n<p>&#8211; Xu\u1ea5t x\u1ee9: Th\u00e1i Lan<\/p>\n<p>&nbsp;<\/p>\n","protected":false},"featured_media":3281,"comment_status":"open","ping_status":"closed","template":"","meta":[],"_links":{"self":[{"href":"http:\/\/maudep.com.vn\/chuyengiadienmay\/index.php?rest_route=\/wp\/v2\/product\/3283"}],"collection":[{"href":"http:\/\/maudep.com.vn\/chuyengiadienmay\/index.php?rest_route=\/wp\/v2\/product"}],"about":[{"href":"http:\/\/maudep.com.vn\/chuyengiadienmay\/index.php?rest_route=\/wp\/v2\/types\/product"}],"replies":[{"embeddable":true,"href":"http:\/\/maudep.com.vn\/chuyengiadienmay\/index.php?rest_route=%2Fwp%2Fv2%2Fcomments&post=3283"}],"wp:featuredmedia":[{"embeddable":true,"href":"http:\/\/maudep.com.vn\/chuyengiadienmay\/index.php?rest_route=\/wp\/v2\/media\/3281"}],"wp:attachment":[{"href":"http:\/\/maudep.com.vn\/chuyengiadienmay\/index.php?rest_route=%2Fwp%2Fv2%2Fmedia&parent=3283"}],"curies":[{"name":"wp","href":"https:\/\/api.w.org\/{rel}","templated":true}]}}