{"id":3290,"date":"2019-01-15T10:27:17","date_gmt":"2019-01-15T03:27:17","guid":{"rendered":"http:\/\/maudep.com.vn\/chuyengiadienmay\/?post_type=product&#038;p=3290"},"modified":"2019-01-15T10:27:17","modified_gmt":"2019-01-15T03:27:17","slug":"may-say-ngung-tu-8-kg-eletrolux-edc2086pdw","status":"publish","type":"product","link":"http:\/\/maudep.com.vn\/chuyengiadienmay\/?product=may-say-ngung-tu-8-kg-eletrolux-edc2086pdw","title":{"rendered":"M\u00e1y s\u1ea5y ng\u01b0ng t\u1ee5 8 Kg Eletrolux EDC2086PDW"},"content":{"rendered":"<div class=\"pd-news-content\">\n<h3>Thi\u1ebft k\u1ebf sang tr\u1ecdng theo phong c\u00e1ch Ch\u00e2u \u00c2u<\/h3>\n<p>M\u00e1y s\u1ea5y Electrolux EDC2086PDW\u00a0\u0111\u01b0\u1ee3c thi\u1ebft k\u1ebf theo phong c\u00e1ch Ch\u00e2u \u00c2u r\u1ea5t sang tr\u1ecdng v\u00e0 tinh t\u1ebf. V\u1edbi kh\u1ea3 n\u0103ng s\u1ea5y \u0111\u01b0\u1ee3c\u00a08.0 kg\u00a0qu\u1ea7n \u00e1o c\u00f9ng l\u00fac, m\u00e1y th\u00edch h\u1ee3p v\u1edbi nh\u1eefng gia \u0111\u00ecnh c\u00f3 t\u1eeb 4-5 th\u00e0nh vi\u00ean.<\/p>\n<p><img class=\"lazy\" src=\"https:\/\/cdn.tgdd.vn\/Products\/Images\/2202\/107544\/may-say-electrolux-edc2086pdw-1.jpg\" data-original=\"https:\/\/cdn.tgdd.vn\/Products\/Images\/2202\/107544\/may-say-electrolux-edc2086pdw-1.jpg\" \/><\/p>\n<h3>C\u00f4ng ngh\u1ec7 xoay \u0111\u1ea3o chi\u1ec1u<\/h3>\n<p>Qu\u1ea7n \u00e1o \u0111\u01b0\u1ee3c nh\u00e0o tr\u1ed9n v\u00e0 ph\u00e2n b\u1ed5 \u0111\u1ec1u trong\u00a0l\u1ed3ng s\u1ea5y\u00a0n\u00ean d\u1ec5 d\u00e0ng ti\u1ebfp x\u00fac v\u1edbi c\u00e1c lu\u1ed3ng h\u01a1i n\u00f3ng v\u00e0 \u0111\u01b0\u1ee3c s\u1ea5y kh\u00f4 \u0111\u1ec1u h\u01a1n. Ngo\u00e0i ra, khi k\u1ebft th\u00fac chu tr\u00ecnh, qu\u1ea7n \u00e1o kh\u00f4ng b\u1ecb xo\u1eafn r\u1ed1i ho\u1eb7c ch\u1ea5t \u0111\u1ed1ng trong l\u1ed3ng s\u1ea5y.<\/p>\n<p><img class=\"lazy\" src=\"https:\/\/cdn.tgdd.vn\/Products\/Images\/2202\/107544\/may-say-electrolux-edc2086pdw-4.jpg\" data-original=\"https:\/\/cdn.tgdd.vn\/Products\/Images\/2202\/107544\/may-say-electrolux-edc2086pdw-4.jpg\" \/><\/p>\n<h3>H\u1ea1n ch\u1ebf n\u1ebfp nh\u0103n t\u1ed1i \u0111a<\/h3>\n<p>Nh\u1edd\u00a0c\u00f4ng ngh\u1ec7 s\u1ea5y\u00a0xoay tr\u00f2n v\u00e0 \u0111\u1ea3o \u0111\u1ec1u tr\u00ean m\u00e1y s\u1ea5y\u00a0Electrolux\u00a0n\u00ean qu\u1ea7n \u00e1o \u0111\u01b0\u1ee3c gi\u1ea3m thi\u1ec3u n\u1ebfp nh\u0103n m\u1ed9t c\u00e1ch t\u1ed1i \u0111a ngay c\u1ea3 khi \u0111\u1ec3 l\u00e2u trong l\u1ed3ng s\u1ea5y.<\/p>\n<p><img class=\"lazy\" src=\"https:\/\/cdn.tgdd.vn\/Products\/Images\/2202\/107544\/may-say-electrolux-edc2086pdw-2.jpg\" data-original=\"https:\/\/cdn.tgdd.vn\/Products\/Images\/2202\/107544\/may-say-electrolux-edc2086pdw-2.jpg\" \/><\/p>\n<h3>Ch\u1ee9c n\u0103ng l\u00e0m m\u1edbi qu\u1ea7n \u00e1o Refresh<\/h3>\n<p>Ch\u1ec9 v\u1edbi 30 ph\u00fat, t\u00ednh n\u0103ng n\u00e0y s\u1ebd l\u00e0m m\u1edbi v\u00e0 gi\u00fap qu\u1ea7n \u00e1o tr\u00f4ng \u0111\u1ee1 nh\u0103n h\u01a1n, \u0111\u1ed3ng th\u1eddi tr\u1ea3 l\u1ea1i s\u1ef1 m\u1ec1m m\u1ea1i v\u00e0 t\u01b0\u01a1i m\u1edbi cho nh\u1eefng qu\u1ea7n \u00e1o \u0111\u1ec3 l\u00e2u ng\u00e0y trong t\u1ee7.<\/p>\n<p><img class=\"lazy\" src=\"https:\/\/cdn.tgdd.vn\/Products\/Images\/2202\/107544\/may-say-electrolux-edc2086pdw-6.jpg\" data-original=\"https:\/\/cdn.tgdd.vn\/Products\/Images\/2202\/107544\/may-say-electrolux-edc2086pdw-6.jpg\" \/><\/p>\n<h3>An toa\u0300n v\u01a1\u0301i va\u0309i len<\/h3>\n<p>M\u00e1y s\u1ea5y Electrolux\u00a0EDC2086PDW ho\u00e0n to\u00e0n c\u00f3 th\u1ec3 n\u00e2ng niu nh\u1eefng chi\u1ebfc \u00e1o len y\u00eau th\u00edch c\u1ee7a b\u1ea1n v\u00e0 b\u1ea3o v\u1ec7 ch\u00fang kh\u1ecfi t\u00ecnh tr\u1ea1ng co r\u00fat. T\u00ednh n\u0103ng n\u00e0y \u0111\u00e3 \u0111\u01b0\u01a1\u0323c ki\u1ec3m nghi\u1ec7m v\u00e0 ch\u01b0\u0301ng nh\u00e2\u0323n b\u01a1\u0309i Woolmark (Ch\u01b0\u0301ng nh\u00e2\u0323n ti\u00eau chu\u00e2\u0309n \u0111\u00f4\u0300 len qu\u00f4\u0301c t\u00ea\u0301).<\/p>\n<p><img class=\"lazy\" src=\"https:\/\/cdn.tgdd.vn\/Products\/Images\/2202\/107544\/may-say-electrolux-edc2086pdw-5.jpg\" data-original=\"https:\/\/cdn.tgdd.vn\/Products\/Images\/2202\/107544\/may-say-electrolux-edc2086pdw-5.jpg\" \/><\/p>\n<div class=\"cl\"><\/div>\n<\/div>\n<div class=\"nav-news-epx\"><\/div>\n","protected":false},"excerpt":{"rendered":"<p>&#8211; Kh\u1ed1i l\u01b0\u1ee3ng s\u1ea5y 8kg<\/p>\n<p>&#8211; 14 ch\u01b0\u01a1ng tr\u00ecnh<\/p>\n<p>&#8211; C\u00f4ng ngh\u1ec7 s\u1ea5y ng\u01b0ng t\u1ee5<\/p>\n<p>&#8211; B\u1ea3o h\u00e0nh: 24 th\u00e1ng<\/p>\n<p>&#8211; Xu\u1ea5t x\u1ee9: Th\u00e1i Lan<\/p>\n<p>&nbsp;<\/p>\n<p>&nbsp;<\/p>\n<p>&nbsp;<\/p>\n","protected":false},"featured_media":3291,"comment_status":"open","ping_status":"closed","template":"","meta":[],"_links":{"self":[{"href":"http:\/\/maudep.com.vn\/chuyengiadienmay\/index.php?rest_route=\/wp\/v2\/product\/3290"}],"collection":[{"href":"http:\/\/maudep.com.vn\/chuyengiadienmay\/index.php?rest_route=\/wp\/v2\/product"}],"about":[{"href":"http:\/\/maudep.com.vn\/chuyengiadienmay\/index.php?rest_route=\/wp\/v2\/types\/product"}],"replies":[{"embeddable":true,"href":"http:\/\/maudep.com.vn\/chuyengiadienmay\/index.php?rest_route=%2Fwp%2Fv2%2Fcomments&post=3290"}],"wp:featuredmedia":[{"embeddable":true,"href":"http:\/\/maudep.com.vn\/chuyengiadienmay\/index.php?rest_route=\/wp\/v2\/media\/3291"}],"wp:attachment":[{"href":"http:\/\/maudep.com.vn\/chuyengiadienmay\/index.php?rest_route=%2Fwp%2Fv2%2Fmedia&parent=3290"}],"curies":[{"name":"wp","href":"https:\/\/api.w.org\/{rel}","templated":true}]}}