{"id":3293,"date":"2019-01-15T13:45:40","date_gmt":"2019-01-15T06:45:40","guid":{"rendered":"http:\/\/maudep.com.vn\/chuyengiadienmay\/?post_type=product&#038;p=3293"},"modified":"2019-01-15T13:45:40","modified_gmt":"2019-01-15T06:45:40","slug":"may-say-quan-ao-electrolux-edv6051-6kg","status":"publish","type":"product","link":"http:\/\/maudep.com.vn\/chuyengiadienmay\/?product=may-say-quan-ao-electrolux-edv6051-6kg","title":{"rendered":"M\u00e1y s\u1ea5y qu\u1ea7n \u00e1o Electrolux EDV6051 &#8211; 6kg"},"content":{"rendered":"<h3 class=\"pd-news-title\">M\u00e1y s\u1ea5y qu\u1ea7n \u00e1o Electrolux EDV6051 &#8211; 6kg<\/h3>\n<div class=\"pd-news-content\">\n<p><strong>\u0110\u1eb7c \u0111i\u1ec3m n\u1ed5i b\u1eadt<\/strong><br \/>\n<strong>Thi\u1ebft k\u1ebf \u0111\u1eb9p<\/strong><br \/>\nM\u00e1y s\u1ea5y qu\u1ea7n \u00e1o ELECTROLUX EDV6051 c\u00f3 thi\u1ebft k\u1ebf sang tr\u1ecdng hi\u1ec7n \u0111\u1ea1i, \u0111\u01b0\u1eddng n\u00e9t tinh t\u1ebf, m\u00e0u tr\u1eafng thanh l\u1ecbch. Ki\u1ec3u d\u00e1ng g\u1ecdn g\u00e0ng ph\u00f9 h\u1ee3p m\u1ecdi kh\u00f4ng gian l\u1eafp \u0111\u1eb7t, l\u00e0 s\u1ea3n ph\u1ea9m c\u1ea7n thi\u1ebft cho m\u1ecdi gia \u0111\u00ecnh<\/p>\n<p><img class=\"lazy\" src=\"https:\/\/cdn.mediamart.vn\/Upload\/download\/2015-10\/edv6051_8758632b-8470-43aa-8643-9111c5ab9ffa.png\" data-original=\"https:\/\/cdn.mediamart.vn\/Upload\/download\/2015-10\/edv6051_8758632b-8470-43aa-8643-9111c5ab9ffa.png\" \/><\/p>\n<p>&nbsp;<\/p>\n<p>&nbsp;<\/p>\n<p><strong>C\u00f4ng su\u1ea5t cao<\/strong><br \/>\nM\u00e1y c\u00f3 c\u00f4ng su\u1ea5t 2300 W c\u00f9ng kh\u1ed1i l\u01b0\u1ee3ng gi\u1eb7t 6.0kg \u0111\u00e1p \u1ee9ng nhu c\u1ea7u s\u1ea5y c\u1ee7a h\u1ea7u h\u1ebft m\u1ecdi gia \u0111\u00ecnh.<\/p>\n<p><img class=\"lazy\" src=\"https:\/\/cdn.mediamart.vn\/Upload\/images\/20150824100807_1.jpg\" data-original=\"https:\/\/cdn.mediamart.vn\/Upload\/images\/20150824100807_1.jpg\" \/><\/p>\n<p>&nbsp;<\/p>\n<p><strong>Ch\u1ebf \u0111\u1ed9 c\u1ea3m bi\u1ebfn \u0111\u1ed9 \u1ea9m t\u1ef1 \u0111\u1ed9ng<\/strong><br \/>\nM\u00e1y \u0111\u01b0\u1ee3c trang b\u1ecb ch\u1ebf \u0111\u1ed9 \u0111i\u1ec1u ch\u1ec9nh \u0111\u1ed9 \u1ea9m s\u1ebd t\u1ef1 \u0111\u1ed9ng ng\u1eebng m\u00e1y s\u1ea5y khi \u0111\u1ea1t \u0111\u1ed9 kh\u00f4 chu\u1ea9n, tr\u00e1nh h\u01b0 v\u1ea3i.<\/p>\n<p><img class=\"lazy\" src=\"https:\/\/cdn.mediamart.vn\/Upload\/images\/vai-cotton-1.jpeg\" data-original=\"https:\/\/cdn.mediamart.vn\/Upload\/images\/vai-cotton-1.jpeg\" \/><\/p>\n<p>&nbsp;<\/p>\n<p><strong>C\u00f4ng ngh\u1ec7 ti\u00ean ti\u1ebfn nh\u1ea5t<\/strong><br \/>\nM\u00e1y s\u1ea5y qu\u1ea7n \u00e1o\u00a0ELECTROLUX EDV6051 \u0111\u01b0\u1ee3c trang b\u1ecb c\u00f4ng ngh\u1ec7\u00a0C\u00f4ng ngh\u1ec7 xoay \u0111\u1ea3o chi\u1ec1u gi\u1eef v\u1ea3i m\u1ec1m h\u01a1n. Ch\u1ebf \u0111\u1ed9 quay nh\u1eb9 \u1edf cu\u1ed1i chu tr\u00ecnh gi\u00fap l\u00e0m m\u1ec1m v\u1ea3i.<br \/>\n<img class=\"lazy\" src=\"https:\/\/cdn.mediamart.vn\/Upload\/download\/2015-10\/edv6051_ee9050e5-eb73-49bd-821e-f31a4e9aa134.png\" data-original=\"https:\/\/cdn.mediamart.vn\/Upload\/download\/2015-10\/edv6051_ee9050e5-eb73-49bd-821e-f31a4e9aa134.png\" \/><\/p>\n<p>&nbsp;<\/p>\n<p><strong>B\u1ea3o v\u1ec7 s\u1ee9c kho\u1ebb<\/strong><br \/>\nM\u00e1y s\u1ea5y s\u1ebd lo\u1ea1i b\u1ecf c\u00e1c m\u00f9i \u1ea9m m\u1ed1c, \u00e1o qu\u1ea7n \u0111\u01b0\u1ee3c gi\u1eef th\u01a1m tho l\u00e2u h\u01a1n, ch\u01b0\u01a1ng tr\u00ecnh s\u1ea5y d\u1ec5 \u1ee7i.<\/p>\n<\/div>\n","protected":false},"excerpt":{"rendered":"<p>&#8211; Kh\u1ed1i l\u01b0\u1ee3ng: 6.0 kg<br \/>\n&#8211; C\u00f4ng su\u1ea5t: 2300W<br \/>\n&#8211; H\u1ec7 th\u1ed1ng s\u1ea5y \u0111\u1ea3o chi\u1ec1u<br \/>\n&#8211; C\u00f3 th\u1ec3 treo t\u01b0\u1eddng<\/p>\n<p>&#8211; B\u1ea3o h\u00e0nh: 24 th\u00e1ng<\/p>\n<p>&#8211; Xu\u1ea5t x\u1ee9: Th\u00e1i Lan<\/p>\n<p>&nbsp;<\/p>\n","protected":false},"featured_media":3299,"comment_status":"open","ping_status":"closed","template":"","meta":[],"_links":{"self":[{"href":"http:\/\/maudep.com.vn\/chuyengiadienmay\/index.php?rest_route=\/wp\/v2\/product\/3293"}],"collection":[{"href":"http:\/\/maudep.com.vn\/chuyengiadienmay\/index.php?rest_route=\/wp\/v2\/product"}],"about":[{"href":"http:\/\/maudep.com.vn\/chuyengiadienmay\/index.php?rest_route=\/wp\/v2\/types\/product"}],"replies":[{"embeddable":true,"href":"http:\/\/maudep.com.vn\/chuyengiadienmay\/index.php?rest_route=%2Fwp%2Fv2%2Fcomments&post=3293"}],"wp:featuredmedia":[{"embeddable":true,"href":"http:\/\/maudep.com.vn\/chuyengiadienmay\/index.php?rest_route=\/wp\/v2\/media\/3299"}],"wp:attachment":[{"href":"http:\/\/maudep.com.vn\/chuyengiadienmay\/index.php?rest_route=%2Fwp%2Fv2%2Fmedia&parent=3293"}],"curies":[{"name":"wp","href":"https:\/\/api.w.org\/{rel}","templated":true}]}}