{"id":3300,"date":"2019-01-15T13:51:09","date_gmt":"2019-01-15T06:51:09","guid":{"rendered":"http:\/\/maudep.com.vn\/chuyengiadienmay\/?post_type=product&#038;p=3300"},"modified":"2019-01-15T13:51:09","modified_gmt":"2019-01-15T06:51:09","slug":"may-say-quan-ao-electrolux-eds7552s-75kg","status":"publish","type":"product","link":"http:\/\/maudep.com.vn\/chuyengiadienmay\/?product=may-say-quan-ao-electrolux-eds7552s-75kg","title":{"rendered":"M\u00e1y s\u1ea5y qu\u1ea7n \u00e1o Electrolux EDS7552S &#8211; 7,5Kg"},"content":{"rendered":"<h3 class=\"pd-news-title\">M\u00e1y s\u1ea5y qu\u1ea7n \u00e1o Electrolux EDS7552S &#8211; 7,5Kg<\/h3>\n<div class=\"pd-news-content\">\n<p>B\u1ea1n s\u1ebd c\u1ea3m th\u1ea5y kh\u00f3 ch\u1ecbu khi ph\u1ea3i m\u1eb7c nh\u1eefng b\u1ed9 qu\u1ea7n \u00e1o \u1ea9m \u01b0\u1edbt, h\u00f4i m\u1ed1c v\u00e0o nh\u1eefng ng\u00e0y th\u1eddi ti\u1ebft m\u01b0a hay thi\u1ebfu n\u1eafng. H\u00e3y y\u00ean t\u00e2m, v\u00ec \u0111\u00e3 c\u00f3 s\u1ea3n ph\u1ea9m m\u00e1y s\u1ea5y Electrolux c\u00f4ng ngh\u1ec7 m\u1edbi. M\u00e1y s\u1ea5y qu\u1ea7n \u00e1o Electrolux 7.5 kg EDS7552S m\u00e0u b\u1ea1c x\u00e1m c\u00f3 ki\u1ec3u d\u00e1ng sang tr\u1ecdng v\u00e0 nhi\u1ec1u c\u00f4ng ngh\u1ec7 s\u1ea5y hi\u1ec7n \u0111\u1ea1i gi\u00fap s\u1ea5y kh\u00f4, s\u1ea5y nhanh nhi\u1ec1u lo\u1ea1i qu\u1ea7n \u00e1o kh\u00f4 tho\u00e1ng, b\u1ec1n \u0111\u1eb9p gi\u1ea3m thi\u1ec3u n\u1ebfp nh\u0103n hi\u1ec7u qu\u1ea3. S\u1ea3n ph\u1ea9m x\u1ee9ng \u0111\u00e1ng l\u00e0 s\u1ef1 l\u1ef1a ch\u1ecdn h\u1ee3p l\u00fd mang \u0111\u1ebfn nh\u1eefng b\u1ed9 qu\u1ea7n \u00e1o kh\u00f4 r\u00e1o v\u00e0 th\u01a1m m\u00e1t cho gia \u0111\u00ecnh b\u1ea1n.<\/p>\n<h3>\u0110\u1eb6C \u0110I\u1ec2M N\u1ed4I B\u1eacT<\/h3>\n<ul>\n<li>Ma\u0301y s\u00e2\u0301y th\u00f4ng h\u01a1i v\u01a1\u0301i ch\u01b0\u0301c n\u0103ng h\u00f4\u0303 tr\u01a1\u0323 la\u0300 u\u0309i<\/li>\n<li>Thi\u1ebft k\u1ebf g\u1ecdn g\u00e0ng, ti\u1ebft ki\u1ec7m kh\u00f4ng gian<\/li>\n<li>C\u00f4ng ngh\u1ec7 s\u1ea5y \u0111\u1ea3o chi\u1ec1u gi\u00fap kh\u00f4 nhanh ch\u00f3ng<\/li>\n<li>T\u00ednh n\u0103ng gi\u1ea3m thi\u1ec3u n\u1ebfp nh\u0103n tr\u00ean qu\u1ea7n \u00e1o<\/li>\n<li>Ch\u1ee9c n\u0103ng s\u1ea5y nhanh trong 40 ph\u00fat ti\u1ec7n l\u1ee3i<\/li>\n<li>\u0110i\u1ec1u khi\u1ec3n \u0111i\u1ec7n t\u1eed th\u00f4ng minh<\/li>\n<li>C\u1ea3m bi\u1ebfn th\u00f4ng minh b\u1ea3o v\u1ec7 qu\u1ea7n \u00e1o b\u1ec1n t\u1ed1t<\/li>\n<li>Ho\u1ea1t \u0111\u1ed9ng \u00eam \u00e1i, ch\u1ed1ng rung, kh\u1ed1i l\u01b0\u1ee3ng s\u1ea5y 7.5 kg<\/li>\n<\/ul>\n<p><img class=\"lazy\" src=\"https:\/\/cdn.nguyenkimmall.com\/images\/companies\/_1\/PH\/may-giat-1.jpg\" data-original=\"https:\/\/cdn.nguyenkimmall.com\/images\/companies\/_1\/PH\/may-giat-1.jpg\" \/><\/p>\n<h2>CHI TI\u1ebeT T\u00cdNH N\u0102NG<\/h2>\n<h3>C\u00f4ng ngh\u1ec7 s\u1ea5y \u0111\u1ea3o chi\u1ec1u gi\u00fap qu\u1ea7n \u00e1o nhanh kh\u00f4<\/h3>\n<p>M\u00e1y s\u1ea5y qu\u1ea7n \u00e1o Electrolux 7.5 kg EDS7552S m\u00e0u b\u1ea1c x\u00e1m s\u1edf h\u1eefu t\u00ednh n\u0103ng s\u1ea5y t\u00e1c \u0111\u1ed9ng k\u00e9p gi\u00fap gi\u1eef cho s\u1ee3i v\u1ea3i m\u1ec1m m\u1ea1i v\u00e0 kh\u00f4 nhanh h\u01a1n.\u00a0M\u1eb7t kh\u00e1c, c\u00f4ng ngh\u1ec7 s\u1ea5y \u0111\u1ea3o chi\u1ec1u c\u00f2n gi\u1eef cho nhi\u1ec7t l\u01b0\u1ee3ng t\u1ecfa ra \u0111\u1ec1u v\u00e0 kh\u00f4ng l\u00e0m h\u01b0 h\u1ea1i \u0111\u1ebfn m\u00e0u s\u1eafc c\u0169ng nh\u01b0 ch\u1ea5t l\u01b0\u1ee3ng v\u1ea3i.<\/p>\n<p><img class=\"lazy\" src=\"https:\/\/cdn.nguyenkimmall.com\/images\/companies\/_1\/PH\/may-giat-3.jpg\" data-original=\"https:\/\/cdn.nguyenkimmall.com\/images\/companies\/_1\/PH\/may-giat-3.jpg\" \/><\/p>\n<p>M\u00e1y s\u1ea5y qu\u1ea7n \u00e1o Electrolux 7.5 kg EDS7552S m\u00e0u b\u1ea1c x\u00e1m gi\u00fap qu\u1ea7n \u00e1o nhanh kh\u00f4 v\u00e0 m\u1ec1m m\u1ea1i<\/p>\n<h3>Gi\u1ea3m thi\u1ec3u n\u1ebfp nh\u0103n tr\u00ean qu\u1ea7n \u00e1o nh\u1edd c\u00f4ng ngh\u1ec7 s\u1ea5y xoay tr\u00f2n<\/h3>\n<p>M\u00e1y s\u1ea5y qu\u1ea7n \u00e1o Electrolux 7.5 kg EDS7552S m\u00e0u b\u1ea1c x\u00e1m trang b\u1ecb c\u00f4ng ngh\u1ec7 s\u1ea5y xoay tr\u00f2n Iron Aid ti\u00ean ti\u1ebfn gi\u00fap l\u00e0m gi\u1ea3m n\u1ebfp nh\u0103n tr\u00ean qu\u1ea7n \u00e1o hi\u1ec7u qu\u1ea3. V\u1edbi c\u00f4ng ngh\u1ec7 n\u00e0y,\u00a0m\u00e1y s\u1ea5y\u00a0s\u1ebd gi\u00fap b\u1ea1n ti\u1ebft ki\u1ec7m \u0111\u01b0\u1ee3c kh\u00e1 nhi\u1ec1u th\u1eddi gian v\u00e0o c\u00f4ng vi\u1ec7c \u1ee7i qu\u1ea7n \u00e1o. M\u1eb7t kh\u00e1c, c\u00f4ng ngh\u1ec7 n\u00e0y c\u00f2n h\u1ea1n ch\u1ebf t\u1ed1i \u0111a n\u1ebfp nh\u0103n tr\u00ean qu\u1ea7n \u00e1o, ngay c\u1ea3 khi ch\u01b0a k\u1ecbp l\u1ea5y ra sau khi s\u1ea5y xong, mang \u0111\u1ebfn cho gia \u0111\u00ecnh b\u1ea1n nh\u1eefng b\u1ed9 qu\u1ea7n \u00e1o th\u1eb3ng t\u1eafp, th\u00eam \u0111\u1eb9p.<\/p>\n<p><img class=\"lazy\" src=\"https:\/\/cdn.nguyenkimmall.com\/images\/companies\/_1\/PH\/may-giat.jpg\" data-original=\"https:\/\/cdn.nguyenkimmall.com\/images\/companies\/_1\/PH\/may-giat.jpg\" \/><\/p>\n<p>M\u00e1y s\u1ea5y qu\u1ea7n \u00e1o Electrolux 7.5 kg EDS7552S m\u00e0u b\u1ea1c x\u00e1m qu\u1ea7n \u00e1o v\u00e0o n\u1ebfp th\u1eb3ng t\u1eafp<\/p>\n<h3>Thi\u1ebft l\u1eadp ch\u01b0\u01a1ng tr\u00ecnh s\u1ea5y t\u1ef1 \u0111\u1ed9ng<\/h3>\n<p>M\u00e1y s\u1ea5y qu\u1ea7n \u00e1o Electrolux 7.5 kg EDS7552S m\u00e0u b\u1ea1c x\u00e1m \u0111\u01b0\u1ee3c thi\u1ebft l\u1eadp c\u00e1c ch\u01b0\u01a1ng tr\u00ecnh s\u1ea5y t\u1ef1 \u0111\u1ed9ng, cho ph\u00e9p ng\u01b0\u1eddi d\u00f9ng tho\u1ea3i m\u00e1i ch\u1ecdn l\u1ef1a, \u0111i\u1ec1u khi\u1ec3n, \u0111i\u1ec1u ch\u1ec9nh th\u1eddi gian s\u1ea5y kh\u00f4 gi\u00fap ti\u1ebft ki\u1ec7m th\u1eddi gian tr\u00e1nh vi\u1ec7c s\u1ea5y qu\u00e1 kh\u00f4 g\u00e2y h\u01b0 h\u1ea1i \u0111\u1ebfn qu\u1ea7n \u00e1o. Ti\u1ec7n l\u1ee3i h\u01a1n, khi m\u00e1y s\u1ea5y c\u00f2n c\u00f3\u00a0ch\u1ee9c n\u0103ng s\u1ea5y nhanh trong 40 ph\u00fat cho kh\u1ed1i l\u01b0\u1ee3ng s\u1ea5y 2kg qu\u1ea7n \u00e1o th\u00f4ng th\u01b0\u1eddng, s\u1ebd gi\u00fap mang \u0111\u1ebfn s\u1ef1 ti\u1ec7n l\u1ee3i t\u1ed1i \u01b0u cho ng\u01b0\u1eddi s\u1eed d\u1ee5ng.<\/p>\n<p><img class=\"lazy\" src=\"https:\/\/cdn.nguyenkimmall.com\/images\/companies\/_1\/PH\/may-giat-2.jpg\" data-original=\"https:\/\/cdn.nguyenkimmall.com\/images\/companies\/_1\/PH\/may-giat-2.jpg\" \/><\/p>\n<p>M\u00e1y s\u1ea5y qu\u1ea7n \u00e1o Electrolux 7.5 kg EDS7552S m\u00e0u b\u1ea1c x\u00e1m ch\u01b0\u01a1ng tr\u00ecnh s\u1ea5y t\u1ef1 \u0111\u1ed9ng b\u1ea3o v\u1ec7 qu\u1ea7n \u00e1o b\u1ec1n \u0111\u1eb9p<\/p>\n<h3>Ch\u1ee9c n\u0103ng h\u1ed7 tr\u1ee3 \u1ee7i gi\u00fap ti\u1ebft ki\u1ec7m th\u1eddi gian<\/h3>\n<p>Kh\u00f4ng nh\u1eefng th\u1ebf, chi\u1ebfc m\u00e1y s\u1ea5y qu\u1ea7n \u00e1o Electrolux 7.5 kg EDS7552S m\u00e0u b\u1ea1c x\u00e1m n\u00e0y c\u00f2n s\u1edf h\u1eefu t\u00ednh n\u0103ng s\u1ea5y h\u01a1i n\u01b0\u1edbc ti\u00ean ti\u1ebfn, gi\u00fap gi\u1ea3m thi\u1ec3u n\u1ebfp nh\u0103n tr\u00ean qu\u1ea7n \u00e1o, nh\u1edd v\u1eady, ti\u1ebft ki\u1ec7m \u0111\u01b0\u1ee3c kh\u00e1 nhi\u1ec1u th\u1eddi gian \u1ee7i qu\u1ea7n \u00e1o cho ng\u01b0\u1eddi d\u00f9ng.<\/p>\n<p><img class=\"lazy\" src=\"https:\/\/cdn.nguyenkimmall.com\/images\/companies\/_1\/PH\/may-giat-7.jpg\" data-original=\"https:\/\/cdn.nguyenkimmall.com\/images\/companies\/_1\/PH\/may-giat-7.jpg\" \/><\/p>\n<p>M\u00e1y s\u1ea5y qu\u1ea7n \u00e1o Electrolux 7.5 kg EDS7552S m\u00e0u b\u1ea1c x\u00e1m qu\u1ea7n \u00e1o th\u1eb3ng \u0111\u1eb9p nh\u01b0 m\u1edbi<\/p>\n<h3>L\u1ed3ng m\u00e1y s\u1ea5y b\u1eb1ng th\u00e9p kh\u00f4ng g\u1ec9 b\u1ec1n b\u1ec9<\/h3>\n<p>L\u1ed3ng s\u1ea5y qu\u1ea7n \u00e1o Electrolux EDS7552S l\u00e0m b\u1eb1ng ch\u1ea5t li\u1ec7u th\u00e9p kh\u00f4ng g\u1ec9 cao c\u1ea5p gi\u00fap t\u0103ng tu\u1ed5i th\u1ecd m\u00e1y, ng\u0103n n\u1ea5m m\u1ed1c ph\u00e1t tri\u1ec3n. B\u1ea1n s\u1ebd d\u1ec5 d\u00e0ng v\u1ec7 sinh m\u00e1y, kh\u00f4ng lo c\u1eb7n b\u1eadn b\u00e1m l\u1ea1i tr\u00ean th\u00e0nh sau m\u1ed7i l\u1ea7n s\u1eed d\u1ee5ng. B\u00ean c\u1ea1nh \u0111\u00f3,\u00a0m\u00e1y s\u1ea5y Electrolux\u00a0\u0111\u01b0\u1ee3c trang b\u1ecb c\u00f4ng ngh\u1ec7 chuy\u1ec3n \u0111\u1ed9ng hi\u1ec7n \u0111\u1ea1i, ti\u00ean ti\u1ebfn n\u00ean gi\u1ea3m thi\u1ec3u \u0111\u01b0\u1ee3c ti\u1ebfng \u1ed3n, gi\u00fap m\u00e1y v\u1eadn h\u00e0nh nh\u1eb9 nh\u00e0ng, \u00eam \u00e1i v\u00e0 h\u1ea1n ch\u1ebf rung l\u1eafc trong qu\u00e1 tr\u00ecnh ho\u1ea1t \u0111\u1ed9ng. B\u1ea1n c\u00f3 th\u1ec3 an t\u00e2m l\u00e0m vi\u1ec7c, h\u1ecdc t\u1eadp v\u00e0 ngh\u1ec9 ng\u01a1i m\u00e0 kh\u00f4ng s\u1ee3 ti\u1ebfng m\u00e1y l\u00e0m phi\u1ec1n.<\/p>\n<p><img class=\"lazy\" src=\"https:\/\/cdn.nguyenkimmall.com\/images\/companies\/_1\/PH\/may-giat-4.jpg\" data-original=\"https:\/\/cdn.nguyenkimmall.com\/images\/companies\/_1\/PH\/may-giat-4.jpg\" \/><\/p>\n<p>M\u00e1y s\u1ea5y qu\u1ea7n \u00e1o Electrolux 7.5 kg EDS7552S m\u00e0u b\u1ea1c x\u00e1m l\u1ed3ng s\u1ea5y b\u1eb1ng th\u00e9p kh\u00f4ng g\u1ec9 b\u1ec1n b\u1ec9<\/p>\n<h3>Thi\u1ebft k\u1ebf hi\u1ec7n \u0111\u1ea1i, c\u1ea3m bi\u1ebfn th\u00f4ng minh b\u1ea3o v\u1ec7 \u00e1o qu\u1ea7n b\u1ec1n \u0111\u1eb9p<\/h3>\n<p>M\u00e1y s\u1ea5y qu\u1ea7n \u00e1o Electrolux 7.5 kg EDS7552S m\u00e0u b\u1ea1c x\u00e1m thi\u1ebft k\u1ebf hi\u1ec7n \u0111\u1ea1i, c\u00f3 th\u1ec3 \u0111\u1eb7t c\u1ea1nh, treo tr\u00ean t\u01b0\u1eddng ho\u1eb7c \u0111\u1eb7t l\u00ean tr\u00ean m\u00e1y gi\u1eb7t c\u1eeda tr\u01b0\u1edbc c\u1ee7a Electrolux. M\u00e1y s\u1ea5y trang b\u1ecb b\u1ea3ng \u0111i\u1ec1u khi\u1ec3n \u0111i\u1ec7n t\u1eed d\u1ec5 d\u00e0ng s\u1eed d\u1ee5ng,\u00a0v\u1edbi kh\u1ed1i l\u01b0\u1ee3ng 7.5 kg \u0111\u00e1p \u1ee9ng nhu c\u1ea7u s\u1ea5y c\u1ee7a h\u1ea7u h\u1ebft m\u1ecdi gia \u0111\u00ecnh. Ngo\u00e0i ra, v\u1edbi ch\u1ebf \u0111\u1ed9 c\u1ea3m bi\u1ebfn th\u00f4ng minh, m\u00e1y s\u1ebd t\u1ef1 \u0111\u1ed9ng ng\u1eebng s\u1ea5y khi \u0111\u1ea1t \u0111\u1ed9 kh\u00f4 chu\u1ea9n, tr\u00e1nh l\u00e0m h\u01b0 v\u1ea3i qu\u1ea7n \u00e1o c\u0169ng nh\u01b0 ti\u1ebft ki\u1ec7m \u0111i\u1ec7n n\u0103ng t\u1ed1i \u0111a cho gia \u0111\u00ecnh.<\/p>\n<p><img class=\"lazy\" src=\"https:\/\/cdn.nguyenkimmall.com\/images\/companies\/_1\/PH\/may-giat-5.jpg\" data-original=\"https:\/\/cdn.nguyenkimmall.com\/images\/companies\/_1\/PH\/may-giat-5.jpg\" \/><\/p>\n<p>M\u00e1y s\u1ea5y qu\u1ea7n \u00e1o Electrolux 7.5 kg EDS7552S m\u00e0u b\u1ea1c x\u00e1m d\u1ec5 s\u1eed d\u1ee5ng v\u1edbi b\u1ea3ng \u0111i\u1ec1u khi\u1ec3n \u0111i\u1ec7n t\u1eed<\/p>\n<\/div>\n","protected":false},"excerpt":{"rendered":"<p>&#8211; T\u00ednh n\u0103ng s\u1ea5y h\u01a1i n\u01b0\u1edbc ti\u00ean ti\u1ebfn, gi\u00fap gi\u1ea3m thi\u1ec3u n\u1ebfp nh\u0103n tr\u00ean qu\u1ea7n \u00e1o, gi\u00fap qu\u1ea7n \u00e1o m\u1ec1m m\u1ea1i, gi\u1ea3m thi\u1ec3u th\u1eddi gian \u1ee7i qu\u1ea7n \u00e1o<br \/>\n&#8211; Ch\u1ee9c n\u0103ng s\u1ea5y nhanh trong 40 ph\u00fat cho kh\u1ed1i l\u01b0\u1ee3ng s\u1ea5y 2kg<br \/>\n&#8211;\u00a0\u0110i\u1ec1u ch\u1ec9nh th\u1eddi gian s\u1ea5y kh\u00f4 gi\u00fap ti\u1ebft ki\u1ec7m th\u1eddi gian tr\u00e1nh vi\u1ec7c s\u1ea5y qu\u00e1 kh\u00f4 g\u00e2y h\u01b0 h\u1ecfng qu\u1ea7n \u00e1o<\/p>\n<p>&#8211; B\u1ea3o h\u00e0nh: 24 th\u00e1ng<\/p>\n<p>&#8211; Xu\u1ea5t x\u1ee9: Th\u00e1i Lan<\/p>\n<p>&nbsp;<\/p>\n","protected":false},"featured_media":3301,"comment_status":"open","ping_status":"closed","template":"","meta":[],"_links":{"self":[{"href":"http:\/\/maudep.com.vn\/chuyengiadienmay\/index.php?rest_route=\/wp\/v2\/product\/3300"}],"collection":[{"href":"http:\/\/maudep.com.vn\/chuyengiadienmay\/index.php?rest_route=\/wp\/v2\/product"}],"about":[{"href":"http:\/\/maudep.com.vn\/chuyengiadienmay\/index.php?rest_route=\/wp\/v2\/types\/product"}],"replies":[{"embeddable":true,"href":"http:\/\/maudep.com.vn\/chuyengiadienmay\/index.php?rest_route=%2Fwp%2Fv2%2Fcomments&post=3300"}],"wp:featuredmedia":[{"embeddable":true,"href":"http:\/\/maudep.com.vn\/chuyengiadienmay\/index.php?rest_route=\/wp\/v2\/media\/3301"}],"wp:attachment":[{"href":"http:\/\/maudep.com.vn\/chuyengiadienmay\/index.php?rest_route=%2Fwp%2Fv2%2Fmedia&parent=3300"}],"curies":[{"name":"wp","href":"https:\/\/api.w.org\/{rel}","templated":true}]}}