{"id":3302,"date":"2019-01-15T14:07:06","date_gmt":"2019-01-15T07:07:06","guid":{"rendered":"http:\/\/maudep.com.vn\/chuyengiadienmay\/?post_type=product&#038;p=3302"},"modified":"2019-01-15T14:07:06","modified_gmt":"2019-01-15T07:07:06","slug":"may-say-quan-ao-lg-dr-80bw-8kg","status":"publish","type":"product","link":"http:\/\/maudep.com.vn\/chuyengiadienmay\/?product=may-say-quan-ao-lg-dr-80bw-8kg","title":{"rendered":"M\u00e1y s\u1ea5y qu\u1ea7n \u00e1o LG DR-80BW &#8211; 8kg"},"content":{"rendered":"<h3 class=\"pd-news-title\">M\u00e1y s\u1ea5y qu\u1ea7n \u00e1o LG DR-80BW &#8211; 8kg<\/h3>\n<div class=\"pd-news-content\">\n<p><strong>Thi\u1ebft k\u1ebf \u0111\u1eb9p<\/strong><br \/>\nM\u00e1y s\u1ea5y qu\u1ea7n \u00e1o LG DR-80BW c\u00f3 thi\u1ebft k\u1ebf sang tr\u1ecdng hi\u1ec7n \u0111\u1ea1i, \u0111\u01b0\u1eddng n\u00e9t tinh t\u1ebf, m\u00e0u tr\u1eafng thanh l\u1ecbch. Ki\u1ec3u d\u00e1ng g\u1ecdn g\u00e0ng ph\u00f9 h\u1ee3p m\u1ecdi kh\u00f4ng gian l\u1eafp \u0111\u1eb7t, l\u00e0 s\u1ea3n ph\u1ea9m c\u1ea7n thi\u1ebft cho m\u1ecdi gia \u0111\u00ecnh<\/p>\n<p>&nbsp;<\/p>\n<p><img class=\"lazy\" src=\"https:\/\/cdn.mediamart.vn\/Upload\/images\/gia-dinh(2).jpg\" data-original=\"https:\/\/cdn.mediamart.vn\/Upload\/images\/gia-dinh(2).jpg\" \/><\/p>\n<p><strong>C\u00f4ng su\u1ea5t cao<\/strong><br \/>\nM\u00e1y c\u00f3 c\u00f4ng su\u1ea5t 2600 W c\u00f9ng kh\u1ed1i l\u01b0\u1ee3ng gi\u1eb7t 8.0kg \u0111\u00e1p \u1ee9ng nhu c\u1ea7u s\u1ea5y c\u1ee7a h\u1ea7u h\u1ebft m\u1ecdi gia \u0111\u00ecnh.<br \/>\n&nbsp;<\/p>\n<p><img class=\"lazy\" src=\"https:\/\/cdn.mediamart.vn\/Upload\/images\/14-8-22-hanh-phuc-gia-dinh-1.jpg\" data-original=\"https:\/\/cdn.mediamart.vn\/Upload\/images\/14-8-22-hanh-phuc-gia-dinh-1.jpg\" \/><\/p>\n<p><strong>T\u00ednh n\u0103ng s\u1ea5y ch\u1ed1ng nh\u00e0u<\/strong><br \/>\nM\u00e1y \u0111\u01b0\u1ee3c trang b\u1ecb t\u00ednh n\u0103ng s\u1ea5y ch\u1ed1ng nh\u00e0u, gi\u00fap gi\u1ea3m thi\u1ec3m vi\u1ec7c l\u00e0 \u1ee7i.<\/p>\n<p>&nbsp;<\/p>\n<p><img class=\"lazy\" src=\"https:\/\/cdn.mediamart.vn\/Upload\/images\/tai-sao-ban-phai-giat-ao-moi-mua-truoc-khi-mac-9-1432006800-555ab09089e94.jpg\" data-original=\"https:\/\/cdn.mediamart.vn\/Upload\/images\/tai-sao-ban-phai-giat-ao-moi-mua-truoc-khi-mac-9-1432006800-555ab09089e94.jpg\" \/><\/p>\n<p><strong>C\u00f4ng ngh\u1ec7 ti\u00ean ti\u1ebfn nh\u1ea5t<\/strong><br \/>\nM\u00e1y s\u1ea5y qu\u1ea7n \u00e1o LG DR-80BW \u0111\u01b0\u1ee3c trang b\u1ecb c\u00f4ng ngh\u1ec7 ti\u00ean ti\u1ebfn gi\u00fap gi\u1eef v\u1ea3i m\u1ec1m h\u01a1n. B\u1ea1n c\u00f3 th\u1ec3 \u0111i\u1ec1u ch\u1ec9nh c\u1ea5p \u0111\u1ed9 v\u00e0 t\u0103ng gi\u1ea3m th\u1eddi gian s\u1ea5y<br \/>\n&nbsp;<\/p>\n<p><img class=\"lazy\" src=\"https:\/\/cdn.mediamart.vn\/Upload\/images\/0635121850624423583.jpg\" data-original=\"https:\/\/cdn.mediamart.vn\/Upload\/images\/0635121850624423583.jpg\" \/><\/p>\n<p><strong>B\u1ea3o v\u1ec7 s\u1ee9c kho\u1ebb<\/strong><br \/>\nM\u00e1y s\u1ea5y s\u1ebd lo\u1ea1i b\u1ecf c\u00e1c m\u00f9i \u1ea9m m\u1ed1c, \u00e1o qu\u1ea7n \u0111\u01b0\u1ee3c gi\u1eef th\u01a1m tho l\u00e2u h\u01a1n, ch\u01b0\u01a1ng tr\u00ecnh s\u1ea5y d\u1ec5 \u1ee7i.<\/p>\n<p><img class=\"lazy\" src=\"https:\/\/cdn.mediamart.vn\/Upload\/images\/nen-chon-mua-may-giat-sanyo-8kg-loai-nao-tot10(4).jpg\" data-original=\"https:\/\/cdn.mediamart.vn\/Upload\/images\/nen-chon-mua-may-giat-sanyo-8kg-loai-nao-tot10(4).jpg\" \/>\n<\/div>\n","protected":false},"excerpt":{"rendered":"<p>&#8211; M\u00e0n h\u00ecnh hi\u1ec3n th\u1ecb th\u1eddi gian s\u1ea5y c\u00f2n l\u1ea1i\/b\u00e1o l\u1ed7i<\/p>\n<p>&#8211; C\u00f4ng ngh\u1ec7 s\u1ea5y ng\u01b0ng t\u1ee5 gi\u1eef cho qu\u1ea7n \u00e1o lu\u00f4n m\u1ec1m<\/p>\n<p>&#8211; 2 c\u1ea3m bi\u1ebfn nhi\u1ec7t gi\u00fap n\u00e2ng cao hi\u1ec7u qu\u1ea3 s\u1ea5y<\/p>\n<p>&#8211; L\u1ed3ng gi\u1eb7t chuy\u1ec3n \u0111\u1ed9ng 2 chi\u1ec1u gi\u00fap gi\u1ea3m xo\u1eafn r\u1ed1i qu\u1ea7n \u00e1o v\u00e0 s\u1ea5y \u0111\u1ec1u h\u01a1n<\/p>\n<p>&#8211; B\u1ea3o h\u00e0nh: 24 th\u00e1ng<\/p>\n<p>&#8211; Xu\u1ea5t x\u1ee9: Th\u00e1i Lan<\/p>\n<p>&nbsp;<\/p>\n","protected":false},"featured_media":3303,"comment_status":"open","ping_status":"closed","template":"","meta":[],"_links":{"self":[{"href":"http:\/\/maudep.com.vn\/chuyengiadienmay\/index.php?rest_route=\/wp\/v2\/product\/3302"}],"collection":[{"href":"http:\/\/maudep.com.vn\/chuyengiadienmay\/index.php?rest_route=\/wp\/v2\/product"}],"about":[{"href":"http:\/\/maudep.com.vn\/chuyengiadienmay\/index.php?rest_route=\/wp\/v2\/types\/product"}],"replies":[{"embeddable":true,"href":"http:\/\/maudep.com.vn\/chuyengiadienmay\/index.php?rest_route=%2Fwp%2Fv2%2Fcomments&post=3302"}],"wp:featuredmedia":[{"embeddable":true,"href":"http:\/\/maudep.com.vn\/chuyengiadienmay\/index.php?rest_route=\/wp\/v2\/media\/3303"}],"wp:attachment":[{"href":"http:\/\/maudep.com.vn\/chuyengiadienmay\/index.php?rest_route=%2Fwp%2Fv2%2Fmedia&parent=3302"}],"curies":[{"name":"wp","href":"https:\/\/api.w.org\/{rel}","templated":true}]}}