{"id":3421,"date":"2019-01-17T16:05:04","date_gmt":"2019-01-17T09:05:04","guid":{"rendered":"http:\/\/maudep.com.vn\/chuyengiadienmay\/?post_type=product&#038;p=3421"},"modified":"2019-01-17T17:04:16","modified_gmt":"2019-01-17T10:04:16","slug":"lo-vi-song-bosch-hmh-hmt75m654b","status":"publish","type":"product","link":"http:\/\/maudep.com.vn\/chuyengiadienmay\/?product=lo-vi-song-bosch-hmh-hmt75m654b","title":{"rendered":"L\u00f2 Vi S\u00f3ng BOSCH HMH HMT75M654B"},"content":{"rendered":"<h3 class=\"title\">T\u1ed5ng quan chung L\u00f2 Vi S\u00f3ng BOSCH HMH HMT75M654B<\/h3>\n<div class=\"article-content\">\n<div class=\"js-content\">\n<h2>Tr\u00ean th\u1ecb tr\u01b0\u1eddng hi\u1ec7n nay c\u00f3 kh\u00e1 nhi\u1ec1u c\u00e1c th\u01b0\u01a1ng hi\u1ec7u l\u00f2 vi s\u00f3ng kh\u00e1c nhau, tuy nhi\u00ean\u00a0v\u1edbi d\u00f2ng\u00a0\u00e2m t\u1ee7\u00a0th\u00ec lo\u0300 vi so\u0301ng Bosch HMH HMT75M654B c\u00f3 th\u1ec3 n\u00f3i l\u00e0 d\u1eabn \u0111\u1ea7u th\u1ecb tr\u01b0\u1eddng v\u1ec1 ch\u1ea5t l\u01b0\u1ee3ng l\u00f2 vi s\u00f3ng \u00e2m t\u1ee7. B\u00ea\u0301p Vu\u0303 S\u01a1n xin chia se\u0309 nh\u01b0\u0303ng th\u00f4ng tin h\u01b0\u0303u i\u0301ch giu\u0301p ba\u0323n \u0111a\u0301nh gia\u0301 sa\u0309n ph\u00e2\u0309m kha\u0301ch quan nh\u00e2\u0301t.<\/h2>\n<h3><strong>\u0110a\u0301nh gia\u0301 chi ti\u00ea\u0301t lo\u0300 vi so\u0301ng HMH\u00a0HMT75M654B<\/strong><\/h3>\n<p>L\u00e0 m\u1ed9t th\u01b0\u01a1ng hi\u1ec7u l\u00f2 vi s\u00f3ng T\u00e2y Ban Nha,<strong>\u00a0l\u00f2 vi s\u00f3ng Bosch\u00a0HMH HMT75M654B<\/strong>\u00a0r\u1ea5t n\u1ed5i ti\u1ebfng tr\u00ean th\u1ebf gi\u1edbi, \u0111\u1eb7c bi\u1ec7t l\u00e0 t\u1ea1i M\u1ef9 v\u00e0 c\u00e1c n\u01b0\u1edbc ch\u00e2u \u00c2u.<\/p>\n<p><img title=\"lo-vi-song-bosch-hmh-hmt75m654b\" src=\"https:\/\/bepvuson.vn\/Data\/upload\/images\/lo%CC%80%20vi%20so%CC%81ng\/MCSA00722230_E4043_HMT75M654B_375473_defav.jpg\" alt=\"lo-vi-song-bosch-hmh-hmt75m654b\" \/><\/p>\n<ul>\n<li><em>L\u00f2 vi s\u00f3ng Bosch c\u00f3 \u0111\u01b0\u1ee3c thi\u1ebft k\u1ebf hi\u1ec7n \u0111\u1ea1i, b\u1ea3ng \u0111i\u1ec1u khi\u1ec3n d\u1ec5 d\u00e0ng s\u1eed d\u1ee5ng \u0111\u1ed3ng th\u1eddi \u0111\u01b0\u1ee3c ch\u1ebf t\u1ea1o t\u1eeb th\u00e9p kh\u00f4ng g\u1ec9, ch\u00ednh v\u00ec th\u1ebf \u0111\u1ed9 b\u1ec1n b\u1ec9 c\u1ee7a d\u00f2ng l\u00f2 vi s\u00f3ng \u00e2m n\u00e0y \u0111\u01b0\u1ee3c ng\u01b0\u1eddi d\u00f9ng ho\u00e0n to\u00e0n tin t\u01b0\u1edfng.<\/em><\/li>\n<li><em>Thi\u1ebft k\u1ebf hi\u1ec7n \u0111\u1ea1i v\u1edbi s\u1ef1 k\u1ebft h\u1ee3p gi\u1eefa k\u00ednh c\u01b0\u1eddng l\u1ef1c, th\u00e9p kh\u00f4ng g\u1ec9 , g\u1ed1m (ceramic) gi\u00fap l\u00f2 vi s\u00f3ng \u00e2m t\u1ee7 Bosch lu\u00f4n gi\u00fap kh\u00f4ng gian nh\u00e0 b\u1ebfp tr\u1edf n\u00ean sang tr\u1ecdng.<\/em><\/li>\n<li><em>Ngo\u00e0i ra, l\u00f2 vi s\u00f3ng\u00a0Bosch c\u0169ng lu\u00f4n \u0111i \u0111\u1ea7u th\u1ecb tr\u01b0\u1eddng nh\u1edd \u0111\u01b0\u1ee3c trang b\u1ecb nh\u1eefng t\u00ednh n\u0103ng hi\u1ec7n \u0111\u1ea1i nh\u1ea5t tr\u00ean l\u00f2 vi s\u00f3ng, nh\u01b0 vi\u1ec7c \u0111i\u1ec1u khi\u1ec3n b\u1eb1ng c\u1ea3m \u1ee9ng l\u00e0 m\u1ed9t v\u00ed d\u1ee5.<\/em><\/li>\n<\/ul>\n<p><em>\u200b<img title=\"lo-vi-song-bosch-hmh-hmt75m654b-01\" src=\"https:\/\/bepvuson.vn\/Data\/upload\/images\/lo%CC%80%20vi%20so%CC%81ng\/MCSA00776801_423857_BFL634GS1_def(1).jpg\" alt=\"lo-vi-song-bosch-hmh-hmt75m654b-01\" \/><\/em><\/p>\n<h3><strong>Lo\u0300 vi so\u0301ng HMH HMT75M654B co\u0301 nh\u01b0\u0303ng ti\u0301nh n\u0103ng gi\u0300?<\/strong><\/h3>\n<p>Ng\u00e0y nay kh\u00f4ng ng\u1eebng c\u1ea3i ti\u1ebfn v\u1ec1 m\u1eabu m\u00e3 c\u0169ng nh\u01b0 t\u00ednh n\u0103ng,<strong>l\u00f2 vi s\u00f3ng Bosch HMH HMT75M654B<\/strong>\u00a0gi\u00fap b\u1ea1n ti\u1ec7n l\u1ee3i h\u01a1n trong vi\u1ec7c chu\u1ea9n b\u1ecb b\u1eefa \u0103n h\u00e0ng ng\u00e0y cho gia \u0111\u00ecnh.<\/p>\n<p><img title=\"lo-vi-song-bosch-hmh-hmt75m654b-02\" src=\"https:\/\/bepvuson.vn\/Data\/upload\/images\/lo%CC%80%20vi%20so%CC%81ng\/mcz_008607_kan56v10_en-sg_1.jpg\" alt=\"lo-vi-song-bosch-hmh-hmt75m654b-02\" \/><\/p>\n<ul>\n<li><em>H\u00e2m n\u00f3ng th\u1ee9c \u0103n l\u00e0 m\u1ed9t trong nh\u1eefng ch\u1ee9c n\u0103ng ch\u00ednh c\u1ee7a l\u00f2 vi s\u00f3ng Bosch. L\u00f2 vi s\u00f3ng\u00a0c\u00f3 th\u1ec3 gi\u00fap b\u1ea1n h\u00e2m n\u00f3ng th\u1ee9c \u0103n ch\u1ec9 trong m\u1ed9t kho\u1ea3ng th\u1eddi gian r\u1ea5t ng\u1eafn (ch\u1ec9 v\u00e0i ph\u00fat) m\u00e0 v\u1eabn gi\u1eef \u0111\u01b0\u1ee3c h\u01b0\u01a1ng v\u1ecb v\u1ed1n c\u00f3 c\u1ee7a m\u00f3n \u0103n.\u00a0<\/em><\/li>\n<li><em>\u0110i\u1ec1u \u0111\u1eb7c bi\u1ec7t \u1edf l\u00f2 vi s\u00f3ng l\u00e0 b\u1ea1n c\u00f3 th\u1ec3 h\u00e2m n\u00f3ng th\u1ee9c \u0103n m\u00e0 kh\u00f4ng c\u1ea7n ph\u1ea3i cho th\u00eam n\u01b0\u1edbc, kh\u00f4ng s\u1ee3 m\u00f3n \u0103n kh\u00f4 ch\u00e1y v\u00e0 d\u00ednh v\u00e0o nhau.<\/em><\/li>\n<li><em>R\u00e3 \u0111\u00f4ng th\u01b0\u1eddng &#8211; r\u00e3 \u0111\u00f4ng theo th\u1eddi gian, l\u00f2 vi s\u00f3ng Bosch\u00a0c\u00f3 ch\u1ee9c n\u0103ng r\u00e3 \u0111\u00f4ng gi\u00fap b\u1ea1n gi\u1ea3i quy\u1ebft \u0111\u01b0\u1ee3c v\u1ea5n \u0111\u1ec1 th\u1ef1c ph\u1ea9m \u0111\u00f4ng l\u1ea1nh m\u1ed9t c\u00e1ch d\u1ec5 d\u00e0ng v\u00e0 nhanh ch\u00f3ng. B\u1ea1n ch\u1ec9 c\u1ea7n ch\u1ecdn th\u1eddi gian r\u00e3 \u0111\u00f4ng, sau khi r\u00e3 \u0111\u00f4ng xong b\u1eb1ng l\u00f2 vi s\u00f3ng, n\u00ean mang th\u1ee9c \u0103n \u0111i ch\u1ebf bi\u1ebfn ngay \u0111\u1ec3 tr\u00e1nh b\u1ecb vi khu\u1ea9n x\u00e2m nh\u1eadp.<\/em><\/li>\n<li><em>Ch\u01b0\u0301c n\u0103ng ra\u0303 \u0111\u00f4ng theo tro\u0323ng l\u01b0\u01a1\u0323ng &#8211;\u00a0\u00a0ch\u1ee9c n\u0103ng n\u00e0y t\u01b0\u01a1ng \u0111\u1ed1i ti\u1ec7n d\u1ee5ng cho ch\u1ecb em, ch\u1ec9 c\u1ea7n nh\u1eadp tr\u1ecdng l\u01b0\u1ee3ng th\u1ef1c ph\u1ea9m c\u1ea7n r\u00e3 \u0111\u00f4ng v\u00e0o, l\u00f2 vi so\u0301ng\u00a0s\u1ebd t\u1ef1 \u0111\u1ed9ng \u0111i\u1ec1u ch\u1ec9nh c\u00f4ng su\u1ea5t v\u00e0 th\u1eddi gian ph\u00f9 h\u1ee3p. Khi l\u00f2 ng\u1eebng ho\u1ea1t \u0111\u1ed9ng b\u1ea1n c\u00f3 th\u1ec3 l\u1ea5y th\u1ef1c ph\u1ea9m ra ch\u1ebf bi\u1ebfn ngay.<\/em><\/li>\n<\/ul>\n<\/div>\n<\/div>\n","protected":false},"excerpt":{"rendered":"<p>T\u1ed5ng quan chung L\u00f2 Vi S\u00f3ng BOSCH HMH HMT75M654B Tr\u00ean th\u1ecb tr\u01b0\u1eddng hi\u1ec7n nay c\u00f3 kh\u00e1 nhi\u1ec1u c\u00e1c th\u01b0\u01a1ng hi\u1ec7u &hellip; <a class=\"link-more\" href=\"http:\/\/maudep.com.vn\/chuyengiadienmay\/?product=lo-vi-song-bosch-hmh-hmt75m654b\" class=\"more-link\">\u0110\u1ecdc th\u00eam &raquo;<span class=\"screen-reader-text\"> &#8220;L\u00f2 Vi S\u00f3ng BOSCH HMH HMT75M654B&#8221;<\/span><\/a><\/p>\n","protected":false},"featured_media":3422,"comment_status":"open","ping_status":"closed","template":"","meta":[],"_links":{"self":[{"href":"http:\/\/maudep.com.vn\/chuyengiadienmay\/index.php?rest_route=\/wp\/v2\/product\/3421"}],"collection":[{"href":"http:\/\/maudep.com.vn\/chuyengiadienmay\/index.php?rest_route=\/wp\/v2\/product"}],"about":[{"href":"http:\/\/maudep.com.vn\/chuyengiadienmay\/index.php?rest_route=\/wp\/v2\/types\/product"}],"replies":[{"embeddable":true,"href":"http:\/\/maudep.com.vn\/chuyengiadienmay\/index.php?rest_route=%2Fwp%2Fv2%2Fcomments&post=3421"}],"wp:featuredmedia":[{"embeddable":true,"href":"http:\/\/maudep.com.vn\/chuyengiadienmay\/index.php?rest_route=\/wp\/v2\/media\/3422"}],"wp:attachment":[{"href":"http:\/\/maudep.com.vn\/chuyengiadienmay\/index.php?rest_route=%2Fwp%2Fv2%2Fmedia&parent=3421"}],"curies":[{"name":"wp","href":"https:\/\/api.w.org\/{rel}","templated":true}]}}