{"id":3423,"date":"2019-01-17T16:09:33","date_gmt":"2019-01-17T09:09:33","guid":{"rendered":"http:\/\/maudep.com.vn\/chuyengiadienmay\/?post_type=product&#038;p=3423"},"modified":"2019-01-17T16:09:33","modified_gmt":"2019-01-17T09:09:33","slug":"lo-vi-song-bosch-zelmer-zkm-2919x","status":"publish","type":"product","link":"http:\/\/maudep.com.vn\/chuyengiadienmay\/?product=lo-vi-song-bosch-zelmer-zkm-2919x","title":{"rendered":"L\u00f2 vi s\u00f3ng Bosch Zelmer ZKM-2919X"},"content":{"rendered":"<h3 class=\"title\">T\u1ed5ng quan chung L\u00f2 vi s\u00f3ng Bosch Zelmer ZKM-2919X<\/h3>\n<div class=\"article-content\">\n<div class=\"js-content\">\n<h2>L\u00f2 vi s\u00f3ng Bosch Zelmer ZKM-2919X\u00a0nh\u1eadp kh\u1ea9u tr\u1ef1c ti\u1ebfp t\u1eeb Ch\u00e2u \u00c2u s\u1ebd l\u00e0 s\u1ef1 l\u1ef1a ch\u1ecdn ho\u00e0n h\u1ea3o v\u1edbi ch\u1ecb em n\u1ed9i tr\u1ee3 v\u1edbi nhi\u1ec1u \u01b0u \u0111i\u1ec3m nh\u01b0 : 7 ch\u01b0\u01a1ng tr\u00ecnh c\u00e0i \u0111\u1eb7t t\u1ef1 \u0111\u1ed9ng, 5 m\u1ee9c c\u00f4ng su\u1ea5t, ch\u1ee9c n\u0103ng t\u1ef1 \u0111\u1ed9ng r\u00e3 \u0111\u00f4ng, t\u1ef1 \u0111\u1ed9ng v\u1ec7 sinh l\u00f2\u2026\u0110\u00e2y la\u0300 sa\u0309n ph\u00e2\u0309m r\u00e2\u0301t c\u00e2\u0300n thi\u00ea\u0301t \u0111\u00f4\u0301i v\u01a1\u0301i m\u00f4\u0303i gia \u0111i\u0300nh.<\/h2>\n<h3><strong>\u0110\u0103\u0323c \u0111i\u00ea\u0309m n\u00f4\u0309i b\u00e2\u0323t cu\u0309a lo\u0300 vi so\u0301ng\u00a0Zelmer ZKM-2919X<\/strong><\/h3>\n<p><strong>L\u00f2 vi s\u00f3ng Bosch\u00a0Zelmer ZKM-2919X<\/strong>\u00a0\u0111\u01b0\u1ee3c ch\u1ebf bi\u1ebfn theo c\u00f4ng ngh\u1ec7 hi\u1ec7n \u0111\u1ea1i v\u1edbi l\u1edbp v\u1ecf ngo\u00e0i b\u1eb1ng h\u1ee3p kim cao c\u1ea5p v\u00e0 khoang l\u00f2 \u0111\u01b0\u1ee3c tr\u00e1ng m\u1ed9t l\u1edbp men kh\u00e1ng khu\u1ea9n si\u00eau b\u1ec1n. Nh\u1eefng ch\u1ea5t li\u1ec7u cao c\u1ea5p n\u00e0y s\u1ebd gi\u00fap h\u1ea1n ch\u1ebf nh\u1eefng h\u01b0 h\u1ea1i c\u00f3 th\u1ec3 x\u1ea3y ra trong qu\u00e1 tr\u00ecnh s\u1eed d\u1ee5ng c\u0169ng nh\u01b0 gi\u00fap b\u1ea1n d\u1ec5 d\u00e0ng v\u1ec7 sinh h\u01a1n.<\/p>\n<p><img title=\"lo-vi-song-bosch-zelmer-zkm-2919x\" src=\"https:\/\/bepvuson.vn\/Data\/upload\/images\/lo%CC%80%20vi%20so%CC%81ng\/lo-vi-song-bosch-zelmer-zkm-2919x-p2626.png\" alt=\"lo-vi-song-bosch-zelmer-zkm-2919x\" \/><\/p>\n<ul>\n<li><em>Thi\u1ebft k\u1ebf n\u1ed5i b\u1eadt v\u1edbi phong c\u00e1ch sang tr\u1ecdng, m\u00e0u x\u00e1m b\u1ea1c k\u1ebft h\u1ee3p khoang l\u00f2 tr\u00e1ng men b\u1ec1n \u0111\u1eb9p v\u00e0 t\u0103ng t\u00ednh th\u1ea9m m\u1ef9 cao.\u00a0<\/em><\/li>\n<li><em>L\u00f2 vi so\u0301ng Bosch\u00a0c\u00f3 dung t\u00edch r\u1ea5t r\u1ed9ng v\u1edbi 17\u00a0l\u00edt v\u00e0 c\u00e0i s\u1eb5n\u00a0m\u1ee9c \u0111\u1ed9 n\u01b0\u1edbng t\u1ef1 \u0111\u1ed9ng, b\u1ea1n d\u1ec5 d\u00e0ng l\u1ef1a ch\u1ecdn qua b\u1ea3ng \u0111i\u1ec1u khi\u1ec3n c\u1ea3m \u1ee9ng Touch Control \u0111\u1ed9c \u0111\u00e1o, m\u00e0n h\u00ecnh hi\u1ec3n th\u1ecb LCD.<\/em><\/li>\n<li><em>Lo\u0300 vi so\u0301ng Bosch \u0111\u01b0\u01a1\u0323c\u00a0thi\u1ebft k\u1ebf l\u1eafp \u00e2m gi\u00fap ti\u1ebft ki\u1ec7m kh\u00f4ng gian t\u1ed1i \u0111a. C\u00f3 5\u00a0c\u00f4ng th\u1ee9c n\u1ea5u \u0103n l\u01b0u tr\u1eef, \u0111\u1eb7c bi\u1ec7t ch\u1ee9c n\u0103ng t\u1ef1 \u0111\u1ed9ng ki\u1ec3m so\u00e1t tr\u1ecdng l\u01b0\u1ee3ng th\u1ee9c \u0103n m\u1ed9t c\u00e1ch t\u1ed1i \u01b0u. S\u1eed d\u1ee5ng \u0111i\u1ec1u khi\u1ec3n b\u1eb1ng c\u1ea3m \u1ee9ng v\u00e0 v\u00f2ng xoay ControlRing \u0111\u1ed9c \u0111\u00e1o.<\/em><\/li>\n<li><em>M\u00e0n h\u00ecnh hi\u1ec3n th\u1ecb TFT, h\u1ec7 th\u1ed1ng \u0111\u00e8n Led b\u00ean trong khoang l\u00f2. L\u00f2 vi s\u00f3ng k\u1ebft h\u1ee3p n\u01b0\u1edbng Bosch\u00a0c\u00f3 k\u00edch th\u01b0\u1edbc (CxRxS): 385 x 595 x 320 mm.<\/em><\/li>\n<\/ul>\n<p><em>\u200b<img title=\"lo-vi-song-bosch-zelmer-zkm-2919x-01\" src=\"https:\/\/bepvuson.vn\/Data\/upload\/images\/lo%CC%80%20vi%20so%CC%81ng\/large_607_lo-vi-song-bosch-hmt85mr63.jpg\" alt=\"lo-vi-song-bosch-zelmer-zkm-2919x-01\" \/><\/em><\/p>\n<h3><strong>Ti\u0301nh n\u0103ng cu\u0309a lo\u0300 vi so\u0301ng\u00a0Zelmer ZKM-2919X<\/strong><\/h3>\n<p><strong>L\u00f2 vi s\u00f3ng Bosch Zelmer ZKM-2919X<\/strong>\u00a0\u0111\u01b0\u01a1\u0323c thi\u00ea\u0301t k\u00ea\u0301 h\u1ec7 th\u1ed1ng b\u1ea3ng \u0111i\u1ec1u khi\u1ec3n c\u1ea3m \u1ee9ng ph\u00eda b\u00ean d\u01b0\u1edbi v\u1edbi m\u00e0n h\u00ecnh hi\u1ec7n th\u1ecb \u0111\u1ed3ng h\u1ed3 \u0111i\u1ec7n t\u1eed d\u1ec5 d\u00e0ng cho vi\u1ec7c l\u1ef1a ch\u1ecdn m\u1ee9c c\u00f4ng su\u1ea5t vi s\u00f3ng, c\u00e1c ch\u1ee9c n\u0103ng t\u1ef1 \u0111\u1ed9ng, kh\u1ed1i l\u01b0\u1ee3ng s\u1ea3n ph\u1ea9m, l\u1eadp l\u1ecbch th\u1eddi gian n\u1ea5u n\u01b0\u1edbng d\u1ec5 d\u00e0ng v\u00e0 ch\u00ednh x\u00e1c nh\u1ea5t.<\/p>\n<p><img title=\"lo-vi-song-bosch-zelmer-zkm-2919x-02\" src=\"https:\/\/bepvuson.vn\/Data\/upload\/images\/lo%CC%80%20vi%20so%CC%81ng\/mcz_008607_kan56v10_en-sg_1(1).jpg\" alt=\"lo-vi-song-bosch-zelmer-zkm-2919x-02\" \/><\/p>\n<ul>\n<li><em>Lo\u0300 vi so\u0301ng\u00a0c\u00f3 5 m\u1ee9c c\u00f4ng su\u1ea5t ph\u00f9 h\u1ee3p cho vi\u1ec7c ch\u1ebf bi\u1ebfn, r\u00e3 \u0111\u00f4ng ho\u1eb7c h\u00e2m n\u00f3ng nhi\u1ec1u lo\u1ea1i th\u1ee9c \u0103n kh\u00e1c nhau. B\u00ean c\u1ea1nh \u0111\u00f3, thi\u1ebft b\u1ecb c\u0169ng h\u1ed7 tr\u1ee3 menu n\u1ea5u t\u1ef1 \u0111\u1ed9ng cho ph\u00e9p b\u1ea1n h\u1eb9n gi\u1edd ch\u1ebf bi\u1ebfn th\u1ee9c \u0103n m\u1ed9t c\u00e1ch \u0111\u01a1n gi\u1ea3n nh\u1ea5t.<\/em><\/li>\n<li><em>V\u1edbi ch\u1ee9c n\u0103ng n\u01b0\u1edbng c\u00f3 c\u00f4ng su\u1ea5t l\u00ean 1000W\u00a0lo\u0300 vi so\u0301ng Bosch ti\u1ec7n d\u1ee5ng \u0111\u01b0\u1ee3c t\u00edch h\u1ee3p, b\u1ea1n s\u1ebd d\u1ec5 d\u00e0ng ch\u1ebf bi\u1ebfn c\u00e1c m\u00f3n n\u01b0\u1edbng th\u01a1m ngon ngay t\u1ea1i nh\u00e0 m\u00ecnh. Th\u1eadt d\u1ec5 d\u00e0ng v\u00e0 ti\u1ebft ki\u1ec7m khi kh\u00f4ng ph\u1ea3i mua th\u00eam m\u1ed9t chi\u1ebfc l\u00f2 n\u01b0\u1edbng n\u1eefa.<\/em><\/li>\n<li><em>Ch\u1ee9c n\u0103ng kh\u00f3a tr\u1ebb em s\u1ebd gi\u00fap b\u1ea1n y\u00ean t\u00e2m h\u01a1n khi s\u1eed d\u1ee5ng l\u00f2 vi s\u00f3ng Bosch. Khi \u0111ang ho\u1ea1t \u0111\u1ed9ng th\u00ec l\u00f2 s\u1ebd t\u1ef1 chuy\u1ec3n qua ch\u1ebf \u0111\u1ed9 kh\u00f3a, h\u1ea1n ch\u1ebf t\u1ed1i \u0111a nh\u1eefng tr\u01b0\u1eddng h\u1ee3p b\u1ecb b\u1ecfng hay \u0111i\u1ec7n gi\u1eadt khi tr\u1ebb em v\u00f4 \u00fd \u1ea5n v\u00e0o n\u00fat m\u1edf l\u00f2.<\/em><\/li>\n<\/ul>\n<\/div>\n<\/div>\n","protected":false},"excerpt":{"rendered":"<p>T\u1ed5ng quan chung L\u00f2 vi s\u00f3ng Bosch Zelmer ZKM-2919X L\u00f2 vi s\u00f3ng Bosch Zelmer ZKM-2919X\u00a0nh\u1eadp kh\u1ea9u tr\u1ef1c ti\u1ebfp t\u1eeb Ch\u00e2u &hellip; <a class=\"link-more\" href=\"http:\/\/maudep.com.vn\/chuyengiadienmay\/?product=lo-vi-song-bosch-zelmer-zkm-2919x\" class=\"more-link\">\u0110\u1ecdc th\u00eam &raquo;<span class=\"screen-reader-text\"> &#8220;L\u00f2 vi s\u00f3ng Bosch Zelmer ZKM-2919X&#8221;<\/span><\/a><\/p>\n","protected":false},"featured_media":3424,"comment_status":"open","ping_status":"closed","template":"","meta":[],"_links":{"self":[{"href":"http:\/\/maudep.com.vn\/chuyengiadienmay\/index.php?rest_route=\/wp\/v2\/product\/3423"}],"collection":[{"href":"http:\/\/maudep.com.vn\/chuyengiadienmay\/index.php?rest_route=\/wp\/v2\/product"}],"about":[{"href":"http:\/\/maudep.com.vn\/chuyengiadienmay\/index.php?rest_route=\/wp\/v2\/types\/product"}],"replies":[{"embeddable":true,"href":"http:\/\/maudep.com.vn\/chuyengiadienmay\/index.php?rest_route=%2Fwp%2Fv2%2Fcomments&post=3423"}],"wp:featuredmedia":[{"embeddable":true,"href":"http:\/\/maudep.com.vn\/chuyengiadienmay\/index.php?rest_route=\/wp\/v2\/media\/3424"}],"wp:attachment":[{"href":"http:\/\/maudep.com.vn\/chuyengiadienmay\/index.php?rest_route=%2Fwp%2Fv2%2Fmedia&parent=3423"}],"curies":[{"name":"wp","href":"https:\/\/api.w.org\/{rel}","templated":true}]}}