{"id":3425,"date":"2019-01-17T16:13:44","date_gmt":"2019-01-17T09:13:44","guid":{"rendered":"http:\/\/maudep.com.vn\/chuyengiadienmay\/?post_type=product&#038;p=3425"},"modified":"2019-01-17T16:13:44","modified_gmt":"2019-01-17T09:13:44","slug":"lo-vi-song-bosch-hmt75m624","status":"publish","type":"product","link":"http:\/\/maudep.com.vn\/chuyengiadienmay\/?product=lo-vi-song-bosch-hmt75m624","title":{"rendered":"L\u00f2 vi s\u00f3ng Bosch HMT75M624"},"content":{"rendered":"<h3 class=\"title\">T\u1ed5ng quan chung L\u00f2 vi s\u00f3ng Bosch HMT75M624<\/h3>\n<div class=\"article-content\">\n<div class=\"js-content\">\n<h2>L\u00f2 vi s\u00f3ng Bosch HMT75M624\u00a0thi\u1ebft k\u1ebf b\u1eb1ng m\u00e0u tr\u1eafng tinh th\u1ec3,\u00a0\u00a0do\u0300ng sa\u0309n ph\u00e2\u0309m thu\u00f4\u0323c serie 6 \u0111a d\u1ea1ng, ho\u00e0n h\u1ea3o v\u00e0 ph\u00f9 h\u1ee3p v\u1edbi m\u1ecdi lo\u1ea1i th\u1ef1c ph\u1ea9m gi\u00fap b\u1ea1n c\u00f3 nhi\u1ec1u l\u1ef1a ch\u1ecdn trong qu\u00e1 tr\u00ecnh s\u1eed d\u1ee5ng thi\u1ebft b\u1ecb \u0111\u1ec3 chu\u1ea9n b\u1ecb th\u1ef1c ph\u1ea9m cho n\u1ea5u n\u01b0\u1edbng h\u00e0ng ng\u00e0y.<\/h2>\n<h3><strong>Th\u00f4ng tin chi ti\u00ea\u0301t sa\u0309n ph\u00e2\u0309m Bosch HMT75M624<\/strong><\/h3>\n<p><strong>L\u00f2 vi s\u00f3ng Bosch HMT75M624<\/strong>\u00a0co\u0301\u00a0chi\u1ec1u cao kh\u1ea3 t\u00edch\u00a038 cm t\u1ea1o n\u00ean kh\u00f4ng gian r\u1ed9ng r\u00e3i khi s\u1eed d\u1ee5ng. N\u00ea\u0301u ba\u0323n \u0111ang co\u0301 nhu c\u00e2\u0300u mua lo\u0300 vi so\u0301ng thi\u0300 \u0111\u00e2y la\u0300 sa\u0309n ph\u00e2\u0309m kh\u00f4ng th\u00ea\u0309 bo\u0309 qua.<\/p>\n<p><img title=\"lo-vi-song-bosch-hmt75m624\" src=\"https:\/\/bepvuson.vn\/Data\/upload\/images\/lo%CC%80%20vi%20so%CC%81ng\/Lo-Vi-Song-Bosch-HMT75M624-1.jpg\" alt=\"lo-vi-song-bosch-hmt75m624\" \/><\/p>\n<ul>\n<li><em>Ch\u01b0\u01a1ng tr\u00ecnh t\u1ef1 \u0111\u1ed9ng: b\u1ea1n ch\u1ec9 c\u1ea7n ch\u1ecdn ch\u01b0\u01a1ng tr\u00ecnh v\u00e0 tr\u1ecdng l\u01b0\u1ee3ng th\u1ef1c ph\u1ea9m c\u1ee7a b\u1ea1n.\u00a0M\u1ee9c c\u00f4ng su\u1ea5t t\u1ed1i \u01b0u s\u1ebd \u0111\u01b0\u1ee3c ch\u1ecdn t\u1ef1 \u0111\u1ed9ng.<\/em><\/li>\n<li><em>Lo\u0300 vi so\u0301ng Bosch\u00a0c\u00f3 7 ch\u01b0\u01a1ng tr\u00ecnh n\u1ea5u t\u1ef1 \u0111\u1ed9ng gi\u00fap cho c\u00e1c b\u00e0 n\u1ed9i tr\u1ee3 n\u1ea5u c\u00e1c m\u00f3n \u0103n ngon h\u01a1n.<\/em><\/li>\n<li><em>C\u1eeda l\u00f2 \u0111\u01b0\u1ee3c thi\u1ebft k\u1ebf \u0111\u1eb7c bi\u1ec7t \u00a0ch\u1eafc ch\u1eafn b\u1eb1ng k\u00ednh nhi\u1ec1u l\u1edbp v\u00e0 trong su\u1ed1t c\u00f9ng ph\u1ea7n l\u01b0\u1edbi kim lo\u1ea1i ch\u1ecbu nhi\u1ec7t cao, c\u00e1ch nhi\u1ec7t ho\u00e0n h\u1ea3o cho phe\u0301p b\u1ea1n theo d\u00f5i \u0111\u01b0\u1ee3c qu\u00e1 tr\u00ecnh l\u00e0m ch\u00edn th\u1ee9c \u0103n b\u00ean trong l\u00f2 vi so\u0301ng\u00a0m\u00e0 v\u1eabn an to\u00e0n t\u1ed1i \u0111a.<\/em><\/li>\n<li><em>Ph\u00edm \u0111i\u1ec1u khi\u1ec3n \u0111i\u1ec7n t\u1eed, c\u00e1nh c\u1eeda m\u1edf t\u1eeb b\u00ean tr\u00e1i t\u1ea1o s\u1ef1 thu\u1eadn ti\u1ec7n khi s\u1eed d\u1ee5ng.<\/em><\/li>\n<li><em>5 m\u1ee9c c\u00f4ng su\u1ea5t lo\u0300 vi s\u00f3ng, t\u1ef1 \u0111\u1ed9ng r\u00e3 \u0111\u00f4ng theo tr\u1ecdng l\u01b0\u1ee3ng th\u1ef1c ph\u1ea9m<\/em><\/li>\n<li><em>\u0110\u01b0\u1eddng k\u00ednh m\u00e2m xoay 25,5 cm; c\u00f3 \u0111\u00e8n b\u00ean trong l\u00f2. T\u1ed5ng dung t\u00edch cu\u0309a lo\u0300 vi so\u0301ng Bosch\u00a0l\u00ean \u0111\u1ebfn 20 lit<\/em><\/li>\n<li><em>Khoang l\u00f2 : \u0111\u01b0\u1ee3c thi\u1ebft k\u1ebf v\u1edbi ch\u1ea5t li\u1ec7u th\u00e9p kh\u00f4ng g\u1ec9<\/em><\/li>\n<li><em>M\u00e0n h\u00ecnh LCD hi\u1ec3n th\u1ecb, lo\u0300 vi so\u0301ng Bosch\u00a0\u0111i\u1ec1u khi\u1ec3n b\u1eb1ng n\u00fam xoay, ch\u1ebf \u0111\u1ed9 h\u1eb9n gi\u1edd t\u1eaft.<\/em><\/li>\n<\/ul>\n<p><em>\u200b<img title=\"lo-vi-song-bosch-hmt75m624-01\" src=\"https:\/\/bepvuson.vn\/Data\/upload\/images\/lo%CC%80%20vi%20so%CC%81ng\/b74a5c9f-2625-43f9-83ef-cca6edcd7979.jpg\" alt=\"lo-vi-song-bosch-hmt75m624-01\" \/><\/em><\/p>\n<p><strong>K\u00edch th\u01b0\u1edbc b\u00ean ngo\u00e0i lo\u0300 vi so\u0301ng<\/strong><\/p>\n<ul>\n<li><em>S\u1ea3n ph\u1ea9m chi\u1ec1u r\u1ed9ng 594 mm<\/em><\/li>\n<li><em>S\u1ea3n ph\u1ea9m Chi\u1ec1u cao 382 mm<\/em><\/li>\n<li><em>\u0110\u1ed9 s\u00e2u c\u1ee7a s\u1ea3n ph\u1ea9m 317 mm<\/em><\/li>\n<\/ul>\n<p><strong>K\u00edch th\u01b0\u1edbc n\u1ed9i th\u1ea5t lo\u0300 vi so\u0301ng<\/strong><\/p>\n<ul>\n<li><em>Chi\u1ec1u r\u1ed9ng 308 mm<\/em><\/li>\n<li><em>Chi\u1ec1u cao 221 mm<\/em><\/li>\n<li><em>Chi\u1ec1u s\u00e2u 298 mm khoang<\/em><\/li>\n<li><em>\u0110\u01b0\u1eddng k\u00ednh m\u00e2m xoay 255 mm<\/em><\/li>\n<\/ul>\n<h3><strong>Ch\u01b0\u0301c n\u0103ng th\u00f4ng minh cu\u0309a lo\u0300 vi so\u0301ng\u00a0HMT75M624<\/strong><\/h3>\n<p>V\u1edbi c\u00e1c t\u00ednh n\u0103ng n\u01b0\u1edbng v\u00e0 vi s\u00f3ng th\u00f4ng minh, <strong>l\u00f2 vi s\u00f3ng Bosch HMT75M624<\/strong>\u00a0ch\u00ednh h\u00e3ng gi\u00fap c\u00f4ng vi\u1ec7c n\u1ea5u n\u01b0\u1edbng tr\u1edf n\u00ean \u0111\u01a1n gi\u1ea3n v\u00e0 ti\u1ec7n l\u1ee3i h\u01a1n bao gi\u1edd h\u1ebft.<\/p>\n<p><img title=\"lo-vi-song-bosch-hmt75m624-02\" src=\"https:\/\/bepvuson.vn\/Data\/upload\/images\/lo%CC%80%20vi%20so%CC%81ng\/1502344431357_5641416.jpg\" alt=\"lo-vi-song-bosch-hmt75m624-02\" \/><\/p>\n<ul>\n<li><em>H\u1ec7 th\u1ed1ng b\u1ea3ng \u0111i\u1ec1u khi\u1ec3n c\u1ee7a l\u00f2 vi s\u00f3ng Bosch\u00a0c\u00f3 thi\u1ebft k\u1ebf d\u1ea1ng m\u00e0n h\u00ecnh TFT hi\u1ec3n th\u1ecb r\u00f5 n\u00e9t cao c\u1ea5p v\u00f4 c\u00f9ng ti\u1ec7n nghi. L\u00f2 \u0111\u01b0\u1ee3c c\u00e0i \u0111\u1eb7t t\u1edbi 5 m\u1ee9c c\u00f4ng su\u1ea5t n\u1ea5u n\u01b0\u1edbng v\u00e0 7 c\u00f4ng th\u1ee9c n\u1ea5u \u0103n cho ph\u00e9p b\u1ea1n l\u1ef1a ch\u1ecdn nhi\u1ec7t \u0111\u1ed9 v\u00e0 c\u00e1c ch\u1ee9c n\u0103ng n\u1ea5u n\u01b0\u1edbng chu\u1ea9n nh\u1ea5t.<\/em><\/li>\n<li><em>Ch\u1ee9c n\u0103ng t\u1ef1 \u0111\u1ed9ng ki\u1ec3m so\u00e1t tr\u1ecdng l\u01b0\u1ee3ng th\u00f4ng minh gi\u00fap l\u00f2 vi so\u0301ng\u00a0t\u1ef1 \u0111\u1ed9ng t\u00ednh to\u00e1n m\u1ee9c n\u0103ng l\u01b0\u1ee3ng v\u00e0 th\u1eddi gian n\u1ea5u chu\u1ea9n nh\u1ea5t cho t\u1eebng kh\u1ed1i l\u01b0\u1ee3ng th\u1ef1c ph\u1ea9m gi\u00fap vi\u1ec7c n\u1ea5u \u0103n cho gia \u0111\u00ecnh b\u1ea1n tr\u1edf n\u00ean v\u00f4 c\u00f9ng \u0111\u01a1n gi\u1ea3n.<\/em><\/li>\n<li><em>\u0110i\u1ec1u \u0111\u1eb7c bi\u1ec7t \u1edf l\u00f2 vi s\u00f3ng Bosch l\u00e0 b\u1ea1n c\u00f3 th\u1ec3 h\u00e2m n\u00f3ng th\u1ee9c \u0103n m\u00e0 kh\u00f4ng c\u1ea7n ph\u1ea3i cho th\u00eam n\u01b0\u1edbc, kh\u00f4ng s\u1ee3 m\u00f3n \u0103n kh\u00f4 ch\u00e1y v\u00e0 d\u00ednh v\u00e0o nhau.<\/em><\/li>\n<\/ul>\n<\/div>\n<\/div>\n","protected":false},"excerpt":{"rendered":"<p>T\u1ed5ng quan chung L\u00f2 vi s\u00f3ng Bosch HMT75M624 L\u00f2 vi s\u00f3ng Bosch HMT75M624\u00a0thi\u1ebft k\u1ebf b\u1eb1ng m\u00e0u tr\u1eafng tinh th\u1ec3,\u00a0\u00a0do\u0300ng sa\u0309n &hellip; <a class=\"link-more\" href=\"http:\/\/maudep.com.vn\/chuyengiadienmay\/?product=lo-vi-song-bosch-hmt75m624\" class=\"more-link\">\u0110\u1ecdc th\u00eam &raquo;<span class=\"screen-reader-text\"> &#8220;L\u00f2 vi s\u00f3ng Bosch HMT75M624&#8221;<\/span><\/a><\/p>\n","protected":false},"featured_media":3426,"comment_status":"open","ping_status":"closed","template":"","meta":[],"_links":{"self":[{"href":"http:\/\/maudep.com.vn\/chuyengiadienmay\/index.php?rest_route=\/wp\/v2\/product\/3425"}],"collection":[{"href":"http:\/\/maudep.com.vn\/chuyengiadienmay\/index.php?rest_route=\/wp\/v2\/product"}],"about":[{"href":"http:\/\/maudep.com.vn\/chuyengiadienmay\/index.php?rest_route=\/wp\/v2\/types\/product"}],"replies":[{"embeddable":true,"href":"http:\/\/maudep.com.vn\/chuyengiadienmay\/index.php?rest_route=%2Fwp%2Fv2%2Fcomments&post=3425"}],"wp:featuredmedia":[{"embeddable":true,"href":"http:\/\/maudep.com.vn\/chuyengiadienmay\/index.php?rest_route=\/wp\/v2\/media\/3426"}],"wp:attachment":[{"href":"http:\/\/maudep.com.vn\/chuyengiadienmay\/index.php?rest_route=%2Fwp%2Fv2%2Fmedia&parent=3425"}],"curies":[{"name":"wp","href":"https:\/\/api.w.org\/{rel}","templated":true}]}}