{"id":3427,"date":"2019-01-17T16:19:25","date_gmt":"2019-01-17T09:19:25","guid":{"rendered":"http:\/\/maudep.com.vn\/chuyengiadienmay\/?post_type=product&#038;p=3427"},"modified":"2019-01-17T16:19:25","modified_gmt":"2019-01-17T09:19:25","slug":"lo-vi-song-bosch-bfl634gw1","status":"publish","type":"product","link":"http:\/\/maudep.com.vn\/chuyengiadienmay\/?product=lo-vi-song-bosch-bfl634gw1","title":{"rendered":"L\u00f2 vi s\u00f3ng Bosch BFL634GW1"},"content":{"rendered":"<h3 class=\"title\">T\u1ed5ng quan chung L\u00f2 vi s\u00f3ng Bosch BFL634GW1<\/h3>\n<div class=\"article-content\">\n<div class=\"js-content\">\n<h2>L\u00f2 Vi S\u00f3ng Bosch BFL634GW1 nh\u1eadp kh\u1ea9u nguy\u00ean chi\u1ebfc t\u1eeb Anh,\u00a0lo\u0300 \u0111\u01b0\u01a1\u0323c thi\u00ea\u0301t k\u00ea\u0301 v\u01a1\u0301i m\u0103\u0323t ki\u0301nh tr\u0103\u0301ng b\u00ean ngoa\u0300i ta\u0323o n\u00ean s\u01b0\u0323 sang tro\u0323ng cho khu b\u00ea\u0301p cu\u0309a Ba\u0323n.V\u01a1\u0301i 5 M\u1ee9c c\u00f4ng su\u1ea5t vi s\u00f3ng va\u0300 7 c\u00f4ng th\u1ee9c n\u1ea5u \u0111\u01b0\u1ee3c l\u01b0u tr\u1eef,\u00a0b\u1ea1n ch\u1ec9 c\u1ea7n ch\u1ecdn ch\u01b0\u01a1ng tr\u00ecnh v\u00e0 tr\u1ecdng l\u01b0\u1ee3ng th\u1ef1c ph\u1ea9m c\u00f2n l\u1ea1i l\u00f2 s\u1ebd ho\u00e0n th\u00e0nh nhi\u00ea\u0323m vu\u0323 co\u0300n la\u0323i.<\/h2>\n<h3><strong>\u0110a\u0301nh gia\u0301 chi ti\u00ea\u0301t\u00a0lo\u0300 vi so\u0301ng\u00a0BFL634GW1<\/strong><\/h3>\n<p><strong>L\u00f2 vi s\u00f3ng Bosch BFL634GW1<\/strong>\u00a0\u0111\u01b0\u01a1\u0323c trang bi\u0323 m\u00e0n h\u00ecnh hi\u1ec3n th\u1ecb TFT (Thin Film Transistor) co\u0301\u00a0\u0111\u1ed9 s\u1eafc n\u00e9t cao, gi\u00fap ng\u01b0\u1eddi d\u00f9ng d\u1ec5 d\u00e0ng quan s\u00e1t, ki\u1ec3m so\u00e1t v\u00e0 \u0111i\u1ec1u ch\u1ec9nh qu\u00e1 tr\u00ecnh ho\u1ea1t \u0111\u1ed9ng c\u1ee7a l\u00f2.<\/p>\n<p><img title=\"lo-vi-song-bosch-bfl634gw1\" src=\"https:\/\/bepvuson.vn\/Data\/upload\/images\/lo%CC%80%20vi%20so%CC%81ng\/21814a0a-1abc-4966-b188-3a4eb81adfb4(1).jpg\" alt=\"lo-vi-song-bosch-bfl634gw1\" \/><\/p>\n<ul>\n<li><em>Thi\u1ebft k\u1ebf sang tr\u1ecdng l\u00e0 \u0111i\u1ec3m c\u1ed9ng kh\u00f4ng th\u1ec3 b\u1ecf qua khi b\u1ea1n l\u1ef1a ch\u1ecdn s\u1ea3n ph\u1ea9m, lo\u0300 vi so\u0301ng\u00a0s\u01b0\u0309 du\u0323ng\u00a0ch\u1ea5t li\u1ec7u inox cao c\u1ea5p v\u1edbi v\u1ebb b\u00ean ngo\u00e0i s\u00e1ng b\u00f3ng, ch\u1ed1ng b\u00e1m d\u1ea5u v\u00e2n tay t\u1ed1t, khoang l\u00f2 si\u00eau b\u1ec1n b\u1eb1ng th\u00e9p kh\u00f4ng g\u1ec9 ch\u1ecbu nhi\u1ec7t cao.<\/em><\/li>\n<li><em>Ve\u0309 ngoa\u0300i\u00a0hi\u1ec7n \u0111\u1ea1i v\u1edbi s\u1ef1 k\u1ebft h\u1ee3p gi\u1eefa k\u00ednh c\u01b0\u1eddng l\u1ef1c, th\u00e9p kh\u00f4ng g\u1ec9 , g\u1ed1m (ceramic) gi\u00fap l\u00f2 vi s\u00f3ng \u00e2m t\u1ee7 Bosch lu\u00f4n gi\u00fap kh\u00f4ng gian nh\u00e0 b\u1ebfp tr\u1edf n\u00ean sang tr\u1ecdng.<\/em><\/li>\n<li><em>L\u00f2 vi so\u0301ng c\u00f3 dung t\u00edch 21L ph\u00f9 h\u1ee3p v\u1edbi nhu c\u1ea7u n\u1ea5u n\u01b0\u1edbng c\u1ee7a m\u1ecdi gia \u0111\u00ecnh, thi\u1ebft k\u1ebf \u00e2m t\u1ee7 ti\u1ebft ki\u1ec7m kh\u00f4ng gian t\u1ed1i \u0111a gi\u00fap gian b\u1ebfp tr\u1edf n\u00ean sang tr\u1ecdng v\u00e0 g\u1ecdn g\u00e0ng h\u01a1n r\u1ea5t nhi\u1ec1u.<\/em><\/li>\n<li><em>Ph\u1ea7n khoang l\u00f2 vi so\u0301ng\u00a0\u0111\u01b0\u1ee3c l\u00e0m b\u1eb1ng ch\u1ea5t li\u1ec7u th\u00e9p cao c\u1ea5p kh\u00f4ng g\u1ec9 v\u00e0 tr\u00e1ng m\u1ed9t l\u1edbp men ch\u1ed1ng oxi h\u00f3a cho ph\u00e9p b\u1ea1n d\u00ea\u0303\u00a0d\u00e0ng v\u1ec7 sinh l\u00f2 sau khi s\u1eed d\u1ee5ng. H\u1ec7 th\u1ed1ng \u0111\u00e8n LED b\u00ean trong khoang l\u00f2 gi\u00fap b\u1ea1n l\u1ea5y m\u00f3n \u0103n m\u00e0 kh\u00f4ng lo b\u1ecb b\u1ecfng.<\/em><\/li>\n<\/ul>\n<p><em>\u200b<img title=\"lo-vi-song-bosch-bfl634gw1-01\" src=\"https:\/\/bepvuson.vn\/Data\/upload\/images\/lo%CC%80%20vi%20so%CC%81ng\/Bosch-BFL634GW1-1.jpg\" alt=\"lo-vi-song-bosch-bfl634gw1-01\" \/><\/em><\/p>\n<h3><strong>\u01afu \u0111i\u00ea\u0309m v\u01b0\u01a1\u0323t tr\u00f4\u0323i cu\u0309a lo\u0300 vi so\u0301ng BFL634GW1<\/strong><\/h3>\n<p><strong>L\u00f2 vi s\u00f3ng Bosch BFL634GW1<\/strong>\u00a0th\u1ebf h\u1ec7 m\u1edbi \u0111\u01b0\u1ee3c trang b\u1ecb th\u00eam nhi\u1ec1u t\u00ednh n\u0103ng \u01b0u vi\u1ec7t giu\u0301p ng\u01b0\u0300i du\u0300ng ti\u00ea\u0301t ki\u00ea\u0323m th\u01a1\u0300i gian t\u00f4\u0301i \u0111a nh\u00e2\u0301t.<\/p>\n<p><img title=\"lo-vi-song-bosch-bfl634gw1-02\" src=\"https:\/\/bepvuson.vn\/Data\/upload\/images\/lo%CC%80%20vi%20so%CC%81ng\/lo-vi-song-blf634GW1.png\" alt=\"lo-vi-song-bosch-bfl634gw1-02\" \/><\/p>\n<ul>\n<li><em>7 c\u00f4ng th\u1ee9c n\u1ea5u \u0103n t\u1ef1 \u0111\u1ed9ng \u0111\u01b0\u1ee3c c\u00e0i \u0111\u1eb7t trong l\u00f2. T\u1ea5t c\u1ea3 nh\u1eefng g\u00ec b\u1ea1n l\u00e0m ch\u1ec9 l\u00e0 \u0111\u1eb7t th\u1ef1c ph\u1ea9m v\u00e0o trong, ch\u1ecdn c\u00f4ng th\u1ee9c ph\u00f9 h\u1ee3p v\u00e0 nh\u1eadp tr\u1ecdng l\u01b0\u1ee3ng,\u00a0lo\u0300 vi so\u0301ng\u00a0s\u1ebd t\u1ef1 \u0111\u1ed9ng thi\u1ebft l\u1eadp ph\u00f9 h\u1ee3p v\u1edbi lo\u1ea1i th\u1ef1c ph\u1ea9m \u0111\u00f3.<\/em><\/li>\n<li><em>T\u1ef1 \u0111\u1ed9ng r\u00e3 \u0111\u00f4ng theo tr\u1ecdng l\u01b0\u1ee3ng th\u1ef1c ph\u1ea9m. B\u1ea1n ch\u1ec9 c\u1ea7n l\u1ef1a ch\u1ecdn ch\u01b0\u01a1ng tr\u00ecnh sau \u0111\u00f3 nh\u1eadp tr\u1ecdng l\u01b0\u1ee3ng th\u1ef1c ph\u1ea9m, chi\u1ebfc l\u00f2 vi s\u00f3ng s\u1ebd gi\u00fap b\u1ea1n l\u00e0m t\u1ea5t c\u1ea3 nh\u1eefng c\u00f4ng vi\u1ec7c c\u00f2n l\u1ea1i.<\/em><\/li>\n<li><em>Lo\u0300 vi so\u0301ng Bosch trang bi\u0323\u00a0ch\u1ee9c n\u0103ng ki\u1ec3m so\u00e1t c\u00e2n n\u1eb7ng,\u00a0b\u1ea1n ch\u1ec9 c\u1ea7n ch\u1ecdn s\u1ed1 ch\u01b0\u01a1ng tr\u00ecnh ph\u00f9 h\u1ee3p , l\u00f2 s\u1ebd t\u1ef1 \u0111\u1ed9ng t\u00ednh to\u00e1n n\u0103ng l\u01b0\u1ee3ng v\u00e0 th\u1eddi gian c\u1ea7n thi\u1ebft ph\u00f9 h\u1ee3p v\u1edbi vi\u1ec7c n\u1ea5u \u0103n.<\/em><\/li>\n<li><em>R\u00e3 \u0111\u00f4ng c\u00e1c lo\u1ea1i th\u1ef1c ph\u1ea9m \u0111\u00f4ng l\u1ea1nh l\u00e0 m\u1ed9t trong nh\u1eefng ch\u1ee9c n\u0103ng ch\u1ee7 y\u1ebfu b\u00ean c\u1ea1nh vi\u1ec7c h\u00e2m n\u00f3ng th\u1ef1c ph\u1ea9m. \u0110\u1ec3 b\u1ea3o qu\u1ea3n th\u1ef1c ph\u1ea9m trong m\u1ed9t kho\u1ea3ng th\u1eddi gian l\u00e2u, ch\u00fang ta bu\u1ed9c ph\u1ea3i l\u00e0m \u0111\u00f4ng ch\u00fang trong ng\u0103n \u0111\u00e1. V\u1edbi lo\u0300 vi so\u0301ng Bosch hi\u1ec7n \u0111\u1ea1i, c\u00f4ng vi\u1ec7c r\u00e3 \u0111\u00f4ng th\u1ef1c ph\u1ea9m tr\u1edf n\u00ean r\u1ea5t d\u1ec5 d\u00e0ng.<\/em><\/li>\n<\/ul>\n<\/div>\n<\/div>\n","protected":false},"excerpt":{"rendered":"<p>T\u1ed5ng quan chung L\u00f2 vi s\u00f3ng Bosch BFL634GW1 L\u00f2 Vi S\u00f3ng Bosch BFL634GW1 nh\u1eadp kh\u1ea9u nguy\u00ean chi\u1ebfc t\u1eeb Anh,\u00a0lo\u0300 \u0111\u01b0\u01a1\u0323c &hellip; <a class=\"link-more\" href=\"http:\/\/maudep.com.vn\/chuyengiadienmay\/?product=lo-vi-song-bosch-bfl634gw1\" class=\"more-link\">\u0110\u1ecdc th\u00eam &raquo;<span class=\"screen-reader-text\"> &#8220;L\u00f2 vi s\u00f3ng Bosch BFL634GW1&#8221;<\/span><\/a><\/p>\n","protected":false},"featured_media":3428,"comment_status":"open","ping_status":"closed","template":"","meta":[],"_links":{"self":[{"href":"http:\/\/maudep.com.vn\/chuyengiadienmay\/index.php?rest_route=\/wp\/v2\/product\/3427"}],"collection":[{"href":"http:\/\/maudep.com.vn\/chuyengiadienmay\/index.php?rest_route=\/wp\/v2\/product"}],"about":[{"href":"http:\/\/maudep.com.vn\/chuyengiadienmay\/index.php?rest_route=\/wp\/v2\/types\/product"}],"replies":[{"embeddable":true,"href":"http:\/\/maudep.com.vn\/chuyengiadienmay\/index.php?rest_route=%2Fwp%2Fv2%2Fcomments&post=3427"}],"wp:featuredmedia":[{"embeddable":true,"href":"http:\/\/maudep.com.vn\/chuyengiadienmay\/index.php?rest_route=\/wp\/v2\/media\/3428"}],"wp:attachment":[{"href":"http:\/\/maudep.com.vn\/chuyengiadienmay\/index.php?rest_route=%2Fwp%2Fv2%2Fmedia&parent=3427"}],"curies":[{"name":"wp","href":"https:\/\/api.w.org\/{rel}","templated":true}]}}